{"id":56,"date":"2023-02-17T08:08:37","date_gmt":"2023-02-17T08:08:37","guid":{"rendered":"https:\/\/appedata.com\/?page_id=56"},"modified":"2023-08-16T05:57:57","modified_gmt":"2023-08-16T05:57:57","slug":"fine-fragrances","status":"publish","type":"page","link":"https:\/\/reka-n.com\/vn\/fragrances\/fine-fragrances.html","title":{"rendered":"H\u01b0\u01a1ng th\u01a1m cao c\u1ea5p"},"content":{"rendered":"\n<figure class=\"wp-block-image size-large\"><img decoding=\"async\" src=\"https:\/\/reka-n.com\/vn\/Media\/2023\/05\/bg-fragrance-1110x186-NEW-1024x172.png\" alt=\"\" class=\"wp-image-1658\"\/><\/figure>\n\n\n\n<div class=\"wp-block-columns is-layout-flex wp-container-core-columns-is-layout-9d6595d7 wp-block-columns-is-layout-flex\">\n<div class=\"wp-block-column is-layout-flow wp-block-column-is-layout-flow\" style=\"flex-basis:33.33%\">\n<figure class=\"wp-block-table\"><table><thead><tr><th>C\u00e1c lo\u1ea1i h\u01b0\u01a1ng li\u1ec7u<\/th><\/tr><\/thead><tbody><tr><td><a href=\"https:\/\/reka-n.com\/vn\/fragrances\/fine-fragrances.html\">H\u01b0\u01a1ng th\u01a1m cao c\u1ea5p<\/a><\/td><\/tr><tr><td><a href=\"https:\/\/reka-n.com\/vn\/fragrances\/personal-care.html\">Ch\u0103m s\u00f3c c\u00e1 nh\u00e2n<\/a><\/td><\/tr><tr><td><a href=\"https:\/\/reka-n.com\/vn\/fragrances\/home-care.html\">Ch\u0103m s\u00f3c nh\u00e0 c\u1eeda<\/a><\/td><\/tr><\/tbody><\/table><\/figure>\n<\/div>\n\n\n\n<div class=\"wp-block-column is-layout-flow wp-block-column-is-layout-flow\" style=\"flex-basis:66.66%\">\n<h2 class=\"wp-block-heading\">H\u01b0\u01a1ng th\u01a1m &gt; H\u01b0\u01a1ng th\u01a1m cao c\u1ea5p<\/h2>\n\n\n\n<div class=\"wp-block-columns is-layout-flex wp-container-core-columns-is-layout-9d6595d7 wp-block-columns-is-layout-flex\">\n<div class=\"wp-block-column is-layout-flow wp-block-column-is-layout-flow\">\n<figure class=\"wp-block-image size-full is-style-default\" id=\"wp-block-themeisle-blocks-image-58cded3b\"><img loading=\"lazy\" decoding=\"async\" width=\"300\" height=\"300\" src=\"https:\/\/reka-n.com\/vn\/Media\/2023\/04\/fine-fragrances-thumbnail.jpeg\" alt=\"\" class=\"wp-image-1431\" srcset=\"https:\/\/reka-n.com\/vn\/Media\/2023\/04\/fine-fragrances-thumbnail.jpeg 300w, https:\/\/reka-n.com\/vn\/Media\/2023\/04\/fine-fragrances-thumbnail-150x150.jpeg 150w, https:\/\/reka-n.com\/vn\/Media\/2023\/04\/fine-fragrances-thumbnail-96x96.jpeg 96w, https:\/\/reka-n.com\/vn\/Media\/2023\/04\/fine-fragrances-thumbnail-100x100.jpeg 100w\" sizes=\"auto, (max-width: 300px) 100vw, 300px\" \/><\/figure>\n<\/div>\n\n\n\n<div class=\"wp-block-column is-layout-flow wp-block-column-is-layout-flow\">\n<p class=\"has-small-font-size\">H\u01b0\u01a1ng th\u01a1m c\u1ee7a n\u01b0\u1edbc hoa cao c\u1ea5p th\u1ec3 hi\u1ec7n t\u00e2m tr\u1ea1ng v\u00e0 c\u00e1 t\u00ednh c\u1ee7a b\u1ea1n. Cho d\u00f9 b\u1ea1n \u0111ang c\u1ea3m th\u1ea5y n\u0103ng \u0111\u1ed9ng hay tho\u1ea3i m\u00e1i th\u01b0 gi\u00e3n, ch\u00fang t\u00f4i c\u00f3 c\u00e1c lo\u1ea1i h\u01b0\u01a1ng th\u01a1m ph\u00f9 h\u1ee3p v\u1edbi m\u1ecdi d\u1ecbp. \u0110\u1ed9i ng\u0169 nh\u00e0 \u0111i\u00eau kh\u1eafc ngh\u1ec7 s\u1ef9 c\u1ee7a ch\u00fang t\u00f4i t\u1ef1 h\u00e0o khi t\u1ea1o ra c\u00e1c h\u01b0\u01a1ng th\u01a1m th\u00fa v\u1ecb, chinh ph\u1ee5c mong mu\u1ed1n c\u1ee7a ng\u01b0\u1eddi ti\u00eau d\u00f9ng. Ngo\u00e0i ra, n\u1ebfu b\u1ea1n c\u00f3 b\u1ea5t k\u1ef3 lo\u1ea1i n\u01b0\u1edbc hoa y\u00eau th\u00edch n\u00e0o, b\u1ea1n s\u1ebd \u1ea5n t\u01b0\u1ee3ng v\u1edbi th\u01b0 vi\u1ec7n c\u1ee7a ch\u00fang t\u00f4i v\u1edbi b\u1ed9 s\u01b0u t\u1eadp tuy\u1ec7t v\u1eddi su\u1ed1t th\u1eddi gian. Nh\u1ea5n v\u00e0o \u0110\u00c2Y.<\/p>\n\n\n\n<p class=\"has-small-font-size\">H\u00e3y h\u1ee3p t\u00e1c c\u00f9ng ch\u00fang t\u00f4i \u0111\u1ec3 t\u1ea1o ra m\u1ed9t h\u01b0\u01a1ng th\u01a1m \u0111\u1ed9c \u0111\u00e1o v\u00e0 truy\u1ec1n c\u1ea3m h\u1ee9ng cho s\u1ea3n ph\u1ea9m c\u1ee7a b\u1ea1n. \u0110\u1ec3 l\u1ea1i m\u1ed9t h\u01b0\u01a1ng th\u01a1m m\u00e3i m\u00e3i trong k\u00fd \u1ee9c c\u1ee7a kh\u00e1ch h\u00e0ng c\u1ee7a b\u1ea1n.<\/p>\n\n\n\n<p class=\"has-small-font-size\">N\u1ebfu b\u1ea1n quan t\u00e2m \u0111\u1ebfn m\u1eabu h\u01b0\u01a1ng th\u01a1m cao c\u1ea5p, vui l\u00f2ng g\u1eedi y\u00eau c\u1ea7u c\u1ee7a b\u1ea1n t\u1eeb trang th\u00f4ng tin li\u00ean h\u1ec7 v\u00e0 c\u00e1c nh\u00e2n vi\u00ean kinh doanh c\u1ee7a ch\u00fang t\u00f4i s\u1ebd li\u00ean h\u1ec7 v\u1edbi b\u1ea1n trong th\u1eddi gian s\u1edbm nh\u1ea5t.<\/p>\n<\/div>\n<\/div>\n\n\n<form class=\"product-checkbox-form\" method=\"post\" enctype=\"multipart\/form-data\"><h3><\/h3><ul class=\"product-checkbox-list columns-3\"><li class=\"product-checkbox-item\"><label><input type=\"checkbox\" name=\"product_checkbox[]\" value=\"2585\"> 4 M\u00f9i M\u1edbi M\u00e3i (4 Ever New)<\/label><\/li><li class=\"product-checkbox-item\"><label><input type=\"checkbox\" name=\"product_checkbox[]\" value=\"2586\"> A&#8217;mani W&#8217; (A&#8217;mani W&#8217;)<\/label><\/li><li class=\"product-checkbox-item\"><label><input type=\"checkbox\" name=\"product_checkbox[]\" value=\"2589\"> Aqua Th\u1ec3 thao (Aqua Sports)<\/label><\/li><li class=\"product-checkbox-item\"><label><input type=\"checkbox\" name=\"product_checkbox[]\" value=\"2591\"> B&#8217;gari \u0110en nam (B&#8217;gari Black Men)<\/label><\/li><li class=\"product-checkbox-item\"><label><input type=\"checkbox\" name=\"product_checkbox[]\" value=\"2612\"> B\u00ecnh d\u01b0\u01a1ng Xanh (Pacific Blue)<\/label><\/li><li class=\"product-checkbox-item\"><label><input type=\"checkbox\" name=\"product_checkbox[]\" value=\"2592\"> Blue Jean Si\u00eau (Blue Jean Super)<\/label><\/li><li class=\"product-checkbox-item\"><label><input type=\"checkbox\" name=\"product_checkbox[]\" value=\"2590\"> B\u00fap b\u00ea Baby (Baby Doll)<\/label><\/li><li class=\"product-checkbox-item\"><label><input type=\"checkbox\" name=\"product_checkbox[]\" value=\"2593\"> Chanel s\u1ed1 5 (Chanel #5)<\/label><\/li><li class=\"product-checkbox-item\"><label><input type=\"checkbox\" name=\"product_checkbox[]\" value=\"2594\"> CK&#8221; Escape (CK&#8221; Escape)<\/label><\/li><li class=\"product-checkbox-item\"><label><input type=\"checkbox\" name=\"product_checkbox[]\" value=\"2587\"> C\u00f4 g\u00e1i Anais (Anais Girl)<\/label><\/li><li class=\"product-checkbox-item\"><label><input type=\"checkbox\" name=\"product_checkbox[]\" value=\"2595\"> Cologne (Cologne)<\/label><\/li><li class=\"product-checkbox-item\"><label><input type=\"checkbox\" name=\"product_checkbox[]\" value=\"2599\"> \u0110\u1ebf ch\u1ebf (Empire)<\/label><\/li><li class=\"product-checkbox-item\"><label><input type=\"checkbox\" name=\"product_checkbox[]\" value=\"2613\"> \u0110\u1ebf ch\u1ebf Polo (Polo Empire)<\/label><\/li><li class=\"product-checkbox-item\"><label><input type=\"checkbox\" name=\"product_checkbox[]\" value=\"2598\"> Drakkar nam (Drakkar Men)<\/label><\/li><li class=\"product-checkbox-item\"><label><input type=\"checkbox\" name=\"product_checkbox[]\" value=\"2600\"> Ghen t\u1ecb (Envy)<\/label><\/li><li class=\"product-checkbox-item\"><label><input type=\"checkbox\" name=\"product_checkbox[]\" value=\"2602\"> Higher D&#8217;or (Higher D&#8217;or)<\/label><\/li><li class=\"product-checkbox-item\"><label><input type=\"checkbox\" name=\"product_checkbox[]\" value=\"2603\"> Hugo&#8217; Si\u00eau (Hugo&#8217; Super)<\/label><\/li><li class=\"product-checkbox-item\"><label><input type=\"checkbox\" name=\"product_checkbox[]\" value=\"2607\"> H\u01b0\u01a1ng th\u01a1m Le Nile (Le Nile fragrance)<\/label><\/li><li class=\"product-checkbox-item\"><label><input type=\"checkbox\" name=\"product_checkbox[]\" value=\"2611\"> Huy\u1ec1n b\u00ed (Mystique)<\/label><\/li><li class=\"product-checkbox-item\"><label><input type=\"checkbox\" name=\"product_checkbox[]\" value=\"2606\"> Issey M\u00f9a h\u00e8 (Issey Summer)<\/label><\/li><li class=\"product-checkbox-item\"><label><input type=\"checkbox\" name=\"product_checkbox[]\" value=\"2608\"> K\u1ef3 ngh\u1ec9 d\u00e0i (Long Vacation)<\/label><\/li><li class=\"product-checkbox-item\"><label><input type=\"checkbox\" name=\"product_checkbox[]\" value=\"2609\"> M Boss (M Boss)<\/label><\/li><li class=\"product-checkbox-item\"><label><input type=\"checkbox\" name=\"product_checkbox[]\" value=\"2610\"> Magic Show (Magic Show)<\/label><\/li><li class=\"product-checkbox-item\"><label><input type=\"checkbox\" name=\"product_checkbox[]\" value=\"2605\"> Nguy\u00ean li\u1ec7u c\u1ea3m h\u1ee9ng 111 (Inspiration 111)<\/label><\/li><li class=\"product-checkbox-item\"><label><input type=\"checkbox\" name=\"product_checkbox[]\" value=\"2597\"> Ni\u1ec1m vui (Delight)<\/label><\/li><li class=\"product-checkbox-item\"><label><input type=\"checkbox\" name=\"product_checkbox[]\" value=\"2588\"> N\u01b0\u1edbc hoa nam Aqua Di Gio (Aqua Di Gio Men)<\/label><\/li><li class=\"product-checkbox-item\"><label><input type=\"checkbox\" name=\"product_checkbox[]\" value=\"2596\"> N\u01b0\u1edbc hoa n\u1eef Cool Water (Cool Water Women)<\/label><\/li><li class=\"product-checkbox-item\"><label><input type=\"checkbox\" name=\"product_checkbox[]\" value=\"2616\"> Paco Si\u00eau (Super Paco)<\/label><\/li><li class=\"product-checkbox-item\"><label><input type=\"checkbox\" name=\"product_checkbox[]\" value=\"2614\"> Safari for Men (Safari for Men)<\/label><\/li><li class=\"product-checkbox-item\"><label><input type=\"checkbox\" name=\"product_checkbox[]\" value=\"2615\"> Th\u1ec3 thao CF (Sports CF)<\/label><\/li><li class=\"product-checkbox-item\"><label><input type=\"checkbox\" name=\"product_checkbox[]\" value=\"2604\"> Thi\u00ean th\u1ea7n v\u00f4 t\u1ed9i (Innocent Angel)<\/label><\/li><li class=\"product-checkbox-item\"><label><input type=\"checkbox\" name=\"product_checkbox[]\" value=\"2618\"> Tia t\u1eed ngo\u1ea1i (Ultra Violet)<\/label><\/li><li class=\"product-checkbox-item\"><label><input type=\"checkbox\" name=\"product_checkbox[]\" value=\"2617\"> Tommy Si\u00eau (Tommy Super)<\/label><\/li><li class=\"product-checkbox-item\"><label><input type=\"checkbox\" name=\"product_checkbox[]\" value=\"2601\"> V\u0129nh c\u1eedu (Eternity)<\/label><\/li><\/ul><input type=\"submit\" name=\"add_to_cart_button\" value=\"G\u1eedi y\u00eau c\u1ea7u m\u1eabu\"><input type=\"hidden\" name=\"action\" value=\"add_product_checkbox_to_cart\"><input type=\"hidden\" id=\"add_product_checkbox_to_cart_nonce\" name=\"add_product_checkbox_to_cart_nonce\" value=\"9035754eeb\" \/><input type=\"hidden\" name=\"_wp_http_referer\" value=\"\/vn\/wp-json\/wp\/v2\/pages\/56\" \/><input type=\"hidden\" id=\"add_product_checkbox_to_cart_nonce\" name=\"add_product_checkbox_to_cart_nonce\" value=\"9035754eeb\" \/><input type=\"hidden\" name=\"_wp_http_referer\" value=\"\/vn\/wp-json\/wp\/v2\/pages\/56\" \/><\/form><style>.product-checkbox-list { display: grid; grid-template-columns: repeat(3, 1fr); grid-gap: 20px; list-style: none; padding: 0; margin: 0; }<\/style>\n<\/div>\n<\/div>\n","protected":false},"excerpt":{"rendered":"<p>C\u00e1c lo\u1ea1i h\u01b0\u01a1ng li\u1ec7u H\u01b0\u01a1ng th\u01a1m cao c\u1ea5p Ch\u0103m s\u00f3c c\u00e1 nh\u00e2n Ch\u0103m s\u00f3c nh\u00e0 c\u1eeda H\u01b0\u01a1ng th\u01a1m &gt; H\u01b0\u01a1ng th\u01a1m cao c\u1ea5p H\u01b0\u01a1ng th\u01a1m c\u1ee7a n\u01b0\u1edbc hoa cao c\u1ea5p th\u1ec3 hi\u1ec7n t\u00e2m tr\u1ea1ng v\u00e0 c\u00e1 t\u00ednh c\u1ee7a b\u1ea1n. Cho d\u00f9 b\u1ea1n \u0111ang c\u1ea3m th\u1ea5y n\u0103ng \u0111\u1ed9ng hay tho\u1ea3i m\u00e1i th\u01b0 gi\u00e3n, ch\u00fang t\u00f4i c\u00f3 [&hellip;]<\/p>\n","protected":false},"author":1,"featured_media":0,"parent":44,"menu_order":0,"comment_status":"closed","ping_status":"closed","template":"","meta":{"_themeisle_gutenberg_block_has_review":false,"footnotes":""},"class_list":["post-56","page","type-page","status-publish","hentry"],"yoast_head":"<!-- This site is optimized with the Yoast SEO plugin v25.5 - https:\/\/yoast.com\/wordpress\/plugins\/seo\/ -->\n<title>H\u01b0\u01a1ng th\u01a1m cao c\u1ea5p - Nh\u00e0 s\u1ea3n xu\u1ea5t h\u01b0\u01a1ng li\u1ec7u th\u1ef1c ph\u1ea9m | Th\u1ef1c ph\u1ea9m Malaysia | Ricca Peacock Asia<\/title>\n<meta name=\"robots\" content=\"index, follow, max-snippet:-1, max-image-preview:large, max-video-preview:-1\" \/>\n<link rel=\"canonical\" href=\"https:\/\/reka-n.com\/vn\/fragrances\/fine-fragrances.html\" \/>\n<meta property=\"og:locale\" content=\"en_US\" \/>\n<meta property=\"og:type\" content=\"article\" \/>\n<meta property=\"og:title\" content=\"H\u01b0\u01a1ng th\u01a1m cao c\u1ea5p - Nh\u00e0 s\u1ea3n xu\u1ea5t h\u01b0\u01a1ng li\u1ec7u th\u1ef1c ph\u1ea9m | Th\u1ef1c ph\u1ea9m Malaysia | Ricca Peacock Asia\" \/>\n<meta property=\"og:description\" content=\"C\u00e1c lo\u1ea1i h\u01b0\u01a1ng li\u1ec7u H\u01b0\u01a1ng th\u01a1m cao c\u1ea5p Ch\u0103m s\u00f3c c\u00e1 nh\u00e2n Ch\u0103m s\u00f3c nh\u00e0 c\u1eeda H\u01b0\u01a1ng th\u01a1m &gt; H\u01b0\u01a1ng th\u01a1m cao c\u1ea5p H\u01b0\u01a1ng th\u01a1m c\u1ee7a n\u01b0\u1edbc hoa cao c\u1ea5p th\u1ec3 hi\u1ec7n t\u00e2m tr\u1ea1ng v\u00e0 c\u00e1 t\u00ednh c\u1ee7a b\u1ea1n. Cho d\u00f9 b\u1ea1n \u0111ang c\u1ea3m th\u1ea5y n\u0103ng \u0111\u1ed9ng hay tho\u1ea3i m\u00e1i th\u01b0 gi\u00e3n, ch\u00fang t\u00f4i c\u00f3 [&hellip;]\" \/>\n<meta property=\"og:url\" content=\"https:\/\/reka-n.com\/vn\/fragrances\/fine-fragrances.html\" \/>\n<meta property=\"og:site_name\" content=\"Nh\u00e0 s\u1ea3n xu\u1ea5t h\u01b0\u01a1ng li\u1ec7u th\u1ef1c ph\u1ea9m | Th\u1ef1c ph\u1ea9m Malaysia | Ricca Peacock Asia\" \/>\n<meta property=\"article:modified_time\" content=\"2023-08-16T05:57:57+00:00\" \/>\n<meta property=\"og:image\" content=\"https:\/\/reka-n.com\/vn\/Media\/2023\/05\/bg-fragrance-1110x186-NEW-1024x172.png\" \/>\n<meta name=\"twitter:card\" content=\"summary_large_image\" \/>\n<meta name=\"twitter:label1\" content=\"Est. reading time\" \/>\n\t<meta name=\"twitter:data1\" content=\"2 minutes\" \/>\n<script type=\"application\/ld+json\" class=\"yoast-schema-graph\">{\"@context\":\"https:\/\/schema.org\",\"@graph\":[{\"@type\":\"WebPage\",\"@id\":\"https:\/\/reka-n.com\/vn\/fragrances\/fine-fragrances.html\",\"url\":\"https:\/\/reka-n.com\/vn\/fragrances\/fine-fragrances.html\",\"name\":\"H\u01b0\u01a1ng th\u01a1m cao c\u1ea5p - Nh\u00e0 s\u1ea3n xu\u1ea5t h\u01b0\u01a1ng li\u1ec7u th\u1ef1c ph\u1ea9m | Th\u1ef1c ph\u1ea9m Malaysia | Ricca Peacock Asia\",\"isPartOf\":{\"@id\":\"https:\/\/reka-n.com\/vn\/#website\"},\"primaryImageOfPage\":{\"@id\":\"https:\/\/reka-n.com\/vn\/fragrances\/fine-fragrances.html#primaryimage\"},\"image\":{\"@id\":\"https:\/\/reka-n.com\/vn\/fragrances\/fine-fragrances.html#primaryimage\"},\"thumbnailUrl\":\"https:\/\/reka-n.com\/vn\/Media\/2023\/05\/bg-fragrance-1110x186-NEW-1024x172.png\",\"datePublished\":\"2023-02-17T08:08:37+00:00\",\"dateModified\":\"2023-08-16T05:57:57+00:00\",\"breadcrumb\":{\"@id\":\"https:\/\/reka-n.com\/vn\/fragrances\/fine-fragrances.html#breadcrumb\"},\"inLanguage\":\"en-US\",\"potentialAction\":[{\"@type\":\"ReadAction\",\"target\":[\"https:\/\/reka-n.com\/vn\/fragrances\/fine-fragrances.html\"]}]},{\"@type\":\"ImageObject\",\"inLanguage\":\"en-US\",\"@id\":\"https:\/\/reka-n.com\/vn\/fragrances\/fine-fragrances.html#primaryimage\",\"url\":\"https:\/\/reka-n.com\/vn\/Media\/2023\/05\/bg-fragrance-1110x186-NEW.png\",\"contentUrl\":\"https:\/\/reka-n.com\/vn\/Media\/2023\/05\/bg-fragrance-1110x186-NEW.png\",\"width\":1110,\"height\":186},{\"@type\":\"BreadcrumbList\",\"@id\":\"https:\/\/reka-n.com\/vn\/fragrances\/fine-fragrances.html#breadcrumb\",\"itemListElement\":[{\"@type\":\"ListItem\",\"position\":1,\"name\":\"Trangch\u1ee7\",\"item\":\"https:\/\/reka-n.com\/vn\/\"},{\"@type\":\"ListItem\",\"position\":2,\"name\":\"H\u01b0\u01a1ng li\u1ec7u\",\"item\":\"https:\/\/reka-n.com\/vn\/fragrances.html\"},{\"@type\":\"ListItem\",\"position\":3,\"name\":\"H\u01b0\u01a1ng th\u01a1m cao c\u1ea5p\"}]},{\"@type\":\"WebSite\",\"@id\":\"https:\/\/reka-n.com\/vn\/#website\",\"url\":\"https:\/\/reka-n.com\/vn\/\",\"name\":\"Nh\u00e0 s\u1ea3n xu\u1ea5t h\u01b0\u01a1ng li\u1ec7u th\u1ef1c ph\u1ea9m | Th\u1ef1c ph\u1ea9m Malaysia | Ricca Peacock Asia\",\"description\":\"Reka l\u00e0 m\u1ed9t trong nh\u1eefng nh\u00e0 s\u1ea3n xu\u1ea5t v\u00e0 ph\u00e2n ph\u1ed1i h\u00e0ng \u0111\u1ea7u v\u1ec1 h\u01b0\u01a1ng li\u1ec7u th\u1ef1c ph\u1ea9m, h\u01b0\u01a1ng th\u01a1m, ch\u1ea5t l\u00e0m \u0111\u1ee5c, h\u00f3a ch\u1ea5t h\u01b0\u01a1ng li\u1ec7u c\u01a1 b\u1ea3n v\u00e0 tinh d\u1ea7u thi\u00ean nhi\u00ean t\u1ea1i ch\u00e2u \u00c1. S\u1ea3n ph\u1ea9m c\u1ee7a ch\u00fang t\u00f4i \u0111\u01b0\u1ee3c t\u1ea1o ra t\u1eeb c\u00e1c th\u00e0nh ph\u1ea7n ch\u1ea5t l\u01b0\u1ee3ng cao \u0111\u01b0\u1ee3c nh\u1eadp kh\u1ea9u t\u1eeb kh\u1eafp n\u01a1i tr\u00ean th\u1ebf gi\u1edbi.\",\"publisher\":{\"@id\":\"https:\/\/reka-n.com\/vn\/#organization\"},\"potentialAction\":[{\"@type\":\"SearchAction\",\"target\":{\"@type\":\"EntryPoint\",\"urlTemplate\":\"https:\/\/reka-n.com\/vn\/?s={search_term_string}\"},\"query-input\":{\"@type\":\"PropertyValueSpecification\",\"valueRequired\":true,\"valueName\":\"search_term_string\"}}],\"inLanguage\":\"en-US\"},{\"@type\":\"Organization\",\"@id\":\"https:\/\/reka-n.com\/vn\/#organization\",\"name\":\"Nh\u00e0 s\u1ea3n xu\u1ea5t h\u01b0\u01a1ng li\u1ec7u th\u1ef1c ph\u1ea9m | Th\u1ef1c ph\u1ea9m Malaysia | Ricca Peacock Asia\",\"url\":\"https:\/\/reka-n.com\/vn\/\",\"logo\":{\"@type\":\"ImageObject\",\"inLanguage\":\"en-US\",\"@id\":\"https:\/\/reka-n.com\/vn\/#\/schema\/logo\/image\/\",\"url\":\"https:\/\/reka-n.com\/vn\/Media\/2023\/04\/cropped-reka-logo.png\",\"contentUrl\":\"https:\/\/reka-n.com\/vn\/Media\/2023\/04\/cropped-reka-logo.png\",\"width\":237,\"height\":100,\"caption\":\"Nh\u00e0 s\u1ea3n xu\u1ea5t h\u01b0\u01a1ng li\u1ec7u th\u1ef1c ph\u1ea9m | Th\u1ef1c ph\u1ea9m Malaysia | Ricca Peacock Asia\"},\"image\":{\"@id\":\"https:\/\/reka-n.com\/vn\/#\/schema\/logo\/image\/\"}}]}<\/script>\n<!-- \/ Yoast SEO plugin. -->","yoast_head_json":{"title":"H\u01b0\u01a1ng th\u01a1m cao c\u1ea5p - Nh\u00e0 s\u1ea3n xu\u1ea5t h\u01b0\u01a1ng li\u1ec7u th\u1ef1c ph\u1ea9m | Th\u1ef1c ph\u1ea9m Malaysia | Ricca Peacock Asia","robots":{"index":"index","follow":"follow","max-snippet":"max-snippet:-1","max-image-preview":"max-image-preview:large","max-video-preview":"max-video-preview:-1"},"canonical":"https:\/\/reka-n.com\/vn\/fragrances\/fine-fragrances.html","og_locale":"en_US","og_type":"article","og_title":"H\u01b0\u01a1ng th\u01a1m cao c\u1ea5p - Nh\u00e0 s\u1ea3n xu\u1ea5t h\u01b0\u01a1ng li\u1ec7u th\u1ef1c ph\u1ea9m | Th\u1ef1c ph\u1ea9m Malaysia | Ricca Peacock Asia","og_description":"C\u00e1c lo\u1ea1i h\u01b0\u01a1ng li\u1ec7u H\u01b0\u01a1ng th\u01a1m cao c\u1ea5p Ch\u0103m s\u00f3c c\u00e1 nh\u00e2n Ch\u0103m s\u00f3c nh\u00e0 c\u1eeda H\u01b0\u01a1ng th\u01a1m &gt; H\u01b0\u01a1ng th\u01a1m cao c\u1ea5p H\u01b0\u01a1ng th\u01a1m c\u1ee7a n\u01b0\u1edbc hoa cao c\u1ea5p th\u1ec3 hi\u1ec7n t\u00e2m tr\u1ea1ng v\u00e0 c\u00e1 t\u00ednh c\u1ee7a b\u1ea1n. Cho d\u00f9 b\u1ea1n \u0111ang c\u1ea3m th\u1ea5y n\u0103ng \u0111\u1ed9ng hay tho\u1ea3i m\u00e1i th\u01b0 gi\u00e3n, ch\u00fang t\u00f4i c\u00f3 [&hellip;]","og_url":"https:\/\/reka-n.com\/vn\/fragrances\/fine-fragrances.html","og_site_name":"Nh\u00e0 s\u1ea3n xu\u1ea5t h\u01b0\u01a1ng li\u1ec7u th\u1ef1c ph\u1ea9m | Th\u1ef1c ph\u1ea9m Malaysia | Ricca Peacock Asia","article_modified_time":"2023-08-16T05:57:57+00:00","og_image":[{"url":"https:\/\/reka-n.com\/vn\/Media\/2023\/05\/bg-fragrance-1110x186-NEW-1024x172.png","type":"","width":"","height":""}],"twitter_card":"summary_large_image","twitter_misc":{"Est. reading time":"2 minutes"},"schema":{"@context":"https:\/\/schema.org","@graph":[{"@type":"WebPage","@id":"https:\/\/reka-n.com\/vn\/fragrances\/fine-fragrances.html","url":"https:\/\/reka-n.com\/vn\/fragrances\/fine-fragrances.html","name":"H\u01b0\u01a1ng th\u01a1m cao c\u1ea5p - Nh\u00e0 s\u1ea3n xu\u1ea5t h\u01b0\u01a1ng li\u1ec7u th\u1ef1c ph\u1ea9m | Th\u1ef1c ph\u1ea9m Malaysia | Ricca Peacock Asia","isPartOf":{"@id":"https:\/\/reka-n.com\/vn\/#website"},"primaryImageOfPage":{"@id":"https:\/\/reka-n.com\/vn\/fragrances\/fine-fragrances.html#primaryimage"},"image":{"@id":"https:\/\/reka-n.com\/vn\/fragrances\/fine-fragrances.html#primaryimage"},"thumbnailUrl":"https:\/\/reka-n.com\/vn\/Media\/2023\/05\/bg-fragrance-1110x186-NEW-1024x172.png","datePublished":"2023-02-17T08:08:37+00:00","dateModified":"2023-08-16T05:57:57+00:00","breadcrumb":{"@id":"https:\/\/reka-n.com\/vn\/fragrances\/fine-fragrances.html#breadcrumb"},"inLanguage":"en-US","potentialAction":[{"@type":"ReadAction","target":["https:\/\/reka-n.com\/vn\/fragrances\/fine-fragrances.html"]}]},{"@type":"ImageObject","inLanguage":"en-US","@id":"https:\/\/reka-n.com\/vn\/fragrances\/fine-fragrances.html#primaryimage","url":"https:\/\/reka-n.com\/vn\/Media\/2023\/05\/bg-fragrance-1110x186-NEW.png","contentUrl":"https:\/\/reka-n.com\/vn\/Media\/2023\/05\/bg-fragrance-1110x186-NEW.png","width":1110,"height":186},{"@type":"BreadcrumbList","@id":"https:\/\/reka-n.com\/vn\/fragrances\/fine-fragrances.html#breadcrumb","itemListElement":[{"@type":"ListItem","position":1,"name":"Trangch\u1ee7","item":"https:\/\/reka-n.com\/vn\/"},{"@type":"ListItem","position":2,"name":"H\u01b0\u01a1ng li\u1ec7u","item":"https:\/\/reka-n.com\/vn\/fragrances.html"},{"@type":"ListItem","position":3,"name":"H\u01b0\u01a1ng th\u01a1m cao c\u1ea5p"}]},{"@type":"WebSite","@id":"https:\/\/reka-n.com\/vn\/#website","url":"https:\/\/reka-n.com\/vn\/","name":"Nh\u00e0 s\u1ea3n xu\u1ea5t h\u01b0\u01a1ng li\u1ec7u th\u1ef1c ph\u1ea9m | Th\u1ef1c ph\u1ea9m Malaysia | Ricca Peacock Asia","description":"Reka l\u00e0 m\u1ed9t trong nh\u1eefng nh\u00e0 s\u1ea3n xu\u1ea5t v\u00e0 ph\u00e2n ph\u1ed1i h\u00e0ng \u0111\u1ea7u v\u1ec1 h\u01b0\u01a1ng li\u1ec7u th\u1ef1c ph\u1ea9m, h\u01b0\u01a1ng th\u01a1m, ch\u1ea5t l\u00e0m \u0111\u1ee5c, h\u00f3a ch\u1ea5t h\u01b0\u01a1ng li\u1ec7u c\u01a1 b\u1ea3n v\u00e0 tinh d\u1ea7u thi\u00ean nhi\u00ean t\u1ea1i ch\u00e2u \u00c1. S\u1ea3n ph\u1ea9m c\u1ee7a ch\u00fang t\u00f4i \u0111\u01b0\u1ee3c t\u1ea1o ra t\u1eeb c\u00e1c th\u00e0nh ph\u1ea7n ch\u1ea5t l\u01b0\u1ee3ng cao \u0111\u01b0\u1ee3c nh\u1eadp kh\u1ea9u t\u1eeb kh\u1eafp n\u01a1i tr\u00ean th\u1ebf gi\u1edbi.","publisher":{"@id":"https:\/\/reka-n.com\/vn\/#organization"},"potentialAction":[{"@type":"SearchAction","target":{"@type":"EntryPoint","urlTemplate":"https:\/\/reka-n.com\/vn\/?s={search_term_string}"},"query-input":{"@type":"PropertyValueSpecification","valueRequired":true,"valueName":"search_term_string"}}],"inLanguage":"en-US"},{"@type":"Organization","@id":"https:\/\/reka-n.com\/vn\/#organization","name":"Nh\u00e0 s\u1ea3n xu\u1ea5t h\u01b0\u01a1ng li\u1ec7u th\u1ef1c ph\u1ea9m | Th\u1ef1c ph\u1ea9m Malaysia | Ricca Peacock Asia","url":"https:\/\/reka-n.com\/vn\/","logo":{"@type":"ImageObject","inLanguage":"en-US","@id":"https:\/\/reka-n.com\/vn\/#\/schema\/logo\/image\/","url":"https:\/\/reka-n.com\/vn\/Media\/2023\/04\/cropped-reka-logo.png","contentUrl":"https:\/\/reka-n.com\/vn\/Media\/2023\/04\/cropped-reka-logo.png","width":237,"height":100,"caption":"Nh\u00e0 s\u1ea3n xu\u1ea5t h\u01b0\u01a1ng li\u1ec7u th\u1ef1c ph\u1ea9m | Th\u1ef1c ph\u1ea9m Malaysia | Ricca Peacock Asia"},"image":{"@id":"https:\/\/reka-n.com\/vn\/#\/schema\/logo\/image\/"}}]}},"_links":{"self":[{"href":"https:\/\/reka-n.com\/vn\/wp-json\/wp\/v2\/pages\/56","targetHints":{"allow":["GET"]}}],"collection":[{"href":"https:\/\/reka-n.com\/vn\/wp-json\/wp\/v2\/pages"}],"about":[{"href":"https:\/\/reka-n.com\/vn\/wp-json\/wp\/v2\/types\/page"}],"author":[{"embeddable":true,"href":"https:\/\/reka-n.com\/vn\/wp-json\/wp\/v2\/users\/1"}],"replies":[{"embeddable":true,"href":"https:\/\/reka-n.com\/vn\/wp-json\/wp\/v2\/comments?post=56"}],"version-history":[{"count":9,"href":"https:\/\/reka-n.com\/vn\/wp-json\/wp\/v2\/pages\/56\/revisions"}],"predecessor-version":[{"id":2935,"href":"https:\/\/reka-n.com\/vn\/wp-json\/wp\/v2\/pages\/56\/revisions\/2935"}],"up":[{"embeddable":true,"href":"https:\/\/reka-n.com\/vn\/wp-json\/wp\/v2\/pages\/44"}],"wp:attachment":[{"href":"https:\/\/reka-n.com\/vn\/wp-json\/wp\/v2\/media?parent=56"}],"curies":[{"name":"wp","href":"https:\/\/api.w.org\/{rel}","templated":true}]}}