{"id":55,"date":"2023-02-17T08:08:37","date_gmt":"2023-02-17T08:08:37","guid":{"rendered":"https:\/\/appedata.com\/?page_id=55"},"modified":"2023-08-16T05:55:59","modified_gmt":"2023-08-16T05:55:59","slug":"others","status":"publish","type":"page","link":"https:\/\/reka-n.com\/vn\/flavours\/others.html","title":{"rendered":"Kh\u00e1c"},"content":{"rendered":"<div class=\"wp-block-image\">\n<figure class=\"aligncenter size-large\"><img loading=\"lazy\" decoding=\"async\" width=\"1024\" height=\"172\" src=\"https:\/\/reka-n.com\/vn\/Media\/2023\/05\/bg-flavor-1110x186-NEW-1024x172.png\" alt=\"\" class=\"wp-image-1649\" srcset=\"https:\/\/reka-n.com\/vn\/Media\/2023\/05\/bg-flavor-1110x186-NEW-1024x172.png 1024w, https:\/\/reka-n.com\/vn\/Media\/2023\/05\/bg-flavor-1110x186-NEW-300x50.png 300w, https:\/\/reka-n.com\/vn\/Media\/2023\/05\/bg-flavor-1110x186-NEW-768x129.png 768w, https:\/\/reka-n.com\/vn\/Media\/2023\/05\/bg-flavor-1110x186-NEW-600x101.png 600w, https:\/\/reka-n.com\/vn\/Media\/2023\/05\/bg-flavor-1110x186-NEW.png 1110w\" sizes=\"auto, (max-width: 1024px) 100vw, 1024px\" \/><\/figure>\n<\/div>\n\n\n<div class=\"wp-block-columns is-layout-flex wp-container-core-columns-is-layout-9d6595d7 wp-block-columns-is-layout-flex\">\n<div class=\"wp-block-column is-layout-flow wp-block-column-is-layout-flow\" style=\"flex-basis:33.33%\">\n<figure class=\"wp-block-table\"><table class=\"has-black-color has-text-color\"><thead><tr><th>Danh m\u1ee5c h\u01b0\u01a1ng v\u1ecb<\/th><\/tr><\/thead><tbody><tr><td><a href=\"https:\/\/reka-n.com\/vn\/flavors\/bakery-cereals.html\">Ti\u1ec7m b\u00e1nh &amp; Ng\u0169 c\u1ed1c<\/a><\/td><\/tr><tr><td><a href=\"https:\/\/reka-n.com\/vn\/flavors\/beverage-powder-drink.html\">\u0110\u1ed3 u\u1ed1ng &amp; B\u1ed9t u\u1ed1ng<\/a><\/td><\/tr><tr><td><a href=\"https:\/\/reka-n.com\/vn\/flavors\/confectionary-sweet.html\">K\u1eb9o &amp; Ng\u1ecdt<\/a><\/td><\/tr><tr><td><a href=\"https:\/\/reka-n.com\/vn\/flavors\/dairy-ice-cream.html\">S\u1eefa &amp; Kem \u0111\u00e1<\/a><\/td><\/tr><tr><td><a href=\"https:\/\/reka-n.com\/vn\/flavors\/food-supplements-oral-care.html\">B\u1ed5 sung th\u1ef1c ph\u1ea9m &amp; Ch\u0103m s\u00f3c r\u0103ng mi\u1ec7ng<\/a><\/td><\/tr><tr><td><a href=\"https:\/\/reka-n.com\/vn\/flavors\/savory-culinary-snack.html\">M\u00f3n \u0103n \u0111\u1eadm \u0111\u00e0 &amp; Snack<\/a><\/td><\/tr><tr><td><a href=\"https:\/\/reka-n.com\/vn\/flavors\/others.html\">Kh\u00e1c<\/a><\/td><\/tr><\/tbody><\/table><\/figure>\n<\/div>\n\n\n\n<div class=\"wp-block-column is-layout-flow wp-block-column-is-layout-flow\" style=\"flex-basis:66.66%\">\n<h2 class=\"wp-block-heading\">H\u01b0\u01a1ng v\u1ecb &gt; Kh\u00e1c<\/h2>\n\n\n\n<div class=\"wp-block-columns is-layout-flex wp-container-core-columns-is-layout-9d6595d7 wp-block-columns-is-layout-flex\">\n<div class=\"wp-block-column is-layout-flow wp-block-column-is-layout-flow\">\n<figure class=\"wp-block-image size-full is-style-default\" id=\"wp-block-themeisle-blocks-image-118619e1\"><img loading=\"lazy\" decoding=\"async\" width=\"300\" height=\"204\" src=\"https:\/\/reka-n.com\/vn\/Media\/2023\/04\/others-thumbnail.jpeg\" alt=\"\" class=\"wp-image-1406\"\/><\/figure>\n<\/div>\n\n\n\n<div class=\"wp-block-column is-layout-flow wp-block-column-is-layout-flow\">\n<p class=\"has-small-font-size\">Trong khi \u1ee9ng d\u1ee5ng c\u1ee7a h\u01b0\u01a1ng li\u1ec7u \u0111\u00e3 m\u1edf r\u1ed9ng r\u1ea5t nhi\u1ec1u trong th\u1eddi gian g\u1ea7n \u0111\u00e2y, d\u01b0\u1edbi \u0111\u00e2y l\u00e0 m\u1ed9t ph\u1ea7n trong danh s\u00e1ch nh\u1eefng g\u00ec th\u01b0 vi\u1ec7n c\u1ee7a ch\u00fang t\u00f4i c\u00f3 ch\u1ee9a..<\/p>\n\n\n\n<p class=\"has-small-font-size\">N\u1ebfu b\u1ea1n quan t\u00e2m \u0111\u1ebfn b\u1ea5t k\u1ef3 h\u01b0\u01a1ng v\u1ecb n\u00e0o ho\u1eb7c c\u00f3 b\u1ea5t k\u1ef3 \u00fd t\u01b0\u1edfng m\u1edbi n\u00e0o, vui l\u00f2ng nh\u1ea5p v\u00e0o danh s\u00e1ch h\u01b0\u01a1ng v\u1ecb \u0111\u1ec3 g\u1eedi y\u00eau c\u1ea7u ho\u1eb7c th\u00f4ng tin y\u00eau c\u1ea7u c\u1ee7a b\u1ea1n, v\u00e0 c\u00e1c nh\u00e2n vi\u00ean kinh doanh c\u1ee7a ch\u00fang t\u00f4i s\u1ebd li\u00ean h\u1ec7 v\u1edbi b\u1ea1n trong th\u1eddi gian s\u1edbm nh\u1ea5t.<\/p>\n<\/div>\n<\/div>\n\n\n<form class=\"product-checkbox-form\" method=\"post\" enctype=\"multipart\/form-data\"><h3><\/h3><ul class=\"product-checkbox-list columns-3\"><li class=\"product-checkbox-item\"><label><input type=\"checkbox\" name=\"product_checkbox[]\" value=\"2396\"> B\u1ea1c h\u00e0 M\u00e1t (MINT COOL)<\/label><\/li><li class=\"product-checkbox-item\"><label><input type=\"checkbox\" name=\"product_checkbox[]\" value=\"2402\"> C\u00e0 ph\u00ea Thu\u1ed1c l\u00e1 (TOBACCO COFFEE)<\/label><\/li><li class=\"product-checkbox-item\"><label><input type=\"checkbox\" name=\"product_checkbox[]\" value=\"2390\"> G\u1ea1o Basmati (BASMATI RICE)<\/label><\/li><li class=\"product-checkbox-item\"><label><input type=\"checkbox\" name=\"product_checkbox[]\" value=\"2392\"> G\u1ea1o Hoa nh\u00e0i (JASMINE RICE)<\/label><\/li><li class=\"product-checkbox-item\"><label><input type=\"checkbox\" name=\"product_checkbox[]\" value=\"2389\"> G\u1ea1o L\u00faa m\u1ea1ch (BARLEY RICE)<\/label><\/li><li class=\"product-checkbox-item\"><label><input type=\"checkbox\" name=\"product_checkbox[]\" value=\"2406\"> G\u1ea1o non (YOUNG RICE)<\/label><\/li><li class=\"product-checkbox-item\"><label><input type=\"checkbox\" name=\"product_checkbox[]\" value=\"2398\"> G\u1ea1o Pandan Wangi (PANDAN WANGI RICE)<\/label><\/li><li class=\"product-checkbox-item\"><label><input type=\"checkbox\" name=\"product_checkbox[]\" value=\"2393\"> G\u1ea1o Sen (LOTUS RICE)<\/label><\/li><li class=\"product-checkbox-item\"><label><input type=\"checkbox\" name=\"product_checkbox[]\" value=\"2391\"> Garam Masala (GARAM MASALA)<\/label><\/li><li class=\"product-checkbox-item\"><label><input type=\"checkbox\" name=\"product_checkbox[]\" value=\"2400\"> L\u00e1 Tabak (TABAK LEAF)<\/label><\/li><li class=\"product-checkbox-item\"><label><input type=\"checkbox\" name=\"product_checkbox[]\" value=\"2395\"> Mild Seven (MILD SEVEN)<\/label><\/li><li class=\"product-checkbox-item\"><label><input type=\"checkbox\" name=\"product_checkbox[]\" value=\"2399\"> N\u01b0\u1edbc Hoa h\u1ed3ng Damasce (ROSE WATER DAMASCE)<\/label><\/li><li class=\"product-checkbox-item\"><label><input type=\"checkbox\" name=\"product_checkbox[]\" value=\"2401\"> S\u00f4 c\u00f4 la Thu\u1ed1c l\u00e1 (TOBACCO CHOCOLATE)<\/label><\/li><li class=\"product-checkbox-item\"><label><input type=\"checkbox\" name=\"product_checkbox[]\" value=\"2405\"> Thu\u1ed1c l\u00e1 Hoa h\u1ed3ng Zarda (TOBACCO ZARDA ROSE)<\/label><\/li><li class=\"product-checkbox-item\"><label><input type=\"checkbox\" name=\"product_checkbox[]\" value=\"2397\"> Tr\u00e1i c\u00e2y h\u1ed7n h\u1ee3p BG (MIXED FRUIT BG)<\/label><\/li><li class=\"product-checkbox-item\"><label><input type=\"checkbox\" name=\"product_checkbox[]\" value=\"2403\"> Tr\u00e1i c\u00e2y h\u1ed7n h\u1ee3p Thu\u1ed1c l\u00e1 (TOBACCO MIXED FRUIT)<\/label><\/li><li class=\"product-checkbox-item\"><label><input type=\"checkbox\" name=\"product_checkbox[]\" value=\"2404\"> Vanilla Thu\u1ed1c l\u00e1 (TOBACCO VANILLA)<\/label><\/li><li class=\"product-checkbox-item\"><label><input type=\"checkbox\" name=\"product_checkbox[]\" value=\"2394\"> Xo\u00e0i ch\u00edn (MANGO RIPE)<\/label><\/li><\/ul><input type=\"submit\" name=\"add_to_cart_button\" value=\"G\u1eedi y\u00eau c\u1ea7u m\u1eabu\"><input type=\"hidden\" name=\"action\" value=\"add_product_checkbox_to_cart\"><input type=\"hidden\" id=\"add_product_checkbox_to_cart_nonce\" name=\"add_product_checkbox_to_cart_nonce\" value=\"9035754eeb\" \/><input type=\"hidden\" name=\"_wp_http_referer\" value=\"\/vn\/wp-json\/wp\/v2\/pages\/55\" \/><input type=\"hidden\" id=\"add_product_checkbox_to_cart_nonce\" name=\"add_product_checkbox_to_cart_nonce\" value=\"9035754eeb\" \/><input type=\"hidden\" name=\"_wp_http_referer\" value=\"\/vn\/wp-json\/wp\/v2\/pages\/55\" \/><\/form><style>.product-checkbox-list { display: grid; grid-template-columns: repeat(3, 1fr); grid-gap: 20px; list-style: none; padding: 0; margin: 0; }<\/style>\n<\/div>\n<\/div>\n","protected":false},"excerpt":{"rendered":"<p>Danh m\u1ee5c h\u01b0\u01a1ng v\u1ecb Ti\u1ec7m b\u00e1nh &amp; Ng\u0169 c\u1ed1c \u0110\u1ed3 u\u1ed1ng &amp; B\u1ed9t u\u1ed1ng K\u1eb9o &amp; Ng\u1ecdt S\u1eefa &amp; Kem \u0111\u00e1 B\u1ed5 sung th\u1ef1c ph\u1ea9m &amp; Ch\u0103m s\u00f3c r\u0103ng mi\u1ec7ng M\u00f3n \u0103n \u0111\u1eadm \u0111\u00e0 &amp; Snack Kh\u00e1c H\u01b0\u01a1ng v\u1ecb &gt; Kh\u00e1c Trong khi \u1ee9ng d\u1ee5ng c\u1ee7a h\u01b0\u01a1ng li\u1ec7u \u0111\u00e3 m\u1edf r\u1ed9ng r\u1ea5t nhi\u1ec1u trong th\u1eddi [&hellip;]<\/p>\n","protected":false},"author":1,"featured_media":0,"parent":43,"menu_order":0,"comment_status":"closed","ping_status":"closed","template":"","meta":{"_themeisle_gutenberg_block_has_review":false,"footnotes":""},"class_list":["post-55","page","type-page","status-publish","hentry"],"yoast_head":"<!-- This site is optimized with the Yoast SEO plugin v25.5 - https:\/\/yoast.com\/wordpress\/plugins\/seo\/ -->\n<title>Kh\u00e1c - Nh\u00e0 s\u1ea3n xu\u1ea5t h\u01b0\u01a1ng li\u1ec7u th\u1ef1c ph\u1ea9m | Th\u1ef1c ph\u1ea9m Malaysia | Ricca Peacock Asia<\/title>\n<meta name=\"robots\" content=\"index, follow, max-snippet:-1, max-image-preview:large, max-video-preview:-1\" \/>\n<link rel=\"canonical\" href=\"https:\/\/reka-n.com\/vn\/flavours\/others.html\" \/>\n<meta property=\"og:locale\" content=\"en_US\" \/>\n<meta property=\"og:type\" content=\"article\" \/>\n<meta property=\"og:title\" content=\"Kh\u00e1c - Nh\u00e0 s\u1ea3n xu\u1ea5t h\u01b0\u01a1ng li\u1ec7u th\u1ef1c ph\u1ea9m | Th\u1ef1c ph\u1ea9m Malaysia | Ricca Peacock Asia\" \/>\n<meta property=\"og:description\" content=\"Danh m\u1ee5c h\u01b0\u01a1ng v\u1ecb Ti\u1ec7m b\u00e1nh &amp; Ng\u0169 c\u1ed1c \u0110\u1ed3 u\u1ed1ng &amp; B\u1ed9t u\u1ed1ng K\u1eb9o &amp; Ng\u1ecdt S\u1eefa &amp; Kem \u0111\u00e1 B\u1ed5 sung th\u1ef1c ph\u1ea9m &amp; Ch\u0103m s\u00f3c r\u0103ng mi\u1ec7ng M\u00f3n \u0103n \u0111\u1eadm \u0111\u00e0 &amp; Snack Kh\u00e1c H\u01b0\u01a1ng v\u1ecb &gt; Kh\u00e1c Trong khi \u1ee9ng d\u1ee5ng c\u1ee7a h\u01b0\u01a1ng li\u1ec7u \u0111\u00e3 m\u1edf r\u1ed9ng r\u1ea5t nhi\u1ec1u trong th\u1eddi [&hellip;]\" \/>\n<meta property=\"og:url\" content=\"https:\/\/reka-n.com\/vn\/flavours\/others.html\" \/>\n<meta property=\"og:site_name\" content=\"Nh\u00e0 s\u1ea3n xu\u1ea5t h\u01b0\u01a1ng li\u1ec7u th\u1ef1c ph\u1ea9m | Th\u1ef1c ph\u1ea9m Malaysia | Ricca Peacock Asia\" \/>\n<meta property=\"article:modified_time\" content=\"2023-08-16T05:55:59+00:00\" \/>\n<meta property=\"og:image\" content=\"https:\/\/reka-n.com\/vn\/Media\/2023\/05\/bg-flavor-1110x186-NEW-1024x172.png\" \/>\n<meta name=\"twitter:card\" content=\"summary_large_image\" \/>\n<meta name=\"twitter:label1\" content=\"Est. reading time\" \/>\n\t<meta name=\"twitter:data1\" content=\"1 minute\" \/>\n<script type=\"application\/ld+json\" class=\"yoast-schema-graph\">{\"@context\":\"https:\/\/schema.org\",\"@graph\":[{\"@type\":\"WebPage\",\"@id\":\"https:\/\/reka-n.com\/vn\/flavours\/others.html\",\"url\":\"https:\/\/reka-n.com\/vn\/flavours\/others.html\",\"name\":\"Kh\u00e1c - Nh\u00e0 s\u1ea3n xu\u1ea5t h\u01b0\u01a1ng li\u1ec7u th\u1ef1c ph\u1ea9m | Th\u1ef1c ph\u1ea9m Malaysia | Ricca Peacock Asia\",\"isPartOf\":{\"@id\":\"https:\/\/reka-n.com\/vn\/#website\"},\"primaryImageOfPage\":{\"@id\":\"https:\/\/reka-n.com\/vn\/flavours\/others.html#primaryimage\"},\"image\":{\"@id\":\"https:\/\/reka-n.com\/vn\/flavours\/others.html#primaryimage\"},\"thumbnailUrl\":\"https:\/\/reka-n.com\/vn\/Media\/2023\/05\/bg-flavor-1110x186-NEW-1024x172.png\",\"datePublished\":\"2023-02-17T08:08:37+00:00\",\"dateModified\":\"2023-08-16T05:55:59+00:00\",\"breadcrumb\":{\"@id\":\"https:\/\/reka-n.com\/vn\/flavours\/others.html#breadcrumb\"},\"inLanguage\":\"en-US\",\"potentialAction\":[{\"@type\":\"ReadAction\",\"target\":[\"https:\/\/reka-n.com\/vn\/flavours\/others.html\"]}]},{\"@type\":\"ImageObject\",\"inLanguage\":\"en-US\",\"@id\":\"https:\/\/reka-n.com\/vn\/flavours\/others.html#primaryimage\",\"url\":\"https:\/\/reka-n.com\/vn\/Media\/2023\/05\/bg-flavor-1110x186-NEW.png\",\"contentUrl\":\"https:\/\/reka-n.com\/vn\/Media\/2023\/05\/bg-flavor-1110x186-NEW.png\",\"width\":1110,\"height\":186},{\"@type\":\"BreadcrumbList\",\"@id\":\"https:\/\/reka-n.com\/vn\/flavours\/others.html#breadcrumb\",\"itemListElement\":[{\"@type\":\"ListItem\",\"position\":1,\"name\":\"Trangch\u1ee7\",\"item\":\"https:\/\/reka-n.com\/vn\/\"},{\"@type\":\"ListItem\",\"position\":2,\"name\":\"H\u01b0\u01a1ng v\u1ecb\",\"item\":\"https:\/\/reka-n.com\/vn\/flavours.html\"},{\"@type\":\"ListItem\",\"position\":3,\"name\":\"Kh\u00e1c\"}]},{\"@type\":\"WebSite\",\"@id\":\"https:\/\/reka-n.com\/vn\/#website\",\"url\":\"https:\/\/reka-n.com\/vn\/\",\"name\":\"Nh\u00e0 s\u1ea3n xu\u1ea5t h\u01b0\u01a1ng li\u1ec7u th\u1ef1c ph\u1ea9m | Th\u1ef1c ph\u1ea9m Malaysia | Ricca Peacock Asia\",\"description\":\"Reka l\u00e0 m\u1ed9t trong nh\u1eefng nh\u00e0 s\u1ea3n xu\u1ea5t v\u00e0 ph\u00e2n ph\u1ed1i h\u00e0ng \u0111\u1ea7u v\u1ec1 h\u01b0\u01a1ng li\u1ec7u th\u1ef1c ph\u1ea9m, h\u01b0\u01a1ng th\u01a1m, ch\u1ea5t l\u00e0m \u0111\u1ee5c, h\u00f3a ch\u1ea5t h\u01b0\u01a1ng li\u1ec7u c\u01a1 b\u1ea3n v\u00e0 tinh d\u1ea7u thi\u00ean nhi\u00ean t\u1ea1i ch\u00e2u \u00c1. S\u1ea3n ph\u1ea9m c\u1ee7a ch\u00fang t\u00f4i \u0111\u01b0\u1ee3c t\u1ea1o ra t\u1eeb c\u00e1c th\u00e0nh ph\u1ea7n ch\u1ea5t l\u01b0\u1ee3ng cao \u0111\u01b0\u1ee3c nh\u1eadp kh\u1ea9u t\u1eeb kh\u1eafp n\u01a1i tr\u00ean th\u1ebf gi\u1edbi.\",\"publisher\":{\"@id\":\"https:\/\/reka-n.com\/vn\/#organization\"},\"potentialAction\":[{\"@type\":\"SearchAction\",\"target\":{\"@type\":\"EntryPoint\",\"urlTemplate\":\"https:\/\/reka-n.com\/vn\/?s={search_term_string}\"},\"query-input\":{\"@type\":\"PropertyValueSpecification\",\"valueRequired\":true,\"valueName\":\"search_term_string\"}}],\"inLanguage\":\"en-US\"},{\"@type\":\"Organization\",\"@id\":\"https:\/\/reka-n.com\/vn\/#organization\",\"name\":\"Nh\u00e0 s\u1ea3n xu\u1ea5t h\u01b0\u01a1ng li\u1ec7u th\u1ef1c ph\u1ea9m | Th\u1ef1c ph\u1ea9m Malaysia | Ricca Peacock Asia\",\"url\":\"https:\/\/reka-n.com\/vn\/\",\"logo\":{\"@type\":\"ImageObject\",\"inLanguage\":\"en-US\",\"@id\":\"https:\/\/reka-n.com\/vn\/#\/schema\/logo\/image\/\",\"url\":\"https:\/\/reka-n.com\/vn\/Media\/2023\/04\/cropped-reka-logo.png\",\"contentUrl\":\"https:\/\/reka-n.com\/vn\/Media\/2023\/04\/cropped-reka-logo.png\",\"width\":237,\"height\":100,\"caption\":\"Nh\u00e0 s\u1ea3n xu\u1ea5t h\u01b0\u01a1ng li\u1ec7u th\u1ef1c ph\u1ea9m | Th\u1ef1c ph\u1ea9m Malaysia | Ricca Peacock Asia\"},\"image\":{\"@id\":\"https:\/\/reka-n.com\/vn\/#\/schema\/logo\/image\/\"}}]}<\/script>\n<!-- \/ Yoast SEO plugin. -->","yoast_head_json":{"title":"Kh\u00e1c - Nh\u00e0 s\u1ea3n xu\u1ea5t h\u01b0\u01a1ng li\u1ec7u th\u1ef1c ph\u1ea9m | Th\u1ef1c ph\u1ea9m Malaysia | Ricca Peacock Asia","robots":{"index":"index","follow":"follow","max-snippet":"max-snippet:-1","max-image-preview":"max-image-preview:large","max-video-preview":"max-video-preview:-1"},"canonical":"https:\/\/reka-n.com\/vn\/flavours\/others.html","og_locale":"en_US","og_type":"article","og_title":"Kh\u00e1c - Nh\u00e0 s\u1ea3n xu\u1ea5t h\u01b0\u01a1ng li\u1ec7u th\u1ef1c ph\u1ea9m | Th\u1ef1c ph\u1ea9m Malaysia | Ricca Peacock Asia","og_description":"Danh m\u1ee5c h\u01b0\u01a1ng v\u1ecb Ti\u1ec7m b\u00e1nh &amp; Ng\u0169 c\u1ed1c \u0110\u1ed3 u\u1ed1ng &amp; B\u1ed9t u\u1ed1ng K\u1eb9o &amp; Ng\u1ecdt S\u1eefa &amp; Kem \u0111\u00e1 B\u1ed5 sung th\u1ef1c ph\u1ea9m &amp; Ch\u0103m s\u00f3c r\u0103ng mi\u1ec7ng M\u00f3n \u0103n \u0111\u1eadm \u0111\u00e0 &amp; Snack Kh\u00e1c H\u01b0\u01a1ng v\u1ecb &gt; Kh\u00e1c Trong khi \u1ee9ng d\u1ee5ng c\u1ee7a h\u01b0\u01a1ng li\u1ec7u \u0111\u00e3 m\u1edf r\u1ed9ng r\u1ea5t nhi\u1ec1u trong th\u1eddi [&hellip;]","og_url":"https:\/\/reka-n.com\/vn\/flavours\/others.html","og_site_name":"Nh\u00e0 s\u1ea3n xu\u1ea5t h\u01b0\u01a1ng li\u1ec7u th\u1ef1c ph\u1ea9m | Th\u1ef1c ph\u1ea9m Malaysia | Ricca Peacock Asia","article_modified_time":"2023-08-16T05:55:59+00:00","og_image":[{"url":"https:\/\/reka-n.com\/vn\/Media\/2023\/05\/bg-flavor-1110x186-NEW-1024x172.png","type":"","width":"","height":""}],"twitter_card":"summary_large_image","twitter_misc":{"Est. reading time":"1 minute"},"schema":{"@context":"https:\/\/schema.org","@graph":[{"@type":"WebPage","@id":"https:\/\/reka-n.com\/vn\/flavours\/others.html","url":"https:\/\/reka-n.com\/vn\/flavours\/others.html","name":"Kh\u00e1c - Nh\u00e0 s\u1ea3n xu\u1ea5t h\u01b0\u01a1ng li\u1ec7u th\u1ef1c ph\u1ea9m | Th\u1ef1c ph\u1ea9m Malaysia | Ricca Peacock Asia","isPartOf":{"@id":"https:\/\/reka-n.com\/vn\/#website"},"primaryImageOfPage":{"@id":"https:\/\/reka-n.com\/vn\/flavours\/others.html#primaryimage"},"image":{"@id":"https:\/\/reka-n.com\/vn\/flavours\/others.html#primaryimage"},"thumbnailUrl":"https:\/\/reka-n.com\/vn\/Media\/2023\/05\/bg-flavor-1110x186-NEW-1024x172.png","datePublished":"2023-02-17T08:08:37+00:00","dateModified":"2023-08-16T05:55:59+00:00","breadcrumb":{"@id":"https:\/\/reka-n.com\/vn\/flavours\/others.html#breadcrumb"},"inLanguage":"en-US","potentialAction":[{"@type":"ReadAction","target":["https:\/\/reka-n.com\/vn\/flavours\/others.html"]}]},{"@type":"ImageObject","inLanguage":"en-US","@id":"https:\/\/reka-n.com\/vn\/flavours\/others.html#primaryimage","url":"https:\/\/reka-n.com\/vn\/Media\/2023\/05\/bg-flavor-1110x186-NEW.png","contentUrl":"https:\/\/reka-n.com\/vn\/Media\/2023\/05\/bg-flavor-1110x186-NEW.png","width":1110,"height":186},{"@type":"BreadcrumbList","@id":"https:\/\/reka-n.com\/vn\/flavours\/others.html#breadcrumb","itemListElement":[{"@type":"ListItem","position":1,"name":"Trangch\u1ee7","item":"https:\/\/reka-n.com\/vn\/"},{"@type":"ListItem","position":2,"name":"H\u01b0\u01a1ng v\u1ecb","item":"https:\/\/reka-n.com\/vn\/flavours.html"},{"@type":"ListItem","position":3,"name":"Kh\u00e1c"}]},{"@type":"WebSite","@id":"https:\/\/reka-n.com\/vn\/#website","url":"https:\/\/reka-n.com\/vn\/","name":"Nh\u00e0 s\u1ea3n xu\u1ea5t h\u01b0\u01a1ng li\u1ec7u th\u1ef1c ph\u1ea9m | Th\u1ef1c ph\u1ea9m Malaysia | Ricca Peacock Asia","description":"Reka l\u00e0 m\u1ed9t trong nh\u1eefng nh\u00e0 s\u1ea3n xu\u1ea5t v\u00e0 ph\u00e2n ph\u1ed1i h\u00e0ng \u0111\u1ea7u v\u1ec1 h\u01b0\u01a1ng li\u1ec7u th\u1ef1c ph\u1ea9m, h\u01b0\u01a1ng th\u01a1m, ch\u1ea5t l\u00e0m \u0111\u1ee5c, h\u00f3a ch\u1ea5t h\u01b0\u01a1ng li\u1ec7u c\u01a1 b\u1ea3n v\u00e0 tinh d\u1ea7u thi\u00ean nhi\u00ean t\u1ea1i ch\u00e2u \u00c1. S\u1ea3n ph\u1ea9m c\u1ee7a ch\u00fang t\u00f4i \u0111\u01b0\u1ee3c t\u1ea1o ra t\u1eeb c\u00e1c th\u00e0nh ph\u1ea7n ch\u1ea5t l\u01b0\u1ee3ng cao \u0111\u01b0\u1ee3c nh\u1eadp kh\u1ea9u t\u1eeb kh\u1eafp n\u01a1i tr\u00ean th\u1ebf gi\u1edbi.","publisher":{"@id":"https:\/\/reka-n.com\/vn\/#organization"},"potentialAction":[{"@type":"SearchAction","target":{"@type":"EntryPoint","urlTemplate":"https:\/\/reka-n.com\/vn\/?s={search_term_string}"},"query-input":{"@type":"PropertyValueSpecification","valueRequired":true,"valueName":"search_term_string"}}],"inLanguage":"en-US"},{"@type":"Organization","@id":"https:\/\/reka-n.com\/vn\/#organization","name":"Nh\u00e0 s\u1ea3n xu\u1ea5t h\u01b0\u01a1ng li\u1ec7u th\u1ef1c ph\u1ea9m | Th\u1ef1c ph\u1ea9m Malaysia | Ricca Peacock Asia","url":"https:\/\/reka-n.com\/vn\/","logo":{"@type":"ImageObject","inLanguage":"en-US","@id":"https:\/\/reka-n.com\/vn\/#\/schema\/logo\/image\/","url":"https:\/\/reka-n.com\/vn\/Media\/2023\/04\/cropped-reka-logo.png","contentUrl":"https:\/\/reka-n.com\/vn\/Media\/2023\/04\/cropped-reka-logo.png","width":237,"height":100,"caption":"Nh\u00e0 s\u1ea3n xu\u1ea5t h\u01b0\u01a1ng li\u1ec7u th\u1ef1c ph\u1ea9m | Th\u1ef1c ph\u1ea9m Malaysia | Ricca Peacock Asia"},"image":{"@id":"https:\/\/reka-n.com\/vn\/#\/schema\/logo\/image\/"}}]}},"_links":{"self":[{"href":"https:\/\/reka-n.com\/vn\/wp-json\/wp\/v2\/pages\/55","targetHints":{"allow":["GET"]}}],"collection":[{"href":"https:\/\/reka-n.com\/vn\/wp-json\/wp\/v2\/pages"}],"about":[{"href":"https:\/\/reka-n.com\/vn\/wp-json\/wp\/v2\/types\/page"}],"author":[{"embeddable":true,"href":"https:\/\/reka-n.com\/vn\/wp-json\/wp\/v2\/users\/1"}],"replies":[{"embeddable":true,"href":"https:\/\/reka-n.com\/vn\/wp-json\/wp\/v2\/comments?post=55"}],"version-history":[{"count":11,"href":"https:\/\/reka-n.com\/vn\/wp-json\/wp\/v2\/pages\/55\/revisions"}],"predecessor-version":[{"id":2887,"href":"https:\/\/reka-n.com\/vn\/wp-json\/wp\/v2\/pages\/55\/revisions\/2887"}],"up":[{"embeddable":true,"href":"https:\/\/reka-n.com\/vn\/wp-json\/wp\/v2\/pages\/43"}],"wp:attachment":[{"href":"https:\/\/reka-n.com\/vn\/wp-json\/wp\/v2\/media?parent=55"}],"curies":[{"name":"wp","href":"https:\/\/api.w.org\/{rel}","templated":true}]}}