{"id":52,"date":"2023-02-17T08:08:37","date_gmt":"2023-02-17T08:08:37","guid":{"rendered":"https:\/\/appedata.com\/?page_id=52"},"modified":"2023-08-16T05:56:12","modified_gmt":"2023-08-16T05:56:12","slug":"dairy-ice-cream","status":"publish","type":"page","link":"https:\/\/reka-n.com\/vn\/flavours\/dairy-ice-cream.html","title":{"rendered":"S\u1eefa &amp; Kem \u0111\u00e1"},"content":{"rendered":"<div class=\"wp-block-image\">\n<figure class=\"aligncenter size-large\"><img loading=\"lazy\" decoding=\"async\" width=\"1024\" height=\"172\" src=\"https:\/\/reka-n.com\/vn\/Media\/2023\/05\/bg-flavor-1110x186-NEW-1024x172.png\" alt=\"\" class=\"wp-image-1649\" srcset=\"https:\/\/reka-n.com\/vn\/Media\/2023\/05\/bg-flavor-1110x186-NEW-1024x172.png 1024w, https:\/\/reka-n.com\/vn\/Media\/2023\/05\/bg-flavor-1110x186-NEW-300x50.png 300w, https:\/\/reka-n.com\/vn\/Media\/2023\/05\/bg-flavor-1110x186-NEW-768x129.png 768w, https:\/\/reka-n.com\/vn\/Media\/2023\/05\/bg-flavor-1110x186-NEW-600x101.png 600w, https:\/\/reka-n.com\/vn\/Media\/2023\/05\/bg-flavor-1110x186-NEW.png 1110w\" sizes=\"auto, (max-width: 1024px) 100vw, 1024px\" \/><\/figure>\n<\/div>\n\n\n<div class=\"wp-block-columns is-layout-flex wp-container-core-columns-is-layout-9d6595d7 wp-block-columns-is-layout-flex\">\n<div class=\"wp-block-column is-layout-flow wp-block-column-is-layout-flow\" style=\"flex-basis:33.33%\">\n<figure class=\"wp-block-table\"><table class=\"has-black-color has-text-color\"><thead><tr><th>Danh m\u1ee5c h\u01b0\u01a1ng v\u1ecb<\/th><\/tr><\/thead><tbody><tr><td><a href=\"https:\/\/reka-n.com\/vn\/flavors\/bakery-cereals.html\">Ti\u1ec7m b\u00e1nh &amp; Ng\u0169 c\u1ed1c<\/a><\/td><\/tr><tr><td><a href=\"https:\/\/reka-n.com\/vn\/flavors\/beverage-powder-drink.html\">\u0110\u1ed3 u\u1ed1ng &amp; B\u1ed9t u\u1ed1ng<\/a><\/td><\/tr><tr><td><a href=\"https:\/\/reka-n.com\/vn\/flavors\/confectionary-sweet.html\">K\u1eb9o &amp; Ng\u1ecdt<\/a><\/td><\/tr><tr><td><a href=\"https:\/\/reka-n.com\/vn\/flavors\/dairy-ice-cream.html\">S\u1eefa &amp; Kem \u0111\u00e1<\/a><\/td><\/tr><tr><td><a href=\"https:\/\/reka-n.com\/vn\/flavors\/food-supplements-oral-care.html\">B\u1ed5 sung th\u1ef1c ph\u1ea9m &amp; Ch\u0103m s\u00f3c r\u0103ng mi\u1ec7ng<\/a><\/td><\/tr><tr><td><a href=\"https:\/\/reka-n.com\/vn\/flavors\/savory-culinary-snack.html\">M\u00f3n \u0103n \u0111\u1eadm \u0111\u00e0 &amp; Snack<\/a><\/td><\/tr><tr><td><a href=\"https:\/\/reka-n.com\/vn\/flavors\/others.html\">Kh\u00e1c<\/a><\/td><\/tr><\/tbody><\/table><\/figure>\n<\/div>\n\n\n\n<div class=\"wp-block-column is-layout-flow wp-block-column-is-layout-flow\" style=\"flex-basis:66.66%\">\n<h2 class=\"wp-block-heading\">H\u01b0\u01a1ng v\u1ecb &gt; S\u1eefa &amp; Kem \u0111\u00e1<\/h2>\n\n\n\n<div class=\"wp-block-columns is-layout-flex wp-container-core-columns-is-layout-9d6595d7 wp-block-columns-is-layout-flex\">\n<div class=\"wp-block-column is-layout-flow wp-block-column-is-layout-flow\" style=\"flex-basis:33.33%\">\n<figure class=\"wp-block-image size-full\"><img loading=\"lazy\" decoding=\"async\" width=\"200\" height=\"300\" src=\"https:\/\/reka-n.com\/vn\/Media\/2023\/04\/dairy-ice-cream-thumbnail.jpeg\" alt=\"\" class=\"wp-image-1394\"\/><\/figure>\n<\/div>\n\n\n\n<div class=\"wp-block-column is-layout-flow wp-block-column-is-layout-flow\" style=\"flex-basis:66.66%\">\n<p class=\"has-small-font-size\">C\u00e1c \u1ee9ng d\u1ee5ng c\u1ee7a h\u01b0\u01a1ng v\u1ecb s\u1eefa c\u1ee7a ch\u00fang t\u00f4i \u0111a d\u1ea1ng, t\u1eeb b\u01a1, ph\u00f4 mai v\u00e0 m\u1ee1 ph\u1ee7 \u0111\u1ebfn kem, s\u1eefa chua v\u00e0 kem.<\/p>\n\n\n\n<p class=\"has-small-font-size\">D\u01b0\u1edbi \u0111\u00e2y l\u00e0 danh s\u00e1ch m\u1ed9t ph\u1ea7n c\u00e1c h\u01b0\u01a1ng v\u1ecb s\u1eefa c\u1ee7a ch\u00fang t\u00f4i. N\u1ebfu b\u1ea1n quan t\u00e2m \u0111\u1ebfn b\u1ea5t k\u1ef3 h\u01b0\u01a1ng v\u1ecb n\u00e0o ho\u1eb7c c\u00f3 \u00fd t\u01b0\u1edfng m\u1edbi, vui l\u00f2ng nh\u1ea5p v\u00e0o danh s\u00e1ch h\u01b0\u01a1ng v\u1ecb \u0111\u1ec3 g\u1eedi y\u00eau c\u1ea7u ho\u1eb7c y\u00eau c\u1ea7u th\u00f4ng tin v\u00e0 c\u00e1c nh\u00e2n vi\u00ean kinh doanh c\u1ee7a ch\u00fang t\u00f4i s\u1ebd li\u00ean h\u1ec7 v\u1edbi b\u1ea1n s\u1edbm nh\u1ea5t.<\/p>\n<\/div>\n<\/div>\n\n\n<form class=\"product-checkbox-form\" method=\"post\" enctype=\"multipart\/form-data\"><h3><\/h3><ul class=\"product-checkbox-list columns-3\"><li class=\"product-checkbox-item\"><label><input type=\"checkbox\" name=\"product_checkbox[]\" value=\"2311\"> Ch\u1ea5t l\u00e0m \u0111\u1ee5c (CLOUDY AGENT)<\/label><\/li><li class=\"product-checkbox-item\"><label><input type=\"checkbox\" name=\"product_checkbox[]\" value=\"2313\"> H\u01b0\u01a1ng cacao l\u00e1 d\u1ee9a (COCOA PANDAN FLAVOUR)<\/label><\/li><li class=\"product-checkbox-item\"><label><input type=\"checkbox\" name=\"product_checkbox[]\" value=\"2328\"> H\u01af\u01a0NG QU\u1ea2 CHANH D\u00c2Y T\u01af\u01a0I M\u00c1T (PASSION FRUIT JUICY)<\/label><\/li><li class=\"product-checkbox-item\"><label><input type=\"checkbox\" name=\"product_checkbox[]\" value=\"2335\"> H\u01af\u01a0NG TR\u00c1I C\u00c2Y H\u1ed6N H\u1ee2P (TUTTY FRUITY FLAVOUR)<\/label><\/li><li class=\"product-checkbox-item\"><label><input type=\"checkbox\" name=\"product_checkbox[]\" value=\"2325\"> H\u01af\u01a0NG TR\u00c1I C\u00c2Y H\u1ed6N H\u1ee2P( NEUTRAL CLOUDY)<\/label><\/li><li class=\"product-checkbox-item\"><label><input type=\"checkbox\" name=\"product_checkbox[]\" value=\"2326\"> KEM C\u00c2Y CAM (ORANGE ICE CREAM)<\/label><\/li><li class=\"product-checkbox-item\"><label><input type=\"checkbox\" name=\"product_checkbox[]\" value=\"2319\"> Kem c\u00e2y chanh (LEMON ICE CREAM)<\/label><\/li><li class=\"product-checkbox-item\"><label><input type=\"checkbox\" name=\"product_checkbox[]\" value=\"2320\"> Kem c\u00e2y chanh d\u00e2y (LIME ICE CREAM)<\/label><\/li><li class=\"product-checkbox-item\"><label><input type=\"checkbox\" name=\"product_checkbox[]\" value=\"2337\"> KEM C\u00c2Y KHOAI M\u00d4N (YAM ICE CREAM)<\/label><\/li><li class=\"product-checkbox-item\"><label><input type=\"checkbox\" name=\"product_checkbox[]\" value=\"2318\"> Kem c\u00e2y kiwi (KIWI FRUIT ICE CREAM)<\/label><\/li><li class=\"product-checkbox-item\"><label><input type=\"checkbox\" name=\"product_checkbox[]\" value=\"2305\"> Kem c\u00e2y l\u00fd (BLACKCURRANT ICE CREAM)<\/label><\/li><li class=\"product-checkbox-item\"><label><input type=\"checkbox\" name=\"product_checkbox[]\" value=\"2308\"> Kem c\u00e2y l\u00fd s\u01a1n (BLUEBERRY ICE CREAM)<\/label><\/li><li class=\"product-checkbox-item\"><label><input type=\"checkbox\" name=\"product_checkbox[]\" value=\"2321\"> Kem c\u00e2y v\u1ea3i (LYCHEE D&#8217;LICIOUS)<\/label><\/li><li class=\"product-checkbox-item\"><label><input type=\"checkbox\" name=\"product_checkbox[]\" value=\"2322\"> Kem c\u00e2y xo\u00e0i (MANGO TANGO)<\/label><\/li><li class=\"product-checkbox-item\"><label><input type=\"checkbox\" name=\"product_checkbox[]\" value=\"2316\"> Kem custard (CUSTARD ICE CREAM)<\/label><\/li><li class=\"product-checkbox-item\"><label><input type=\"checkbox\" name=\"product_checkbox[]\" value=\"2309\"> Kem d\u1eeba chanh d\u00e2y (CALAMANSI LIME ICE CREAM)<\/label><\/li><li class=\"product-checkbox-item\"><label><input type=\"checkbox\" name=\"product_checkbox[]\" value=\"2334\"> KEM NG\u00d4 NG\u1eccT (SWEET CORN ICE CREAM)<\/label><\/li><li class=\"product-checkbox-item\"><label><input type=\"checkbox\" name=\"product_checkbox[]\" value=\"2323\"> Kem tr\u00e1i c\u00e2y h\u1ed7n h\u1ee3p (MIXED BERRIES ICE CREAM)<\/label><\/li><li class=\"product-checkbox-item\"><label><input type=\"checkbox\" name=\"product_checkbox[]\" value=\"2330\"> N\u01af\u1edaC TR\u00c1I C\u00c2Y D\u01af\u01a0NG (PINEAPPLE JUICY)<\/label><\/li><li class=\"product-checkbox-item\"><label><input type=\"checkbox\" name=\"product_checkbox[]\" value=\"2312\"> Ph\u00f4 mai Cheddar (CHEESE CHEDDARS)<\/label><\/li><li class=\"product-checkbox-item\"><label><input type=\"checkbox\" name=\"product_checkbox[]\" value=\"2307\"> Ph\u00f4 mai xanh (BLUE CHEESE)<\/label><\/li><li class=\"product-checkbox-item\"><label><input type=\"checkbox\" name=\"product_checkbox[]\" value=\"2317\"> S\u1eefa b\u00f2 (DAIRY MILK)<\/label><\/li><li class=\"product-checkbox-item\"><label><input type=\"checkbox\" name=\"product_checkbox[]\" value=\"2315\"> S\u1eefa c\u00e0 ph\u00ea (COFFEE MILK)<\/label><\/li><li class=\"product-checkbox-item\"><label><input type=\"checkbox\" name=\"product_checkbox[]\" value=\"2310\"> S\u1eefa chocolate (CHOCOLATE MILK)<\/label><\/li><li class=\"product-checkbox-item\"><label><input type=\"checkbox\" name=\"product_checkbox[]\" value=\"2329\"> S\u1eeeA CHUA C\u00c2Y \u0110\u00c0O (PEACH YOGHURT)<\/label><\/li><li class=\"product-checkbox-item\"><label><input type=\"checkbox\" name=\"product_checkbox[]\" value=\"2333\"> S\u1eeeA CHUA C\u00c2Y D\u00c2U T\u00c2Y (STRAWBERRY YOGURT)<\/label><\/li><li class=\"product-checkbox-item\"><label><input type=\"checkbox\" name=\"product_checkbox[]\" value=\"2327\"> S\u1eeeA CHUA C\u00c2Y \u0110\u01afA \u0110\u1ea0T (PAPAYA YOGURT)<\/label><\/li><li class=\"product-checkbox-item\"><label><input type=\"checkbox\" name=\"product_checkbox[]\" value=\"2331\"> S\u1eeeA CHUA C\u00c2Y M\u00c2Y T\u00c2Y (RASPBERRY YOGURT)<\/label><\/li><li class=\"product-checkbox-item\"><label><input type=\"checkbox\" name=\"product_checkbox[]\" value=\"2324\"> S\u1eefa chua tr\u00e1i c\u00e2y h\u1ed7n h\u1ee3p (MIXED FRUITS YOGURT)<\/label><\/li><li class=\"product-checkbox-item\"><label><input type=\"checkbox\" name=\"product_checkbox[]\" value=\"2306\"> S\u1eefa chu\u1ed1i (BANANA MILK)<\/label><\/li><li class=\"product-checkbox-item\"><label><input type=\"checkbox\" name=\"product_checkbox[]\" value=\"2332\"> S\u1eeeA \u0110\u1eacU N\u00c0NH (SOYA MILK)<\/label><\/li><li class=\"product-checkbox-item\"><label><input type=\"checkbox\" name=\"product_checkbox[]\" value=\"2314\"> S\u1eefa d\u1eeba Cocomax (COCOMAX MILK)<\/label><\/li><li class=\"product-checkbox-item\"><label><input type=\"checkbox\" name=\"product_checkbox[]\" value=\"2336\"> S\u1eeeA PH\u00d4 MAI VANI (VANILLA MILK)<\/label><\/li><\/ul><input type=\"submit\" name=\"add_to_cart_button\" value=\"G\u1eedi y\u00eau c\u1ea7u m\u1eabu\"><input type=\"hidden\" name=\"action\" value=\"add_product_checkbox_to_cart\"><input type=\"hidden\" id=\"add_product_checkbox_to_cart_nonce\" name=\"add_product_checkbox_to_cart_nonce\" value=\"9035754eeb\" \/><input type=\"hidden\" name=\"_wp_http_referer\" value=\"\/vn\/wp-json\/wp\/v2\/pages\/52\" \/><input type=\"hidden\" id=\"add_product_checkbox_to_cart_nonce\" name=\"add_product_checkbox_to_cart_nonce\" value=\"9035754eeb\" \/><input type=\"hidden\" name=\"_wp_http_referer\" value=\"\/vn\/wp-json\/wp\/v2\/pages\/52\" \/><\/form><style>.product-checkbox-list { display: grid; grid-template-columns: repeat(3, 1fr); grid-gap: 20px; list-style: none; padding: 0; margin: 0; }<\/style>\n<\/div>\n<\/div>\n\n\n\n<p><\/p>\n","protected":false},"excerpt":{"rendered":"<p>Danh m\u1ee5c h\u01b0\u01a1ng v\u1ecb Ti\u1ec7m b\u00e1nh &amp; Ng\u0169 c\u1ed1c \u0110\u1ed3 u\u1ed1ng &amp; B\u1ed9t u\u1ed1ng K\u1eb9o &amp; Ng\u1ecdt S\u1eefa &amp; Kem \u0111\u00e1 B\u1ed5 sung th\u1ef1c ph\u1ea9m &amp; Ch\u0103m s\u00f3c r\u0103ng mi\u1ec7ng M\u00f3n \u0103n \u0111\u1eadm \u0111\u00e0 &amp; Snack Kh\u00e1c H\u01b0\u01a1ng v\u1ecb &gt; S\u1eefa &amp; Kem \u0111\u00e1 C\u00e1c \u1ee9ng d\u1ee5ng c\u1ee7a h\u01b0\u01a1ng v\u1ecb s\u1eefa c\u1ee7a ch\u00fang t\u00f4i \u0111a [&hellip;]<\/p>\n","protected":false},"author":1,"featured_media":0,"parent":43,"menu_order":0,"comment_status":"closed","ping_status":"closed","template":"","meta":{"_themeisle_gutenberg_block_has_review":false,"footnotes":""},"class_list":["post-52","page","type-page","status-publish","hentry"],"yoast_head":"<!-- This site is optimized with the Yoast SEO plugin v25.5 - https:\/\/yoast.com\/wordpress\/plugins\/seo\/ -->\n<title>S\u1eefa &amp; Kem \u0111\u00e1 - Nh\u00e0 s\u1ea3n xu\u1ea5t h\u01b0\u01a1ng li\u1ec7u th\u1ef1c ph\u1ea9m | Th\u1ef1c ph\u1ea9m Malaysia | Ricca Peacock Asia<\/title>\n<meta name=\"robots\" content=\"index, follow, max-snippet:-1, max-image-preview:large, max-video-preview:-1\" \/>\n<link rel=\"canonical\" href=\"https:\/\/reka-n.com\/vn\/flavours\/dairy-ice-cream.html\" \/>\n<meta property=\"og:locale\" content=\"en_US\" \/>\n<meta property=\"og:type\" content=\"article\" \/>\n<meta property=\"og:title\" content=\"S\u1eefa &amp; Kem \u0111\u00e1 - Nh\u00e0 s\u1ea3n xu\u1ea5t h\u01b0\u01a1ng li\u1ec7u th\u1ef1c ph\u1ea9m | Th\u1ef1c ph\u1ea9m Malaysia | Ricca Peacock Asia\" \/>\n<meta property=\"og:description\" content=\"Danh m\u1ee5c h\u01b0\u01a1ng v\u1ecb Ti\u1ec7m b\u00e1nh &amp; Ng\u0169 c\u1ed1c \u0110\u1ed3 u\u1ed1ng &amp; B\u1ed9t u\u1ed1ng K\u1eb9o &amp; Ng\u1ecdt S\u1eefa &amp; Kem \u0111\u00e1 B\u1ed5 sung th\u1ef1c ph\u1ea9m &amp; Ch\u0103m s\u00f3c r\u0103ng mi\u1ec7ng M\u00f3n \u0103n \u0111\u1eadm \u0111\u00e0 &amp; Snack Kh\u00e1c H\u01b0\u01a1ng v\u1ecb &gt; S\u1eefa &amp; Kem \u0111\u00e1 C\u00e1c \u1ee9ng d\u1ee5ng c\u1ee7a h\u01b0\u01a1ng v\u1ecb s\u1eefa c\u1ee7a ch\u00fang t\u00f4i \u0111a [&hellip;]\" \/>\n<meta property=\"og:url\" content=\"https:\/\/reka-n.com\/vn\/flavours\/dairy-ice-cream.html\" \/>\n<meta property=\"og:site_name\" content=\"Nh\u00e0 s\u1ea3n xu\u1ea5t h\u01b0\u01a1ng li\u1ec7u th\u1ef1c ph\u1ea9m | Th\u1ef1c ph\u1ea9m Malaysia | Ricca Peacock Asia\" \/>\n<meta property=\"article:modified_time\" content=\"2023-08-16T05:56:12+00:00\" \/>\n<meta property=\"og:image\" content=\"https:\/\/reka-n.com\/vn\/Media\/2023\/05\/bg-flavor-1110x186-NEW-1024x172.png\" \/>\n<meta name=\"twitter:card\" content=\"summary_large_image\" \/>\n<meta name=\"twitter:label1\" content=\"Est. reading time\" \/>\n\t<meta name=\"twitter:data1\" content=\"1 minute\" \/>\n<script type=\"application\/ld+json\" class=\"yoast-schema-graph\">{\"@context\":\"https:\/\/schema.org\",\"@graph\":[{\"@type\":\"WebPage\",\"@id\":\"https:\/\/reka-n.com\/vn\/flavours\/dairy-ice-cream.html\",\"url\":\"https:\/\/reka-n.com\/vn\/flavours\/dairy-ice-cream.html\",\"name\":\"S\u1eefa &amp; Kem \u0111\u00e1 - Nh\u00e0 s\u1ea3n xu\u1ea5t h\u01b0\u01a1ng li\u1ec7u th\u1ef1c ph\u1ea9m | Th\u1ef1c ph\u1ea9m Malaysia | Ricca Peacock Asia\",\"isPartOf\":{\"@id\":\"https:\/\/reka-n.com\/vn\/#website\"},\"primaryImageOfPage\":{\"@id\":\"https:\/\/reka-n.com\/vn\/flavours\/dairy-ice-cream.html#primaryimage\"},\"image\":{\"@id\":\"https:\/\/reka-n.com\/vn\/flavours\/dairy-ice-cream.html#primaryimage\"},\"thumbnailUrl\":\"https:\/\/reka-n.com\/vn\/Media\/2023\/05\/bg-flavor-1110x186-NEW-1024x172.png\",\"datePublished\":\"2023-02-17T08:08:37+00:00\",\"dateModified\":\"2023-08-16T05:56:12+00:00\",\"breadcrumb\":{\"@id\":\"https:\/\/reka-n.com\/vn\/flavours\/dairy-ice-cream.html#breadcrumb\"},\"inLanguage\":\"en-US\",\"potentialAction\":[{\"@type\":\"ReadAction\",\"target\":[\"https:\/\/reka-n.com\/vn\/flavours\/dairy-ice-cream.html\"]}]},{\"@type\":\"ImageObject\",\"inLanguage\":\"en-US\",\"@id\":\"https:\/\/reka-n.com\/vn\/flavours\/dairy-ice-cream.html#primaryimage\",\"url\":\"https:\/\/reka-n.com\/vn\/Media\/2023\/05\/bg-flavor-1110x186-NEW.png\",\"contentUrl\":\"https:\/\/reka-n.com\/vn\/Media\/2023\/05\/bg-flavor-1110x186-NEW.png\",\"width\":1110,\"height\":186},{\"@type\":\"BreadcrumbList\",\"@id\":\"https:\/\/reka-n.com\/vn\/flavours\/dairy-ice-cream.html#breadcrumb\",\"itemListElement\":[{\"@type\":\"ListItem\",\"position\":1,\"name\":\"Trangch\u1ee7\",\"item\":\"https:\/\/reka-n.com\/vn\/\"},{\"@type\":\"ListItem\",\"position\":2,\"name\":\"H\u01b0\u01a1ng v\u1ecb\",\"item\":\"https:\/\/reka-n.com\/vn\/flavours.html\"},{\"@type\":\"ListItem\",\"position\":3,\"name\":\"S\u1eefa &amp; Kem \u0111\u00e1\"}]},{\"@type\":\"WebSite\",\"@id\":\"https:\/\/reka-n.com\/vn\/#website\",\"url\":\"https:\/\/reka-n.com\/vn\/\",\"name\":\"Nh\u00e0 s\u1ea3n xu\u1ea5t h\u01b0\u01a1ng li\u1ec7u th\u1ef1c ph\u1ea9m | Th\u1ef1c ph\u1ea9m Malaysia | Ricca Peacock Asia\",\"description\":\"Reka l\u00e0 m\u1ed9t trong nh\u1eefng nh\u00e0 s\u1ea3n xu\u1ea5t v\u00e0 ph\u00e2n ph\u1ed1i h\u00e0ng \u0111\u1ea7u v\u1ec1 h\u01b0\u01a1ng li\u1ec7u th\u1ef1c ph\u1ea9m, h\u01b0\u01a1ng th\u01a1m, ch\u1ea5t l\u00e0m \u0111\u1ee5c, h\u00f3a ch\u1ea5t h\u01b0\u01a1ng li\u1ec7u c\u01a1 b\u1ea3n v\u00e0 tinh d\u1ea7u thi\u00ean nhi\u00ean t\u1ea1i ch\u00e2u \u00c1. S\u1ea3n ph\u1ea9m c\u1ee7a ch\u00fang t\u00f4i \u0111\u01b0\u1ee3c t\u1ea1o ra t\u1eeb c\u00e1c th\u00e0nh ph\u1ea7n ch\u1ea5t l\u01b0\u1ee3ng cao \u0111\u01b0\u1ee3c nh\u1eadp kh\u1ea9u t\u1eeb kh\u1eafp n\u01a1i tr\u00ean th\u1ebf gi\u1edbi.\",\"publisher\":{\"@id\":\"https:\/\/reka-n.com\/vn\/#organization\"},\"potentialAction\":[{\"@type\":\"SearchAction\",\"target\":{\"@type\":\"EntryPoint\",\"urlTemplate\":\"https:\/\/reka-n.com\/vn\/?s={search_term_string}\"},\"query-input\":{\"@type\":\"PropertyValueSpecification\",\"valueRequired\":true,\"valueName\":\"search_term_string\"}}],\"inLanguage\":\"en-US\"},{\"@type\":\"Organization\",\"@id\":\"https:\/\/reka-n.com\/vn\/#organization\",\"name\":\"Nh\u00e0 s\u1ea3n xu\u1ea5t h\u01b0\u01a1ng li\u1ec7u th\u1ef1c ph\u1ea9m | Th\u1ef1c ph\u1ea9m Malaysia | Ricca Peacock Asia\",\"url\":\"https:\/\/reka-n.com\/vn\/\",\"logo\":{\"@type\":\"ImageObject\",\"inLanguage\":\"en-US\",\"@id\":\"https:\/\/reka-n.com\/vn\/#\/schema\/logo\/image\/\",\"url\":\"https:\/\/reka-n.com\/vn\/Media\/2023\/04\/cropped-reka-logo.png\",\"contentUrl\":\"https:\/\/reka-n.com\/vn\/Media\/2023\/04\/cropped-reka-logo.png\",\"width\":237,\"height\":100,\"caption\":\"Nh\u00e0 s\u1ea3n xu\u1ea5t h\u01b0\u01a1ng li\u1ec7u th\u1ef1c ph\u1ea9m | Th\u1ef1c ph\u1ea9m Malaysia | Ricca Peacock Asia\"},\"image\":{\"@id\":\"https:\/\/reka-n.com\/vn\/#\/schema\/logo\/image\/\"}}]}<\/script>\n<!-- \/ Yoast SEO plugin. -->","yoast_head_json":{"title":"S\u1eefa &amp; Kem \u0111\u00e1 - Nh\u00e0 s\u1ea3n xu\u1ea5t h\u01b0\u01a1ng li\u1ec7u th\u1ef1c ph\u1ea9m | Th\u1ef1c ph\u1ea9m Malaysia | Ricca Peacock Asia","robots":{"index":"index","follow":"follow","max-snippet":"max-snippet:-1","max-image-preview":"max-image-preview:large","max-video-preview":"max-video-preview:-1"},"canonical":"https:\/\/reka-n.com\/vn\/flavours\/dairy-ice-cream.html","og_locale":"en_US","og_type":"article","og_title":"S\u1eefa &amp; Kem \u0111\u00e1 - Nh\u00e0 s\u1ea3n xu\u1ea5t h\u01b0\u01a1ng li\u1ec7u th\u1ef1c ph\u1ea9m | Th\u1ef1c ph\u1ea9m Malaysia | Ricca Peacock Asia","og_description":"Danh m\u1ee5c h\u01b0\u01a1ng v\u1ecb Ti\u1ec7m b\u00e1nh &amp; Ng\u0169 c\u1ed1c \u0110\u1ed3 u\u1ed1ng &amp; B\u1ed9t u\u1ed1ng K\u1eb9o &amp; Ng\u1ecdt S\u1eefa &amp; Kem \u0111\u00e1 B\u1ed5 sung th\u1ef1c ph\u1ea9m &amp; Ch\u0103m s\u00f3c r\u0103ng mi\u1ec7ng M\u00f3n \u0103n \u0111\u1eadm \u0111\u00e0 &amp; Snack Kh\u00e1c H\u01b0\u01a1ng v\u1ecb &gt; S\u1eefa &amp; Kem \u0111\u00e1 C\u00e1c \u1ee9ng d\u1ee5ng c\u1ee7a h\u01b0\u01a1ng v\u1ecb s\u1eefa c\u1ee7a ch\u00fang t\u00f4i \u0111a [&hellip;]","og_url":"https:\/\/reka-n.com\/vn\/flavours\/dairy-ice-cream.html","og_site_name":"Nh\u00e0 s\u1ea3n xu\u1ea5t h\u01b0\u01a1ng li\u1ec7u th\u1ef1c ph\u1ea9m | Th\u1ef1c ph\u1ea9m Malaysia | Ricca Peacock Asia","article_modified_time":"2023-08-16T05:56:12+00:00","og_image":[{"url":"https:\/\/reka-n.com\/vn\/Media\/2023\/05\/bg-flavor-1110x186-NEW-1024x172.png","type":"","width":"","height":""}],"twitter_card":"summary_large_image","twitter_misc":{"Est. reading time":"1 minute"},"schema":{"@context":"https:\/\/schema.org","@graph":[{"@type":"WebPage","@id":"https:\/\/reka-n.com\/vn\/flavours\/dairy-ice-cream.html","url":"https:\/\/reka-n.com\/vn\/flavours\/dairy-ice-cream.html","name":"S\u1eefa &amp; Kem \u0111\u00e1 - Nh\u00e0 s\u1ea3n xu\u1ea5t h\u01b0\u01a1ng li\u1ec7u th\u1ef1c ph\u1ea9m | Th\u1ef1c ph\u1ea9m Malaysia | Ricca Peacock Asia","isPartOf":{"@id":"https:\/\/reka-n.com\/vn\/#website"},"primaryImageOfPage":{"@id":"https:\/\/reka-n.com\/vn\/flavours\/dairy-ice-cream.html#primaryimage"},"image":{"@id":"https:\/\/reka-n.com\/vn\/flavours\/dairy-ice-cream.html#primaryimage"},"thumbnailUrl":"https:\/\/reka-n.com\/vn\/Media\/2023\/05\/bg-flavor-1110x186-NEW-1024x172.png","datePublished":"2023-02-17T08:08:37+00:00","dateModified":"2023-08-16T05:56:12+00:00","breadcrumb":{"@id":"https:\/\/reka-n.com\/vn\/flavours\/dairy-ice-cream.html#breadcrumb"},"inLanguage":"en-US","potentialAction":[{"@type":"ReadAction","target":["https:\/\/reka-n.com\/vn\/flavours\/dairy-ice-cream.html"]}]},{"@type":"ImageObject","inLanguage":"en-US","@id":"https:\/\/reka-n.com\/vn\/flavours\/dairy-ice-cream.html#primaryimage","url":"https:\/\/reka-n.com\/vn\/Media\/2023\/05\/bg-flavor-1110x186-NEW.png","contentUrl":"https:\/\/reka-n.com\/vn\/Media\/2023\/05\/bg-flavor-1110x186-NEW.png","width":1110,"height":186},{"@type":"BreadcrumbList","@id":"https:\/\/reka-n.com\/vn\/flavours\/dairy-ice-cream.html#breadcrumb","itemListElement":[{"@type":"ListItem","position":1,"name":"Trangch\u1ee7","item":"https:\/\/reka-n.com\/vn\/"},{"@type":"ListItem","position":2,"name":"H\u01b0\u01a1ng v\u1ecb","item":"https:\/\/reka-n.com\/vn\/flavours.html"},{"@type":"ListItem","position":3,"name":"S\u1eefa &amp; Kem \u0111\u00e1"}]},{"@type":"WebSite","@id":"https:\/\/reka-n.com\/vn\/#website","url":"https:\/\/reka-n.com\/vn\/","name":"Nh\u00e0 s\u1ea3n xu\u1ea5t h\u01b0\u01a1ng li\u1ec7u th\u1ef1c ph\u1ea9m | Th\u1ef1c ph\u1ea9m Malaysia | Ricca Peacock Asia","description":"Reka l\u00e0 m\u1ed9t trong nh\u1eefng nh\u00e0 s\u1ea3n xu\u1ea5t v\u00e0 ph\u00e2n ph\u1ed1i h\u00e0ng \u0111\u1ea7u v\u1ec1 h\u01b0\u01a1ng li\u1ec7u th\u1ef1c ph\u1ea9m, h\u01b0\u01a1ng th\u01a1m, ch\u1ea5t l\u00e0m \u0111\u1ee5c, h\u00f3a ch\u1ea5t h\u01b0\u01a1ng li\u1ec7u c\u01a1 b\u1ea3n v\u00e0 tinh d\u1ea7u thi\u00ean nhi\u00ean t\u1ea1i ch\u00e2u \u00c1. S\u1ea3n ph\u1ea9m c\u1ee7a ch\u00fang t\u00f4i \u0111\u01b0\u1ee3c t\u1ea1o ra t\u1eeb c\u00e1c th\u00e0nh ph\u1ea7n ch\u1ea5t l\u01b0\u1ee3ng cao \u0111\u01b0\u1ee3c nh\u1eadp kh\u1ea9u t\u1eeb kh\u1eafp n\u01a1i tr\u00ean th\u1ebf gi\u1edbi.","publisher":{"@id":"https:\/\/reka-n.com\/vn\/#organization"},"potentialAction":[{"@type":"SearchAction","target":{"@type":"EntryPoint","urlTemplate":"https:\/\/reka-n.com\/vn\/?s={search_term_string}"},"query-input":{"@type":"PropertyValueSpecification","valueRequired":true,"valueName":"search_term_string"}}],"inLanguage":"en-US"},{"@type":"Organization","@id":"https:\/\/reka-n.com\/vn\/#organization","name":"Nh\u00e0 s\u1ea3n xu\u1ea5t h\u01b0\u01a1ng li\u1ec7u th\u1ef1c ph\u1ea9m | Th\u1ef1c ph\u1ea9m Malaysia | Ricca Peacock Asia","url":"https:\/\/reka-n.com\/vn\/","logo":{"@type":"ImageObject","inLanguage":"en-US","@id":"https:\/\/reka-n.com\/vn\/#\/schema\/logo\/image\/","url":"https:\/\/reka-n.com\/vn\/Media\/2023\/04\/cropped-reka-logo.png","contentUrl":"https:\/\/reka-n.com\/vn\/Media\/2023\/04\/cropped-reka-logo.png","width":237,"height":100,"caption":"Nh\u00e0 s\u1ea3n xu\u1ea5t h\u01b0\u01a1ng li\u1ec7u th\u1ef1c ph\u1ea9m | Th\u1ef1c ph\u1ea9m Malaysia | Ricca Peacock Asia"},"image":{"@id":"https:\/\/reka-n.com\/vn\/#\/schema\/logo\/image\/"}}]}},"_links":{"self":[{"href":"https:\/\/reka-n.com\/vn\/wp-json\/wp\/v2\/pages\/52","targetHints":{"allow":["GET"]}}],"collection":[{"href":"https:\/\/reka-n.com\/vn\/wp-json\/wp\/v2\/pages"}],"about":[{"href":"https:\/\/reka-n.com\/vn\/wp-json\/wp\/v2\/types\/page"}],"author":[{"embeddable":true,"href":"https:\/\/reka-n.com\/vn\/wp-json\/wp\/v2\/users\/1"}],"replies":[{"embeddable":true,"href":"https:\/\/reka-n.com\/vn\/wp-json\/wp\/v2\/comments?post=52"}],"version-history":[{"count":13,"href":"https:\/\/reka-n.com\/vn\/wp-json\/wp\/v2\/pages\/52\/revisions"}],"predecessor-version":[{"id":2889,"href":"https:\/\/reka-n.com\/vn\/wp-json\/wp\/v2\/pages\/52\/revisions\/2889"}],"up":[{"embeddable":true,"href":"https:\/\/reka-n.com\/vn\/wp-json\/wp\/v2\/pages\/43"}],"wp:attachment":[{"href":"https:\/\/reka-n.com\/vn\/wp-json\/wp\/v2\/media?parent=52"}],"curies":[{"name":"wp","href":"https:\/\/api.w.org\/{rel}","templated":true}]}}