{"id":51,"date":"2023-02-17T08:08:37","date_gmt":"2023-02-17T08:08:37","guid":{"rendered":"https:\/\/appedata.com\/?page_id=51"},"modified":"2023-08-16T05:55:52","modified_gmt":"2023-08-16T05:55:52","slug":"confectionary-sweet","status":"publish","type":"page","link":"https:\/\/reka-n.com\/vn\/flavours\/confectionary-sweet.html","title":{"rendered":"K\u1eb9o &amp; Ng\u1ecdt"},"content":{"rendered":"<div class=\"wp-block-image\">\n<figure class=\"aligncenter size-large\"><img loading=\"lazy\" decoding=\"async\" width=\"1024\" height=\"172\" src=\"https:\/\/reka-n.com\/vn\/Media\/2023\/05\/bg-flavor-1110x186-NEW-1024x172.png\" alt=\"\" class=\"wp-image-1649\" srcset=\"https:\/\/reka-n.com\/vn\/Media\/2023\/05\/bg-flavor-1110x186-NEW-1024x172.png 1024w, https:\/\/reka-n.com\/vn\/Media\/2023\/05\/bg-flavor-1110x186-NEW-300x50.png 300w, https:\/\/reka-n.com\/vn\/Media\/2023\/05\/bg-flavor-1110x186-NEW-768x129.png 768w, https:\/\/reka-n.com\/vn\/Media\/2023\/05\/bg-flavor-1110x186-NEW-600x101.png 600w, https:\/\/reka-n.com\/vn\/Media\/2023\/05\/bg-flavor-1110x186-NEW.png 1110w\" sizes=\"auto, (max-width: 1024px) 100vw, 1024px\" \/><\/figure>\n<\/div>\n\n\n<div class=\"wp-block-columns is-layout-flex wp-container-core-columns-is-layout-9d6595d7 wp-block-columns-is-layout-flex\">\n<div class=\"wp-block-column is-layout-flow wp-block-column-is-layout-flow\" style=\"flex-basis:33.33%\">\n<figure class=\"wp-block-table\"><table class=\"has-black-color has-text-color\"><thead><tr><th>Danh m\u1ee5c h\u01b0\u01a1ng v\u1ecb<\/th><\/tr><\/thead><tbody><tr><td><a href=\"https:\/\/reka-n.com\/vn\/flavors\/bakery-cereals.html\">Ti\u1ec7m b\u00e1nh &amp; Ng\u0169 c\u1ed1c<\/a><\/td><\/tr><tr><td><a href=\"https:\/\/reka-n.com\/vn\/flavors\/beverage-powder-drink.html\">\u0110\u1ed3 u\u1ed1ng &amp; B\u1ed9t u\u1ed1ng<\/a><\/td><\/tr><tr><td><a href=\"https:\/\/reka-n.com\/vn\/flavors\/confectionary-sweet.html\">K\u1eb9o &amp; Ng\u1ecdt<\/a><\/td><\/tr><tr><td><a href=\"https:\/\/reka-n.com\/vn\/flavors\/dairy-ice-cream.html\">S\u1eefa &amp; Kem \u0111\u00e1<\/a><\/td><\/tr><tr><td><a href=\"https:\/\/reka-n.com\/vn\/flavors\/food-supplements-oral-care.html\">B\u1ed5 sung th\u1ef1c ph\u1ea9m &amp; Ch\u0103m s\u00f3c r\u0103ng mi\u1ec7ng<\/a><\/td><\/tr><tr><td><a href=\"https:\/\/reka-n.com\/vn\/flavors\/savory-culinary-snack.html\">M\u00f3n \u0103n \u0111\u1eadm \u0111\u00e0 &amp; Snack<\/a><\/td><\/tr><tr><td><a href=\"https:\/\/reka-n.com\/vn\/flavors\/others.html\">Kh\u00e1c<\/a><\/td><\/tr><\/tbody><\/table><\/figure>\n<\/div>\n\n\n\n<div class=\"wp-block-column is-layout-flow wp-block-column-is-layout-flow\" style=\"flex-basis:66.66%\">\n<h2 class=\"wp-block-heading\">H\u01b0\u01a1ng v\u1ecb &gt; K\u1eb9o &amp; Ng\u1ecdt<\/h2>\n\n\n\n<div class=\"wp-block-columns is-layout-flex wp-container-core-columns-is-layout-9d6595d7 wp-block-columns-is-layout-flex\">\n<div class=\"wp-block-column is-layout-flow wp-block-column-is-layout-flow\">\n<figure class=\"wp-block-image size-full is-style-default\" id=\"wp-block-themeisle-blocks-image-4f98d225\"><img loading=\"lazy\" decoding=\"async\" width=\"300\" height=\"199\" src=\"https:\/\/reka-n.com\/vn\/Media\/2023\/04\/confectionary-sweet-thumbnail.jpeg\" alt=\"\" class=\"wp-image-1391\"\/><\/figure>\n<\/div>\n\n\n\n<div class=\"wp-block-column is-layout-flow wp-block-column-is-layout-flow\">\n<p class=\"has-small-font-size\">\u1ee8ng d\u1ee5ng c\u1ee7a c\u00e1c h\u01b0\u01a1ng li\u1ec7u \u0111\u1ed3 ng\u1ecdt v\u00e0 k\u1eb9o m\u1ef3 c\u1ee7a ch\u00fang t\u00f4i c\u00f3 th\u1ec3 s\u1eed d\u1ee5ng trong c\u00e1c lo\u1ea1i gia v\u1ecb n\u01b0\u1edbng g\u00e0, s\u00fap, \u0111\u1ed3 \u0103n nh\u1eb9 v\u00e0 s\u1ed1t.<\/p>\n\n\n\n<p class=\"has-small-font-size\">D\u01b0\u1edbi \u0111\u00e2y l\u00e0 m\u1ed9t ph\u1ea7n danh s\u00e1ch c\u00e1c h\u01b0\u01a1ng li\u1ec7u \u0111\u1ed3 ng\u1ecdt v\u00e0 k\u1eb9o m\u1ef3 c\u1ee7a ch\u00fang t\u00f4i. N\u1ebfu b\u1ea1n quan t\u00e2m \u0111\u1ebfn b\u1ea5t k\u1ef3 h\u01b0\u01a1ng li\u1ec7u n\u00e0o ho\u1eb7c c\u00f3 \u00fd t\u01b0\u1edfng m\u1edbi, vui l\u00f2ng nh\u1ea5p v\u00e0o danh s\u00e1ch h\u01b0\u01a1ng li\u1ec7u \u0111\u1ec3 g\u1eedi y\u00eau c\u1ea7u ho\u1eb7c th\u00f4ng tin y\u00eau c\u1ea7u v\u00e0 nh\u00e2n vi\u00ean kinh doanh c\u1ee7a ch\u00fang t\u00f4i s\u1ebd li\u00ean h\u1ec7 v\u1edbi b\u1ea1n trong th\u1eddi gian s\u1edbm nh\u1ea5t.<\/p>\n<\/div>\n<\/div>\n\n\n<form class=\"product-checkbox-form\" method=\"post\" enctype=\"multipart\/form-data\"><h3><\/h3><ul class=\"product-checkbox-list columns-3\"><li class=\"product-checkbox-item\"><label><input type=\"checkbox\" name=\"product_checkbox[]\" value=\"2132\"> Cam ng\u1ecdt (ORANGE SWEET)<\/label><\/li><li class=\"product-checkbox-item\"><label><input type=\"checkbox\" name=\"product_checkbox[]\" value=\"2106\"> Ch\u1ea5t l\u00e0m m\u1edd (CLOUDY AGENT)<\/label><\/li><li class=\"product-checkbox-item\"><label><input type=\"checkbox\" name=\"product_checkbox[]\" value=\"2131\"> Ch\u1ea5t l\u00e0m m\u1edd trung t\u00ednh (NEUTRAL CLOUDY)<\/label><\/li><li class=\"product-checkbox-item\"><label><input type=\"checkbox\" name=\"product_checkbox[]\" value=\"2105\"> \u0110\u1eadu ch\u1ea5t c\u00e0 ph\u00ea (CHOCOLATE BEAN)<\/label><\/li><li class=\"product-checkbox-item\"><label><input type=\"checkbox\" name=\"product_checkbox[]\" value=\"2128\"> D\u01b0a gang ng\u1ecdt (MELON SWEET)<\/label><\/li><li class=\"product-checkbox-item\"><label><input type=\"checkbox\" name=\"product_checkbox[]\" value=\"2138\"> D\u01b0a h\u1ea5u ng\u1ecdt (PINEAPPLE SWEET)<\/label><\/li><li class=\"product-checkbox-item\"><label><input type=\"checkbox\" name=\"product_checkbox[]\" value=\"2107\"> D\u1eeba t\u1ed1t (COCONUT EXCELLENT)<\/label><\/li><li class=\"product-checkbox-item\"><label><input type=\"checkbox\" name=\"product_checkbox[]\" value=\"2146\"> H\u1ea1t b\u1ea1c h\u00e0 (SPEARMINT)<\/label><\/li><li class=\"product-checkbox-item\"><label><input type=\"checkbox\" name=\"product_checkbox[]\" value=\"2115\"> H\u1ea1t m\u1eadt ong (HONEY DROPS)<\/label><\/li><li class=\"product-checkbox-item\"><label><input type=\"checkbox\" name=\"product_checkbox[]\" value=\"2130\"> H\u1ed7n h\u1ee3p tr\u00e1i c\u00e2y (MIXED FRUIT)<\/label><\/li><li class=\"product-checkbox-item\"><label><input type=\"checkbox\" name=\"product_checkbox[]\" value=\"2124\"> H\u01b0\u01a1ng v\u1ecb cam th\u1ea3o (LICORICE FLAVOUR)<\/label><\/li><li class=\"product-checkbox-item\"><label><input type=\"checkbox\" name=\"product_checkbox[]\" value=\"2142\"> H\u01b0\u01a1ng v\u1ecb hoa nh\u00e0i ho\u00e0ng gia (ROYAL JASMINE FLAVOUR)<\/label><\/li><li class=\"product-checkbox-item\"><label><input type=\"checkbox\" name=\"product_checkbox[]\" value=\"2134\"> H\u01b0\u01a1ng v\u1ecb Pan Masala (PAN MASALA FLAVOR)<\/label><\/li><li class=\"product-checkbox-item\"><label><input type=\"checkbox\" name=\"product_checkbox[]\" value=\"2137\"> K\u1eb9o b\u1ea1c h\u00e0 (PEPPERMINT CANDY)<\/label><\/li><li class=\"product-checkbox-item\"><label><input type=\"checkbox\" name=\"product_checkbox[]\" value=\"2108\"> K\u1eb9o c\u00e0 ph\u00ea (COFFEE CANDY)<\/label><\/li><li class=\"product-checkbox-item\"><label><input type=\"checkbox\" name=\"product_checkbox[]\" value=\"2109\"> K\u1eb9o c\u00e0 ph\u00ea toffee (COFFEE TOFFEE)<\/label><\/li><li class=\"product-checkbox-item\"><label><input type=\"checkbox\" name=\"product_checkbox[]\" value=\"2103\"> K\u1eb9o cao su h\u1ed3 n\u01b0\u1edbc (BUBBLE GUM)<\/label><\/li><li class=\"product-checkbox-item\"><label><input type=\"checkbox\" name=\"product_checkbox[]\" value=\"2150\"> K\u1eb9o cao su h\u01b0\u01a1ng v\u1ecb b\u1ea1c h\u00e0 (WINTERGREEN CHEWING GUM)<\/label><\/li><li class=\"product-checkbox-item\"><label><input type=\"checkbox\" name=\"product_checkbox[]\" value=\"2104\"> K\u1eb9o caramel si\u00eau (CARAMEL SUPREME)<\/label><\/li><li class=\"product-checkbox-item\"><label><input type=\"checkbox\" name=\"product_checkbox[]\" value=\"2148\"> K\u1eb9o caramel s\u00f4 c\u00f4 la (TOFFEE CHOCOLATE)<\/label><\/li><li class=\"product-checkbox-item\"><label><input type=\"checkbox\" name=\"product_checkbox[]\" value=\"2123\"> K\u1eb9o chanh v\u00e0 cam ng\u1ecdt (LEMON LIME SWEET)<\/label><\/li><li class=\"product-checkbox-item\"><label><input type=\"checkbox\" name=\"product_checkbox[]\" value=\"2122\"> K\u1eb9o chanh v\u00e0ng (LEMON GUMMY)<\/label><\/li><li class=\"product-checkbox-item\"><label><input type=\"checkbox\" name=\"product_checkbox[]\" value=\"2110\"> K\u1eb9o cola (COLA GUMMY)<\/label><\/li><li class=\"product-checkbox-item\"><label><input type=\"checkbox\" name=\"product_checkbox[]\" value=\"2151\"> K\u1eb9o d\u1eeba tr\u1ebb (YOUNG COCONUT CANDY)<\/label><\/li><li class=\"product-checkbox-item\"><label><input type=\"checkbox\" name=\"product_checkbox[]\" value=\"2113\"> K\u1eb9o h\u1ea1nh nh\u00e2n s\u00f4 c\u00f4 la (HAZELNUT CHOCOLATE)<\/label><\/li><li class=\"product-checkbox-item\"><label><input type=\"checkbox\" name=\"product_checkbox[]\" value=\"2143\"> K\u1eb9o hibiscus (ROZELLE LOLLY)<\/label><\/li><li class=\"product-checkbox-item\"><label><input type=\"checkbox\" name=\"product_checkbox[]\" value=\"2133\"> K\u1eb9o hoa b\u01b0\u1edfi (OSMANTHUS CANDY)<\/label><\/li><li class=\"product-checkbox-item\"><label><input type=\"checkbox\" name=\"product_checkbox[]\" value=\"2116\"> K\u1eb9o kem Ireland (IRISH CREAM CANDY)<\/label><\/li><li class=\"product-checkbox-item\"><label><input type=\"checkbox\" name=\"product_checkbox[]\" value=\"2120\"> K\u1eb9o KOPIKO (KOPIKO CANDY)<\/label><\/li><li class=\"product-checkbox-item\"><label><input type=\"checkbox\" name=\"product_checkbox[]\" value=\"2139\"> K\u1eb9o l\u1ef1u (POMEGRANATE CANDY)<\/label><\/li><li class=\"product-checkbox-item\"><label><input type=\"checkbox\" name=\"product_checkbox[]\" value=\"2101\"> K\u1eb9o m\u00e2m x\u00f4i \u0111en (BLACKCURRANT GUMMY)<\/label><\/li><li class=\"product-checkbox-item\"><label><input type=\"checkbox\" name=\"product_checkbox[]\" value=\"2111\"> K\u1eb9o nho \u0111\u1ecf (GRAPE RED CANDY)<\/label><\/li><li class=\"product-checkbox-item\"><label><input type=\"checkbox\" name=\"product_checkbox[]\" value=\"2121\"> K\u1eb9o o\u1ea3i h\u01b0\u01a1ng (LAVENDER CANDY)<\/label><\/li><li class=\"product-checkbox-item\"><label><input type=\"checkbox\" name=\"product_checkbox[]\" value=\"2144\"> K\u1eb9o sarsaparilla (SARSAPARILLA CANDY)<\/label><\/li><li class=\"product-checkbox-item\"><label><input type=\"checkbox\" name=\"product_checkbox[]\" value=\"2129\"> K\u1eb9o s\u1eefa (MILK CANDY)<\/label><\/li><li class=\"product-checkbox-item\"><label><input type=\"checkbox\" name=\"product_checkbox[]\" value=\"2145\"> K\u1eb9o s\u1eefa d\u1ee9a (SOURSOP SOUR GUMMY)<\/label><\/li><li class=\"product-checkbox-item\"><label><input type=\"checkbox\" name=\"product_checkbox[]\" value=\"2119\"> Kiwi tr\u00e1i c\u00e2y (KIWI FRUIT)<\/label><\/li><li class=\"product-checkbox-item\"><label><input type=\"checkbox\" name=\"product_checkbox[]\" value=\"2102\"> M\u1ee9t blueberry (BLUEBERRY JAM)<\/label><\/li><li class=\"product-checkbox-item\"><label><input type=\"checkbox\" name=\"product_checkbox[]\" value=\"2140\"> M\u1ee9t b\u01b0\u1edfi (POMELO JELLY)<\/label><\/li><li class=\"product-checkbox-item\"><label><input type=\"checkbox\" name=\"product_checkbox[]\" value=\"2135\"> M\u1ee9t chanh d\u00e2y (PASSION FRUIT JELLY)<\/label><\/li><li class=\"product-checkbox-item\"><label><input type=\"checkbox\" name=\"product_checkbox[]\" value=\"2136\"> M\u1ee9t \u0111\u00e0o (PEACH SWEET)<\/label><\/li><li class=\"product-checkbox-item\"><label><input type=\"checkbox\" name=\"product_checkbox[]\" value=\"2147\"> M\u1ee9t d\u00e2u t\u00e2y (STRAWBERRY JAM)<\/label><\/li><li class=\"product-checkbox-item\"><label><input type=\"checkbox\" name=\"product_checkbox[]\" value=\"2114\"> M\u1ee9t d\u01b0a m\u1eadt (HONEY DEW JELLY)<\/label><\/li><li class=\"product-checkbox-item\"><label><input type=\"checkbox\" name=\"product_checkbox[]\" value=\"2125\"> M\u1ee9t long nh\u00e3n (LONGAN JELLY)<\/label><\/li><li class=\"product-checkbox-item\"><label><input type=\"checkbox\" name=\"product_checkbox[]\" value=\"2117\"> M\u1ee9t m\u00edt ng\u1ecdt (JACKFRUIT SWEET)<\/label><\/li><li class=\"product-checkbox-item\"><label><input type=\"checkbox\" name=\"product_checkbox[]\" value=\"2100\"> M\u1ee9t m\u01a1 (APRICOT JAM)<\/label><\/li><li class=\"product-checkbox-item\"><label><input type=\"checkbox\" name=\"product_checkbox[]\" value=\"2112\"> M\u1ee9t \u1ed5i \u0111\u1ecf (GUAVA RED JELLY)<\/label><\/li><li class=\"product-checkbox-item\"><label><input type=\"checkbox\" name=\"product_checkbox[]\" value=\"2141\"> M\u1ee9t raspberry (RASPBERRY)<\/label><\/li><li class=\"product-checkbox-item\"><label><input type=\"checkbox\" name=\"product_checkbox[]\" value=\"2126\"> M\u1ee9t v\u1ea3i (LYCHEE JELLY)<\/label><\/li><li class=\"product-checkbox-item\"><label><input type=\"checkbox\" name=\"product_checkbox[]\" value=\"2149\"> Socola b\u1ea1c h\u00e0 \u0111\u00f4ng l\u1ea1nh (WINTER MINT CHOCOLATE)<\/label><\/li><li class=\"product-checkbox-item\"><label><input type=\"checkbox\" name=\"product_checkbox[]\" value=\"2118\"> S\u1eefa \u0111\u1eadu n\u00e0nh (KAYA)<\/label><\/li><li class=\"product-checkbox-item\"><label><input type=\"checkbox\" name=\"product_checkbox[]\" value=\"2099\"> T\u00e1o ng\u1ecdt (APPLE SWEET)<\/label><\/li><li class=\"product-checkbox-item\"><label><input type=\"checkbox\" name=\"product_checkbox[]\" value=\"2127\"> Xo\u00e0i (MANGO)<\/label><\/li><\/ul><input type=\"submit\" name=\"add_to_cart_button\" value=\"G\u1eedi y\u00eau c\u1ea7u m\u1eabu\"><input type=\"hidden\" name=\"action\" value=\"add_product_checkbox_to_cart\"><input type=\"hidden\" id=\"add_product_checkbox_to_cart_nonce\" name=\"add_product_checkbox_to_cart_nonce\" value=\"8e1b264e0a\" \/><input type=\"hidden\" name=\"_wp_http_referer\" value=\"\/vn\/wp-json\/wp\/v2\/pages\/51\" \/><input type=\"hidden\" id=\"add_product_checkbox_to_cart_nonce\" name=\"add_product_checkbox_to_cart_nonce\" value=\"8e1b264e0a\" \/><input type=\"hidden\" name=\"_wp_http_referer\" value=\"\/vn\/wp-json\/wp\/v2\/pages\/51\" \/><\/form><style>.product-checkbox-list { display: grid; grid-template-columns: repeat(3, 1fr); grid-gap: 20px; list-style: none; padding: 0; margin: 0; }<\/style>\n<\/div>\n<\/div>\n","protected":false},"excerpt":{"rendered":"<p>Danh m\u1ee5c h\u01b0\u01a1ng v\u1ecb Ti\u1ec7m b\u00e1nh &amp; Ng\u0169 c\u1ed1c \u0110\u1ed3 u\u1ed1ng &amp; B\u1ed9t u\u1ed1ng K\u1eb9o &amp; Ng\u1ecdt S\u1eefa &amp; Kem \u0111\u00e1 B\u1ed5 sung th\u1ef1c ph\u1ea9m &amp; Ch\u0103m s\u00f3c r\u0103ng mi\u1ec7ng M\u00f3n \u0103n \u0111\u1eadm \u0111\u00e0 &amp; Snack Kh\u00e1c H\u01b0\u01a1ng v\u1ecb &gt; K\u1eb9o &amp; Ng\u1ecdt \u1ee8ng d\u1ee5ng c\u1ee7a c\u00e1c h\u01b0\u01a1ng li\u1ec7u \u0111\u1ed3 ng\u1ecdt v\u00e0 k\u1eb9o m\u1ef3 c\u1ee7a [&hellip;]<\/p>\n","protected":false},"author":1,"featured_media":0,"parent":43,"menu_order":0,"comment_status":"closed","ping_status":"closed","template":"","meta":{"_themeisle_gutenberg_block_has_review":false,"footnotes":""},"class_list":["post-51","page","type-page","status-publish","hentry"],"yoast_head":"<!-- This site is optimized with the Yoast SEO plugin v25.5 - https:\/\/yoast.com\/wordpress\/plugins\/seo\/ -->\n<title>K\u1eb9o &amp; Ng\u1ecdt - Nh\u00e0 s\u1ea3n xu\u1ea5t h\u01b0\u01a1ng li\u1ec7u th\u1ef1c ph\u1ea9m | Th\u1ef1c ph\u1ea9m Malaysia | Ricca Peacock Asia<\/title>\n<meta name=\"robots\" content=\"index, follow, max-snippet:-1, max-image-preview:large, max-video-preview:-1\" \/>\n<link rel=\"canonical\" href=\"https:\/\/reka-n.com\/vn\/flavours\/confectionary-sweet.html\" \/>\n<meta property=\"og:locale\" content=\"en_US\" \/>\n<meta property=\"og:type\" content=\"article\" \/>\n<meta property=\"og:title\" content=\"K\u1eb9o &amp; Ng\u1ecdt - Nh\u00e0 s\u1ea3n xu\u1ea5t h\u01b0\u01a1ng li\u1ec7u th\u1ef1c ph\u1ea9m | Th\u1ef1c ph\u1ea9m Malaysia | Ricca Peacock Asia\" \/>\n<meta property=\"og:description\" content=\"Danh m\u1ee5c h\u01b0\u01a1ng v\u1ecb Ti\u1ec7m b\u00e1nh &amp; Ng\u0169 c\u1ed1c \u0110\u1ed3 u\u1ed1ng &amp; B\u1ed9t u\u1ed1ng K\u1eb9o &amp; Ng\u1ecdt S\u1eefa &amp; Kem \u0111\u00e1 B\u1ed5 sung th\u1ef1c ph\u1ea9m &amp; Ch\u0103m s\u00f3c r\u0103ng mi\u1ec7ng M\u00f3n \u0103n \u0111\u1eadm \u0111\u00e0 &amp; Snack Kh\u00e1c H\u01b0\u01a1ng v\u1ecb &gt; K\u1eb9o &amp; Ng\u1ecdt \u1ee8ng d\u1ee5ng c\u1ee7a c\u00e1c h\u01b0\u01a1ng li\u1ec7u \u0111\u1ed3 ng\u1ecdt v\u00e0 k\u1eb9o m\u1ef3 c\u1ee7a [&hellip;]\" \/>\n<meta property=\"og:url\" content=\"https:\/\/reka-n.com\/vn\/flavours\/confectionary-sweet.html\" \/>\n<meta property=\"og:site_name\" content=\"Nh\u00e0 s\u1ea3n xu\u1ea5t h\u01b0\u01a1ng li\u1ec7u th\u1ef1c ph\u1ea9m | Th\u1ef1c ph\u1ea9m Malaysia | Ricca Peacock Asia\" \/>\n<meta property=\"article:modified_time\" content=\"2023-08-16T05:55:52+00:00\" \/>\n<meta property=\"og:image\" content=\"https:\/\/reka-n.com\/vn\/Media\/2023\/05\/bg-flavor-1110x186-NEW-1024x172.png\" \/>\n<meta name=\"twitter:card\" content=\"summary_large_image\" \/>\n<meta name=\"twitter:label1\" content=\"Est. reading time\" \/>\n\t<meta name=\"twitter:data1\" content=\"2 minutes\" \/>\n<script type=\"application\/ld+json\" class=\"yoast-schema-graph\">{\"@context\":\"https:\/\/schema.org\",\"@graph\":[{\"@type\":\"WebPage\",\"@id\":\"https:\/\/reka-n.com\/vn\/flavours\/confectionary-sweet.html\",\"url\":\"https:\/\/reka-n.com\/vn\/flavours\/confectionary-sweet.html\",\"name\":\"K\u1eb9o &amp; Ng\u1ecdt - Nh\u00e0 s\u1ea3n xu\u1ea5t h\u01b0\u01a1ng li\u1ec7u th\u1ef1c ph\u1ea9m | Th\u1ef1c ph\u1ea9m Malaysia | Ricca Peacock Asia\",\"isPartOf\":{\"@id\":\"https:\/\/reka-n.com\/vn\/#website\"},\"primaryImageOfPage\":{\"@id\":\"https:\/\/reka-n.com\/vn\/flavours\/confectionary-sweet.html#primaryimage\"},\"image\":{\"@id\":\"https:\/\/reka-n.com\/vn\/flavours\/confectionary-sweet.html#primaryimage\"},\"thumbnailUrl\":\"https:\/\/reka-n.com\/vn\/Media\/2023\/05\/bg-flavor-1110x186-NEW-1024x172.png\",\"datePublished\":\"2023-02-17T08:08:37+00:00\",\"dateModified\":\"2023-08-16T05:55:52+00:00\",\"breadcrumb\":{\"@id\":\"https:\/\/reka-n.com\/vn\/flavours\/confectionary-sweet.html#breadcrumb\"},\"inLanguage\":\"en-US\",\"potentialAction\":[{\"@type\":\"ReadAction\",\"target\":[\"https:\/\/reka-n.com\/vn\/flavours\/confectionary-sweet.html\"]}]},{\"@type\":\"ImageObject\",\"inLanguage\":\"en-US\",\"@id\":\"https:\/\/reka-n.com\/vn\/flavours\/confectionary-sweet.html#primaryimage\",\"url\":\"https:\/\/reka-n.com\/vn\/Media\/2023\/05\/bg-flavor-1110x186-NEW.png\",\"contentUrl\":\"https:\/\/reka-n.com\/vn\/Media\/2023\/05\/bg-flavor-1110x186-NEW.png\",\"width\":1110,\"height\":186},{\"@type\":\"BreadcrumbList\",\"@id\":\"https:\/\/reka-n.com\/vn\/flavours\/confectionary-sweet.html#breadcrumb\",\"itemListElement\":[{\"@type\":\"ListItem\",\"position\":1,\"name\":\"Trangch\u1ee7\",\"item\":\"https:\/\/reka-n.com\/vn\/\"},{\"@type\":\"ListItem\",\"position\":2,\"name\":\"H\u01b0\u01a1ng v\u1ecb\",\"item\":\"https:\/\/reka-n.com\/vn\/flavours.html\"},{\"@type\":\"ListItem\",\"position\":3,\"name\":\"K\u1eb9o &amp; Ng\u1ecdt\"}]},{\"@type\":\"WebSite\",\"@id\":\"https:\/\/reka-n.com\/vn\/#website\",\"url\":\"https:\/\/reka-n.com\/vn\/\",\"name\":\"Nh\u00e0 s\u1ea3n xu\u1ea5t h\u01b0\u01a1ng li\u1ec7u th\u1ef1c ph\u1ea9m | Th\u1ef1c ph\u1ea9m Malaysia | Ricca Peacock Asia\",\"description\":\"Reka l\u00e0 m\u1ed9t trong nh\u1eefng nh\u00e0 s\u1ea3n xu\u1ea5t v\u00e0 ph\u00e2n ph\u1ed1i h\u00e0ng \u0111\u1ea7u v\u1ec1 h\u01b0\u01a1ng li\u1ec7u th\u1ef1c ph\u1ea9m, h\u01b0\u01a1ng th\u01a1m, ch\u1ea5t l\u00e0m \u0111\u1ee5c, h\u00f3a ch\u1ea5t h\u01b0\u01a1ng li\u1ec7u c\u01a1 b\u1ea3n v\u00e0 tinh d\u1ea7u thi\u00ean nhi\u00ean t\u1ea1i ch\u00e2u \u00c1. S\u1ea3n ph\u1ea9m c\u1ee7a ch\u00fang t\u00f4i \u0111\u01b0\u1ee3c t\u1ea1o ra t\u1eeb c\u00e1c th\u00e0nh ph\u1ea7n ch\u1ea5t l\u01b0\u1ee3ng cao \u0111\u01b0\u1ee3c nh\u1eadp kh\u1ea9u t\u1eeb kh\u1eafp n\u01a1i tr\u00ean th\u1ebf gi\u1edbi.\",\"publisher\":{\"@id\":\"https:\/\/reka-n.com\/vn\/#organization\"},\"potentialAction\":[{\"@type\":\"SearchAction\",\"target\":{\"@type\":\"EntryPoint\",\"urlTemplate\":\"https:\/\/reka-n.com\/vn\/?s={search_term_string}\"},\"query-input\":{\"@type\":\"PropertyValueSpecification\",\"valueRequired\":true,\"valueName\":\"search_term_string\"}}],\"inLanguage\":\"en-US\"},{\"@type\":\"Organization\",\"@id\":\"https:\/\/reka-n.com\/vn\/#organization\",\"name\":\"Nh\u00e0 s\u1ea3n xu\u1ea5t h\u01b0\u01a1ng li\u1ec7u th\u1ef1c ph\u1ea9m | Th\u1ef1c ph\u1ea9m Malaysia | Ricca Peacock Asia\",\"url\":\"https:\/\/reka-n.com\/vn\/\",\"logo\":{\"@type\":\"ImageObject\",\"inLanguage\":\"en-US\",\"@id\":\"https:\/\/reka-n.com\/vn\/#\/schema\/logo\/image\/\",\"url\":\"https:\/\/reka-n.com\/vn\/Media\/2023\/04\/cropped-reka-logo.png\",\"contentUrl\":\"https:\/\/reka-n.com\/vn\/Media\/2023\/04\/cropped-reka-logo.png\",\"width\":237,\"height\":100,\"caption\":\"Nh\u00e0 s\u1ea3n xu\u1ea5t h\u01b0\u01a1ng li\u1ec7u th\u1ef1c ph\u1ea9m | Th\u1ef1c ph\u1ea9m Malaysia | Ricca Peacock Asia\"},\"image\":{\"@id\":\"https:\/\/reka-n.com\/vn\/#\/schema\/logo\/image\/\"}}]}<\/script>\n<!-- \/ Yoast SEO plugin. -->","yoast_head_json":{"title":"K\u1eb9o &amp; Ng\u1ecdt - Nh\u00e0 s\u1ea3n xu\u1ea5t h\u01b0\u01a1ng li\u1ec7u th\u1ef1c ph\u1ea9m | Th\u1ef1c ph\u1ea9m Malaysia | Ricca Peacock Asia","robots":{"index":"index","follow":"follow","max-snippet":"max-snippet:-1","max-image-preview":"max-image-preview:large","max-video-preview":"max-video-preview:-1"},"canonical":"https:\/\/reka-n.com\/vn\/flavours\/confectionary-sweet.html","og_locale":"en_US","og_type":"article","og_title":"K\u1eb9o &amp; Ng\u1ecdt - Nh\u00e0 s\u1ea3n xu\u1ea5t h\u01b0\u01a1ng li\u1ec7u th\u1ef1c ph\u1ea9m | Th\u1ef1c ph\u1ea9m Malaysia | Ricca Peacock Asia","og_description":"Danh m\u1ee5c h\u01b0\u01a1ng v\u1ecb Ti\u1ec7m b\u00e1nh &amp; Ng\u0169 c\u1ed1c \u0110\u1ed3 u\u1ed1ng &amp; B\u1ed9t u\u1ed1ng K\u1eb9o &amp; Ng\u1ecdt S\u1eefa &amp; Kem \u0111\u00e1 B\u1ed5 sung th\u1ef1c ph\u1ea9m &amp; Ch\u0103m s\u00f3c r\u0103ng mi\u1ec7ng M\u00f3n \u0103n \u0111\u1eadm \u0111\u00e0 &amp; Snack Kh\u00e1c H\u01b0\u01a1ng v\u1ecb &gt; K\u1eb9o &amp; Ng\u1ecdt \u1ee8ng d\u1ee5ng c\u1ee7a c\u00e1c h\u01b0\u01a1ng li\u1ec7u \u0111\u1ed3 ng\u1ecdt v\u00e0 k\u1eb9o m\u1ef3 c\u1ee7a [&hellip;]","og_url":"https:\/\/reka-n.com\/vn\/flavours\/confectionary-sweet.html","og_site_name":"Nh\u00e0 s\u1ea3n xu\u1ea5t h\u01b0\u01a1ng li\u1ec7u th\u1ef1c ph\u1ea9m | Th\u1ef1c ph\u1ea9m Malaysia | Ricca Peacock Asia","article_modified_time":"2023-08-16T05:55:52+00:00","og_image":[{"url":"https:\/\/reka-n.com\/vn\/Media\/2023\/05\/bg-flavor-1110x186-NEW-1024x172.png","type":"","width":"","height":""}],"twitter_card":"summary_large_image","twitter_misc":{"Est. reading time":"2 minutes"},"schema":{"@context":"https:\/\/schema.org","@graph":[{"@type":"WebPage","@id":"https:\/\/reka-n.com\/vn\/flavours\/confectionary-sweet.html","url":"https:\/\/reka-n.com\/vn\/flavours\/confectionary-sweet.html","name":"K\u1eb9o &amp; Ng\u1ecdt - Nh\u00e0 s\u1ea3n xu\u1ea5t h\u01b0\u01a1ng li\u1ec7u th\u1ef1c ph\u1ea9m | Th\u1ef1c ph\u1ea9m Malaysia | Ricca Peacock Asia","isPartOf":{"@id":"https:\/\/reka-n.com\/vn\/#website"},"primaryImageOfPage":{"@id":"https:\/\/reka-n.com\/vn\/flavours\/confectionary-sweet.html#primaryimage"},"image":{"@id":"https:\/\/reka-n.com\/vn\/flavours\/confectionary-sweet.html#primaryimage"},"thumbnailUrl":"https:\/\/reka-n.com\/vn\/Media\/2023\/05\/bg-flavor-1110x186-NEW-1024x172.png","datePublished":"2023-02-17T08:08:37+00:00","dateModified":"2023-08-16T05:55:52+00:00","breadcrumb":{"@id":"https:\/\/reka-n.com\/vn\/flavours\/confectionary-sweet.html#breadcrumb"},"inLanguage":"en-US","potentialAction":[{"@type":"ReadAction","target":["https:\/\/reka-n.com\/vn\/flavours\/confectionary-sweet.html"]}]},{"@type":"ImageObject","inLanguage":"en-US","@id":"https:\/\/reka-n.com\/vn\/flavours\/confectionary-sweet.html#primaryimage","url":"https:\/\/reka-n.com\/vn\/Media\/2023\/05\/bg-flavor-1110x186-NEW.png","contentUrl":"https:\/\/reka-n.com\/vn\/Media\/2023\/05\/bg-flavor-1110x186-NEW.png","width":1110,"height":186},{"@type":"BreadcrumbList","@id":"https:\/\/reka-n.com\/vn\/flavours\/confectionary-sweet.html#breadcrumb","itemListElement":[{"@type":"ListItem","position":1,"name":"Trangch\u1ee7","item":"https:\/\/reka-n.com\/vn\/"},{"@type":"ListItem","position":2,"name":"H\u01b0\u01a1ng v\u1ecb","item":"https:\/\/reka-n.com\/vn\/flavours.html"},{"@type":"ListItem","position":3,"name":"K\u1eb9o &amp; Ng\u1ecdt"}]},{"@type":"WebSite","@id":"https:\/\/reka-n.com\/vn\/#website","url":"https:\/\/reka-n.com\/vn\/","name":"Nh\u00e0 s\u1ea3n xu\u1ea5t h\u01b0\u01a1ng li\u1ec7u th\u1ef1c ph\u1ea9m | Th\u1ef1c ph\u1ea9m Malaysia | Ricca Peacock Asia","description":"Reka l\u00e0 m\u1ed9t trong nh\u1eefng nh\u00e0 s\u1ea3n xu\u1ea5t v\u00e0 ph\u00e2n ph\u1ed1i h\u00e0ng \u0111\u1ea7u v\u1ec1 h\u01b0\u01a1ng li\u1ec7u th\u1ef1c ph\u1ea9m, h\u01b0\u01a1ng th\u01a1m, ch\u1ea5t l\u00e0m \u0111\u1ee5c, h\u00f3a ch\u1ea5t h\u01b0\u01a1ng li\u1ec7u c\u01a1 b\u1ea3n v\u00e0 tinh d\u1ea7u thi\u00ean nhi\u00ean t\u1ea1i ch\u00e2u \u00c1. S\u1ea3n ph\u1ea9m c\u1ee7a ch\u00fang t\u00f4i \u0111\u01b0\u1ee3c t\u1ea1o ra t\u1eeb c\u00e1c th\u00e0nh ph\u1ea7n ch\u1ea5t l\u01b0\u1ee3ng cao \u0111\u01b0\u1ee3c nh\u1eadp kh\u1ea9u t\u1eeb kh\u1eafp n\u01a1i tr\u00ean th\u1ebf gi\u1edbi.","publisher":{"@id":"https:\/\/reka-n.com\/vn\/#organization"},"potentialAction":[{"@type":"SearchAction","target":{"@type":"EntryPoint","urlTemplate":"https:\/\/reka-n.com\/vn\/?s={search_term_string}"},"query-input":{"@type":"PropertyValueSpecification","valueRequired":true,"valueName":"search_term_string"}}],"inLanguage":"en-US"},{"@type":"Organization","@id":"https:\/\/reka-n.com\/vn\/#organization","name":"Nh\u00e0 s\u1ea3n xu\u1ea5t h\u01b0\u01a1ng li\u1ec7u th\u1ef1c ph\u1ea9m | Th\u1ef1c ph\u1ea9m Malaysia | Ricca Peacock Asia","url":"https:\/\/reka-n.com\/vn\/","logo":{"@type":"ImageObject","inLanguage":"en-US","@id":"https:\/\/reka-n.com\/vn\/#\/schema\/logo\/image\/","url":"https:\/\/reka-n.com\/vn\/Media\/2023\/04\/cropped-reka-logo.png","contentUrl":"https:\/\/reka-n.com\/vn\/Media\/2023\/04\/cropped-reka-logo.png","width":237,"height":100,"caption":"Nh\u00e0 s\u1ea3n xu\u1ea5t h\u01b0\u01a1ng li\u1ec7u th\u1ef1c ph\u1ea9m | Th\u1ef1c ph\u1ea9m Malaysia | Ricca Peacock Asia"},"image":{"@id":"https:\/\/reka-n.com\/vn\/#\/schema\/logo\/image\/"}}]}},"_links":{"self":[{"href":"https:\/\/reka-n.com\/vn\/wp-json\/wp\/v2\/pages\/51","targetHints":{"allow":["GET"]}}],"collection":[{"href":"https:\/\/reka-n.com\/vn\/wp-json\/wp\/v2\/pages"}],"about":[{"href":"https:\/\/reka-n.com\/vn\/wp-json\/wp\/v2\/types\/page"}],"author":[{"embeddable":true,"href":"https:\/\/reka-n.com\/vn\/wp-json\/wp\/v2\/users\/1"}],"replies":[{"embeddable":true,"href":"https:\/\/reka-n.com\/vn\/wp-json\/wp\/v2\/comments?post=51"}],"version-history":[{"count":13,"href":"https:\/\/reka-n.com\/vn\/wp-json\/wp\/v2\/pages\/51\/revisions"}],"predecessor-version":[{"id":2886,"href":"https:\/\/reka-n.com\/vn\/wp-json\/wp\/v2\/pages\/51\/revisions\/2886"}],"up":[{"embeddable":true,"href":"https:\/\/reka-n.com\/vn\/wp-json\/wp\/v2\/pages\/43"}],"wp:attachment":[{"href":"https:\/\/reka-n.com\/vn\/wp-json\/wp\/v2\/media?parent=51"}],"curies":[{"name":"wp","href":"https:\/\/api.w.org\/{rel}","templated":true}]}}