{"id":46,"date":"2023-02-17T08:08:37","date_gmt":"2023-02-17T08:08:37","guid":{"rendered":"https:\/\/appedata.com\/?page_id=46"},"modified":"2023-08-03T06:32:24","modified_gmt":"2023-08-03T06:32:24","slug":"career","status":"publish","type":"page","link":"https:\/\/reka-n.com\/vn\/career.html","title":{"rendered":"C\u01a1 h\u1ed9i ngh\u1ec1 nghi\u1ec7p"},"content":{"rendered":"\n<figure class=\"wp-block-image size-large\"><img loading=\"lazy\" decoding=\"async\" width=\"1024\" height=\"172\" src=\"https:\/\/reka-n.com\/vn\/Media\/2023\/05\/bg-career-1110x186-NEW-1024x172.png\" alt=\"\" class=\"wp-image-1674\" srcset=\"https:\/\/reka-n.com\/vn\/Media\/2023\/05\/bg-career-1110x186-NEW-1024x172.png 1024w, https:\/\/reka-n.com\/vn\/Media\/2023\/05\/bg-career-1110x186-NEW-300x50.png 300w, https:\/\/reka-n.com\/vn\/Media\/2023\/05\/bg-career-1110x186-NEW-768x129.png 768w, https:\/\/reka-n.com\/vn\/Media\/2023\/05\/bg-career-1110x186-NEW-600x101.png 600w, https:\/\/reka-n.com\/vn\/Media\/2023\/05\/bg-career-1110x186-NEW.png 1110w\" sizes=\"auto, (max-width: 1024px) 100vw, 1024px\" \/><\/figure>\n\n\n\n<h1 class=\"wp-block-heading\">C\u01a1 h\u1ed9i ngh\u1ec1 nghi\u1ec7p<\/h1>\n\n\n\n<p>H\u00e3y th\u01b0\u1eddng xuy\u00ean gh\u00e9 th\u0103m ch\u00fang t\u00f4i \u0111\u1ec3 c\u1eadp nh\u1eadt th\u00f4ng tin v\u1ec1 c\u00e1c v\u1ecb tr\u00ed c\u00f4ng vi\u1ec7c m\u1edbi nh\u1ea5t.<\/p>\n\n\n\n<p>V\u1ecb tr\u00ed:&nbsp;<strong>T\u1eadp s\u1ef1 Qu\u1ea3n l\u00fd, T\u1eadp s\u1ef1 Nghi\u00ean c\u1ee9u &amp; Ph\u00e1t tri\u1ec3n<\/strong><\/p>\n\n\n\n<p><strong>Tr\u00e1ch nhi\u1ec7m:<\/strong><\/p>\n\n\n\n<ul class=\"wp-block-list\">\n<li>H\u1ed7 tr\u1ee3 v\u00e0 cung c\u1ea5p h\u1ed7 tr\u1ee3 qu\u1ea3n l\u00fd cho \u0111\u1ed9i ng\u0169 kinh doanh trong vi\u1ec7c x\u1eed l\u00fd c\u00e1c y\u00eau c\u1ea7u v\u1ec1 kinh doanh h\u00e0ng ng\u00e0y c\u1ea3 trong n\u01b0\u1edbc v\u00e0 qu\u1ed1c t\u1ebf.<\/li>\n\n\n\n<li>Ph\u1ed1i h\u1ee3p v\u00e0 x\u1eed l\u00fd \u0111\u01a1n h\u00e0ng kinh doanh h\u00e0ng ng\u00e0y.<\/li>\n\n\n\n<li>X\u1eed l\u00fd, theo d\u00f5i v\u00e0 theo sau c\u00e1c h\u1ee3p \u0111\u1ed3ng ho\u1eb7c b\u00e1o gi\u00e1.<\/li>\n\n\n\n<li>Li\u00ean l\u1ea1c v\u1edbi kho h\u00e0ng, \u0111\u1ea1i l\u00fd v\u1eadn chuy\u1ec3n, mua h\u00e0ng v\u00e0 b\u1ed9 ph\u1eadn kinh doanh \u0111\u1ec3 \u0111\u1ea3m b\u1ea3o giao h\u00e0ng \u0111\u00fang th\u1eddi h\u1ea1n.<\/li>\n\n\n\n<li>H\u1ed7 tr\u1ee3 trong vi\u1ec7c chu\u1ea9n b\u1ecb c\u00e1c t\u00e0i li\u1ec7u v\u1eadn chuy\u1ec3n.<\/li>\n\n\n\n<li>Tham gia v\u00e0o qu\u00e1 tr\u00ecnh tri\u1ec3n khai v\u00e0 ki\u1ec3m tra ISO HACCP v\u00e0 GMP.<\/li>\n\n\n\n<li>H\u1ed7 tr\u1ee3 trong c\u00e1c nhi\u1ec7m v\u1ee5 kh\u00f4ng \u0111\u1ecbnh k\u1ef3 v\u00e0 b\u1ea5t k\u1ef3 t\u00e1c v\u1ee5 li\u00ean quan kh\u00e1c khi \u0111\u01b0\u1ee3c ch\u1ec9 \u0111\u1ea1o.<\/li>\n<\/ul>\n\n\n\n<p><\/p>\n\n\n\n<p><strong>Y\u00eau c\u1ea7u:<\/strong><\/p>\n\n\n\n<ul class=\"wp-block-list\">\n<li>\u1ee8ng vi\u00ean ph\u1ea3i c\u00f3 \u00edt nh\u1ea5t b\u1eb1ng SPM ho\u1eb7c b\u1eb1ng cao h\u01a1n trong b\u1ea5t k\u1ef3 l\u0129nh v\u1ef1c n\u00e0o.<\/li>\n\n\n\n<li>Nh\u1eefng ng\u01b0\u1eddi m\u1edbi t\u1ed1t nghi\u1ec7p v\u00e0 h\u1ecdc sinh t\u1ed1t nghi\u1ec7p c\u0169ng \u0111\u01b0\u1ee3c ch\u00e0o \u0111\u00f3n \u0111\u1ec3 n\u1ed9p \u0111\u01a1n.<\/li>\n\n\n\n<li>\u01afu ti\u00ean \u1ee9ng vi\u00ean bi\u1ebft ti\u1ebfng Trung.<\/li>\n\n\n\n<li>Ph\u1ea3i c\u00f3 kh\u1ea3 n\u0103ng \u0111\u1ecdc v\u00e0 vi\u1ebft ti\u1ebfng Anh<\/li>\n\n\n\n<li>\u01afu ti\u00ean \u1ee9ng vi\u00ean n\u1eef n\u1ed9p \u0111\u01a1n.<\/li>\n\n\n\n<li>C\u00f3 2 v\u1ecb tr\u00ed l\u00e0m vi\u1ec7c to\u00e0n th\u1eddi gian.<\/li>\n<\/ul>\n\n\n\n<hr class=\"wp-block-separator has-alpha-channel-opacity\"\/>\n\n\n\n<p>V\u1ecb tr\u00ed:\u00a0<strong>T\u1eadp s\u1ef1 K\u1ef9 thu\u1eadt Th\u1ef1c ph\u1ea9m<\/strong><\/p>\n\n\n\n<p>Xin vui l\u00f2ng truy c\u1eadp \u0111\u01b0\u1eddng d\u1eabn d\u01b0\u1edbi \u0111\u00e2y \u0111\u1ec3 bi\u1ebft th\u00eam th\u00f4ng tin chi ti\u1ebft:<\/p>\n\n\n\n<p><a href=\"http:\/\/siva-my.jobstreet.com\/_ads\/my\/jobs\/2011\/12\/default\/10\/1497154.htm?6105338\" target=\"_blank\" rel=\"noreferrer noopener\">http:\/\/siva-my.jobstreet.com\/_ads\/my\/jobs\/2011\/12\/default\/10\/1497154.htm?6105338<\/a><\/p>\n\n\n\n<hr class=\"wp-block-separator has-alpha-channel-opacity\"\/>\n\n\n\n<p>V\u1ecb tr\u00ed: <strong>Tr\u1ee3 l\u00fd K\u1ebf to\u00e1n<\/strong><\/p>\n\n\n\n<p>Xin vui l\u00f2ng truy c\u1eadp \u0111\u01b0\u1eddng d\u1eabn d\u01b0\u1edbi \u0111\u00e2y \u0111\u1ec3 bi\u1ebft th\u00eam th\u00f4ng tin chi ti\u1ebft:<\/p>\n\n\n\n<p><a href=\"http:\/\/siva-my.jobstreet.com\/_ads\/my\/jobs\/2011\/12\/default\/10\/1497332.htm?6105410\" target=\"_blank\" rel=\"noreferrer noopener\">http:\/\/siva-my.jobstreet.com\/_ads\/my\/jobs\/2011\/12\/default\/10\/1497332.htm?6105410<\/a><\/p>\n\n\n\n<hr class=\"wp-block-separator has-alpha-channel-opacity\"\/>\n\n\n\n<p>M\u1eddi c\u00e1c \u1ee9ng vi\u00ean quan t\u00e2m n\u1ed9p \u0111\u01a1n tr\u1ef1c tuy\u1ebfn ho\u1eb7c g\u1eedi h\u1ed3 s\u01a1 chi ti\u1ebft c\u00f9ng v\u1edbi \u1ea3nh passport m\u1edbi nh\u1ea5t \u0111\u1ebfn \u0111\u1ecba ch\u1ec9 d\u01b0\u1edbi \u0111\u00e2y.<\/p>\n\n\n\n<p>Ch\u1ec9 c\u00e1c \u1ee9ng vi\u00ean \u0111\u01b0\u1ee3c ch\u1ecdn g\u1eedi h\u1ed3 s\u01a1 s\u1ebd nh\u1eadn \u0111\u01b0\u1ee3c th\u00f4ng b\u00e1o.<\/p>\n","protected":false},"excerpt":{"rendered":"<p>C\u01a1 h\u1ed9i ngh\u1ec1 nghi\u1ec7p H\u00e3y th\u01b0\u1eddng xuy\u00ean gh\u00e9 th\u0103m ch\u00fang t\u00f4i \u0111\u1ec3 c\u1eadp nh\u1eadt th\u00f4ng tin v\u1ec1 c\u00e1c v\u1ecb tr\u00ed c\u00f4ng vi\u1ec7c m\u1edbi nh\u1ea5t. V\u1ecb tr\u00ed:&nbsp;T\u1eadp s\u1ef1 Qu\u1ea3n l\u00fd, T\u1eadp s\u1ef1 Nghi\u00ean c\u1ee9u &amp; Ph\u00e1t tri\u1ec3n Tr\u00e1ch nhi\u1ec7m: Y\u00eau c\u1ea7u: V\u1ecb tr\u00ed:\u00a0T\u1eadp s\u1ef1 K\u1ef9 thu\u1eadt Th\u1ef1c ph\u1ea9m Xin vui l\u00f2ng truy c\u1eadp \u0111\u01b0\u1eddng d\u1eabn d\u01b0\u1edbi [&hellip;]<\/p>\n","protected":false},"author":1,"featured_media":0,"parent":0,"menu_order":0,"comment_status":"closed","ping_status":"closed","template":"","meta":{"_themeisle_gutenberg_block_has_review":false,"footnotes":""},"class_list":["post-46","page","type-page","status-publish","hentry"],"yoast_head":"<!-- This site is optimized with the Yoast SEO plugin v25.5 - https:\/\/yoast.com\/wordpress\/plugins\/seo\/ -->\n<title>C\u01a1 h\u1ed9i ngh\u1ec1 nghi\u1ec7p - Nh\u00e0 s\u1ea3n xu\u1ea5t h\u01b0\u01a1ng li\u1ec7u th\u1ef1c ph\u1ea9m | Th\u1ef1c ph\u1ea9m Malaysia | Ricca Peacock Asia<\/title>\n<meta name=\"robots\" content=\"index, follow, max-snippet:-1, max-image-preview:large, max-video-preview:-1\" \/>\n<link rel=\"canonical\" href=\"https:\/\/reka-n.com\/vn\/career.html\" \/>\n<meta property=\"og:locale\" content=\"en_US\" \/>\n<meta property=\"og:type\" content=\"article\" \/>\n<meta property=\"og:title\" content=\"C\u01a1 h\u1ed9i ngh\u1ec1 nghi\u1ec7p - Nh\u00e0 s\u1ea3n xu\u1ea5t h\u01b0\u01a1ng li\u1ec7u th\u1ef1c ph\u1ea9m | Th\u1ef1c ph\u1ea9m Malaysia | Ricca Peacock Asia\" \/>\n<meta property=\"og:description\" content=\"C\u01a1 h\u1ed9i ngh\u1ec1 nghi\u1ec7p H\u00e3y th\u01b0\u1eddng xuy\u00ean gh\u00e9 th\u0103m ch\u00fang t\u00f4i \u0111\u1ec3 c\u1eadp nh\u1eadt th\u00f4ng tin v\u1ec1 c\u00e1c v\u1ecb tr\u00ed c\u00f4ng vi\u1ec7c m\u1edbi nh\u1ea5t. V\u1ecb tr\u00ed:&nbsp;T\u1eadp s\u1ef1 Qu\u1ea3n l\u00fd, T\u1eadp s\u1ef1 Nghi\u00ean c\u1ee9u &amp; Ph\u00e1t tri\u1ec3n Tr\u00e1ch nhi\u1ec7m: Y\u00eau c\u1ea7u: V\u1ecb tr\u00ed:\u00a0T\u1eadp s\u1ef1 K\u1ef9 thu\u1eadt Th\u1ef1c ph\u1ea9m Xin vui l\u00f2ng truy c\u1eadp \u0111\u01b0\u1eddng d\u1eabn d\u01b0\u1edbi [&hellip;]\" \/>\n<meta property=\"og:url\" content=\"https:\/\/reka-n.com\/vn\/career.html\" \/>\n<meta property=\"og:site_name\" content=\"Nh\u00e0 s\u1ea3n xu\u1ea5t h\u01b0\u01a1ng li\u1ec7u th\u1ef1c ph\u1ea9m | Th\u1ef1c ph\u1ea9m Malaysia | Ricca Peacock Asia\" \/>\n<meta property=\"article:modified_time\" content=\"2023-08-03T06:32:24+00:00\" \/>\n<meta property=\"og:image\" content=\"https:\/\/reka-n.com\/vn\/Media\/2023\/05\/bg-career-1110x186-NEW-1024x172.png\" \/>\n<meta name=\"twitter:card\" content=\"summary_large_image\" \/>\n<meta name=\"twitter:label1\" content=\"Est. reading time\" \/>\n\t<meta name=\"twitter:data1\" content=\"2 minutes\" \/>\n<script type=\"application\/ld+json\" class=\"yoast-schema-graph\">{\"@context\":\"https:\/\/schema.org\",\"@graph\":[{\"@type\":\"WebPage\",\"@id\":\"https:\/\/reka-n.com\/vn\/career.html\",\"url\":\"https:\/\/reka-n.com\/vn\/career.html\",\"name\":\"C\u01a1 h\u1ed9i ngh\u1ec1 nghi\u1ec7p - Nh\u00e0 s\u1ea3n xu\u1ea5t h\u01b0\u01a1ng li\u1ec7u th\u1ef1c ph\u1ea9m | Th\u1ef1c ph\u1ea9m Malaysia | Ricca Peacock Asia\",\"isPartOf\":{\"@id\":\"https:\/\/reka-n.com\/vn\/#website\"},\"primaryImageOfPage\":{\"@id\":\"https:\/\/reka-n.com\/vn\/career.html#primaryimage\"},\"image\":{\"@id\":\"https:\/\/reka-n.com\/vn\/career.html#primaryimage\"},\"thumbnailUrl\":\"https:\/\/reka-n.com\/vn\/Media\/2023\/05\/bg-career-1110x186-NEW-1024x172.png\",\"datePublished\":\"2023-02-17T08:08:37+00:00\",\"dateModified\":\"2023-08-03T06:32:24+00:00\",\"breadcrumb\":{\"@id\":\"https:\/\/reka-n.com\/vn\/career.html#breadcrumb\"},\"inLanguage\":\"en-US\",\"potentialAction\":[{\"@type\":\"ReadAction\",\"target\":[\"https:\/\/reka-n.com\/vn\/career.html\"]}]},{\"@type\":\"ImageObject\",\"inLanguage\":\"en-US\",\"@id\":\"https:\/\/reka-n.com\/vn\/career.html#primaryimage\",\"url\":\"https:\/\/reka-n.com\/vn\/Media\/2023\/05\/bg-career-1110x186-NEW.png\",\"contentUrl\":\"https:\/\/reka-n.com\/vn\/Media\/2023\/05\/bg-career-1110x186-NEW.png\",\"width\":1110,\"height\":186},{\"@type\":\"BreadcrumbList\",\"@id\":\"https:\/\/reka-n.com\/vn\/career.html#breadcrumb\",\"itemListElement\":[{\"@type\":\"ListItem\",\"position\":1,\"name\":\"Trangch\u1ee7\",\"item\":\"https:\/\/reka-n.com\/vn\/\"},{\"@type\":\"ListItem\",\"position\":2,\"name\":\"C\u01a1 h\u1ed9i ngh\u1ec1 nghi\u1ec7p\"}]},{\"@type\":\"WebSite\",\"@id\":\"https:\/\/reka-n.com\/vn\/#website\",\"url\":\"https:\/\/reka-n.com\/vn\/\",\"name\":\"Nh\u00e0 s\u1ea3n xu\u1ea5t h\u01b0\u01a1ng li\u1ec7u th\u1ef1c ph\u1ea9m | Th\u1ef1c ph\u1ea9m Malaysia | Ricca Peacock Asia\",\"description\":\"Reka l\u00e0 m\u1ed9t trong nh\u1eefng nh\u00e0 s\u1ea3n xu\u1ea5t v\u00e0 ph\u00e2n ph\u1ed1i h\u00e0ng \u0111\u1ea7u v\u1ec1 h\u01b0\u01a1ng li\u1ec7u th\u1ef1c ph\u1ea9m, h\u01b0\u01a1ng th\u01a1m, ch\u1ea5t l\u00e0m \u0111\u1ee5c, h\u00f3a ch\u1ea5t h\u01b0\u01a1ng li\u1ec7u c\u01a1 b\u1ea3n v\u00e0 tinh d\u1ea7u thi\u00ean nhi\u00ean t\u1ea1i ch\u00e2u \u00c1. S\u1ea3n ph\u1ea9m c\u1ee7a ch\u00fang t\u00f4i \u0111\u01b0\u1ee3c t\u1ea1o ra t\u1eeb c\u00e1c th\u00e0nh ph\u1ea7n ch\u1ea5t l\u01b0\u1ee3ng cao \u0111\u01b0\u1ee3c nh\u1eadp kh\u1ea9u t\u1eeb kh\u1eafp n\u01a1i tr\u00ean th\u1ebf gi\u1edbi.\",\"publisher\":{\"@id\":\"https:\/\/reka-n.com\/vn\/#organization\"},\"potentialAction\":[{\"@type\":\"SearchAction\",\"target\":{\"@type\":\"EntryPoint\",\"urlTemplate\":\"https:\/\/reka-n.com\/vn\/?s={search_term_string}\"},\"query-input\":{\"@type\":\"PropertyValueSpecification\",\"valueRequired\":true,\"valueName\":\"search_term_string\"}}],\"inLanguage\":\"en-US\"},{\"@type\":\"Organization\",\"@id\":\"https:\/\/reka-n.com\/vn\/#organization\",\"name\":\"Nh\u00e0 s\u1ea3n xu\u1ea5t h\u01b0\u01a1ng li\u1ec7u th\u1ef1c ph\u1ea9m | Th\u1ef1c ph\u1ea9m Malaysia | Ricca Peacock Asia\",\"url\":\"https:\/\/reka-n.com\/vn\/\",\"logo\":{\"@type\":\"ImageObject\",\"inLanguage\":\"en-US\",\"@id\":\"https:\/\/reka-n.com\/vn\/#\/schema\/logo\/image\/\",\"url\":\"https:\/\/reka-n.com\/vn\/Media\/2023\/04\/cropped-reka-logo.png\",\"contentUrl\":\"https:\/\/reka-n.com\/vn\/Media\/2023\/04\/cropped-reka-logo.png\",\"width\":237,\"height\":100,\"caption\":\"Nh\u00e0 s\u1ea3n xu\u1ea5t h\u01b0\u01a1ng li\u1ec7u th\u1ef1c ph\u1ea9m | Th\u1ef1c ph\u1ea9m Malaysia | Ricca Peacock Asia\"},\"image\":{\"@id\":\"https:\/\/reka-n.com\/vn\/#\/schema\/logo\/image\/\"}}]}<\/script>\n<!-- \/ Yoast SEO plugin. -->","yoast_head_json":{"title":"C\u01a1 h\u1ed9i ngh\u1ec1 nghi\u1ec7p - Nh\u00e0 s\u1ea3n xu\u1ea5t h\u01b0\u01a1ng li\u1ec7u th\u1ef1c ph\u1ea9m | Th\u1ef1c ph\u1ea9m Malaysia | Ricca Peacock Asia","robots":{"index":"index","follow":"follow","max-snippet":"max-snippet:-1","max-image-preview":"max-image-preview:large","max-video-preview":"max-video-preview:-1"},"canonical":"https:\/\/reka-n.com\/vn\/career.html","og_locale":"en_US","og_type":"article","og_title":"C\u01a1 h\u1ed9i ngh\u1ec1 nghi\u1ec7p - Nh\u00e0 s\u1ea3n xu\u1ea5t h\u01b0\u01a1ng li\u1ec7u th\u1ef1c ph\u1ea9m | Th\u1ef1c ph\u1ea9m Malaysia | Ricca Peacock Asia","og_description":"C\u01a1 h\u1ed9i ngh\u1ec1 nghi\u1ec7p H\u00e3y th\u01b0\u1eddng xuy\u00ean gh\u00e9 th\u0103m ch\u00fang t\u00f4i \u0111\u1ec3 c\u1eadp nh\u1eadt th\u00f4ng tin v\u1ec1 c\u00e1c v\u1ecb tr\u00ed c\u00f4ng vi\u1ec7c m\u1edbi nh\u1ea5t. V\u1ecb tr\u00ed:&nbsp;T\u1eadp s\u1ef1 Qu\u1ea3n l\u00fd, T\u1eadp s\u1ef1 Nghi\u00ean c\u1ee9u &amp; Ph\u00e1t tri\u1ec3n Tr\u00e1ch nhi\u1ec7m: Y\u00eau c\u1ea7u: V\u1ecb tr\u00ed:\u00a0T\u1eadp s\u1ef1 K\u1ef9 thu\u1eadt Th\u1ef1c ph\u1ea9m Xin vui l\u00f2ng truy c\u1eadp \u0111\u01b0\u1eddng d\u1eabn d\u01b0\u1edbi [&hellip;]","og_url":"https:\/\/reka-n.com\/vn\/career.html","og_site_name":"Nh\u00e0 s\u1ea3n xu\u1ea5t h\u01b0\u01a1ng li\u1ec7u th\u1ef1c ph\u1ea9m | Th\u1ef1c ph\u1ea9m Malaysia | Ricca Peacock Asia","article_modified_time":"2023-08-03T06:32:24+00:00","og_image":[{"url":"https:\/\/reka-n.com\/vn\/Media\/2023\/05\/bg-career-1110x186-NEW-1024x172.png","type":"","width":"","height":""}],"twitter_card":"summary_large_image","twitter_misc":{"Est. reading time":"2 minutes"},"schema":{"@context":"https:\/\/schema.org","@graph":[{"@type":"WebPage","@id":"https:\/\/reka-n.com\/vn\/career.html","url":"https:\/\/reka-n.com\/vn\/career.html","name":"C\u01a1 h\u1ed9i ngh\u1ec1 nghi\u1ec7p - Nh\u00e0 s\u1ea3n xu\u1ea5t h\u01b0\u01a1ng li\u1ec7u th\u1ef1c ph\u1ea9m | Th\u1ef1c ph\u1ea9m Malaysia | Ricca Peacock Asia","isPartOf":{"@id":"https:\/\/reka-n.com\/vn\/#website"},"primaryImageOfPage":{"@id":"https:\/\/reka-n.com\/vn\/career.html#primaryimage"},"image":{"@id":"https:\/\/reka-n.com\/vn\/career.html#primaryimage"},"thumbnailUrl":"https:\/\/reka-n.com\/vn\/Media\/2023\/05\/bg-career-1110x186-NEW-1024x172.png","datePublished":"2023-02-17T08:08:37+00:00","dateModified":"2023-08-03T06:32:24+00:00","breadcrumb":{"@id":"https:\/\/reka-n.com\/vn\/career.html#breadcrumb"},"inLanguage":"en-US","potentialAction":[{"@type":"ReadAction","target":["https:\/\/reka-n.com\/vn\/career.html"]}]},{"@type":"ImageObject","inLanguage":"en-US","@id":"https:\/\/reka-n.com\/vn\/career.html#primaryimage","url":"https:\/\/reka-n.com\/vn\/Media\/2023\/05\/bg-career-1110x186-NEW.png","contentUrl":"https:\/\/reka-n.com\/vn\/Media\/2023\/05\/bg-career-1110x186-NEW.png","width":1110,"height":186},{"@type":"BreadcrumbList","@id":"https:\/\/reka-n.com\/vn\/career.html#breadcrumb","itemListElement":[{"@type":"ListItem","position":1,"name":"Trangch\u1ee7","item":"https:\/\/reka-n.com\/vn\/"},{"@type":"ListItem","position":2,"name":"C\u01a1 h\u1ed9i ngh\u1ec1 nghi\u1ec7p"}]},{"@type":"WebSite","@id":"https:\/\/reka-n.com\/vn\/#website","url":"https:\/\/reka-n.com\/vn\/","name":"Nh\u00e0 s\u1ea3n xu\u1ea5t h\u01b0\u01a1ng li\u1ec7u th\u1ef1c ph\u1ea9m | Th\u1ef1c ph\u1ea9m Malaysia | Ricca Peacock Asia","description":"Reka l\u00e0 m\u1ed9t trong nh\u1eefng nh\u00e0 s\u1ea3n xu\u1ea5t v\u00e0 ph\u00e2n ph\u1ed1i h\u00e0ng \u0111\u1ea7u v\u1ec1 h\u01b0\u01a1ng li\u1ec7u th\u1ef1c ph\u1ea9m, h\u01b0\u01a1ng th\u01a1m, ch\u1ea5t l\u00e0m \u0111\u1ee5c, h\u00f3a ch\u1ea5t h\u01b0\u01a1ng li\u1ec7u c\u01a1 b\u1ea3n v\u00e0 tinh d\u1ea7u thi\u00ean nhi\u00ean t\u1ea1i ch\u00e2u \u00c1. S\u1ea3n ph\u1ea9m c\u1ee7a ch\u00fang t\u00f4i \u0111\u01b0\u1ee3c t\u1ea1o ra t\u1eeb c\u00e1c th\u00e0nh ph\u1ea7n ch\u1ea5t l\u01b0\u1ee3ng cao \u0111\u01b0\u1ee3c nh\u1eadp kh\u1ea9u t\u1eeb kh\u1eafp n\u01a1i tr\u00ean th\u1ebf gi\u1edbi.","publisher":{"@id":"https:\/\/reka-n.com\/vn\/#organization"},"potentialAction":[{"@type":"SearchAction","target":{"@type":"EntryPoint","urlTemplate":"https:\/\/reka-n.com\/vn\/?s={search_term_string}"},"query-input":{"@type":"PropertyValueSpecification","valueRequired":true,"valueName":"search_term_string"}}],"inLanguage":"en-US"},{"@type":"Organization","@id":"https:\/\/reka-n.com\/vn\/#organization","name":"Nh\u00e0 s\u1ea3n xu\u1ea5t h\u01b0\u01a1ng li\u1ec7u th\u1ef1c ph\u1ea9m | Th\u1ef1c ph\u1ea9m Malaysia | Ricca Peacock Asia","url":"https:\/\/reka-n.com\/vn\/","logo":{"@type":"ImageObject","inLanguage":"en-US","@id":"https:\/\/reka-n.com\/vn\/#\/schema\/logo\/image\/","url":"https:\/\/reka-n.com\/vn\/Media\/2023\/04\/cropped-reka-logo.png","contentUrl":"https:\/\/reka-n.com\/vn\/Media\/2023\/04\/cropped-reka-logo.png","width":237,"height":100,"caption":"Nh\u00e0 s\u1ea3n xu\u1ea5t h\u01b0\u01a1ng li\u1ec7u th\u1ef1c ph\u1ea9m | Th\u1ef1c ph\u1ea9m Malaysia | Ricca Peacock Asia"},"image":{"@id":"https:\/\/reka-n.com\/vn\/#\/schema\/logo\/image\/"}}]}},"_links":{"self":[{"href":"https:\/\/reka-n.com\/vn\/wp-json\/wp\/v2\/pages\/46","targetHints":{"allow":["GET"]}}],"collection":[{"href":"https:\/\/reka-n.com\/vn\/wp-json\/wp\/v2\/pages"}],"about":[{"href":"https:\/\/reka-n.com\/vn\/wp-json\/wp\/v2\/types\/page"}],"author":[{"embeddable":true,"href":"https:\/\/reka-n.com\/vn\/wp-json\/wp\/v2\/users\/1"}],"replies":[{"embeddable":true,"href":"https:\/\/reka-n.com\/vn\/wp-json\/wp\/v2\/comments?post=46"}],"version-history":[{"count":15,"href":"https:\/\/reka-n.com\/vn\/wp-json\/wp\/v2\/pages\/46\/revisions"}],"predecessor-version":[{"id":1975,"href":"https:\/\/reka-n.com\/vn\/wp-json\/wp\/v2\/pages\/46\/revisions\/1975"}],"wp:attachment":[{"href":"https:\/\/reka-n.com\/vn\/wp-json\/wp\/v2\/media?parent=46"}],"curies":[{"name":"wp","href":"https:\/\/api.w.org\/{rel}","templated":true}]}}