{"id":44,"date":"2023-02-17T08:08:37","date_gmt":"2023-02-17T08:08:37","guid":{"rendered":"https:\/\/appedata.com\/?page_id=44"},"modified":"2023-08-03T02:22:55","modified_gmt":"2023-08-03T02:22:55","slug":"fragrances","status":"publish","type":"page","link":"https:\/\/reka-n.com\/vn\/fragrances.html","title":{"rendered":"H\u01b0\u01a1ng li\u1ec7u"},"content":{"rendered":"\n<figure class=\"wp-block-image size-large\"><img decoding=\"async\" src=\"https:\/\/reka-n.com\/vn\/Media\/2023\/05\/bg-fragrance-1110x186-NEW-1024x172.png\" alt=\"\" class=\"wp-image-1663\"\/><\/figure>\n\n\n\n<div class=\"wp-block-columns is-layout-flex wp-container-core-columns-is-layout-9d6595d7 wp-block-columns-is-layout-flex\">\n<div class=\"wp-block-column is-layout-flow wp-block-column-is-layout-flow\" style=\"flex-basis:33.33%\">\n<figure class=\"wp-block-table\"><table><thead><tr><th>C\u00e1c lo\u1ea1i h\u01b0\u01a1ng li\u1ec7u<\/th><\/tr><\/thead><tbody><tr><td><a href=\"https:\/\/reka-n.com\/vn\/fragrances\/fine-fragrances.html\">H\u01b0\u01a1ng th\u01a1m cao c\u1ea5p<\/a><\/td><\/tr><tr><td><a href=\"https:\/\/reka-n.com\/vn\/fragrances\/personal-care.html\">Ch\u0103m s\u00f3c c\u00e1 nh\u00e2n<\/a><\/td><\/tr><tr><td><a href=\"https:\/\/reka-n.com\/vn\/fragrances\/home-care.html\">Ch\u0103m s\u00f3c nh\u00e0 c\u1eeda<\/a><\/td><\/tr><\/tbody><\/table><\/figure>\n<\/div>\n\n\n\n<div class=\"wp-block-column is-layout-flow wp-block-column-is-layout-flow\" style=\"flex-basis:66.66%\">\n<h1 class=\"wp-block-heading\">H\u01b0\u01a1ng li\u1ec7u<\/h1>\n\n\n\n<p>Trong th\u1ecb tr\u01b0\u1eddng ti\u00eau d\u00f9ng to\u00e0n c\u1ea7u \u0111\u1ea7y th\u00e1ch th\u1ee9c, c\u00e1c nh\u00e0 thi\u1ebft k\u1ebf s\u1ea3n ph\u1ea9m ph\u1ea3i theo k\u1ecbp nh\u1eefng \u01b0\u1edbc m\u01a1 v\u00e0 y\u00eau c\u1ea7u thay \u0111\u1ed5i li\u00ean t\u1ee5c c\u1ee7a kh\u00e1ch h\u00e0ng m\u1ee5c ti\u00eau \u0111\u1ec3 ti\u1ebfp t\u1ee5c d\u1eabn \u0111\u1ea7u trong ng\u00e0nh c\u1ee7a h\u1ecd. S\u1ea3n ph\u1ea9m ti\u00eau d\u00f9ng ng\u00e0y nay ph\u1ea3i v\u1eeba h\u1eefu \u00edch v\u1eeba thu h\u00fat. H\u01b0\u01a1ng th\u01a1m mang \u0111\u1ebfn linh h\u1ed3n cho s\u1ea3n ph\u1ea9m c\u1ee7a b\u1ea1n, t\u1ea1o ra h\u01b0\u01a1ng th\u01a1m \u0111\u1ed9c \u0111\u00e1o \u0111\u1ec3 k\u00edch ho\u1ea1t c\u1ea3m x\u00fac v\u00e0 k\u00fd \u1ee9c c\u1ee7a ng\u01b0\u1eddi ti\u00eau d\u00f9ng.<br>L\u00e0 nh\u00e0 s\u1ea3n xu\u1ea5t d\u1ea7u h\u01b0\u01a1ng th\u01a1m v\u00e0 nh\u00e0 cung c\u1ea5p h\u01b0\u01a1ng th\u01a1m cho n\u01b0\u1edbc hoa, \u0111\u01b0\u1ee3c trang b\u1ecb c\u00e1c thi\u1ebft b\u1ecb ti\u00ean ti\u1ebfn v\u00e0 m\u1ed9t th\u01b0 vi\u1ec7n \u0111\u1ea7y \u0111\u1ee7 c\u00e1c lo\u1ea1i d\u1ea7u th\u01a1m v\u00e0 h\u00f3a ch\u1ea5t h\u01b0\u01a1ng th\u01a1m, nh\u00f3m nh\u00e0 s\u00e1ng ch\u1ebf v\u00e0 thi\u1ebft k\u1ebf h\u01b0\u01a1ng th\u01a1m c\u1ee7a ch\u00fang t\u00f4i cam k\u1ebft t\u1ea1o ra nh\u1eefng h\u01b0\u01a1ng th\u01a1m \u0111\u1ed9c \u0111\u00e1o v\u00e0 c\u1ea3m h\u1ee9ng.<\/p>\n\n\n\n<p>Thi\u1ebft k\u1ebf h\u01b0\u01a1ng th\u01a1m l\u00e0 s\u1ef1 k\u1ebft h\u1ee3p gi\u1eefa ngh\u1ec7 thu\u1eadt v\u00e0 khoa h\u1ecdc. T\u1eeb vi\u1ec7c ch\u1ecdn l\u1ef1a v\u00e0 chi\u1ebft xu\u1ea5t c\u00e1c th\u00e0nh ph\u1ea7n t\u1ed1t nh\u1ea5t, c\u00e1c nh\u00e0 thi\u1ebft k\u1ebf h\u01b0\u01a1ng th\u01a1m t\u00e0i n\u0103ng c\u1ee7a ch\u00fang t\u00f4i \u0111\u01b0\u1ee3c \u0111\u00e0o t\u1ea1o \u0111\u1ec3 t\u1ea1o ra c\u00e1c c\u00f4ng th\u1ee9c h\u01b0\u01a1ng th\u01a1m ngh\u1ec7 thu\u1eadt \u0111\u1ec3 thu h\u00fat kh\u00e1ch h\u00e0ng. C\u00f3 v\u00f4 s\u1ed1 kh\u1ea3 n\u0103ng \u0111\u1ec3 t\u1ea1o ra c\u00e1c h\u01b0\u01a1ng th\u01a1m ph\u00f9 h\u1ee3p v\u1edbi m\u1ecdi \u1ee9ng d\u1ee5ng. N\u00f3i chung, ch\u00fang t\u00f4i \u0111\u00e3 ph\u00e2n lo\u1ea1i c\u00e1c \u1ee9ng d\u1ee5ng h\u01b0\u01a1ng th\u01a1m th\u00e0nh H\u01b0\u01a1ng th\u01a1m cao c\u1ea5p ho\u1eb7c N\u01b0\u1edbc hoa, S\u1ea3n ph\u1ea9m ch\u0103m s\u00f3c nh\u00e0 c\u1eeda v\u00e0 S\u1ea3n ph\u1ea9m ch\u0103m s\u00f3c c\u00e1 nh\u00e2n. N\u1ebfu b\u1ea1n quan t\u00e2m \u0111\u1ebfn b\u1ea5t k\u1ef3 lo\u1ea1i h\u01b0\u01a1ng th\u01a1m n\u00e0o ho\u1eb7c c\u00f3 \u00fd t\u01b0\u1edfng m\u1edbi, vui l\u00f2ng nh\u1ea5p v\u00e0o danh s\u00e1ch h\u01b0\u01a1ng th\u01a1m \u0111\u1ec3 g\u1eedi y\u00eau c\u1ea7u v\u00e0 c\u00e1c nh\u00e2n vi\u00ean kinh doanh c\u1ee7a ch\u00fang t\u00f4i s\u1ebd li\u00ean h\u1ec7 v\u1edbi b\u1ea1n s\u1edbm nh\u1ea5t.<\/p>\n\n\n\n<p>H\u00e3y h\u1ee3p t\u00e1c c\u00f9ng nh\u1eefng chuy\u00ean gia s\u00e1ng t\u1ea1o c\u1ee7a ch\u00fang t\u00f4i \u0111\u1ec3 thi\u1ebft k\u1ebf c\u00e1c h\u01b0\u01a1ng th\u01a1m ph\u00f9 h\u1ee3p v\u1edbi kh\u00e1ch h\u00e0ng c\u1ee7a b\u1ea1n.<\/p>\n<\/div>\n<\/div>\n","protected":false},"excerpt":{"rendered":"<p>C\u00e1c lo\u1ea1i h\u01b0\u01a1ng li\u1ec7u H\u01b0\u01a1ng th\u01a1m cao c\u1ea5p Ch\u0103m s\u00f3c c\u00e1 nh\u00e2n Ch\u0103m s\u00f3c nh\u00e0 c\u1eeda H\u01b0\u01a1ng li\u1ec7u Trong th\u1ecb tr\u01b0\u1eddng ti\u00eau d\u00f9ng to\u00e0n c\u1ea7u \u0111\u1ea7y th\u00e1ch th\u1ee9c, c\u00e1c nh\u00e0 thi\u1ebft k\u1ebf s\u1ea3n ph\u1ea9m ph\u1ea3i theo k\u1ecbp nh\u1eefng \u01b0\u1edbc m\u01a1 v\u00e0 y\u00eau c\u1ea7u thay \u0111\u1ed5i li\u00ean t\u1ee5c c\u1ee7a kh\u00e1ch h\u00e0ng m\u1ee5c ti\u00eau \u0111\u1ec3 ti\u1ebfp t\u1ee5c [&hellip;]<\/p>\n","protected":false},"author":1,"featured_media":0,"parent":0,"menu_order":0,"comment_status":"closed","ping_status":"closed","template":"","meta":{"_themeisle_gutenberg_block_has_review":false,"footnotes":""},"class_list":["post-44","page","type-page","status-publish","hentry"],"yoast_head":"<!-- This site is optimized with the Yoast SEO plugin v25.5 - https:\/\/yoast.com\/wordpress\/plugins\/seo\/ -->\n<title>H\u01b0\u01a1ng li\u1ec7u - Nh\u00e0 s\u1ea3n xu\u1ea5t h\u01b0\u01a1ng li\u1ec7u th\u1ef1c ph\u1ea9m | Th\u1ef1c ph\u1ea9m Malaysia | Ricca Peacock Asia<\/title>\n<meta name=\"robots\" content=\"index, follow, max-snippet:-1, max-image-preview:large, max-video-preview:-1\" \/>\n<link rel=\"canonical\" href=\"https:\/\/reka-n.com\/vn\/fragrances.html\" \/>\n<meta property=\"og:locale\" content=\"en_US\" \/>\n<meta property=\"og:type\" content=\"article\" \/>\n<meta property=\"og:title\" content=\"H\u01b0\u01a1ng li\u1ec7u - Nh\u00e0 s\u1ea3n xu\u1ea5t h\u01b0\u01a1ng li\u1ec7u th\u1ef1c ph\u1ea9m | Th\u1ef1c ph\u1ea9m Malaysia | Ricca Peacock Asia\" \/>\n<meta property=\"og:description\" content=\"C\u00e1c lo\u1ea1i h\u01b0\u01a1ng li\u1ec7u H\u01b0\u01a1ng th\u01a1m cao c\u1ea5p Ch\u0103m s\u00f3c c\u00e1 nh\u00e2n Ch\u0103m s\u00f3c nh\u00e0 c\u1eeda H\u01b0\u01a1ng li\u1ec7u Trong th\u1ecb tr\u01b0\u1eddng ti\u00eau d\u00f9ng to\u00e0n c\u1ea7u \u0111\u1ea7y th\u00e1ch th\u1ee9c, c\u00e1c nh\u00e0 thi\u1ebft k\u1ebf s\u1ea3n ph\u1ea9m ph\u1ea3i theo k\u1ecbp nh\u1eefng \u01b0\u1edbc m\u01a1 v\u00e0 y\u00eau c\u1ea7u thay \u0111\u1ed5i li\u00ean t\u1ee5c c\u1ee7a kh\u00e1ch h\u00e0ng m\u1ee5c ti\u00eau \u0111\u1ec3 ti\u1ebfp t\u1ee5c [&hellip;]\" \/>\n<meta property=\"og:url\" content=\"https:\/\/reka-n.com\/vn\/fragrances.html\" \/>\n<meta property=\"og:site_name\" content=\"Nh\u00e0 s\u1ea3n xu\u1ea5t h\u01b0\u01a1ng li\u1ec7u th\u1ef1c ph\u1ea9m | Th\u1ef1c ph\u1ea9m Malaysia | Ricca Peacock Asia\" \/>\n<meta property=\"article:modified_time\" content=\"2023-08-03T02:22:55+00:00\" \/>\n<meta property=\"og:image\" content=\"https:\/\/reka-n.com\/vn\/Media\/2023\/05\/bg-fragrance-1110x186-NEW-1024x172.png\" \/>\n<meta name=\"twitter:card\" content=\"summary_large_image\" \/>\n<meta name=\"twitter:label1\" content=\"Est. reading time\" \/>\n\t<meta name=\"twitter:data1\" content=\"2 minutes\" \/>\n<script type=\"application\/ld+json\" class=\"yoast-schema-graph\">{\"@context\":\"https:\/\/schema.org\",\"@graph\":[{\"@type\":\"WebPage\",\"@id\":\"https:\/\/reka-n.com\/vn\/fragrances.html\",\"url\":\"https:\/\/reka-n.com\/vn\/fragrances.html\",\"name\":\"H\u01b0\u01a1ng li\u1ec7u - Nh\u00e0 s\u1ea3n xu\u1ea5t h\u01b0\u01a1ng li\u1ec7u th\u1ef1c ph\u1ea9m | Th\u1ef1c ph\u1ea9m Malaysia | Ricca Peacock Asia\",\"isPartOf\":{\"@id\":\"https:\/\/reka-n.com\/vn\/#website\"},\"primaryImageOfPage\":{\"@id\":\"https:\/\/reka-n.com\/vn\/fragrances.html#primaryimage\"},\"image\":{\"@id\":\"https:\/\/reka-n.com\/vn\/fragrances.html#primaryimage\"},\"thumbnailUrl\":\"https:\/\/reka-n.com\/vn\/Media\/2023\/05\/bg-fragrance-1110x186-NEW-1024x172.png\",\"datePublished\":\"2023-02-17T08:08:37+00:00\",\"dateModified\":\"2023-08-03T02:22:55+00:00\",\"breadcrumb\":{\"@id\":\"https:\/\/reka-n.com\/vn\/fragrances.html#breadcrumb\"},\"inLanguage\":\"en-US\",\"potentialAction\":[{\"@type\":\"ReadAction\",\"target\":[\"https:\/\/reka-n.com\/vn\/fragrances.html\"]}]},{\"@type\":\"ImageObject\",\"inLanguage\":\"en-US\",\"@id\":\"https:\/\/reka-n.com\/vn\/fragrances.html#primaryimage\",\"url\":\"https:\/\/reka-n.com\/vn\/Media\/2023\/05\/bg-fragrance-1110x186-NEW.png\",\"contentUrl\":\"https:\/\/reka-n.com\/vn\/Media\/2023\/05\/bg-fragrance-1110x186-NEW.png\",\"width\":1110,\"height\":186},{\"@type\":\"BreadcrumbList\",\"@id\":\"https:\/\/reka-n.com\/vn\/fragrances.html#breadcrumb\",\"itemListElement\":[{\"@type\":\"ListItem\",\"position\":1,\"name\":\"Trangch\u1ee7\",\"item\":\"https:\/\/reka-n.com\/vn\/\"},{\"@type\":\"ListItem\",\"position\":2,\"name\":\"H\u01b0\u01a1ng li\u1ec7u\"}]},{\"@type\":\"WebSite\",\"@id\":\"https:\/\/reka-n.com\/vn\/#website\",\"url\":\"https:\/\/reka-n.com\/vn\/\",\"name\":\"Nh\u00e0 s\u1ea3n xu\u1ea5t h\u01b0\u01a1ng li\u1ec7u th\u1ef1c ph\u1ea9m | Th\u1ef1c ph\u1ea9m Malaysia | Ricca Peacock Asia\",\"description\":\"Reka l\u00e0 m\u1ed9t trong nh\u1eefng nh\u00e0 s\u1ea3n xu\u1ea5t v\u00e0 ph\u00e2n ph\u1ed1i h\u00e0ng \u0111\u1ea7u v\u1ec1 h\u01b0\u01a1ng li\u1ec7u th\u1ef1c ph\u1ea9m, h\u01b0\u01a1ng th\u01a1m, ch\u1ea5t l\u00e0m \u0111\u1ee5c, h\u00f3a ch\u1ea5t h\u01b0\u01a1ng li\u1ec7u c\u01a1 b\u1ea3n v\u00e0 tinh d\u1ea7u thi\u00ean nhi\u00ean t\u1ea1i ch\u00e2u \u00c1. S\u1ea3n ph\u1ea9m c\u1ee7a ch\u00fang t\u00f4i \u0111\u01b0\u1ee3c t\u1ea1o ra t\u1eeb c\u00e1c th\u00e0nh ph\u1ea7n ch\u1ea5t l\u01b0\u1ee3ng cao \u0111\u01b0\u1ee3c nh\u1eadp kh\u1ea9u t\u1eeb kh\u1eafp n\u01a1i tr\u00ean th\u1ebf gi\u1edbi.\",\"publisher\":{\"@id\":\"https:\/\/reka-n.com\/vn\/#organization\"},\"potentialAction\":[{\"@type\":\"SearchAction\",\"target\":{\"@type\":\"EntryPoint\",\"urlTemplate\":\"https:\/\/reka-n.com\/vn\/?s={search_term_string}\"},\"query-input\":{\"@type\":\"PropertyValueSpecification\",\"valueRequired\":true,\"valueName\":\"search_term_string\"}}],\"inLanguage\":\"en-US\"},{\"@type\":\"Organization\",\"@id\":\"https:\/\/reka-n.com\/vn\/#organization\",\"name\":\"Nh\u00e0 s\u1ea3n xu\u1ea5t h\u01b0\u01a1ng li\u1ec7u th\u1ef1c ph\u1ea9m | Th\u1ef1c ph\u1ea9m Malaysia | Ricca Peacock Asia\",\"url\":\"https:\/\/reka-n.com\/vn\/\",\"logo\":{\"@type\":\"ImageObject\",\"inLanguage\":\"en-US\",\"@id\":\"https:\/\/reka-n.com\/vn\/#\/schema\/logo\/image\/\",\"url\":\"https:\/\/reka-n.com\/vn\/Media\/2023\/04\/cropped-reka-logo.png\",\"contentUrl\":\"https:\/\/reka-n.com\/vn\/Media\/2023\/04\/cropped-reka-logo.png\",\"width\":237,\"height\":100,\"caption\":\"Nh\u00e0 s\u1ea3n xu\u1ea5t h\u01b0\u01a1ng li\u1ec7u th\u1ef1c ph\u1ea9m | Th\u1ef1c ph\u1ea9m Malaysia | Ricca Peacock Asia\"},\"image\":{\"@id\":\"https:\/\/reka-n.com\/vn\/#\/schema\/logo\/image\/\"}}]}<\/script>\n<!-- \/ Yoast SEO plugin. -->","yoast_head_json":{"title":"H\u01b0\u01a1ng li\u1ec7u - Nh\u00e0 s\u1ea3n xu\u1ea5t h\u01b0\u01a1ng li\u1ec7u th\u1ef1c ph\u1ea9m | Th\u1ef1c ph\u1ea9m Malaysia | Ricca Peacock Asia","robots":{"index":"index","follow":"follow","max-snippet":"max-snippet:-1","max-image-preview":"max-image-preview:large","max-video-preview":"max-video-preview:-1"},"canonical":"https:\/\/reka-n.com\/vn\/fragrances.html","og_locale":"en_US","og_type":"article","og_title":"H\u01b0\u01a1ng li\u1ec7u - Nh\u00e0 s\u1ea3n xu\u1ea5t h\u01b0\u01a1ng li\u1ec7u th\u1ef1c ph\u1ea9m | Th\u1ef1c ph\u1ea9m Malaysia | Ricca Peacock Asia","og_description":"C\u00e1c lo\u1ea1i h\u01b0\u01a1ng li\u1ec7u H\u01b0\u01a1ng th\u01a1m cao c\u1ea5p Ch\u0103m s\u00f3c c\u00e1 nh\u00e2n Ch\u0103m s\u00f3c nh\u00e0 c\u1eeda H\u01b0\u01a1ng li\u1ec7u Trong th\u1ecb tr\u01b0\u1eddng ti\u00eau d\u00f9ng to\u00e0n c\u1ea7u \u0111\u1ea7y th\u00e1ch th\u1ee9c, c\u00e1c nh\u00e0 thi\u1ebft k\u1ebf s\u1ea3n ph\u1ea9m ph\u1ea3i theo k\u1ecbp nh\u1eefng \u01b0\u1edbc m\u01a1 v\u00e0 y\u00eau c\u1ea7u thay \u0111\u1ed5i li\u00ean t\u1ee5c c\u1ee7a kh\u00e1ch h\u00e0ng m\u1ee5c ti\u00eau \u0111\u1ec3 ti\u1ebfp t\u1ee5c [&hellip;]","og_url":"https:\/\/reka-n.com\/vn\/fragrances.html","og_site_name":"Nh\u00e0 s\u1ea3n xu\u1ea5t h\u01b0\u01a1ng li\u1ec7u th\u1ef1c ph\u1ea9m | Th\u1ef1c ph\u1ea9m Malaysia | Ricca Peacock Asia","article_modified_time":"2023-08-03T02:22:55+00:00","og_image":[{"url":"https:\/\/reka-n.com\/vn\/Media\/2023\/05\/bg-fragrance-1110x186-NEW-1024x172.png","type":"","width":"","height":""}],"twitter_card":"summary_large_image","twitter_misc":{"Est. reading time":"2 minutes"},"schema":{"@context":"https:\/\/schema.org","@graph":[{"@type":"WebPage","@id":"https:\/\/reka-n.com\/vn\/fragrances.html","url":"https:\/\/reka-n.com\/vn\/fragrances.html","name":"H\u01b0\u01a1ng li\u1ec7u - Nh\u00e0 s\u1ea3n xu\u1ea5t h\u01b0\u01a1ng li\u1ec7u th\u1ef1c ph\u1ea9m | Th\u1ef1c ph\u1ea9m Malaysia | Ricca Peacock Asia","isPartOf":{"@id":"https:\/\/reka-n.com\/vn\/#website"},"primaryImageOfPage":{"@id":"https:\/\/reka-n.com\/vn\/fragrances.html#primaryimage"},"image":{"@id":"https:\/\/reka-n.com\/vn\/fragrances.html#primaryimage"},"thumbnailUrl":"https:\/\/reka-n.com\/vn\/Media\/2023\/05\/bg-fragrance-1110x186-NEW-1024x172.png","datePublished":"2023-02-17T08:08:37+00:00","dateModified":"2023-08-03T02:22:55+00:00","breadcrumb":{"@id":"https:\/\/reka-n.com\/vn\/fragrances.html#breadcrumb"},"inLanguage":"en-US","potentialAction":[{"@type":"ReadAction","target":["https:\/\/reka-n.com\/vn\/fragrances.html"]}]},{"@type":"ImageObject","inLanguage":"en-US","@id":"https:\/\/reka-n.com\/vn\/fragrances.html#primaryimage","url":"https:\/\/reka-n.com\/vn\/Media\/2023\/05\/bg-fragrance-1110x186-NEW.png","contentUrl":"https:\/\/reka-n.com\/vn\/Media\/2023\/05\/bg-fragrance-1110x186-NEW.png","width":1110,"height":186},{"@type":"BreadcrumbList","@id":"https:\/\/reka-n.com\/vn\/fragrances.html#breadcrumb","itemListElement":[{"@type":"ListItem","position":1,"name":"Trangch\u1ee7","item":"https:\/\/reka-n.com\/vn\/"},{"@type":"ListItem","position":2,"name":"H\u01b0\u01a1ng li\u1ec7u"}]},{"@type":"WebSite","@id":"https:\/\/reka-n.com\/vn\/#website","url":"https:\/\/reka-n.com\/vn\/","name":"Nh\u00e0 s\u1ea3n xu\u1ea5t h\u01b0\u01a1ng li\u1ec7u th\u1ef1c ph\u1ea9m | Th\u1ef1c ph\u1ea9m Malaysia | Ricca Peacock Asia","description":"Reka l\u00e0 m\u1ed9t trong nh\u1eefng nh\u00e0 s\u1ea3n xu\u1ea5t v\u00e0 ph\u00e2n ph\u1ed1i h\u00e0ng \u0111\u1ea7u v\u1ec1 h\u01b0\u01a1ng li\u1ec7u th\u1ef1c ph\u1ea9m, h\u01b0\u01a1ng th\u01a1m, ch\u1ea5t l\u00e0m \u0111\u1ee5c, h\u00f3a ch\u1ea5t h\u01b0\u01a1ng li\u1ec7u c\u01a1 b\u1ea3n v\u00e0 tinh d\u1ea7u thi\u00ean nhi\u00ean t\u1ea1i ch\u00e2u \u00c1. S\u1ea3n ph\u1ea9m c\u1ee7a ch\u00fang t\u00f4i \u0111\u01b0\u1ee3c t\u1ea1o ra t\u1eeb c\u00e1c th\u00e0nh ph\u1ea7n ch\u1ea5t l\u01b0\u1ee3ng cao \u0111\u01b0\u1ee3c nh\u1eadp kh\u1ea9u t\u1eeb kh\u1eafp n\u01a1i tr\u00ean th\u1ebf gi\u1edbi.","publisher":{"@id":"https:\/\/reka-n.com\/vn\/#organization"},"potentialAction":[{"@type":"SearchAction","target":{"@type":"EntryPoint","urlTemplate":"https:\/\/reka-n.com\/vn\/?s={search_term_string}"},"query-input":{"@type":"PropertyValueSpecification","valueRequired":true,"valueName":"search_term_string"}}],"inLanguage":"en-US"},{"@type":"Organization","@id":"https:\/\/reka-n.com\/vn\/#organization","name":"Nh\u00e0 s\u1ea3n xu\u1ea5t h\u01b0\u01a1ng li\u1ec7u th\u1ef1c ph\u1ea9m | Th\u1ef1c ph\u1ea9m Malaysia | Ricca Peacock Asia","url":"https:\/\/reka-n.com\/vn\/","logo":{"@type":"ImageObject","inLanguage":"en-US","@id":"https:\/\/reka-n.com\/vn\/#\/schema\/logo\/image\/","url":"https:\/\/reka-n.com\/vn\/Media\/2023\/04\/cropped-reka-logo.png","contentUrl":"https:\/\/reka-n.com\/vn\/Media\/2023\/04\/cropped-reka-logo.png","width":237,"height":100,"caption":"Nh\u00e0 s\u1ea3n xu\u1ea5t h\u01b0\u01a1ng li\u1ec7u th\u1ef1c ph\u1ea9m | Th\u1ef1c ph\u1ea9m Malaysia | Ricca Peacock Asia"},"image":{"@id":"https:\/\/reka-n.com\/vn\/#\/schema\/logo\/image\/"}}]}},"_links":{"self":[{"href":"https:\/\/reka-n.com\/vn\/wp-json\/wp\/v2\/pages\/44","targetHints":{"allow":["GET"]}}],"collection":[{"href":"https:\/\/reka-n.com\/vn\/wp-json\/wp\/v2\/pages"}],"about":[{"href":"https:\/\/reka-n.com\/vn\/wp-json\/wp\/v2\/types\/page"}],"author":[{"embeddable":true,"href":"https:\/\/reka-n.com\/vn\/wp-json\/wp\/v2\/users\/1"}],"replies":[{"embeddable":true,"href":"https:\/\/reka-n.com\/vn\/wp-json\/wp\/v2\/comments?post=44"}],"version-history":[{"count":12,"href":"https:\/\/reka-n.com\/vn\/wp-json\/wp\/v2\/pages\/44\/revisions"}],"predecessor-version":[{"id":1929,"href":"https:\/\/reka-n.com\/vn\/wp-json\/wp\/v2\/pages\/44\/revisions\/1929"}],"wp:attachment":[{"href":"https:\/\/reka-n.com\/vn\/wp-json\/wp\/v2\/media?parent=44"}],"curies":[{"name":"wp","href":"https:\/\/api.w.org\/{rel}","templated":true}]}}