{"id":43,"date":"2023-02-17T08:08:37","date_gmt":"2023-02-17T08:08:37","guid":{"rendered":"https:\/\/appedata.com\/?page_id=43"},"modified":"2023-08-11T01:41:27","modified_gmt":"2023-08-11T01:41:27","slug":"flavours","status":"publish","type":"page","link":"https:\/\/reka-n.com\/vn\/flavours.html","title":{"rendered":"H\u01b0\u01a1ng v\u1ecb"},"content":{"rendered":"<div class=\"wp-block-image\">\n<figure class=\"aligncenter size-large\"><img loading=\"lazy\" decoding=\"async\" width=\"1024\" height=\"172\" src=\"https:\/\/reka-n.com\/vn\/Media\/2023\/05\/bg-flavor-1110x186-NEW-1024x172.png\" alt=\"\" class=\"wp-image-1649\" srcset=\"https:\/\/reka-n.com\/vn\/Media\/2023\/05\/bg-flavor-1110x186-NEW-1024x172.png 1024w, https:\/\/reka-n.com\/vn\/Media\/2023\/05\/bg-flavor-1110x186-NEW-300x50.png 300w, https:\/\/reka-n.com\/vn\/Media\/2023\/05\/bg-flavor-1110x186-NEW-768x129.png 768w, https:\/\/reka-n.com\/vn\/Media\/2023\/05\/bg-flavor-1110x186-NEW-600x101.png 600w, https:\/\/reka-n.com\/vn\/Media\/2023\/05\/bg-flavor-1110x186-NEW.png 1110w\" sizes=\"auto, (max-width: 1024px) 100vw, 1024px\" \/><\/figure>\n<\/div>\n\n\n<div class=\"wp-block-columns is-layout-flex wp-container-core-columns-is-layout-9d6595d7 wp-block-columns-is-layout-flex\">\n<div class=\"wp-block-column is-layout-flow wp-block-column-is-layout-flow\" style=\"flex-basis:33.33%\">\n<figure class=\"wp-block-table\"><table class=\"has-black-color has-text-color\"><thead><tr><th>Danh m\u1ee5c h\u01b0\u01a1ng v\u1ecb<\/th><\/tr><\/thead><tbody><tr><td><a href=\"https:\/\/reka-n.com\/vn\/flavors\/bakery-cereals.html\">Ti\u1ec7m b\u00e1nh &amp; Ng\u0169 c\u1ed1c<\/a><\/td><\/tr><tr><td><a href=\"https:\/\/reka-n.com\/vn\/flavors\/beverage-powder-drink.html\">\u0110\u1ed3 u\u1ed1ng &amp; B\u1ed9t u\u1ed1ng<\/a><\/td><\/tr><tr><td><a href=\"https:\/\/reka-n.com\/vn\/flavors\/confectionary-sweet.html\">K\u1eb9o &amp; Ng\u1ecdt<\/a><\/td><\/tr><tr><td><a href=\"https:\/\/reka-n.com\/vn\/flavors\/dairy-ice-cream.html\">S\u1eefa &amp; Kem \u0111\u00e1<\/a><\/td><\/tr><tr><td><a href=\"https:\/\/reka-n.com\/vn\/flavors\/food-supplements-oral-care.html\">B\u1ed5 sung th\u1ef1c ph\u1ea9m &amp; Ch\u0103m s\u00f3c r\u0103ng mi\u1ec7ng<\/a><\/td><\/tr><tr><td><a href=\"https:\/\/reka-n.com\/vn\/flavors\/savory-culinary-snack\/\">M\u00f3n \u0103n \u0111\u1eadm \u0111\u00e0 &amp; Snack<\/a><\/td><\/tr><tr><td><a href=\"https:\/\/reka-n.com\/vn\/flavors\/others.html\">Kh\u00e1c<\/a><\/td><\/tr><\/tbody><\/table><\/figure>\n<\/div>\n\n\n\n<div class=\"wp-block-column is-layout-flow wp-block-column-is-layout-flow\" style=\"flex-basis:66.66%\">\n<h1 class=\"wp-block-heading\">H\u01b0\u01a1ng v\u1ecb<\/h1>\n\n\n\n<p>M\u1ed9t trong nh\u1eefng y\u1ebfu t\u1ed1 quan tr\u1ecdng \u0111\u1ec3 kh\u00e1ch h\u00e0ng ch\u1ea5p nh\u1eadn s\u1ea3n ph\u1ea9m th\u1ef1c ph\u1ea9m c\u1ee7a b\u1ea1n l\u00e0 h\u01b0\u01a1ng v\u1ecb \u0111\u1ed9c \u0111\u00e1o n\u1ed5i b\u1eadt so v\u1edbi \u0111\u1ed1i th\u1ee7 c\u1ea1nh tranh. H\u01b0\u01a1ng v\u1ecb k\u00edch th\u00edch c\u1ea3m x\u00fac v\u00e0 k\u00fd \u1ee9c v\u1ec1 h\u01b0\u01a1ng v\u1ecb, m\u00f9i h\u01b0\u01a1ng, c\u1ea3m gi\u00e1c trong mi\u1ec7ng v\u00e0 \u0111i\u1ec1u \u0111\u1eb7c bi\u1ec7t kh\u00f4ng th\u1ec3 nh\u1ea7m l\u1eabn c\u1ee7a ri\u00eang b\u1ea1n.<\/p>\n\n\n\n<p>B\u1eb1ng vi\u1ec7c h\u1ee3p t\u00e1c v\u1edbi c\u00e1c chuy\u00ean gia h\u01b0\u01a1ng v\u1ecb v\u00e0 k\u1ef9 s\u01b0 c\u00f4ng ngh\u1ec7 th\u1ef1c ph\u1ea9m c\u1ee7a ch\u00fang t\u00f4i \u0111\u1ec3 t\u1ea1o ra nh\u1eefng \u00fd t\u01b0\u1edfng v\u00e0 c\u00f4ng th\u1ee9c h\u01b0\u01a1ng v\u1ecb m\u1edbi. S\u1ee9 m\u1ec7nh c\u1ee7a ch\u00fang t\u00f4i l\u00e0 t\u00f9y ch\u1ec9nh t\u1eebng h\u01b0\u01a1ng v\u1ecb \u0111\u1ec3 ph\u00f9 h\u1ee3p v\u1edbi v\u0103n h\u00f3a v\u00e0 m\u00f4i tr\u01b0\u1eddng \u0111\u1ecba ph\u01b0\u01a1ng c\u1ee7a b\u1ea1n. Nguy\u00ean t\u1eafc n\u00e0y gi\u00fap \u0111i\u1ec1u ch\u1ec9nh s\u1ea3n ph\u1ea9m v\u1edbi k\u1ef3 v\u1ecdng c\u1ee7a kh\u00e1ch h\u00e0ng v\u00e0 \u0111\u1ea3m b\u1ea3o s\u1ef1 th\u00e0nh c\u00f4ng li\u00ean t\u1ee5c c\u1ee7a b\u1ea1n tr\u00ean th\u1ecb tr\u01b0\u1eddng.<\/p>\n\n\n\n<p>T\u1ea1i Reka Nutrition, ch\u00fang t\u00f4i c\u00f3 c\u00e1c h\u01b0\u01a1ng v\u1ecb, h\u01b0\u01a1ng th\u01a1m th\u1ef1c ph\u1ea9m v\u00e0 tinh d\u1ea7u th\u1ef1c ph\u1ea9m ph\u00f9 h\u1ee3p v\u1edbi m\u1ecdi kh\u1ea9u v\u1ecb trong s\u1ea3n ph\u1ea9m s\u1eefa, \u0111\u1ed3 u\u1ed1ng, s\u1ea3n ph\u1ea9m b\u00e1nh k\u1eb9o v\u00e0 m\u00f3n \u0103n m\u1eb7n. C\u00e1c h\u01b0\u01a1ng v\u1ecb c\u1ee7a ch\u00fang t\u00f4i \u0111\u01b0\u1ee3c cung c\u1ea5p d\u01b0\u1edbi d\u1ea1ng ch\u1ea5t l\u1ecfng (d\u1ec5 tan trong d\u1ea7u ho\u1eb7c n\u01b0\u1edbc), h\u1ed7n h\u1ee3p, b\u1ed9t v\u00e0 \u0111\u00f3ng k\u00edn, \u0111\u01b0\u1ee3c t\u1ea1o ra b\u1eb1ng c\u00e1ch s\u1eed d\u1ee5ng c\u00e1c nguy\u00ean li\u1ec7u t\u1ed1t nh\u1ea5t v\u00e0 c\u00f4ng ngh\u1ec7 m\u1edbi nh\u1ea5t \u0111\u1ec3 \u0111\u1ea3m b\u1ea3o tu\u1ed5i th\u1ecd l\u00e2u h\u01a1n, hi\u1ec7u su\u1ea5t h\u01b0\u01a1ng v\u1ecb v\u00e0 \u1ed5n \u0111\u1ecbnh trong \u0111i\u1ec1u ki\u1ec7n x\u1eed l\u00fd c\u00f4ng nghi\u1ec7p kh\u1eaft khe nh\u1ea5t. H\u01b0\u01a1ng v\u1ecb c\u1ee7a ch\u00fang t\u00f4i c\u0169ng \u0111\u01b0\u1ee3c ch\u1ee9ng nh\u1eadn halal v\u00e0 tu\u00e2n th\u1ee7 h\u1ec7 th\u1ed1ng \u0111\u1ea3m b\u1ea3o ch\u1ea5t l\u01b0\u1ee3ng ISO:9001:2000.<\/p>\n\n\n\n<p>N\u1ebfu qu\u00fd kh\u00e1ch quan t\u00e2m \u0111\u1ebfn b\u1ea5t k\u1ef3 h\u01b0\u01a1ng v\u1ecb n\u00e0o ho\u1eb7c c\u00f3 \u00fd t\u01b0\u1edfng m\u1edbi, xin vui l\u00f2ng nh\u1ea5p v\u00e0o danh s\u00e1ch h\u01b0\u01a1ng v\u1ecb \u0111\u1ec3 g\u1eedi y\u00eau c\u1ea7u c\u1ee7a qu\u00fd kh\u00e1ch v\u00e0 c\u00e1c nh\u00e2n vi\u00ean kinh doanh c\u1ee7a ch\u00fang t\u00f4i s\u1ebd li\u00ean h\u1ec7 v\u1edbi qu\u00fd kh\u00e1ch trong th\u1eddi gian s\u1edbm nh\u1ea5t.<\/p>\n<\/div>\n<\/div>\n","protected":false},"excerpt":{"rendered":"<p>Danh m\u1ee5c h\u01b0\u01a1ng v\u1ecb Ti\u1ec7m b\u00e1nh &amp; Ng\u0169 c\u1ed1c \u0110\u1ed3 u\u1ed1ng &amp; B\u1ed9t u\u1ed1ng K\u1eb9o &amp; Ng\u1ecdt S\u1eefa &amp; Kem \u0111\u00e1 B\u1ed5 sung th\u1ef1c ph\u1ea9m &amp; Ch\u0103m s\u00f3c r\u0103ng mi\u1ec7ng M\u00f3n \u0103n \u0111\u1eadm \u0111\u00e0 &amp; Snack Kh\u00e1c H\u01b0\u01a1ng v\u1ecb M\u1ed9t trong nh\u1eefng y\u1ebfu t\u1ed1 quan tr\u1ecdng \u0111\u1ec3 kh\u00e1ch h\u00e0ng ch\u1ea5p nh\u1eadn s\u1ea3n ph\u1ea9m th\u1ef1c ph\u1ea9m [&hellip;]<\/p>\n","protected":false},"author":1,"featured_media":0,"parent":0,"menu_order":0,"comment_status":"closed","ping_status":"closed","template":"","meta":{"_themeisle_gutenberg_block_has_review":false,"footnotes":""},"class_list":["post-43","page","type-page","status-publish","hentry"],"yoast_head":"<!-- This site is optimized with the Yoast SEO plugin v25.5 - https:\/\/yoast.com\/wordpress\/plugins\/seo\/ -->\n<title>H\u01b0\u01a1ng v\u1ecb - Nh\u00e0 s\u1ea3n xu\u1ea5t h\u01b0\u01a1ng li\u1ec7u th\u1ef1c ph\u1ea9m | Th\u1ef1c ph\u1ea9m Malaysia | Ricca Peacock Asia<\/title>\n<meta name=\"robots\" content=\"index, follow, max-snippet:-1, max-image-preview:large, max-video-preview:-1\" \/>\n<link rel=\"canonical\" href=\"https:\/\/reka-n.com\/vn\/flavours.html\" \/>\n<meta property=\"og:locale\" content=\"en_US\" \/>\n<meta property=\"og:type\" content=\"article\" \/>\n<meta property=\"og:title\" content=\"H\u01b0\u01a1ng v\u1ecb - Nh\u00e0 s\u1ea3n xu\u1ea5t h\u01b0\u01a1ng li\u1ec7u th\u1ef1c ph\u1ea9m | Th\u1ef1c ph\u1ea9m Malaysia | Ricca Peacock Asia\" \/>\n<meta property=\"og:description\" content=\"Danh m\u1ee5c h\u01b0\u01a1ng v\u1ecb Ti\u1ec7m b\u00e1nh &amp; Ng\u0169 c\u1ed1c \u0110\u1ed3 u\u1ed1ng &amp; B\u1ed9t u\u1ed1ng K\u1eb9o &amp; Ng\u1ecdt S\u1eefa &amp; Kem \u0111\u00e1 B\u1ed5 sung th\u1ef1c ph\u1ea9m &amp; Ch\u0103m s\u00f3c r\u0103ng mi\u1ec7ng M\u00f3n \u0103n \u0111\u1eadm \u0111\u00e0 &amp; Snack Kh\u00e1c H\u01b0\u01a1ng v\u1ecb M\u1ed9t trong nh\u1eefng y\u1ebfu t\u1ed1 quan tr\u1ecdng \u0111\u1ec3 kh\u00e1ch h\u00e0ng ch\u1ea5p nh\u1eadn s\u1ea3n ph\u1ea9m th\u1ef1c ph\u1ea9m [&hellip;]\" \/>\n<meta property=\"og:url\" content=\"https:\/\/reka-n.com\/vn\/flavours.html\" \/>\n<meta property=\"og:site_name\" content=\"Nh\u00e0 s\u1ea3n xu\u1ea5t h\u01b0\u01a1ng li\u1ec7u th\u1ef1c ph\u1ea9m | Th\u1ef1c ph\u1ea9m Malaysia | Ricca Peacock Asia\" \/>\n<meta property=\"article:modified_time\" content=\"2023-08-11T01:41:27+00:00\" \/>\n<meta property=\"og:image\" content=\"https:\/\/reka-n.com\/vn\/Media\/2023\/05\/bg-flavor-1110x186-NEW-1024x172.png\" \/>\n<meta name=\"twitter:card\" content=\"summary_large_image\" \/>\n<meta name=\"twitter:label1\" content=\"Est. reading time\" \/>\n\t<meta name=\"twitter:data1\" content=\"2 minutes\" \/>\n<script type=\"application\/ld+json\" class=\"yoast-schema-graph\">{\"@context\":\"https:\/\/schema.org\",\"@graph\":[{\"@type\":\"WebPage\",\"@id\":\"https:\/\/reka-n.com\/vn\/flavours.html\",\"url\":\"https:\/\/reka-n.com\/vn\/flavours.html\",\"name\":\"H\u01b0\u01a1ng v\u1ecb - Nh\u00e0 s\u1ea3n xu\u1ea5t h\u01b0\u01a1ng li\u1ec7u th\u1ef1c ph\u1ea9m | Th\u1ef1c ph\u1ea9m Malaysia | Ricca Peacock Asia\",\"isPartOf\":{\"@id\":\"https:\/\/reka-n.com\/vn\/#website\"},\"primaryImageOfPage\":{\"@id\":\"https:\/\/reka-n.com\/vn\/flavours.html#primaryimage\"},\"image\":{\"@id\":\"https:\/\/reka-n.com\/vn\/flavours.html#primaryimage\"},\"thumbnailUrl\":\"https:\/\/reka-n.com\/vn\/Media\/2023\/05\/bg-flavor-1110x186-NEW-1024x172.png\",\"datePublished\":\"2023-02-17T08:08:37+00:00\",\"dateModified\":\"2023-08-11T01:41:27+00:00\",\"breadcrumb\":{\"@id\":\"https:\/\/reka-n.com\/vn\/flavours.html#breadcrumb\"},\"inLanguage\":\"en-US\",\"potentialAction\":[{\"@type\":\"ReadAction\",\"target\":[\"https:\/\/reka-n.com\/vn\/flavours.html\"]}]},{\"@type\":\"ImageObject\",\"inLanguage\":\"en-US\",\"@id\":\"https:\/\/reka-n.com\/vn\/flavours.html#primaryimage\",\"url\":\"https:\/\/reka-n.com\/vn\/Media\/2023\/05\/bg-flavor-1110x186-NEW.png\",\"contentUrl\":\"https:\/\/reka-n.com\/vn\/Media\/2023\/05\/bg-flavor-1110x186-NEW.png\",\"width\":1110,\"height\":186},{\"@type\":\"BreadcrumbList\",\"@id\":\"https:\/\/reka-n.com\/vn\/flavours.html#breadcrumb\",\"itemListElement\":[{\"@type\":\"ListItem\",\"position\":1,\"name\":\"Trangch\u1ee7\",\"item\":\"https:\/\/reka-n.com\/vn\/\"},{\"@type\":\"ListItem\",\"position\":2,\"name\":\"H\u01b0\u01a1ng v\u1ecb\"}]},{\"@type\":\"WebSite\",\"@id\":\"https:\/\/reka-n.com\/vn\/#website\",\"url\":\"https:\/\/reka-n.com\/vn\/\",\"name\":\"Nh\u00e0 s\u1ea3n xu\u1ea5t h\u01b0\u01a1ng li\u1ec7u th\u1ef1c ph\u1ea9m | Th\u1ef1c ph\u1ea9m Malaysia | Ricca Peacock Asia\",\"description\":\"Reka l\u00e0 m\u1ed9t trong nh\u1eefng nh\u00e0 s\u1ea3n xu\u1ea5t v\u00e0 ph\u00e2n ph\u1ed1i h\u00e0ng \u0111\u1ea7u v\u1ec1 h\u01b0\u01a1ng li\u1ec7u th\u1ef1c ph\u1ea9m, h\u01b0\u01a1ng th\u01a1m, ch\u1ea5t l\u00e0m \u0111\u1ee5c, h\u00f3a ch\u1ea5t h\u01b0\u01a1ng li\u1ec7u c\u01a1 b\u1ea3n v\u00e0 tinh d\u1ea7u thi\u00ean nhi\u00ean t\u1ea1i ch\u00e2u \u00c1. S\u1ea3n ph\u1ea9m c\u1ee7a ch\u00fang t\u00f4i \u0111\u01b0\u1ee3c t\u1ea1o ra t\u1eeb c\u00e1c th\u00e0nh ph\u1ea7n ch\u1ea5t l\u01b0\u1ee3ng cao \u0111\u01b0\u1ee3c nh\u1eadp kh\u1ea9u t\u1eeb kh\u1eafp n\u01a1i tr\u00ean th\u1ebf gi\u1edbi.\",\"publisher\":{\"@id\":\"https:\/\/reka-n.com\/vn\/#organization\"},\"potentialAction\":[{\"@type\":\"SearchAction\",\"target\":{\"@type\":\"EntryPoint\",\"urlTemplate\":\"https:\/\/reka-n.com\/vn\/?s={search_term_string}\"},\"query-input\":{\"@type\":\"PropertyValueSpecification\",\"valueRequired\":true,\"valueName\":\"search_term_string\"}}],\"inLanguage\":\"en-US\"},{\"@type\":\"Organization\",\"@id\":\"https:\/\/reka-n.com\/vn\/#organization\",\"name\":\"Nh\u00e0 s\u1ea3n xu\u1ea5t h\u01b0\u01a1ng li\u1ec7u th\u1ef1c ph\u1ea9m | Th\u1ef1c ph\u1ea9m Malaysia | Ricca Peacock Asia\",\"url\":\"https:\/\/reka-n.com\/vn\/\",\"logo\":{\"@type\":\"ImageObject\",\"inLanguage\":\"en-US\",\"@id\":\"https:\/\/reka-n.com\/vn\/#\/schema\/logo\/image\/\",\"url\":\"https:\/\/reka-n.com\/vn\/Media\/2023\/04\/cropped-reka-logo.png\",\"contentUrl\":\"https:\/\/reka-n.com\/vn\/Media\/2023\/04\/cropped-reka-logo.png\",\"width\":237,\"height\":100,\"caption\":\"Nh\u00e0 s\u1ea3n xu\u1ea5t h\u01b0\u01a1ng li\u1ec7u th\u1ef1c ph\u1ea9m | Th\u1ef1c ph\u1ea9m Malaysia | Ricca Peacock Asia\"},\"image\":{\"@id\":\"https:\/\/reka-n.com\/vn\/#\/schema\/logo\/image\/\"}}]}<\/script>\n<!-- \/ Yoast SEO plugin. -->","yoast_head_json":{"title":"H\u01b0\u01a1ng v\u1ecb - Nh\u00e0 s\u1ea3n xu\u1ea5t h\u01b0\u01a1ng li\u1ec7u th\u1ef1c ph\u1ea9m | Th\u1ef1c ph\u1ea9m Malaysia | Ricca Peacock Asia","robots":{"index":"index","follow":"follow","max-snippet":"max-snippet:-1","max-image-preview":"max-image-preview:large","max-video-preview":"max-video-preview:-1"},"canonical":"https:\/\/reka-n.com\/vn\/flavours.html","og_locale":"en_US","og_type":"article","og_title":"H\u01b0\u01a1ng v\u1ecb - Nh\u00e0 s\u1ea3n xu\u1ea5t h\u01b0\u01a1ng li\u1ec7u th\u1ef1c ph\u1ea9m | Th\u1ef1c ph\u1ea9m Malaysia | Ricca Peacock Asia","og_description":"Danh m\u1ee5c h\u01b0\u01a1ng v\u1ecb Ti\u1ec7m b\u00e1nh &amp; Ng\u0169 c\u1ed1c \u0110\u1ed3 u\u1ed1ng &amp; B\u1ed9t u\u1ed1ng K\u1eb9o &amp; Ng\u1ecdt S\u1eefa &amp; Kem \u0111\u00e1 B\u1ed5 sung th\u1ef1c ph\u1ea9m &amp; Ch\u0103m s\u00f3c r\u0103ng mi\u1ec7ng M\u00f3n \u0103n \u0111\u1eadm \u0111\u00e0 &amp; Snack Kh\u00e1c H\u01b0\u01a1ng v\u1ecb M\u1ed9t trong nh\u1eefng y\u1ebfu t\u1ed1 quan tr\u1ecdng \u0111\u1ec3 kh\u00e1ch h\u00e0ng ch\u1ea5p nh\u1eadn s\u1ea3n ph\u1ea9m th\u1ef1c ph\u1ea9m [&hellip;]","og_url":"https:\/\/reka-n.com\/vn\/flavours.html","og_site_name":"Nh\u00e0 s\u1ea3n xu\u1ea5t h\u01b0\u01a1ng li\u1ec7u th\u1ef1c ph\u1ea9m | Th\u1ef1c ph\u1ea9m Malaysia | Ricca Peacock Asia","article_modified_time":"2023-08-11T01:41:27+00:00","og_image":[{"url":"https:\/\/reka-n.com\/vn\/Media\/2023\/05\/bg-flavor-1110x186-NEW-1024x172.png","type":"","width":"","height":""}],"twitter_card":"summary_large_image","twitter_misc":{"Est. reading time":"2 minutes"},"schema":{"@context":"https:\/\/schema.org","@graph":[{"@type":"WebPage","@id":"https:\/\/reka-n.com\/vn\/flavours.html","url":"https:\/\/reka-n.com\/vn\/flavours.html","name":"H\u01b0\u01a1ng v\u1ecb - Nh\u00e0 s\u1ea3n xu\u1ea5t h\u01b0\u01a1ng li\u1ec7u th\u1ef1c ph\u1ea9m | Th\u1ef1c ph\u1ea9m Malaysia | Ricca Peacock Asia","isPartOf":{"@id":"https:\/\/reka-n.com\/vn\/#website"},"primaryImageOfPage":{"@id":"https:\/\/reka-n.com\/vn\/flavours.html#primaryimage"},"image":{"@id":"https:\/\/reka-n.com\/vn\/flavours.html#primaryimage"},"thumbnailUrl":"https:\/\/reka-n.com\/vn\/Media\/2023\/05\/bg-flavor-1110x186-NEW-1024x172.png","datePublished":"2023-02-17T08:08:37+00:00","dateModified":"2023-08-11T01:41:27+00:00","breadcrumb":{"@id":"https:\/\/reka-n.com\/vn\/flavours.html#breadcrumb"},"inLanguage":"en-US","potentialAction":[{"@type":"ReadAction","target":["https:\/\/reka-n.com\/vn\/flavours.html"]}]},{"@type":"ImageObject","inLanguage":"en-US","@id":"https:\/\/reka-n.com\/vn\/flavours.html#primaryimage","url":"https:\/\/reka-n.com\/vn\/Media\/2023\/05\/bg-flavor-1110x186-NEW.png","contentUrl":"https:\/\/reka-n.com\/vn\/Media\/2023\/05\/bg-flavor-1110x186-NEW.png","width":1110,"height":186},{"@type":"BreadcrumbList","@id":"https:\/\/reka-n.com\/vn\/flavours.html#breadcrumb","itemListElement":[{"@type":"ListItem","position":1,"name":"Trangch\u1ee7","item":"https:\/\/reka-n.com\/vn\/"},{"@type":"ListItem","position":2,"name":"H\u01b0\u01a1ng v\u1ecb"}]},{"@type":"WebSite","@id":"https:\/\/reka-n.com\/vn\/#website","url":"https:\/\/reka-n.com\/vn\/","name":"Nh\u00e0 s\u1ea3n xu\u1ea5t h\u01b0\u01a1ng li\u1ec7u th\u1ef1c ph\u1ea9m | Th\u1ef1c ph\u1ea9m Malaysia | Ricca Peacock Asia","description":"Reka l\u00e0 m\u1ed9t trong nh\u1eefng nh\u00e0 s\u1ea3n xu\u1ea5t v\u00e0 ph\u00e2n ph\u1ed1i h\u00e0ng \u0111\u1ea7u v\u1ec1 h\u01b0\u01a1ng li\u1ec7u th\u1ef1c ph\u1ea9m, h\u01b0\u01a1ng th\u01a1m, ch\u1ea5t l\u00e0m \u0111\u1ee5c, h\u00f3a ch\u1ea5t h\u01b0\u01a1ng li\u1ec7u c\u01a1 b\u1ea3n v\u00e0 tinh d\u1ea7u thi\u00ean nhi\u00ean t\u1ea1i ch\u00e2u \u00c1. S\u1ea3n ph\u1ea9m c\u1ee7a ch\u00fang t\u00f4i \u0111\u01b0\u1ee3c t\u1ea1o ra t\u1eeb c\u00e1c th\u00e0nh ph\u1ea7n ch\u1ea5t l\u01b0\u1ee3ng cao \u0111\u01b0\u1ee3c nh\u1eadp kh\u1ea9u t\u1eeb kh\u1eafp n\u01a1i tr\u00ean th\u1ebf gi\u1edbi.","publisher":{"@id":"https:\/\/reka-n.com\/vn\/#organization"},"potentialAction":[{"@type":"SearchAction","target":{"@type":"EntryPoint","urlTemplate":"https:\/\/reka-n.com\/vn\/?s={search_term_string}"},"query-input":{"@type":"PropertyValueSpecification","valueRequired":true,"valueName":"search_term_string"}}],"inLanguage":"en-US"},{"@type":"Organization","@id":"https:\/\/reka-n.com\/vn\/#organization","name":"Nh\u00e0 s\u1ea3n xu\u1ea5t h\u01b0\u01a1ng li\u1ec7u th\u1ef1c ph\u1ea9m | Th\u1ef1c ph\u1ea9m Malaysia | Ricca Peacock Asia","url":"https:\/\/reka-n.com\/vn\/","logo":{"@type":"ImageObject","inLanguage":"en-US","@id":"https:\/\/reka-n.com\/vn\/#\/schema\/logo\/image\/","url":"https:\/\/reka-n.com\/vn\/Media\/2023\/04\/cropped-reka-logo.png","contentUrl":"https:\/\/reka-n.com\/vn\/Media\/2023\/04\/cropped-reka-logo.png","width":237,"height":100,"caption":"Nh\u00e0 s\u1ea3n xu\u1ea5t h\u01b0\u01a1ng li\u1ec7u th\u1ef1c ph\u1ea9m | Th\u1ef1c ph\u1ea9m Malaysia | Ricca Peacock Asia"},"image":{"@id":"https:\/\/reka-n.com\/vn\/#\/schema\/logo\/image\/"}}]}},"_links":{"self":[{"href":"https:\/\/reka-n.com\/vn\/wp-json\/wp\/v2\/pages\/43","targetHints":{"allow":["GET"]}}],"collection":[{"href":"https:\/\/reka-n.com\/vn\/wp-json\/wp\/v2\/pages"}],"about":[{"href":"https:\/\/reka-n.com\/vn\/wp-json\/wp\/v2\/types\/page"}],"author":[{"embeddable":true,"href":"https:\/\/reka-n.com\/vn\/wp-json\/wp\/v2\/users\/1"}],"replies":[{"embeddable":true,"href":"https:\/\/reka-n.com\/vn\/wp-json\/wp\/v2\/comments?post=43"}],"version-history":[{"count":20,"href":"https:\/\/reka-n.com\/vn\/wp-json\/wp\/v2\/pages\/43\/revisions"}],"predecessor-version":[{"id":2844,"href":"https:\/\/reka-n.com\/vn\/wp-json\/wp\/v2\/pages\/43\/revisions\/2844"}],"wp:attachment":[{"href":"https:\/\/reka-n.com\/vn\/wp-json\/wp\/v2\/media?parent=43"}],"curies":[{"name":"wp","href":"https:\/\/api.w.org\/{rel}","templated":true}]}}