{"id":1743,"date":"2023-05-26T18:24:48","date_gmt":"2023-05-26T18:24:48","guid":{"rendered":"https:\/\/reka-n.com\/?page_id=1743"},"modified":"2023-08-08T05:19:11","modified_gmt":"2023-08-08T05:19:11","slug":"privacy-policy-2","status":"publish","type":"page","link":"https:\/\/reka-n.com\/vn\/privacy-policy-2.html","title":{"rendered":"Ch\u00ednh s\u00e1ch b\u1ea3o m\u1eadt"},"content":{"rendered":"\n<p><\/p>\n\n\n\n<p><strong>Ch\u00ednh s\u00e1ch b\u1ea3o m\u1eadt cho Reka<\/strong><\/p>\n\n\n\n<p><\/p>\n\n\n\n<p><strong>1. Gi\u1edbi thi\u1ec7u<\/strong><\/p>\n\n\n\n<p>Reka (&#8216;ch\u00fang t\u00f4i&#8217;, &#8216;ch\u00fang ta&#8217;, ho\u1eb7c &#8216;c\u1ee7a ch\u00fang t\u00f4i&#8217;) \u0111i\u1ec1u h\u00e0nh trang web <a href=\"http:\/\/www.reka-n.com\/vn\">www.reka-n.com\/vn<\/a> (d\u1ecbch v\u1ee5 n\u00e0y). Trang n\u00e0y th\u00f4ng b\u00e1o cho b\u1ea1n v\u1ec1 ch\u00ednh s\u00e1ch v\u1ec1 vi\u1ec7c thu th\u1eadp, s\u1eed d\u1ee5ng v\u00e0 ti\u1ebft l\u1ed9 d\u1eef li\u1ec7u c\u00e1 nh\u00e2n khi b\u1ea1n s\u1eed d\u1ee5ng d\u1ecbch v\u1ee5 c\u1ee7a ch\u00fang t\u00f4i v\u00e0 nh\u1eefng l\u1ef1a ch\u1ecdn b\u1ea1n c\u00f3 li\u00ean quan \u0111\u1ebfn d\u1eef li\u1ec7u \u0111\u00f3.<\/p>\n\n\n\n<p><strong>2. Thu th\u1eadp v\u00e0 S\u1eed d\u1ee5ng Th\u00f4ng tin<\/strong><\/p>\n\n\n\n<p>Ch\u00fang t\u00f4i thu th\u1eadp m\u1ed9t s\u1ed1 lo\u1ea1i th\u00f4ng tin kh\u00e1c nhau cho m\u1ee5c \u0111\u00edch kh\u00e1c nhau \u0111\u1ec3 cung c\u1ea5p v\u00e0 c\u1ea3i thi\u1ec7n D\u1ecbch v\u1ee5 c\u1ee7a ch\u00fang t\u00f4i cho b\u1ea1n.<\/p>\n\n\n\n<p><strong>2.1. D\u1eef li\u1ec7u c\u00e1 nh\u00e2n<\/strong><\/p>\n\n\n\n<p>Trong qu\u00e1 tr\u00ecnh s\u1eed d\u1ee5ng D\u1ecbch v\u1ee5 c\u1ee7a ch\u00fang t\u00f4i, ch\u00fang t\u00f4i c\u00f3 th\u1ec3 y\u00eau c\u1ea7u b\u1ea1n cung c\u1ea5p cho ch\u00fang t\u00f4i m\u1ed9t s\u1ed1 th\u00f4ng tin nh\u1eadn d\u1ea1ng c\u00e1 nh\u00e2n c\u00f3 th\u1ec3 s\u1eed d\u1ee5ng \u0111\u1ec3 li\u00ean h\u1ec7 ho\u1eb7c x\u00e1c \u0111\u1ecbnh b\u1ea1n (&#8216;D\u1eef li\u1ec7u C\u00e1 nh\u00e2n&#8217;). \u0110i\u1ec1u n\u00e0y c\u00f3 th\u1ec3 bao g\u1ed3m, nh\u01b0ng kh\u00f4ng gi\u1edbi h\u1ea1n \u0111\u1ebfn:<\/p>\n\n\n\n<ul class=\"wp-block-list\">\n<li>\u0110\u1ecba ch\u1ec9 email<\/li>\n\n\n\n<li>T\u00ean v\u00e0 h\u1ecd<\/li>\n\n\n\n<li>S\u1ed1 \u0111i\u1ec7n tho\u1ea1i<\/li>\n\n\n\n<li>\u0110\u1ecba ch\u1ec9, T\u1ec9nh\/Th\u00e0nh ph\u1ed1, M\u00e3 b\u01b0u \u0111i\u1ec7n, Qu\u1ed1c gia<\/li>\n\n\n\n<li>Cookies v\u00e0 D\u1eef li\u1ec7u s\u1eed d\u1ee5ng<\/li>\n<\/ul>\n\n\n\n<p><strong>2.2. D\u1eef li\u1ec7u s\u1eed d\u1ee5ng<\/strong><\/p>\n\n\n\n<p>Ch\u00fang t\u00f4i c\u0169ng c\u00f3 th\u1ec3 thu th\u1eadp th\u00f4ng tin v\u1ec1 c\u00e1ch b\u1ea1n truy c\u1eadp v\u00e0 s\u1eed d\u1ee5ng D\u1ecbch v\u1ee5 (D\u1eef li\u1ec7u s\u1eed d\u1ee5ng). D\u1eef li\u1ec7u s\u1eed d\u1ee5ng n\u00e0y c\u00f3 th\u1ec3 bao g\u1ed3m th\u00f4ng tin nh\u01b0 \u0111\u1ecba ch\u1ec9 giao th\u1ee9c Internet c\u1ee7a m\u00e1y t\u00ednh c\u1ee7a b\u1ea1n (v\u00ed d\u1ee5: \u0111\u1ecba ch\u1ec9 IP), lo\u1ea1i tr\u00ecnh duy\u1ec7t, phi\u00ean b\u1ea3n tr\u00ecnh duy\u1ec7t, c\u00e1c trang c\u1ee7a D\u1ecbch v\u1ee5 m\u00e0 b\u1ea1n truy c\u1eadp, th\u1eddi gian v\u00e0 ng\u00e0y c\u1ee7a vi\u1ec7c truy c\u1eadp c\u1ee7a b\u1ea1n, th\u1eddi gian d\u00e0nh cho c\u00e1c trang \u0111\u00f3, c\u00e1c \u0111\u1ecbnh danh thi\u1ebft b\u1ecb duy nh\u1ea5t v\u00e0 c\u00e1c d\u1eef li\u1ec7u ch\u1ea9n \u0111o\u00e1n kh\u00e1c.<\/p>\n\n\n\n<p><strong>3. Vi\u1ec7c s\u1eed d\u1ee5ng d\u1eef li\u1ec7u<\/strong><\/p>\n\n\n\n<p>Reka s\u1eed d\u1ee5ng c\u00e1c d\u1eef li\u1ec7u thu th\u1eadp \u0111\u01b0\u1ee3c cho c\u00e1c m\u1ee5c \u0111\u00edch kh\u00e1c nhau, bao g\u1ed3m:<\/p>\n\n\n\n<ul class=\"wp-block-list\">\n<li>\u0110\u1ec3 cung c\u1ea5p v\u00e0 duy tr\u00ec D\u1ecbch v\u1ee5 c\u1ee7a ch\u00fang t\u00f4i<\/li>\n\n\n\n<li>Th\u00f4ng b\u00e1o cho b\u1ea1n v\u1ec1 c\u00e1c thay \u0111\u1ed5i trong D\u1ecbch v\u1ee5 c\u1ee7a ch\u00fang t\u00f4i<\/li>\n\n\n\n<li>H\u1ed7 tr\u1ee3 kh\u00e1ch h\u00e0ng<\/li>\n\n\n\n<li>Thu th\u1eadp v\u00e0 ph\u00e2n t\u00edch th\u00f4ng tin gi\u00e1 tr\u1ecb \u0111\u1ec3 c\u1ea3i thi\u1ec7n D\u1ecbch v\u1ee5 c\u1ee7a ch\u00fang t\u00f4i<\/li>\n\n\n\n<li>Gi\u00e1m s\u00e1t vi\u1ec7c s\u1eed d\u1ee5ng D\u1ecbch v\u1ee5 c\u1ee7a ch\u00fang t\u00f4i<\/li>\n\n\n\n<li>Ph\u00e1t hi\u1ec7n, ng\u0103n ch\u1eb7n v\u00e0 gi\u1ea3i quy\u1ebft c\u00e1c v\u1ea5n \u0111\u1ec1 k\u1ef9 thu\u1eadt<\/li>\n<\/ul>\n\n\n\n<p><strong>4. C\u00e1c quy\u1ec1n c\u1ee7a b\u1ea1n<\/strong><\/p>\n\n\n\n<p>Reka nh\u1eb1m m\u1ee5c ti\u00eau th\u1ef1c hi\u1ec7n c\u00e1c bi\u1ec7n ph\u00e1p h\u1ee3p l\u00fd \u0111\u1ec3 cho ph\u00e9p b\u1ea1n s\u1eeda \u0111\u1ed5i, \u0111i\u1ec1u ch\u1ec9nh, x\u00f3a ho\u1eb7c h\u1ea1n ch\u1ebf vi\u1ec7c s\u1eed d\u1ee5ng d\u1eef li\u1ec7u c\u00e1 nh\u00e2n c\u1ee7a b\u1ea1n. Vui l\u00f2ng li\u00ean h\u1ec7 v\u1edbi ch\u00fang t\u00f4i n\u1ebfu b\u1ea1n mu\u1ed1n t\u00ecm hi\u1ec3u th\u00eam v\u1ec1 th\u00f4ng tin ch\u00fang t\u00f4i l\u01b0u tr\u1eef v\u1ec1 b\u1ea1n, n\u1ebfu c\u00f3, v\u00e0 c\u00e1ch c\u1eadp nh\u1eadt ho\u1eb7c x\u00f3a n\u00f3.<\/p>\n\n\n\n<p><strong>5. Thay \u0111\u1ed5i trong Ch\u00ednh s\u00e1ch B\u1ea3o m\u1eadt n\u00e0y<\/strong><\/p>\n\n\n\n<p>Ch\u00fang t\u00f4i c\u00f3 th\u1ec3 c\u1eadp nh\u1eadt Ch\u00ednh s\u00e1ch B\u1ea3o m\u1eadt c\u1ee7a ch\u00fang t\u00f4i t\u1eeb th\u1eddi gian n\u00e0y \u0111\u1ebfn th\u1eddi gian kh\u00e1c. Ch\u00fang t\u00f4i s\u1ebd th\u00f4ng b\u00e1o cho b\u1ea1n v\u1ec1 b\u1ea5t k\u1ef3 thay \u0111\u1ed5i n\u00e0o b\u1eb1ng c\u00e1ch \u0111\u0103ng Ch\u00ednh s\u00e1ch B\u1ea3o m\u1eadt m\u1edbi tr\u00ean trang n\u00e0y. B\u1ea1n \u0111\u01b0\u1ee3c khuy\u1ebfn kh\u00edch xem x\u00e9t l\u1ea1i Ch\u00ednh s\u00e1ch B\u1ea3o m\u1eadt n\u00e0y \u0111\u1ecbnh k\u1ef3 \u0111\u1ec3 bi\u1ebft v\u1ec1 b\u1ea5t k\u1ef3 thay \u0111\u1ed5i n\u00e0o.<\/p>\n\n\n\n<p><strong>6. Li\u00ean h\u1ec7 ch\u00fang t\u00f4i<\/strong><\/p>\n\n\n\n<p>N\u1ebfu b\u1ea1n c\u00f3 b\u1ea5t k\u1ef3 c\u00e2u h\u1ecfi n\u00e0o v\u1ec1 Ch\u00ednh s\u00e1ch B\u1ea3o m\u1eadt n\u00e0y, xin vui l\u00f2ng li\u00ean h\u1ec7 v\u1edbi ch\u00fang t\u00f4i.<\/p>\n","protected":false},"excerpt":{"rendered":"<p>Ch\u00ednh s\u00e1ch b\u1ea3o m\u1eadt cho Reka 1. Gi\u1edbi thi\u1ec7u Reka (&#8216;ch\u00fang t\u00f4i&#8217;, &#8216;ch\u00fang ta&#8217;, ho\u1eb7c &#8216;c\u1ee7a ch\u00fang t\u00f4i&#8217;) \u0111i\u1ec1u h\u00e0nh trang web www.reka-n.com\/vn (d\u1ecbch v\u1ee5 n\u00e0y). Trang n\u00e0y th\u00f4ng b\u00e1o cho b\u1ea1n v\u1ec1 ch\u00ednh s\u00e1ch v\u1ec1 vi\u1ec7c thu th\u1eadp, s\u1eed d\u1ee5ng v\u00e0 ti\u1ebft l\u1ed9 d\u1eef li\u1ec7u c\u00e1 nh\u00e2n khi b\u1ea1n s\u1eed d\u1ee5ng d\u1ecbch v\u1ee5 c\u1ee7a [&hellip;]<\/p>\n","protected":false},"author":1,"featured_media":0,"parent":0,"menu_order":0,"comment_status":"closed","ping_status":"closed","template":"","meta":{"_themeisle_gutenberg_block_has_review":false,"footnotes":""},"class_list":["post-1743","page","type-page","status-publish","hentry"],"yoast_head":"<!-- This site is optimized with the Yoast SEO plugin v25.5 - https:\/\/yoast.com\/wordpress\/plugins\/seo\/ -->\n<title>Ch\u00ednh s\u00e1ch b\u1ea3o m\u1eadt - Nh\u00e0 s\u1ea3n xu\u1ea5t h\u01b0\u01a1ng li\u1ec7u th\u1ef1c ph\u1ea9m | Th\u1ef1c ph\u1ea9m Malaysia | Ricca Peacock Asia<\/title>\n<meta name=\"robots\" content=\"index, follow, max-snippet:-1, max-image-preview:large, max-video-preview:-1\" \/>\n<link rel=\"canonical\" href=\"https:\/\/reka-n.com\/vn\/privacy-policy-2.html\" \/>\n<meta property=\"og:locale\" content=\"en_US\" \/>\n<meta property=\"og:type\" content=\"article\" \/>\n<meta property=\"og:title\" content=\"Ch\u00ednh s\u00e1ch b\u1ea3o m\u1eadt - Nh\u00e0 s\u1ea3n xu\u1ea5t h\u01b0\u01a1ng li\u1ec7u th\u1ef1c ph\u1ea9m | Th\u1ef1c ph\u1ea9m Malaysia | Ricca Peacock Asia\" \/>\n<meta property=\"og:description\" content=\"Ch\u00ednh s\u00e1ch b\u1ea3o m\u1eadt cho Reka 1. Gi\u1edbi thi\u1ec7u Reka (&#8216;ch\u00fang t\u00f4i&#8217;, &#8216;ch\u00fang ta&#8217;, ho\u1eb7c &#8216;c\u1ee7a ch\u00fang t\u00f4i&#8217;) \u0111i\u1ec1u h\u00e0nh trang web www.reka-n.com\/vn (d\u1ecbch v\u1ee5 n\u00e0y). Trang n\u00e0y th\u00f4ng b\u00e1o cho b\u1ea1n v\u1ec1 ch\u00ednh s\u00e1ch v\u1ec1 vi\u1ec7c thu th\u1eadp, s\u1eed d\u1ee5ng v\u00e0 ti\u1ebft l\u1ed9 d\u1eef li\u1ec7u c\u00e1 nh\u00e2n khi b\u1ea1n s\u1eed d\u1ee5ng d\u1ecbch v\u1ee5 c\u1ee7a [&hellip;]\" \/>\n<meta property=\"og:url\" content=\"https:\/\/reka-n.com\/vn\/privacy-policy-2.html\" \/>\n<meta property=\"og:site_name\" content=\"Nh\u00e0 s\u1ea3n xu\u1ea5t h\u01b0\u01a1ng li\u1ec7u th\u1ef1c ph\u1ea9m | Th\u1ef1c ph\u1ea9m Malaysia | Ricca Peacock Asia\" \/>\n<meta property=\"article:modified_time\" content=\"2023-08-08T05:19:11+00:00\" \/>\n<meta name=\"twitter:card\" content=\"summary_large_image\" \/>\n<meta name=\"twitter:label1\" content=\"Est. reading time\" \/>\n\t<meta name=\"twitter:data1\" content=\"3 minutes\" \/>\n<script type=\"application\/ld+json\" class=\"yoast-schema-graph\">{\"@context\":\"https:\/\/schema.org\",\"@graph\":[{\"@type\":\"WebPage\",\"@id\":\"https:\/\/reka-n.com\/vn\/privacy-policy-2.html\",\"url\":\"https:\/\/reka-n.com\/vn\/privacy-policy-2.html\",\"name\":\"Ch\u00ednh s\u00e1ch b\u1ea3o m\u1eadt - Nh\u00e0 s\u1ea3n xu\u1ea5t h\u01b0\u01a1ng li\u1ec7u th\u1ef1c ph\u1ea9m | Th\u1ef1c ph\u1ea9m Malaysia | Ricca Peacock Asia\",\"isPartOf\":{\"@id\":\"https:\/\/reka-n.com\/vn\/#website\"},\"datePublished\":\"2023-05-26T18:24:48+00:00\",\"dateModified\":\"2023-08-08T05:19:11+00:00\",\"breadcrumb\":{\"@id\":\"https:\/\/reka-n.com\/vn\/privacy-policy-2.html#breadcrumb\"},\"inLanguage\":\"en-US\",\"potentialAction\":[{\"@type\":\"ReadAction\",\"target\":[\"https:\/\/reka-n.com\/vn\/privacy-policy-2.html\"]}]},{\"@type\":\"BreadcrumbList\",\"@id\":\"https:\/\/reka-n.com\/vn\/privacy-policy-2.html#breadcrumb\",\"itemListElement\":[{\"@type\":\"ListItem\",\"position\":1,\"name\":\"Trangch\u1ee7\",\"item\":\"https:\/\/reka-n.com\/vn\/\"},{\"@type\":\"ListItem\",\"position\":2,\"name\":\"Ch\u00ednh s\u00e1ch b\u1ea3o m\u1eadt\"}]},{\"@type\":\"WebSite\",\"@id\":\"https:\/\/reka-n.com\/vn\/#website\",\"url\":\"https:\/\/reka-n.com\/vn\/\",\"name\":\"Nh\u00e0 s\u1ea3n xu\u1ea5t h\u01b0\u01a1ng li\u1ec7u th\u1ef1c ph\u1ea9m | Th\u1ef1c ph\u1ea9m Malaysia | Ricca Peacock Asia\",\"description\":\"Reka l\u00e0 m\u1ed9t trong nh\u1eefng nh\u00e0 s\u1ea3n xu\u1ea5t v\u00e0 ph\u00e2n ph\u1ed1i h\u00e0ng \u0111\u1ea7u v\u1ec1 h\u01b0\u01a1ng li\u1ec7u th\u1ef1c ph\u1ea9m, h\u01b0\u01a1ng th\u01a1m, ch\u1ea5t l\u00e0m \u0111\u1ee5c, h\u00f3a ch\u1ea5t h\u01b0\u01a1ng li\u1ec7u c\u01a1 b\u1ea3n v\u00e0 tinh d\u1ea7u thi\u00ean nhi\u00ean t\u1ea1i ch\u00e2u \u00c1. S\u1ea3n ph\u1ea9m c\u1ee7a ch\u00fang t\u00f4i \u0111\u01b0\u1ee3c t\u1ea1o ra t\u1eeb c\u00e1c th\u00e0nh ph\u1ea7n ch\u1ea5t l\u01b0\u1ee3ng cao \u0111\u01b0\u1ee3c nh\u1eadp kh\u1ea9u t\u1eeb kh\u1eafp n\u01a1i tr\u00ean th\u1ebf gi\u1edbi.\",\"publisher\":{\"@id\":\"https:\/\/reka-n.com\/vn\/#organization\"},\"potentialAction\":[{\"@type\":\"SearchAction\",\"target\":{\"@type\":\"EntryPoint\",\"urlTemplate\":\"https:\/\/reka-n.com\/vn\/?s={search_term_string}\"},\"query-input\":{\"@type\":\"PropertyValueSpecification\",\"valueRequired\":true,\"valueName\":\"search_term_string\"}}],\"inLanguage\":\"en-US\"},{\"@type\":\"Organization\",\"@id\":\"https:\/\/reka-n.com\/vn\/#organization\",\"name\":\"Nh\u00e0 s\u1ea3n xu\u1ea5t h\u01b0\u01a1ng li\u1ec7u th\u1ef1c ph\u1ea9m | Th\u1ef1c ph\u1ea9m Malaysia | Ricca Peacock Asia\",\"url\":\"https:\/\/reka-n.com\/vn\/\",\"logo\":{\"@type\":\"ImageObject\",\"inLanguage\":\"en-US\",\"@id\":\"https:\/\/reka-n.com\/vn\/#\/schema\/logo\/image\/\",\"url\":\"https:\/\/reka-n.com\/vn\/Media\/2023\/04\/cropped-reka-logo.png\",\"contentUrl\":\"https:\/\/reka-n.com\/vn\/Media\/2023\/04\/cropped-reka-logo.png\",\"width\":237,\"height\":100,\"caption\":\"Nh\u00e0 s\u1ea3n xu\u1ea5t h\u01b0\u01a1ng li\u1ec7u th\u1ef1c ph\u1ea9m | Th\u1ef1c ph\u1ea9m Malaysia | Ricca Peacock Asia\"},\"image\":{\"@id\":\"https:\/\/reka-n.com\/vn\/#\/schema\/logo\/image\/\"}}]}<\/script>\n<!-- \/ Yoast SEO plugin. -->","yoast_head_json":{"title":"Ch\u00ednh s\u00e1ch b\u1ea3o m\u1eadt - Nh\u00e0 s\u1ea3n xu\u1ea5t h\u01b0\u01a1ng li\u1ec7u th\u1ef1c ph\u1ea9m | Th\u1ef1c ph\u1ea9m Malaysia | Ricca Peacock Asia","robots":{"index":"index","follow":"follow","max-snippet":"max-snippet:-1","max-image-preview":"max-image-preview:large","max-video-preview":"max-video-preview:-1"},"canonical":"https:\/\/reka-n.com\/vn\/privacy-policy-2.html","og_locale":"en_US","og_type":"article","og_title":"Ch\u00ednh s\u00e1ch b\u1ea3o m\u1eadt - Nh\u00e0 s\u1ea3n xu\u1ea5t h\u01b0\u01a1ng li\u1ec7u th\u1ef1c ph\u1ea9m | Th\u1ef1c ph\u1ea9m Malaysia | Ricca Peacock Asia","og_description":"Ch\u00ednh s\u00e1ch b\u1ea3o m\u1eadt cho Reka 1. Gi\u1edbi thi\u1ec7u Reka (&#8216;ch\u00fang t\u00f4i&#8217;, &#8216;ch\u00fang ta&#8217;, ho\u1eb7c &#8216;c\u1ee7a ch\u00fang t\u00f4i&#8217;) \u0111i\u1ec1u h\u00e0nh trang web www.reka-n.com\/vn (d\u1ecbch v\u1ee5 n\u00e0y). Trang n\u00e0y th\u00f4ng b\u00e1o cho b\u1ea1n v\u1ec1 ch\u00ednh s\u00e1ch v\u1ec1 vi\u1ec7c thu th\u1eadp, s\u1eed d\u1ee5ng v\u00e0 ti\u1ebft l\u1ed9 d\u1eef li\u1ec7u c\u00e1 nh\u00e2n khi b\u1ea1n s\u1eed d\u1ee5ng d\u1ecbch v\u1ee5 c\u1ee7a [&hellip;]","og_url":"https:\/\/reka-n.com\/vn\/privacy-policy-2.html","og_site_name":"Nh\u00e0 s\u1ea3n xu\u1ea5t h\u01b0\u01a1ng li\u1ec7u th\u1ef1c ph\u1ea9m | Th\u1ef1c ph\u1ea9m Malaysia | Ricca Peacock Asia","article_modified_time":"2023-08-08T05:19:11+00:00","twitter_card":"summary_large_image","twitter_misc":{"Est. reading time":"3 minutes"},"schema":{"@context":"https:\/\/schema.org","@graph":[{"@type":"WebPage","@id":"https:\/\/reka-n.com\/vn\/privacy-policy-2.html","url":"https:\/\/reka-n.com\/vn\/privacy-policy-2.html","name":"Ch\u00ednh s\u00e1ch b\u1ea3o m\u1eadt - Nh\u00e0 s\u1ea3n xu\u1ea5t h\u01b0\u01a1ng li\u1ec7u th\u1ef1c ph\u1ea9m | Th\u1ef1c ph\u1ea9m Malaysia | Ricca Peacock Asia","isPartOf":{"@id":"https:\/\/reka-n.com\/vn\/#website"},"datePublished":"2023-05-26T18:24:48+00:00","dateModified":"2023-08-08T05:19:11+00:00","breadcrumb":{"@id":"https:\/\/reka-n.com\/vn\/privacy-policy-2.html#breadcrumb"},"inLanguage":"en-US","potentialAction":[{"@type":"ReadAction","target":["https:\/\/reka-n.com\/vn\/privacy-policy-2.html"]}]},{"@type":"BreadcrumbList","@id":"https:\/\/reka-n.com\/vn\/privacy-policy-2.html#breadcrumb","itemListElement":[{"@type":"ListItem","position":1,"name":"Trangch\u1ee7","item":"https:\/\/reka-n.com\/vn\/"},{"@type":"ListItem","position":2,"name":"Ch\u00ednh s\u00e1ch b\u1ea3o m\u1eadt"}]},{"@type":"WebSite","@id":"https:\/\/reka-n.com\/vn\/#website","url":"https:\/\/reka-n.com\/vn\/","name":"Nh\u00e0 s\u1ea3n xu\u1ea5t h\u01b0\u01a1ng li\u1ec7u th\u1ef1c ph\u1ea9m | Th\u1ef1c ph\u1ea9m Malaysia | Ricca Peacock Asia","description":"Reka l\u00e0 m\u1ed9t trong nh\u1eefng nh\u00e0 s\u1ea3n xu\u1ea5t v\u00e0 ph\u00e2n ph\u1ed1i h\u00e0ng \u0111\u1ea7u v\u1ec1 h\u01b0\u01a1ng li\u1ec7u th\u1ef1c ph\u1ea9m, h\u01b0\u01a1ng th\u01a1m, ch\u1ea5t l\u00e0m \u0111\u1ee5c, h\u00f3a ch\u1ea5t h\u01b0\u01a1ng li\u1ec7u c\u01a1 b\u1ea3n v\u00e0 tinh d\u1ea7u thi\u00ean nhi\u00ean t\u1ea1i ch\u00e2u \u00c1. S\u1ea3n ph\u1ea9m c\u1ee7a ch\u00fang t\u00f4i \u0111\u01b0\u1ee3c t\u1ea1o ra t\u1eeb c\u00e1c th\u00e0nh ph\u1ea7n ch\u1ea5t l\u01b0\u1ee3ng cao \u0111\u01b0\u1ee3c nh\u1eadp kh\u1ea9u t\u1eeb kh\u1eafp n\u01a1i tr\u00ean th\u1ebf gi\u1edbi.","publisher":{"@id":"https:\/\/reka-n.com\/vn\/#organization"},"potentialAction":[{"@type":"SearchAction","target":{"@type":"EntryPoint","urlTemplate":"https:\/\/reka-n.com\/vn\/?s={search_term_string}"},"query-input":{"@type":"PropertyValueSpecification","valueRequired":true,"valueName":"search_term_string"}}],"inLanguage":"en-US"},{"@type":"Organization","@id":"https:\/\/reka-n.com\/vn\/#organization","name":"Nh\u00e0 s\u1ea3n xu\u1ea5t h\u01b0\u01a1ng li\u1ec7u th\u1ef1c ph\u1ea9m | Th\u1ef1c ph\u1ea9m Malaysia | Ricca Peacock Asia","url":"https:\/\/reka-n.com\/vn\/","logo":{"@type":"ImageObject","inLanguage":"en-US","@id":"https:\/\/reka-n.com\/vn\/#\/schema\/logo\/image\/","url":"https:\/\/reka-n.com\/vn\/Media\/2023\/04\/cropped-reka-logo.png","contentUrl":"https:\/\/reka-n.com\/vn\/Media\/2023\/04\/cropped-reka-logo.png","width":237,"height":100,"caption":"Nh\u00e0 s\u1ea3n xu\u1ea5t h\u01b0\u01a1ng li\u1ec7u th\u1ef1c ph\u1ea9m | Th\u1ef1c ph\u1ea9m Malaysia | Ricca Peacock Asia"},"image":{"@id":"https:\/\/reka-n.com\/vn\/#\/schema\/logo\/image\/"}}]}},"_links":{"self":[{"href":"https:\/\/reka-n.com\/vn\/wp-json\/wp\/v2\/pages\/1743","targetHints":{"allow":["GET"]}}],"collection":[{"href":"https:\/\/reka-n.com\/vn\/wp-json\/wp\/v2\/pages"}],"about":[{"href":"https:\/\/reka-n.com\/vn\/wp-json\/wp\/v2\/types\/page"}],"author":[{"embeddable":true,"href":"https:\/\/reka-n.com\/vn\/wp-json\/wp\/v2\/users\/1"}],"replies":[{"embeddable":true,"href":"https:\/\/reka-n.com\/vn\/wp-json\/wp\/v2\/comments?post=1743"}],"version-history":[{"count":2,"href":"https:\/\/reka-n.com\/vn\/wp-json\/wp\/v2\/pages\/1743\/revisions"}],"predecessor-version":[{"id":1956,"href":"https:\/\/reka-n.com\/vn\/wp-json\/wp\/v2\/pages\/1743\/revisions\/1956"}],"wp:attachment":[{"href":"https:\/\/reka-n.com\/vn\/wp-json\/wp\/v2\/media?parent=1743"}],"curies":[{"name":"wp","href":"https:\/\/api.w.org\/{rel}","templated":true}]}}