{"id":12,"date":"2023-02-17T04:55:06","date_gmt":"2023-02-17T04:55:06","guid":{"rendered":"https:\/\/appedata.com\/?page_id=12"},"modified":"2025-01-03T07:34:54","modified_gmt":"2025-01-03T07:34:54","slug":"about","status":"publish","type":"page","link":"https:\/\/reka-n.com\/vn\/about.html","title":{"rendered":"V\u1ec1 ch\u00fang t\u00f4i"},"content":{"rendered":"<div class=\"wp-block-image is-style-default ticss-4945e156\">\n<figure class=\"aligncenter size-full\"><img loading=\"lazy\" decoding=\"async\" width=\"1024\" height=\"358\" src=\"https:\/\/reka-n.com\/vn\/Media\/2023\/04\/bg-about-NEW-1024x358px.png\" alt=\"\" class=\"wp-image-1552\" srcset=\"https:\/\/reka-n.com\/vn\/Media\/2023\/04\/bg-about-NEW-1024x358px.png 1024w, https:\/\/reka-n.com\/vn\/Media\/2023\/04\/bg-about-NEW-1024x358px-300x105.png 300w, https:\/\/reka-n.com\/vn\/Media\/2023\/04\/bg-about-NEW-1024x358px-768x269.png 768w, https:\/\/reka-n.com\/vn\/Media\/2023\/04\/bg-about-NEW-1024x358px-600x210.png 600w\" sizes=\"auto, (max-width: 1024px) 100vw, 1024px\" \/><\/figure>\n<\/div>\n\n\n<div class=\"wp-block-columns is-layout-flex wp-container-core-columns-is-layout-9d6595d7 wp-block-columns-is-layout-flex\">\n<div class=\"wp-block-column is-layout-flow wp-block-column-is-layout-flow\" style=\"flex-basis:33.33%\"><div class=\"wp-block-image\">\n<figure class=\"aligncenter size-full\"><img loading=\"lazy\" decoding=\"async\" width=\"252\" height=\"380\" src=\"https:\/\/reka-n.com\/vn\/Media\/2023\/02\/about01.jpeg\" alt=\"\" class=\"wp-image-144\" srcset=\"https:\/\/reka-n.com\/vn\/Media\/2023\/02\/about01.jpeg 252w, https:\/\/reka-n.com\/vn\/Media\/2023\/02\/about01-199x300.jpeg 199w\" sizes=\"auto, (max-width: 252px) 100vw, 252px\" \/><\/figure>\n<\/div><\/div>\n\n\n\n<div class=\"wp-block-column is-layout-flow wp-block-column-is-layout-flow\" style=\"flex-basis:66.66%\">\n<p>Reka l\u00e0 m\u1ed9t nh\u00e0 s\u1ea3n xu\u1ea5t v\u00e0 ph\u00e2n ph\u1ed1i h\u00e0ng \u0111\u1ea7u v\u1ec1 h\u01b0\u01a1ng li\u1ec7u th\u1ef1c ph\u1ea9m, h\u01b0\u01a1ng th\u01a1m, ch\u1ea5t l\u00e0m \u0111\u1ee5c, c\u00e1c h\u1ee3p ch\u1ea5t h\u01b0\u01a1ng li\u1ec7u c\u01a1 b\u1ea3n v\u00e0 d\u1ea7u th\u01a1m t\u1ef1 nhi\u00ean t\u1ea1i ch\u00e2u \u00c1. K\u1ec3 t\u1eeb khi th\u00e0nh l\u1eadp v\u00e0o n\u0103m 1966, ch\u00fang t\u00f4i lu\u00f4n t\u1eadn t\u00e2m theo \u0111u\u1ed5i s\u1ef1 xu\u1ea5t s\u1eafc trong s\u1ea3n ph\u1ea9m \u0111\u1ec3 t\u1ea1o ra nh\u1eefng gi\u1ea3i ph\u00e1p b\u00e1n ch\u1ea1y nh\u1ea5t cho kh\u00e1ch h\u00e0ng c\u1ee7a ch\u00fang t\u00f4i.<\/p>\n\n\n\n<p>C\u00e1c s\u1ea3n ph\u1ea9m c\u1ee7a ch\u00fang t\u00f4i \u0111\u01b0\u1ee3c t\u1ea1o ra t\u1eeb c\u00e1c nguy\u00ean li\u1ec7u ch\u1ea5t l\u01b0\u1ee3ng cao \u0111\u01b0\u1ee3c cung c\u1ea5p t\u1eeb kh\u1eafp n\u01a1i tr\u00ean th\u1ebf gi\u1edbi, \u0111\u01b0\u1ee3c \u1ee9ng d\u1ee5ng trong c\u00e1c l\u0129nh v\u1ef1c th\u1ecb tr\u01b0\u1eddng chung nh\u01b0 d\u01b0\u1ee3c ph\u1ea9m, ch\u1ebf bi\u1ebfn th\u1ef1c ph\u1ea9m, \u0111\u1ed3 u\u1ed1ng, ch\u0103m s\u00f3c c\u00e1 nh\u00e2n v\u00e0 ch\u0103m s\u00f3c gia \u0111\u00ecnh. Nhi\u1ec1u s\u1ea3n ph\u1ea9m c\u1ee7a ch\u00fang t\u00f4i \u0111\u01b0\u1ee3c xu\u1ea5t kh\u1ea9u v\u00e0 s\u1eed d\u1ee5ng b\u1edfi c\u00e1c th\u01b0\u01a1ng hi\u1ec7u ti\u00eau d\u00f9ng h\u00e0ng \u0111\u1ea7u tr\u00ean th\u1ebf gi\u1edbi t\u1ea1i ch\u00e2u \u00c2u, Hoa K\u1ef3 v\u00e0 c\u00e1c qu\u1ed1c gia Trung \u0110\u00f4ng.<\/p>\n\n\n\n<p>Trong m\u1ed9t th\u1ebf gi\u1edbi lu\u00f4n thay \u0111\u1ed5i v\u1ec1 kh\u1ea9u v\u1ecb ng\u01b0\u1eddi ti\u00eau d\u00f9ng, ch\u00fang t\u00f4i hi\u1ec3u r\u00f5 nhu c\u1ea7u c\u1ee7a kh\u00e1ch h\u00e0ng l\u00e0 ph\u1ea3i \u0111\u1ed5i m\u1edbi v\u00e0 t\u1ea1o ra hi\u1ec7u \u1ee9ng \u0111\u1eb7c bi\u1ec7t thu h\u00fat \u0111\u1ed1i t\u01b0\u1ee3ng ng\u01b0\u1eddi ti\u00eau d\u00f9ng c\u1ee7a h\u1ecd. C\u00e1c c\u01a1 s\u1edf s\u1ea3n xu\u1ea5t c\u1ee7a ch\u00fang t\u00f4i \u0111\u01b0\u1ee3c trang b\u1ecb thi\u1ebft b\u1ecb ph\u00f2ng th\u00ed nghi\u1ec7m tinh vi s\u1eed d\u1ee5ng c\u00f4ng ngh\u1ec7 m\u1edbi nh\u1ea5t v\u00e0 c\u00e1c nh\u00e0 h\u00f3a h\u1ecdc h\u00e0ng \u0111\u1ea7u \u0111\u01b0\u1ee3c \u0111\u00e0o t\u1ea1o cao c\u1ea5p \u0111\u1ec3 t\u1ea1o ra v\u00f4 s\u1ed1 s\u1ef1 k\u1ebft h\u1ee3p m\u1edbi v\u1ec1 h\u01b0\u01a1ng v\u1ecb v\u00e0 m\u00f9i. Trong th\u01b0 vi\u1ec7n c\u1ee7a ch\u00fang t\u00f4i c\u00f3 h\u01a1n 3000 h\u1ee3p ch\u1ea5t h\u00f3a h\u1ecdc, d\u1ea7u th\u01a1m v\u00e0 tinh d\u1ea7u tinh khi\u1ebft, ch\u00fang t\u00f4i \u0111\u00e3 t\u1ea1o ra c\u00e1c c\u00f4ng th\u1ee9c th\u00e0nh c\u00f4ng v\u1ec1 m\u1eb7t kinh doanh \u0111\u1ec3 \u0111\u00e1p \u1ee9ng c\u00e1c y\u00eau c\u1ea7u c\u1ee7a ng\u01b0\u1eddi ti\u00eau d\u00f9ng kh\u00e1c nhau. C\u00e1c c\u00f4ng th\u1ee9c c\u1ee7a ch\u00fang t\u00f4i \u0111\u01b0\u1ee3c t\u00f9y ch\u1ec9nh ph\u00f9 h\u1ee3p v\u1edbi b\u1ea5t k\u1ef3 kh\u1ea9u v\u1ecb \u0111\u1ecba ph\u01b0\u01a1ng n\u00e0o, b\u1ea5t k\u1ec3 b\u1ea1n \u0111ang \u1edf \u0111\u00e2u.<\/p>\n\n\n\n<p>Ch\u00fang t\u00f4i m\u1eddi b\u1ea1n h\u1ee3p t\u00e1c c\u00f9ng ch\u00fang t\u00f4i trong \u0111am m\u00ea v\u1ec1 ngh\u1ec7 thu\u1eadt v\u00e0 khoa h\u1ecdc c\u1ee7a vi\u1ec7c t\u0103ng c\u01b0\u1eddng ni\u1ec1m vui th\u1ecb gi\u00e1c cho ng\u01b0\u1eddi ti\u00eau d\u00f9ng c\u1ee7a b\u1ea1n.<\/p>\n\n\n\n<p><strong>1. Ch\u00ednh s\u00e1ch t\u00edch h\u1ee3p ch\u1ea5t l\u01b0\u1ee3ng v\u00e0 an to\u00e0n th\u1ef1c ph\u1ea9m:<\/strong><br>Trong qu\u00e1 tr\u00ecnh Nghi\u00ean c\u1ee9u v\u00e0 Ph\u00e1t tri\u1ec3n, S\u1ea3n xu\u1ea5t, B\u00e1n h\u00e0ng, Ti\u1ebfp th\u1ecb v\u00e0 Ph\u00e2n ph\u1ed1i H\u01b0\u01a1ng li\u1ec7u, H\u01b0\u01a1ng th\u01a1m v\u00e0 D\u1ea7u th\u01a1m thi\u00ean nhi\u00ean, ch\u00fang t\u00f4i cam k\u1ebft t\u0103ng c\u01b0\u1eddng s\u1ef1 h\u00e0i l\u00f2ng c\u1ee7a kh\u00e1ch h\u00e0ng th\u00f4ng qua vi\u1ec7c tri\u1ec3n khai H\u1ec7 th\u1ed1ng Qu\u1ea3n l\u00fd Ch\u1ea5t l\u01b0\u1ee3ng v\u00e0 An to\u00e0n Th\u1ef1c ph\u1ea9m, \u0111\u1ea3m b\u1ea3o n\u0103ng l\u1ef1c c\u1ee7a nh\u00e2n vi\u00ean, giao ti\u1ebfp hi\u1ec7u qu\u1ea3 n\u1ed9i b\u1ed9 v\u00e0 b\u00ean ngo\u00e0i v\u1edbi c\u00e1c b\u00ean li\u00ean quan, tu\u00e2n th\u1ee7 y\u00eau c\u1ea7u quy \u0111\u1ecbnh v\u1ec1 s\u1ea3n ph\u1ea9m v\u00e0 n\u00e2ng cao hi\u1ec7u qu\u1ea3 H\u1ec7 th\u1ed1ng Qu\u1ea3n l\u00fd An to\u00e0n Th\u1ef1c ph\u1ea9m li\u00ean t\u1ee5c \u0111\u1ec3 \u0111\u1ea3m b\u1ea3o cung c\u1ea5p nh\u1eefng s\u1ea3n ph\u1ea9m ch\u1ea5t l\u01b0\u1ee3ng v\u00e0 an to\u00e0n nh\u1ea5t cho ng\u01b0\u1eddi ti\u00eau d\u00f9ng c\u1ee7a ch\u00fang t\u00f4i.<\/p>\n\n\n\n<p><strong>2. Ch\u00ednh s\u00e1ch M\u00f4i tr\u01b0\u1eddng:<\/strong><br>T\u1ed5 ch\u1ee9c c\u1ee7a ch\u00fang t\u00f4i cam k\u1ebft gi\u1ea3m thi\u1ec3u t\u00e1c \u0111\u1ed9ng v\u00e0 b\u1ea3o v\u1ec7 m\u00f4i tr\u01b0\u1eddng th\u00f4ng qua vi\u1ec7c gi\u1ea3m thi\u1ec3u r\u00e1c th\u1ea3i v\u00e0 kh\u00ed th\u1ea3i, t\u0103ng c\u01b0\u1eddng hi\u1ec7u qu\u1ea3 n\u0103ng l\u01b0\u1ee3ng, th\u00fac \u0111\u1ea9y c\u00e1c th\u1ef1c h\u00e0nh b\u1ec1n v\u1eefng c\u1ea3 b\u00ean trong v\u00e0 v\u1edbi kh\u00e1ch h\u00e0ng v\u00e0 nh\u00e0 cung c\u1ea5p, v\u00e0 tu\u00e2n th\u1ee7 ho\u1eb7c v\u01b0\u1ee3t qua t\u1ea5t c\u1ea3 c\u00e1c quy \u0111\u1ecbnh v\u1ec1 m\u00f4i tr\u01b0\u1eddng li\u00ean quan \u0111\u1ebfn ho\u1ea1t \u0111\u1ed9ng c\u1ee7a ch\u00fang t\u00f4i. Ch\u00fang t\u00f4i s\u1ebd li\u00ean t\u1ee5c \u0111\u00e1nh gi\u00e1 ho\u1ea1t \u0111\u1ed9ng hi\u1ec7n t\u1ea1i, c\u1ed1 g\u1eafng c\u1ea3i thi\u1ec7n h\u1ec7 th\u1ed1ng qu\u1ea3n l\u00fd m\u00f4i tr\u01b0\u1eddng c\u1ee7a ch\u00fang t\u00f4i v\u1edbi tr\u00e1ch nhi\u1ec7m, th\u1ef1c h\u00e0nh, th\u1ee7 t\u1ee5c, quy tr\u00ecnh v\u00e0 ngu\u1ed3n l\u1ef1c \u0111\u1ec3 th\u1ef1c hi\u1ec7n v\u00e0 duy tr\u00ec h\u1ec7 th\u1ed1ng li\u00ean quan \u0111\u1ebfn qu\u1ea3n l\u00fd m\u00f4i tr\u01b0\u1eddng, v\u00e0 th\u1ef1c hi\u1ec7n c\u00e1c th\u1ef1c h\u00e0nh kinh doanh b\u1ec1n v\u1eefng.<\/p>\n\n\n\n<p><strong>3. Ch\u00ednh s\u00e1ch An to\u00e0n v\u00e0 S\u1ee9c kh\u1ecfe ngh\u1ec1 nghi\u1ec7p:<\/strong><br>T\u1ed5 ch\u1ee9c cam k\u1ebft cung c\u1ea5p \u0111i\u1ec1u ki\u1ec7n l\u00e0m vi\u1ec7c an to\u00e0n v\u00e0 b\u1ea3o v\u1ec7 s\u1ee9c kh\u1ecfe cho vi\u1ec7c ng\u0103n ng\u1eeba tai n\u1ea1n v\u00e0 b\u1ec7nh ngh\u1ec1 nghi\u1ec7p li\u00ean quan \u0111\u1ebfn c\u00f4ng vi\u1ec7c, bao g\u1ed3m cam k\u1ebft lo\u1ea1i b\u1ecf c\u00e1c nguy hi\u1ec3m v\u00e0 gi\u1ea3m thi\u1ec3u c\u00e1c r\u1ee7i ro v\u1ec1 an to\u00e0n v\u00e0 s\u1ee9c kh\u1ecfe ngh\u1ec1 nghi\u1ec7p. B\u1eb1ng vi\u1ec7c cung c\u1ea5p ngu\u1ed3n l\u1ef1c, giao ti\u1ebfp v\u00e0 \u0111\u1ec1 ra c\u00e1c m\u1ee5c ti\u00eau v\u1ec1 an to\u00e0n v\u00e0 s\u1ee9c kh\u1ecfe ngh\u1ec1 nghi\u1ec7p, nh\u00e2n vi\u00ean ph\u1ea3i nh\u1eadn \u0111\u1ee7 \u0111\u00e0o t\u1ea1o v\u1ec1 nhi\u1ec7m v\u1ee5 c\u00f4ng vi\u1ec7c c\u1ee5 th\u1ec3 c\u1ee7a h\u1ecd \u0111\u1ec3 b\u1ea3o v\u1ec7 s\u1ee9c kh\u1ecfe v\u00e0 an to\u00e0n ngh\u1ec1 nghi\u1ec7p c\u1ee7a m\u00ecnh. M\u1ed7i nh\u00e2n vi\u00ean ph\u1ea3i b\u1ea3o v\u1ec7 s\u1ee9c kh\u1ecfe v\u00e0 an to\u00e0n c\u1ee7a ch\u00ednh m\u00ecnh b\u1eb1ng c\u00e1ch l\u00e0m vi\u1ec7c tu\u00e2n th\u1ee7 lu\u1eadt ph\u00e1p v\u00e0 c\u00e1c quy tr\u00ecnh v\u00e0 ph\u01b0\u01a1ng ph\u00e1p l\u00e0m vi\u1ec7c an to\u00e0n \u0111\u01b0\u1ee3c thi\u1ebft l\u1eadp b\u1edfi t\u1ed5 ch\u1ee9c theo quy \u0111\u1ecbnh \u0111\u1ecba ph\u01b0\u01a1ng v\u00e0 y\u00eau c\u1ea7u ph\u00e1p l\u00fd \u00e1p d\u1ee5ng. Cam k\u1ebft c\u1ea3i ti\u1ebfn li\u00ean t\u1ee5c h\u1ec7 th\u1ed1ng qu\u1ea3n l\u00fd an to\u00e0n v\u00e0 s\u1ee9c kh\u1ecfe ngh\u1ec1 nghi\u1ec7p, t\u01b0 v\u1ea5n v\u00e0 tham gia c\u1ee7a nh\u00e2n vi\u00ean l\u00e0 m\u1ed9t ph\u1ea7n c\u01a1 b\u1ea3n c\u1ee7a t\u1ed5 ch\u1ee9c n\u00e0y, t\u1eeb ch\u1ee7 s\u1edf h\u1eefu \u0111\u1ebfn nh\u1eefng ng\u01b0\u1eddi lao \u0111\u1ed9ng.<\/p>\n\n\n\n<p><\/p>\n<\/div>\n<\/div>\n","protected":false},"excerpt":{"rendered":"<p>Reka l\u00e0 m\u1ed9t nh\u00e0 s\u1ea3n xu\u1ea5t v\u00e0 ph\u00e2n ph\u1ed1i h\u00e0ng \u0111\u1ea7u v\u1ec1 h\u01b0\u01a1ng li\u1ec7u th\u1ef1c ph\u1ea9m, h\u01b0\u01a1ng th\u01a1m, ch\u1ea5t l\u00e0m \u0111\u1ee5c, c\u00e1c h\u1ee3p ch\u1ea5t h\u01b0\u01a1ng li\u1ec7u c\u01a1 b\u1ea3n v\u00e0 d\u1ea7u th\u01a1m t\u1ef1 nhi\u00ean t\u1ea1i ch\u00e2u \u00c1. K\u1ec3 t\u1eeb khi th\u00e0nh l\u1eadp v\u00e0o n\u0103m 1966, ch\u00fang t\u00f4i lu\u00f4n t\u1eadn t\u00e2m theo \u0111u\u1ed5i s\u1ef1 xu\u1ea5t s\u1eafc trong [&hellip;]<\/p>\n","protected":false},"author":1,"featured_media":0,"parent":0,"menu_order":0,"comment_status":"closed","ping_status":"closed","template":"","meta":{"_themeisle_gutenberg_block_has_review":false,"footnotes":""},"class_list":["post-12","page","type-page","status-publish","hentry"],"yoast_head":"<!-- This site is optimized with the Yoast SEO plugin v25.5 - https:\/\/yoast.com\/wordpress\/plugins\/seo\/ -->\n<title>V\u1ec1 ch\u00fang t\u00f4i - Nh\u00e0 s\u1ea3n xu\u1ea5t h\u01b0\u01a1ng li\u1ec7u th\u1ef1c ph\u1ea9m | Th\u1ef1c ph\u1ea9m Malaysia | Ricca Peacock Asia<\/title>\n<meta name=\"robots\" content=\"index, follow, max-snippet:-1, max-image-preview:large, max-video-preview:-1\" \/>\n<link rel=\"canonical\" href=\"https:\/\/reka-n.com\/vn\/about.html\" \/>\n<meta property=\"og:locale\" content=\"en_US\" \/>\n<meta property=\"og:type\" content=\"article\" \/>\n<meta property=\"og:title\" content=\"V\u1ec1 ch\u00fang t\u00f4i - Nh\u00e0 s\u1ea3n xu\u1ea5t h\u01b0\u01a1ng li\u1ec7u th\u1ef1c ph\u1ea9m | Th\u1ef1c ph\u1ea9m Malaysia | Ricca Peacock Asia\" \/>\n<meta property=\"og:description\" content=\"Reka l\u00e0 m\u1ed9t nh\u00e0 s\u1ea3n xu\u1ea5t v\u00e0 ph\u00e2n ph\u1ed1i h\u00e0ng \u0111\u1ea7u v\u1ec1 h\u01b0\u01a1ng li\u1ec7u th\u1ef1c ph\u1ea9m, h\u01b0\u01a1ng th\u01a1m, ch\u1ea5t l\u00e0m \u0111\u1ee5c, c\u00e1c h\u1ee3p ch\u1ea5t h\u01b0\u01a1ng li\u1ec7u c\u01a1 b\u1ea3n v\u00e0 d\u1ea7u th\u01a1m t\u1ef1 nhi\u00ean t\u1ea1i ch\u00e2u \u00c1. K\u1ec3 t\u1eeb khi th\u00e0nh l\u1eadp v\u00e0o n\u0103m 1966, ch\u00fang t\u00f4i lu\u00f4n t\u1eadn t\u00e2m theo \u0111u\u1ed5i s\u1ef1 xu\u1ea5t s\u1eafc trong [&hellip;]\" \/>\n<meta property=\"og:url\" content=\"https:\/\/reka-n.com\/vn\/about.html\" \/>\n<meta property=\"og:site_name\" content=\"Nh\u00e0 s\u1ea3n xu\u1ea5t h\u01b0\u01a1ng li\u1ec7u th\u1ef1c ph\u1ea9m | Th\u1ef1c ph\u1ea9m Malaysia | Ricca Peacock Asia\" \/>\n<meta property=\"article:modified_time\" content=\"2025-01-03T07:34:54+00:00\" \/>\n<meta property=\"og:image\" content=\"https:\/\/reka-n.com\/vn\/Media\/2023\/04\/bg-about-NEW-1024x358px.png\" \/>\n<meta name=\"twitter:card\" content=\"summary_large_image\" \/>\n<meta name=\"twitter:label1\" content=\"Est. reading time\" \/>\n\t<meta name=\"twitter:data1\" content=\"5 minutes\" \/>\n<script type=\"application\/ld+json\" class=\"yoast-schema-graph\">{\"@context\":\"https:\/\/schema.org\",\"@graph\":[{\"@type\":\"WebPage\",\"@id\":\"https:\/\/reka-n.com\/vn\/about.html\",\"url\":\"https:\/\/reka-n.com\/vn\/about.html\",\"name\":\"V\u1ec1 ch\u00fang t\u00f4i - Nh\u00e0 s\u1ea3n xu\u1ea5t h\u01b0\u01a1ng li\u1ec7u th\u1ef1c ph\u1ea9m | Th\u1ef1c ph\u1ea9m Malaysia | Ricca Peacock Asia\",\"isPartOf\":{\"@id\":\"https:\/\/reka-n.com\/vn\/#website\"},\"primaryImageOfPage\":{\"@id\":\"https:\/\/reka-n.com\/vn\/about.html#primaryimage\"},\"image\":{\"@id\":\"https:\/\/reka-n.com\/vn\/about.html#primaryimage\"},\"thumbnailUrl\":\"https:\/\/reka-n.com\/vn\/Media\/2023\/04\/bg-about-NEW-1024x358px.png\",\"datePublished\":\"2023-02-17T04:55:06+00:00\",\"dateModified\":\"2025-01-03T07:34:54+00:00\",\"breadcrumb\":{\"@id\":\"https:\/\/reka-n.com\/vn\/about.html#breadcrumb\"},\"inLanguage\":\"en-US\",\"potentialAction\":[{\"@type\":\"ReadAction\",\"target\":[\"https:\/\/reka-n.com\/vn\/about.html\"]}]},{\"@type\":\"ImageObject\",\"inLanguage\":\"en-US\",\"@id\":\"https:\/\/reka-n.com\/vn\/about.html#primaryimage\",\"url\":\"https:\/\/reka-n.com\/vn\/Media\/2023\/04\/bg-about-NEW-1024x358px.png\",\"contentUrl\":\"https:\/\/reka-n.com\/vn\/Media\/2023\/04\/bg-about-NEW-1024x358px.png\",\"width\":1024,\"height\":358},{\"@type\":\"BreadcrumbList\",\"@id\":\"https:\/\/reka-n.com\/vn\/about.html#breadcrumb\",\"itemListElement\":[{\"@type\":\"ListItem\",\"position\":1,\"name\":\"Trangch\u1ee7\",\"item\":\"https:\/\/reka-n.com\/vn\/\"},{\"@type\":\"ListItem\",\"position\":2,\"name\":\"V\u1ec1 ch\u00fang t\u00f4i\"}]},{\"@type\":\"WebSite\",\"@id\":\"https:\/\/reka-n.com\/vn\/#website\",\"url\":\"https:\/\/reka-n.com\/vn\/\",\"name\":\"Nh\u00e0 s\u1ea3n xu\u1ea5t h\u01b0\u01a1ng li\u1ec7u th\u1ef1c ph\u1ea9m | Th\u1ef1c ph\u1ea9m Malaysia | Ricca Peacock Asia\",\"description\":\"Reka l\u00e0 m\u1ed9t trong nh\u1eefng nh\u00e0 s\u1ea3n xu\u1ea5t v\u00e0 ph\u00e2n ph\u1ed1i h\u00e0ng \u0111\u1ea7u v\u1ec1 h\u01b0\u01a1ng li\u1ec7u th\u1ef1c ph\u1ea9m, h\u01b0\u01a1ng th\u01a1m, ch\u1ea5t l\u00e0m \u0111\u1ee5c, h\u00f3a ch\u1ea5t h\u01b0\u01a1ng li\u1ec7u c\u01a1 b\u1ea3n v\u00e0 tinh d\u1ea7u thi\u00ean nhi\u00ean t\u1ea1i ch\u00e2u \u00c1. S\u1ea3n ph\u1ea9m c\u1ee7a ch\u00fang t\u00f4i \u0111\u01b0\u1ee3c t\u1ea1o ra t\u1eeb c\u00e1c th\u00e0nh ph\u1ea7n ch\u1ea5t l\u01b0\u1ee3ng cao \u0111\u01b0\u1ee3c nh\u1eadp kh\u1ea9u t\u1eeb kh\u1eafp n\u01a1i tr\u00ean th\u1ebf gi\u1edbi.\",\"publisher\":{\"@id\":\"https:\/\/reka-n.com\/vn\/#organization\"},\"potentialAction\":[{\"@type\":\"SearchAction\",\"target\":{\"@type\":\"EntryPoint\",\"urlTemplate\":\"https:\/\/reka-n.com\/vn\/?s={search_term_string}\"},\"query-input\":{\"@type\":\"PropertyValueSpecification\",\"valueRequired\":true,\"valueName\":\"search_term_string\"}}],\"inLanguage\":\"en-US\"},{\"@type\":\"Organization\",\"@id\":\"https:\/\/reka-n.com\/vn\/#organization\",\"name\":\"Nh\u00e0 s\u1ea3n xu\u1ea5t h\u01b0\u01a1ng li\u1ec7u th\u1ef1c ph\u1ea9m | Th\u1ef1c ph\u1ea9m Malaysia | Ricca Peacock Asia\",\"url\":\"https:\/\/reka-n.com\/vn\/\",\"logo\":{\"@type\":\"ImageObject\",\"inLanguage\":\"en-US\",\"@id\":\"https:\/\/reka-n.com\/vn\/#\/schema\/logo\/image\/\",\"url\":\"https:\/\/reka-n.com\/vn\/Media\/2023\/04\/cropped-reka-logo.png\",\"contentUrl\":\"https:\/\/reka-n.com\/vn\/Media\/2023\/04\/cropped-reka-logo.png\",\"width\":237,\"height\":100,\"caption\":\"Nh\u00e0 s\u1ea3n xu\u1ea5t h\u01b0\u01a1ng li\u1ec7u th\u1ef1c ph\u1ea9m | Th\u1ef1c ph\u1ea9m Malaysia | Ricca Peacock Asia\"},\"image\":{\"@id\":\"https:\/\/reka-n.com\/vn\/#\/schema\/logo\/image\/\"}}]}<\/script>\n<!-- \/ Yoast SEO plugin. -->","yoast_head_json":{"title":"V\u1ec1 ch\u00fang t\u00f4i - Nh\u00e0 s\u1ea3n xu\u1ea5t h\u01b0\u01a1ng li\u1ec7u th\u1ef1c ph\u1ea9m | Th\u1ef1c ph\u1ea9m Malaysia | Ricca Peacock Asia","robots":{"index":"index","follow":"follow","max-snippet":"max-snippet:-1","max-image-preview":"max-image-preview:large","max-video-preview":"max-video-preview:-1"},"canonical":"https:\/\/reka-n.com\/vn\/about.html","og_locale":"en_US","og_type":"article","og_title":"V\u1ec1 ch\u00fang t\u00f4i - Nh\u00e0 s\u1ea3n xu\u1ea5t h\u01b0\u01a1ng li\u1ec7u th\u1ef1c ph\u1ea9m | Th\u1ef1c ph\u1ea9m Malaysia | Ricca Peacock Asia","og_description":"Reka l\u00e0 m\u1ed9t nh\u00e0 s\u1ea3n xu\u1ea5t v\u00e0 ph\u00e2n ph\u1ed1i h\u00e0ng \u0111\u1ea7u v\u1ec1 h\u01b0\u01a1ng li\u1ec7u th\u1ef1c ph\u1ea9m, h\u01b0\u01a1ng th\u01a1m, ch\u1ea5t l\u00e0m \u0111\u1ee5c, c\u00e1c h\u1ee3p ch\u1ea5t h\u01b0\u01a1ng li\u1ec7u c\u01a1 b\u1ea3n v\u00e0 d\u1ea7u th\u01a1m t\u1ef1 nhi\u00ean t\u1ea1i ch\u00e2u \u00c1. K\u1ec3 t\u1eeb khi th\u00e0nh l\u1eadp v\u00e0o n\u0103m 1966, ch\u00fang t\u00f4i lu\u00f4n t\u1eadn t\u00e2m theo \u0111u\u1ed5i s\u1ef1 xu\u1ea5t s\u1eafc trong [&hellip;]","og_url":"https:\/\/reka-n.com\/vn\/about.html","og_site_name":"Nh\u00e0 s\u1ea3n xu\u1ea5t h\u01b0\u01a1ng li\u1ec7u th\u1ef1c ph\u1ea9m | Th\u1ef1c ph\u1ea9m Malaysia | Ricca Peacock Asia","article_modified_time":"2025-01-03T07:34:54+00:00","og_image":[{"url":"https:\/\/reka-n.com\/vn\/Media\/2023\/04\/bg-about-NEW-1024x358px.png","type":"","width":"","height":""}],"twitter_card":"summary_large_image","twitter_misc":{"Est. reading time":"5 minutes"},"schema":{"@context":"https:\/\/schema.org","@graph":[{"@type":"WebPage","@id":"https:\/\/reka-n.com\/vn\/about.html","url":"https:\/\/reka-n.com\/vn\/about.html","name":"V\u1ec1 ch\u00fang t\u00f4i - Nh\u00e0 s\u1ea3n xu\u1ea5t h\u01b0\u01a1ng li\u1ec7u th\u1ef1c ph\u1ea9m | Th\u1ef1c ph\u1ea9m Malaysia | Ricca Peacock Asia","isPartOf":{"@id":"https:\/\/reka-n.com\/vn\/#website"},"primaryImageOfPage":{"@id":"https:\/\/reka-n.com\/vn\/about.html#primaryimage"},"image":{"@id":"https:\/\/reka-n.com\/vn\/about.html#primaryimage"},"thumbnailUrl":"https:\/\/reka-n.com\/vn\/Media\/2023\/04\/bg-about-NEW-1024x358px.png","datePublished":"2023-02-17T04:55:06+00:00","dateModified":"2025-01-03T07:34:54+00:00","breadcrumb":{"@id":"https:\/\/reka-n.com\/vn\/about.html#breadcrumb"},"inLanguage":"en-US","potentialAction":[{"@type":"ReadAction","target":["https:\/\/reka-n.com\/vn\/about.html"]}]},{"@type":"ImageObject","inLanguage":"en-US","@id":"https:\/\/reka-n.com\/vn\/about.html#primaryimage","url":"https:\/\/reka-n.com\/vn\/Media\/2023\/04\/bg-about-NEW-1024x358px.png","contentUrl":"https:\/\/reka-n.com\/vn\/Media\/2023\/04\/bg-about-NEW-1024x358px.png","width":1024,"height":358},{"@type":"BreadcrumbList","@id":"https:\/\/reka-n.com\/vn\/about.html#breadcrumb","itemListElement":[{"@type":"ListItem","position":1,"name":"Trangch\u1ee7","item":"https:\/\/reka-n.com\/vn\/"},{"@type":"ListItem","position":2,"name":"V\u1ec1 ch\u00fang t\u00f4i"}]},{"@type":"WebSite","@id":"https:\/\/reka-n.com\/vn\/#website","url":"https:\/\/reka-n.com\/vn\/","name":"Nh\u00e0 s\u1ea3n xu\u1ea5t h\u01b0\u01a1ng li\u1ec7u th\u1ef1c ph\u1ea9m | Th\u1ef1c ph\u1ea9m Malaysia | Ricca Peacock Asia","description":"Reka l\u00e0 m\u1ed9t trong nh\u1eefng nh\u00e0 s\u1ea3n xu\u1ea5t v\u00e0 ph\u00e2n ph\u1ed1i h\u00e0ng \u0111\u1ea7u v\u1ec1 h\u01b0\u01a1ng li\u1ec7u th\u1ef1c ph\u1ea9m, h\u01b0\u01a1ng th\u01a1m, ch\u1ea5t l\u00e0m \u0111\u1ee5c, h\u00f3a ch\u1ea5t h\u01b0\u01a1ng li\u1ec7u c\u01a1 b\u1ea3n v\u00e0 tinh d\u1ea7u thi\u00ean nhi\u00ean t\u1ea1i ch\u00e2u \u00c1. S\u1ea3n ph\u1ea9m c\u1ee7a ch\u00fang t\u00f4i \u0111\u01b0\u1ee3c t\u1ea1o ra t\u1eeb c\u00e1c th\u00e0nh ph\u1ea7n ch\u1ea5t l\u01b0\u1ee3ng cao \u0111\u01b0\u1ee3c nh\u1eadp kh\u1ea9u t\u1eeb kh\u1eafp n\u01a1i tr\u00ean th\u1ebf gi\u1edbi.","publisher":{"@id":"https:\/\/reka-n.com\/vn\/#organization"},"potentialAction":[{"@type":"SearchAction","target":{"@type":"EntryPoint","urlTemplate":"https:\/\/reka-n.com\/vn\/?s={search_term_string}"},"query-input":{"@type":"PropertyValueSpecification","valueRequired":true,"valueName":"search_term_string"}}],"inLanguage":"en-US"},{"@type":"Organization","@id":"https:\/\/reka-n.com\/vn\/#organization","name":"Nh\u00e0 s\u1ea3n xu\u1ea5t h\u01b0\u01a1ng li\u1ec7u th\u1ef1c ph\u1ea9m | Th\u1ef1c ph\u1ea9m Malaysia | Ricca Peacock Asia","url":"https:\/\/reka-n.com\/vn\/","logo":{"@type":"ImageObject","inLanguage":"en-US","@id":"https:\/\/reka-n.com\/vn\/#\/schema\/logo\/image\/","url":"https:\/\/reka-n.com\/vn\/Media\/2023\/04\/cropped-reka-logo.png","contentUrl":"https:\/\/reka-n.com\/vn\/Media\/2023\/04\/cropped-reka-logo.png","width":237,"height":100,"caption":"Nh\u00e0 s\u1ea3n xu\u1ea5t h\u01b0\u01a1ng li\u1ec7u th\u1ef1c ph\u1ea9m | Th\u1ef1c ph\u1ea9m Malaysia | Ricca Peacock Asia"},"image":{"@id":"https:\/\/reka-n.com\/vn\/#\/schema\/logo\/image\/"}}]}},"_links":{"self":[{"href":"https:\/\/reka-n.com\/vn\/wp-json\/wp\/v2\/pages\/12","targetHints":{"allow":["GET"]}}],"collection":[{"href":"https:\/\/reka-n.com\/vn\/wp-json\/wp\/v2\/pages"}],"about":[{"href":"https:\/\/reka-n.com\/vn\/wp-json\/wp\/v2\/types\/page"}],"author":[{"embeddable":true,"href":"https:\/\/reka-n.com\/vn\/wp-json\/wp\/v2\/users\/1"}],"replies":[{"embeddable":true,"href":"https:\/\/reka-n.com\/vn\/wp-json\/wp\/v2\/comments?post=12"}],"version-history":[{"count":22,"href":"https:\/\/reka-n.com\/vn\/wp-json\/wp\/v2\/pages\/12\/revisions"}],"predecessor-version":[{"id":2934,"href":"https:\/\/reka-n.com\/vn\/wp-json\/wp\/v2\/pages\/12\/revisions\/2934"}],"wp:attachment":[{"href":"https:\/\/reka-n.com\/vn\/wp-json\/wp\/v2\/media?parent=12"}],"curies":[{"name":"wp","href":"https:\/\/api.w.org\/{rel}","templated":true}]}}