{"id":56,"date":"2023-02-17T08:08:37","date_gmt":"2023-02-17T08:08:37","guid":{"rendered":"https:\/\/appedata.com\/?page_id=56"},"modified":"2025-07-29T03:35:13","modified_gmt":"2025-07-29T03:35:13","slug":"fine-fragrances","status":"publish","type":"page","link":"https:\/\/reka-n.com\/es\/fragrances\/fine-fragrances.html","title":{"rendered":"Fragancias finas"},"content":{"rendered":"\n<figure class=\"wp-block-image size-large\"><img alt=\"\" decoding=\"async\" src=\"https:\/\/reka-n.com\/es\/Media\/2023\/05\/bg-fragrance-1110x186-NEW-1024x172.png\" alt=\"\" class=\"wp-image-1658\"\/><\/figure>\n\n\n\n<div class=\"wp-block-columns is-layout-flex wp-container-core-columns-is-layout-9d6595d7 wp-block-columns-is-layout-flex\">\n<div class=\"wp-block-column is-layout-flow wp-block-column-is-layout-flow\" style=\"flex-basis:33.33%\">\n<figure class=\"wp-block-table\"><table><thead><tr><th>Categor\u00edas de fragancias<\/th><\/tr><\/thead><tbody><tr><td><a href=\"https:\/\/reka-n.com\/es\/fragrances\/fine-fragrances.html\">Fragancias finas<\/a><\/td><\/tr><tr><td><a href=\"https:\/\/reka-n.com\/es\/fragrances\/personal-care.html\">Cuidado personal<\/a><\/td><\/tr><tr><td><a href=\"https:\/\/reka-n.com\/es\/fragrances\/home-care.html\">Cuidado del hogar<\/a><\/td><\/tr><\/tbody><\/table><\/figure>\n<\/div>\n\n\n\n<div class=\"wp-block-column is-layout-flow wp-block-column-is-layout-flow\" style=\"flex-basis:66.66%\">\n<h2 class=\"wp-block-heading\">Fragancias &gt; Fragancias finas<\/h2>\n\n\n\n<div class=\"wp-block-columns is-layout-flex wp-container-core-columns-is-layout-9d6595d7 wp-block-columns-is-layout-flex\">\n<div class=\"wp-block-column is-layout-flow wp-block-column-is-layout-flow\">\n<figure class=\"wp-block-image size-full is-style-default\" id=\"wp-block-themeisle-blocks-image-81162ca5\"><img alt=\"\" loading=\"lazy\" decoding=\"async\" width=\"300\" height=\"300\" src=\"https:\/\/reka-n.com\/es\/Media\/2023\/04\/fine-fragrances-thumbnail.jpeg\" alt=\"\" class=\"wp-image-1431\" srcset=\"https:\/\/reka-n.com\/es\/Media\/2023\/04\/fine-fragrances-thumbnail.jpeg 300w, https:\/\/reka-n.com\/es\/Media\/2023\/04\/fine-fragrances-thumbnail-150x150.jpeg 150w, https:\/\/reka-n.com\/es\/Media\/2023\/04\/fine-fragrances-thumbnail-96x96.jpeg 96w, https:\/\/reka-n.com\/es\/Media\/2023\/04\/fine-fragrances-thumbnail-100x100.jpeg 100w\" sizes=\"auto, (max-width: 300px) 100vw, 300px\" \/><\/figure>\n<\/div>\n\n\n\n<div class=\"wp-block-column is-layout-flow wp-block-column-is-layout-flow\">\n<p class=\"has-small-font-size\">El aroma de una fragancia fina expresa tu estado de \u00e1nimo y tu personalidad. Tanto si te sientes lleno de energ\u00eda como si est\u00e1s relaj\u00e1ndote c\u00f3modamente, tenemos fragancias para cualquier ocasi\u00f3n. Nuestro equipo de perfumistas art\u00edsticos se enorgullece de crear fragancias que capturan los deseos de los consumidores. Por otra parte, si tienes alg\u00fan perfume favorito que te gustar\u00eda tener, te impresionar\u00e1 nuestra biblioteca con la mejor colecci\u00f3n de todos los tiempos.<\/p>\n\n\n\n<p class=\"has-small-font-size\">Colabora con nosotros para crear una fragancia \u00fanica e inspiradora para tu producto. Deja un aroma imborrable en la memoria de tus consumidores.<\/p>\n\n\n\n<p class=\"has-small-font-size\">Si est\u00e1s interesado en una muestra de fragancia fina, env\u00edanos tu solicitud desde el sitio de consultas y nuestros asociados de ventas se pondr\u00e1n en contacto contigo en breve.<\/p>\n<\/div>\n<\/div>\n\n\n<form class=\"product-checkbox-form\" method=\"post\" enctype=\"multipart\/form-data\"><h3><\/h3><ul class=\"product-checkbox-list columns-3\"><li class=\"product-checkbox-item\"><label><input type=\"checkbox\" name=\"product_checkbox[]\" value=\"4644\"> 4 Ever New(4 Ever New)<\/label><\/li><li class=\"product-checkbox-item\"><label><input type=\"checkbox\" name=\"product_checkbox[]\" value=\"4645\"> A&#8217;mani W&#039;(A&#8217;mani W&#8217;)<\/label><\/li><li class=\"product-checkbox-item\"><label><input type=\"checkbox\" name=\"product_checkbox[]\" value=\"4646\"> Anais Girl(Anais Girl)<\/label><\/li><li class=\"product-checkbox-item\"><label><input type=\"checkbox\" name=\"product_checkbox[]\" value=\"4647\"> Aqua Di Gio Men(Aqua Di Gio Men)<\/label><\/li><li class=\"product-checkbox-item\"><label><input type=\"checkbox\" name=\"product_checkbox[]\" value=\"4648\"> Aqua Sports(Aqua Sports)<\/label><\/li><li class=\"product-checkbox-item\"><label><input type=\"checkbox\" name=\"product_checkbox[]\" value=\"4650\"> B&#8217;gari Black Men(B&#8217;gari Black Men)<\/label><\/li><li class=\"product-checkbox-item\"><label><input type=\"checkbox\" name=\"product_checkbox[]\" value=\"4649\"> Baby Doll(Baby Doll)<\/label><\/li><li class=\"product-checkbox-item\"><label><input type=\"checkbox\" name=\"product_checkbox[]\" value=\"4651\"> Blue Jean Super(Blue Jean Super)<\/label><\/li><li class=\"product-checkbox-item\"><label><input type=\"checkbox\" name=\"product_checkbox[]\" value=\"4652\"> Chanel #5(Chanel #5)<\/label><\/li><li class=\"product-checkbox-item\"><label><input type=\"checkbox\" name=\"product_checkbox[]\" value=\"4653\"> CK&#8221; Escape(CK&#8221; Escape)<\/label><\/li><li class=\"product-checkbox-item\"><label><input type=\"checkbox\" name=\"product_checkbox[]\" value=\"4654\"> Colonia(Cologne)<\/label><\/li><li class=\"product-checkbox-item\"><label><input type=\"checkbox\" name=\"product_checkbox[]\" value=\"4655\"> Cool Water Women(Cool Water Women)<\/label><\/li><li class=\"product-checkbox-item\"><label><input type=\"checkbox\" name=\"product_checkbox[]\" value=\"4656\"> Delight(Delight)<\/label><\/li><li class=\"product-checkbox-item\"><label><input type=\"checkbox\" name=\"product_checkbox[]\" value=\"4657\"> Drakkar Men(Drakkar Men)<\/label><\/li><li class=\"product-checkbox-item\"><label><input type=\"checkbox\" name=\"product_checkbox[]\" value=\"4658\"> Empire(Empire)<\/label><\/li><li class=\"product-checkbox-item\"><label><input type=\"checkbox\" name=\"product_checkbox[]\" value=\"4659\"> Envy(Envy)<\/label><\/li><li class=\"product-checkbox-item\"><label><input type=\"checkbox\" name=\"product_checkbox[]\" value=\"4660\"> Eternity(Eternity)<\/label><\/li><li class=\"product-checkbox-item\"><label><input type=\"checkbox\" name=\"product_checkbox[]\" value=\"4661\"> Higher D&#8217;or(Higher D&#8217;or)<\/label><\/li><li class=\"product-checkbox-item\"><label><input type=\"checkbox\" name=\"product_checkbox[]\" value=\"4662\"> Hugo&#8217; Super(Hugo&#8217; Super)<\/label><\/li><li class=\"product-checkbox-item\"><label><input type=\"checkbox\" name=\"product_checkbox[]\" value=\"4663\"> Innocent Angel(Innocent Angel)<\/label><\/li><li class=\"product-checkbox-item\"><label><input type=\"checkbox\" name=\"product_checkbox[]\" value=\"4664\"> Inspiration 111(Inspiration 111)<\/label><\/li><li class=\"product-checkbox-item\"><label><input type=\"checkbox\" name=\"product_checkbox[]\" value=\"4665\"> Issey Summer(Issey Summer)<\/label><\/li><li class=\"product-checkbox-item\"><label><input type=\"checkbox\" name=\"product_checkbox[]\" value=\"4666\"> Le Nile fragrance(Le Nile fragrance)<\/label><\/li><li class=\"product-checkbox-item\"><label><input type=\"checkbox\" name=\"product_checkbox[]\" value=\"4667\"> Long Vacation(Long Vacation)<\/label><\/li><li class=\"product-checkbox-item\"><label><input type=\"checkbox\" name=\"product_checkbox[]\" value=\"4668\"> M Boss(M Boss)<\/label><\/li><li class=\"product-checkbox-item\"><label><input type=\"checkbox\" name=\"product_checkbox[]\" value=\"4669\"> Magic Show(Magic Show)<\/label><\/li><li class=\"product-checkbox-item\"><label><input type=\"checkbox\" name=\"product_checkbox[]\" value=\"4670\"> Mystique(Mystique)<\/label><\/li><li class=\"product-checkbox-item\"><label><input type=\"checkbox\" name=\"product_checkbox[]\" value=\"4671\"> Pacific Blue(Pacific Blue)<\/label><\/li><li class=\"product-checkbox-item\"><label><input type=\"checkbox\" name=\"product_checkbox[]\" value=\"4672\"> Polo Empire(Polo Empire)<\/label><\/li><li class=\"product-checkbox-item\"><label><input type=\"checkbox\" name=\"product_checkbox[]\" value=\"4673\"> Safari for Men(Safari for Men)<\/label><\/li><li class=\"product-checkbox-item\"><label><input type=\"checkbox\" name=\"product_checkbox[]\" value=\"4674\"> Sports CF(Sports CF)<\/label><\/li><li class=\"product-checkbox-item\"><label><input type=\"checkbox\" name=\"product_checkbox[]\" value=\"4675\"> Super Paco(Super Paco)<\/label><\/li><li class=\"product-checkbox-item\"><label><input type=\"checkbox\" name=\"product_checkbox[]\" value=\"4676\"> Tommy Super(Tommy Super)<\/label><\/li><li class=\"product-checkbox-item\"><label><input type=\"checkbox\" name=\"product_checkbox[]\" value=\"4677\"> Ultra Violet(Ultra Violet)<\/label><\/li><\/ul><input type=\"submit\" name=\"add_to_cart_button\" value=\"Enviar solicitud de muestra\"><input type=\"hidden\" name=\"action\" value=\"add_product_checkbox_to_cart\"><input type=\"hidden\" id=\"add_product_checkbox_to_cart_nonce\" name=\"add_product_checkbox_to_cart_nonce\" value=\"4a35aab987\" \/><input type=\"hidden\" name=\"_wp_http_referer\" value=\"\/es\/wp-json\/wp\/v2\/pages\/56\" \/><input type=\"hidden\" id=\"add_product_checkbox_to_cart_nonce\" name=\"add_product_checkbox_to_cart_nonce\" value=\"4a35aab987\" \/><input type=\"hidden\" name=\"_wp_http_referer\" value=\"\/es\/wp-json\/wp\/v2\/pages\/56\" \/><\/form><style>.product-checkbox-list { display: grid; grid-template-columns: repeat(3, 1fr); grid-gap: 20px; list-style: none; padding: 0; margin: 0; }<\/style>\n<\/div>\n<\/div>\n","protected":false},"excerpt":{"rendered":"<p>Categor\u00edas de fragancias Fragancias finas Cuidado personal Cuidado del hogar Fragancias &gt; Fragancias finas El aroma de una fragancia fina expresa tu estado de \u00e1nimo y tu personalidad. Tanto si te sientes lleno de energ\u00eda como si est\u00e1s relaj\u00e1ndote c\u00f3modamente, tenemos fragancias para cualquier ocasi\u00f3n. Nuestro equipo de perfumistas art\u00edsticos se enorgullece de crear fragancias [&hellip;]<\/p>\n","protected":false},"author":4,"featured_media":0,"parent":44,"menu_order":0,"comment_status":"closed","ping_status":"closed","template":"","meta":{"_seopress_robots_primary_cat":"","_seopress_titles_title":"","_seopress_titles_desc":"","_seopress_robots_index":"","_themeisle_gutenberg_block_has_review":false,"footnotes":""},"class_list":["post-56","page","type-page","status-publish","hentry"],"_links":{"self":[{"href":"https:\/\/reka-n.com\/es\/wp-json\/wp\/v2\/pages\/56","targetHints":{"allow":["GET"]}}],"collection":[{"href":"https:\/\/reka-n.com\/es\/wp-json\/wp\/v2\/pages"}],"about":[{"href":"https:\/\/reka-n.com\/es\/wp-json\/wp\/v2\/types\/page"}],"author":[{"embeddable":true,"href":"https:\/\/reka-n.com\/es\/wp-json\/wp\/v2\/users\/4"}],"replies":[{"embeddable":true,"href":"https:\/\/reka-n.com\/es\/wp-json\/wp\/v2\/comments?post=56"}],"version-history":[{"count":9,"href":"https:\/\/reka-n.com\/es\/wp-json\/wp\/v2\/pages\/56\/revisions"}],"predecessor-version":[{"id":4885,"href":"https:\/\/reka-n.com\/es\/wp-json\/wp\/v2\/pages\/56\/revisions\/4885"}],"up":[{"embeddable":true,"href":"https:\/\/reka-n.com\/es\/wp-json\/wp\/v2\/pages\/44"}],"wp:attachment":[{"href":"https:\/\/reka-n.com\/es\/wp-json\/wp\/v2\/media?parent=56"}],"curies":[{"name":"wp","href":"https:\/\/api.w.org\/{rel}","templated":true}]}}