{"id":55,"date":"2023-02-17T08:08:37","date_gmt":"2023-02-17T08:08:37","guid":{"rendered":"https:\/\/appedata.com\/?page_id=55"},"modified":"2025-07-29T03:35:15","modified_gmt":"2025-07-29T03:35:15","slug":"others","status":"publish","type":"page","link":"https:\/\/reka-n.com\/es\/flavours\/others.html","title":{"rendered":"Otros"},"content":{"rendered":"<div class=\"wp-block-image\">\n<figure class=\"aligncenter size-large\"><img alt=\"\" loading=\"lazy\" decoding=\"async\" width=\"1024\" height=\"172\" src=\"https:\/\/reka-n.com\/es\/Media\/2023\/05\/bg-flavor-1110x186-NEW-1024x172.png\" alt=\"\" class=\"wp-image-1649\" srcset=\"https:\/\/reka-n.com\/es\/Media\/2023\/05\/bg-flavor-1110x186-NEW-1024x172.png 1024w, https:\/\/reka-n.com\/es\/Media\/2023\/05\/bg-flavor-1110x186-NEW-300x50.png 300w, https:\/\/reka-n.com\/es\/Media\/2023\/05\/bg-flavor-1110x186-NEW-768x129.png 768w, https:\/\/reka-n.com\/es\/Media\/2023\/05\/bg-flavor-1110x186-NEW-600x101.png 600w, https:\/\/reka-n.com\/es\/Media\/2023\/05\/bg-flavor-1110x186-NEW.png 1110w\" sizes=\"auto, (max-width: 1024px) 100vw, 1024px\" \/><\/figure>\n<\/div>\n\n\n<div class=\"wp-block-columns is-layout-flex wp-container-core-columns-is-layout-9d6595d7 wp-block-columns-is-layout-flex\">\n<div class=\"wp-block-column is-layout-flow wp-block-column-is-layout-flow\" style=\"flex-basis:33.33%\">\n<figure class=\"wp-block-table\"><table class=\"has-black-color has-text-color\"><thead><tr><th>Categor\u00edas de Sabores<\/th><\/tr><\/thead><tbody><tr><td><a href=\"https:\/\/reka-n.com\/es\/flavors\/bakery-cereals.html\">Panader\u00eda y Cereales<\/a><\/td><\/tr><tr><td><a href=\"https:\/\/reka-n.com\/es\/flavors\/beverage-powder-drink.html\">Bebidas y Bebidas en Polvo<\/a><\/td><\/tr><tr><td><a href=\"https:\/\/reka-n.com\/es\/flavors\/confectionary-sweet.html\">Confiter\u00eda y Dulces<\/a><\/td><\/tr><tr><td><a href=\"https:\/\/reka-n.com\/es\/flavors\/dairy-ice-cream.html\">L\u00e1cteos y Helados<\/a><\/td><\/tr><tr><td><a href=\"https:\/\/reka-n.com\/es\/flavors\/food-supplements-oral-care.html\">Suplementos Alimenticios y Cuidado Bucal<\/a><\/td><\/tr><tr><td><a href=\"https:\/\/reka-n.com\/es\/flavors\/savory-culinary-snack.html\">Cocina salada y Aperitivos<\/a><\/td><\/tr><tr><td><a href=\"https:\/\/reka-n.com\/es\/flavors\/others.html\">Otros<\/a><\/td><\/tr><\/tbody><\/table><\/figure>\n<\/div>\n\n\n\n<div class=\"wp-block-column is-layout-flow wp-block-column-is-layout-flow\" style=\"flex-basis:66.66%\">\n<h2 class=\"wp-block-heading\">Sabores &gt; Otros<\/h2>\n\n\n\n<div class=\"wp-block-columns is-layout-flex wp-container-core-columns-is-layout-9d6595d7 wp-block-columns-is-layout-flex\">\n<div class=\"wp-block-column is-layout-flow wp-block-column-is-layout-flow\">\n<figure class=\"wp-block-image size-full is-style-default\" id=\"wp-block-themeisle-blocks-image-d970c45e\"><img alt=\"\" loading=\"lazy\" decoding=\"async\" width=\"300\" height=\"204\" src=\"https:\/\/reka-n.com\/es\/Media\/2023\/04\/others-thumbnail.jpeg\" alt=\"\" class=\"wp-image-1406\"\/><\/figure>\n<\/div>\n\n\n\n<div class=\"wp-block-column is-layout-flow wp-block-column-is-layout-flow\">\n<p class=\"has-small-font-size\">Aunque las aplicaciones de los aromatizantes se han ampliado considerablemente en los \u00faltimos tiempos, a continuaci\u00f3n se incluye una lista parcial de lo que contiene nuestra biblioteca.<\/p>\n\n\n\n<p class=\"has-small-font-size\">Si est\u00e1 interesado en alguno de los sabores o tiene alguna idea nueva, haga clic en las listas de sabores para enviar sus solicitudes o consultas y nuestros comerciales se pondr\u00e1n en contacto con usted en breve.<\/p>\n<\/div>\n<\/div>\n\n\n<form class=\"product-checkbox-form\" method=\"post\" enctype=\"multipart\/form-data\"><h3><\/h3><ul class=\"product-checkbox-list columns-3\"><li class=\"product-checkbox-item\"><label><input type=\"checkbox\" name=\"product_checkbox[]\" value=\"4458\"> AGUA DE ROSAS DE DAMASCO(ROSE WATER DAMASCE)<\/label><\/li><li class=\"product-checkbox-item\"><label><input type=\"checkbox\" name=\"product_checkbox[]\" value=\"4449\"> ARROZ BASMATI(BASMATI RICE)<\/label><\/li><li class=\"product-checkbox-item\"><label><input type=\"checkbox\" name=\"product_checkbox[]\" value=\"4451\"> ARROZ JASM\u00cdN(JASMINE RICE)<\/label><\/li><li class=\"product-checkbox-item\"><label><input type=\"checkbox\" name=\"product_checkbox[]\" value=\"4465\"> ARROZ JOVEN(YOUNG RICE)<\/label><\/li><li class=\"product-checkbox-item\"><label><input type=\"checkbox\" name=\"product_checkbox[]\" value=\"4452\"> ARROZ LOTUS(LOTUS RICE)<\/label><\/li><li class=\"product-checkbox-item\"><label><input type=\"checkbox\" name=\"product_checkbox[]\" value=\"4457\"> ARROZ PANDAN WANGI(PANDAN WANGI RICE)<\/label><\/li><li class=\"product-checkbox-item\"><label><input type=\"checkbox\" name=\"product_checkbox[]\" value=\"4461\"> CAF\u00c9 DE TABACO(TOBACCO COFFEE)<\/label><\/li><li class=\"product-checkbox-item\"><label><input type=\"checkbox\" name=\"product_checkbox[]\" value=\"4448\"> CERVEZA DE CEBADA(BARLEY RICE)<\/label><\/li><li class=\"product-checkbox-item\"><label><input type=\"checkbox\" name=\"product_checkbox[]\" value=\"4460\"> CHOCOLATE DE TABACO(TOBACCO CHOCOLATE)<\/label><\/li><li class=\"product-checkbox-item\"><label><input type=\"checkbox\" name=\"product_checkbox[]\" value=\"4456\"> FRUTAS MIXTAS BG(MIXED FRUIT BG)<\/label><\/li><li class=\"product-checkbox-item\"><label><input type=\"checkbox\" name=\"product_checkbox[]\" value=\"4462\"> FRUTAS MIXTAS DE TABACO(TOBACCO MIXED FRUIT)<\/label><\/li><li class=\"product-checkbox-item\"><label><input type=\"checkbox\" name=\"product_checkbox[]\" value=\"4450\"> GARAM MASALA(GARAM MASALA)<\/label><\/li><li class=\"product-checkbox-item\"><label><input type=\"checkbox\" name=\"product_checkbox[]\" value=\"4459\"> HOJA DE TABACO(TABAK LEAF)<\/label><\/li><li class=\"product-checkbox-item\"><label><input type=\"checkbox\" name=\"product_checkbox[]\" value=\"4453\"> MANGO MADURO(MANGO RIPE)<\/label><\/li><li class=\"product-checkbox-item\"><label><input type=\"checkbox\" name=\"product_checkbox[]\" value=\"4455\"> MENTA FRESCA(MINT COOL)<\/label><\/li><li class=\"product-checkbox-item\"><label><input type=\"checkbox\" name=\"product_checkbox[]\" value=\"4454\"> MILD SEVEN(MILD SEVEN)<\/label><\/li><li class=\"product-checkbox-item\"><label><input type=\"checkbox\" name=\"product_checkbox[]\" value=\"4464\"> ROSA ZARDA DE TABACO(TOBACCO ZARDA ROSE)<\/label><\/li><li class=\"product-checkbox-item\"><label><input type=\"checkbox\" name=\"product_checkbox[]\" value=\"4463\"> VAINILLA DE TABACO(TOBACCO VANILLA)<\/label><\/li><\/ul><input type=\"submit\" name=\"add_to_cart_button\" value=\"Enviar solicitud de muestra\"><input type=\"hidden\" name=\"action\" value=\"add_product_checkbox_to_cart\"><input type=\"hidden\" id=\"add_product_checkbox_to_cart_nonce\" name=\"add_product_checkbox_to_cart_nonce\" value=\"48c2e18a16\" \/><input type=\"hidden\" name=\"_wp_http_referer\" value=\"\/es\/wp-json\/wp\/v2\/pages\/55\" \/><input type=\"hidden\" id=\"add_product_checkbox_to_cart_nonce\" name=\"add_product_checkbox_to_cart_nonce\" value=\"48c2e18a16\" \/><input type=\"hidden\" name=\"_wp_http_referer\" value=\"\/es\/wp-json\/wp\/v2\/pages\/55\" \/><\/form><style>.product-checkbox-list { display: grid; grid-template-columns: repeat(3, 1fr); grid-gap: 20px; list-style: none; padding: 0; margin: 0; }<\/style>\n<\/div>\n<\/div>\n","protected":false},"excerpt":{"rendered":"<p>Categor\u00edas de Sabores Panader\u00eda y Cereales Bebidas y Bebidas en Polvo Confiter\u00eda y Dulces L\u00e1cteos y Helados Suplementos Alimenticios y Cuidado Bucal Cocina salada y Aperitivos Otros Sabores &gt; Otros Aunque las aplicaciones de los aromatizantes se han ampliado considerablemente en los \u00faltimos tiempos, a continuaci\u00f3n se incluye una lista parcial de lo que contiene [&hellip;]<\/p>\n","protected":false},"author":4,"featured_media":0,"parent":43,"menu_order":0,"comment_status":"closed","ping_status":"closed","template":"","meta":{"_seopress_robots_primary_cat":"","_seopress_titles_title":"","_seopress_titles_desc":"","_seopress_robots_index":"","_themeisle_gutenberg_block_has_review":false,"footnotes":""},"class_list":["post-55","page","type-page","status-publish","hentry"],"_links":{"self":[{"href":"https:\/\/reka-n.com\/es\/wp-json\/wp\/v2\/pages\/55","targetHints":{"allow":["GET"]}}],"collection":[{"href":"https:\/\/reka-n.com\/es\/wp-json\/wp\/v2\/pages"}],"about":[{"href":"https:\/\/reka-n.com\/es\/wp-json\/wp\/v2\/types\/page"}],"author":[{"embeddable":true,"href":"https:\/\/reka-n.com\/es\/wp-json\/wp\/v2\/users\/4"}],"replies":[{"embeddable":true,"href":"https:\/\/reka-n.com\/es\/wp-json\/wp\/v2\/comments?post=55"}],"version-history":[{"count":9,"href":"https:\/\/reka-n.com\/es\/wp-json\/wp\/v2\/pages\/55\/revisions"}],"predecessor-version":[{"id":3290,"href":"https:\/\/reka-n.com\/es\/wp-json\/wp\/v2\/pages\/55\/revisions\/3290"}],"up":[{"embeddable":true,"href":"https:\/\/reka-n.com\/es\/wp-json\/wp\/v2\/pages\/43"}],"wp:attachment":[{"href":"https:\/\/reka-n.com\/es\/wp-json\/wp\/v2\/media?parent=55"}],"curies":[{"name":"wp","href":"https:\/\/api.w.org\/{rel}","templated":true}]}}