{"id":52,"date":"2023-02-17T08:08:37","date_gmt":"2023-02-17T08:08:37","guid":{"rendered":"https:\/\/appedata.com\/?page_id=52"},"modified":"2025-07-29T02:52:32","modified_gmt":"2025-07-29T02:52:32","slug":"dairy-ice-cream","status":"publish","type":"page","link":"https:\/\/reka-n.com\/es\/flavours\/dairy-ice-cream.html","title":{"rendered":"L\u00e1cteos y Helados"},"content":{"rendered":"<div class=\"wp-block-image\">\n<figure class=\"aligncenter size-large\"><img alt=\"\" loading=\"lazy\" decoding=\"async\" width=\"1024\" height=\"172\" src=\"https:\/\/reka-n.com\/es\/Media\/2023\/05\/bg-flavor-1110x186-NEW-1024x172.png\" alt=\"\" class=\"wp-image-1649\" srcset=\"https:\/\/reka-n.com\/es\/Media\/2023\/05\/bg-flavor-1110x186-NEW-1024x172.png 1024w, https:\/\/reka-n.com\/es\/Media\/2023\/05\/bg-flavor-1110x186-NEW-300x50.png 300w, https:\/\/reka-n.com\/es\/Media\/2023\/05\/bg-flavor-1110x186-NEW-768x129.png 768w, https:\/\/reka-n.com\/es\/Media\/2023\/05\/bg-flavor-1110x186-NEW-600x101.png 600w, https:\/\/reka-n.com\/es\/Media\/2023\/05\/bg-flavor-1110x186-NEW.png 1110w\" sizes=\"auto, (max-width: 1024px) 100vw, 1024px\" \/><\/figure>\n<\/div>\n\n\n<div class=\"wp-block-columns is-layout-flex wp-container-core-columns-is-layout-9d6595d7 wp-block-columns-is-layout-flex\">\n<div class=\"wp-block-column is-layout-flow wp-block-column-is-layout-flow\" style=\"flex-basis:33.33%\">\n<figure class=\"wp-block-table\"><table class=\"has-black-color has-text-color\"><thead><tr><th>Categor\u00edas de Sabores<\/th><\/tr><\/thead><tbody><tr><td><a href=\"https:\/\/reka-n.com\/es\/flavors\/bakery-cereals.html\">Panader\u00eda y Cereales<\/a><\/td><\/tr><tr><td><a href=\"https:\/\/reka-n.com\/es\/flavors\/beverage-powder-drink.html\">Bebidas y Bebidas en Polvo<\/a><\/td><\/tr><tr><td><a href=\"https:\/\/reka-n.com\/es\/flavors\/confectionary-sweet.html\">Confiter\u00eda y Dulces<\/a><\/td><\/tr><tr><td><a href=\"https:\/\/reka-n.com\/es\/flavors\/dairy-ice-cream.html\">L\u00e1cteos y Helados<\/a><\/td><\/tr><tr><td><a href=\"https:\/\/reka-n.com\/es\/flavors\/food-supplements-oral-care.html\">Suplementos Alimenticios y Cuidado Bucal<\/a><\/td><\/tr><tr><td><a href=\"https:\/\/reka-n.com\/es\/flavors\/savory-culinary-snack.html\">Cocina salada y Aperitivos<\/a><\/td><\/tr><tr><td><a href=\"https:\/\/reka-n.com\/es\/flavors\/others.html\">Otros<\/a><\/td><\/tr><\/tbody><\/table><\/figure>\n<\/div>\n\n\n\n<div class=\"wp-block-column is-layout-flow wp-block-column-is-layout-flow\" style=\"flex-basis:66.66%\">\n<h2 class=\"wp-block-heading\">Sabores &gt; L\u00e1cteos y helados<\/h2>\n\n\n\n<div class=\"wp-block-columns is-layout-flex wp-container-core-columns-is-layout-9d6595d7 wp-block-columns-is-layout-flex\">\n<div class=\"wp-block-column is-layout-flow wp-block-column-is-layout-flow\" style=\"flex-basis:33.33%\">\n<figure class=\"wp-block-image size-full\"><img alt=\"\" loading=\"lazy\" decoding=\"async\" width=\"200\" height=\"300\" src=\"https:\/\/reka-n.com\/es\/Media\/2023\/04\/dairy-ice-cream-thumbnail.jpeg\" alt=\"\" class=\"wp-image-1394\"\/><\/figure>\n<\/div>\n\n\n\n<div class=\"wp-block-column is-layout-flow wp-block-column-is-layout-flow\" style=\"flex-basis:66.66%\">\n<p class=\"has-small-font-size\">Las aplicaciones de nuestros sabores l\u00e1cteos abarcan desde mantequilla, queso y untables hasta helados, yogures y natas.<\/p>\n\n\n\n<p class=\"has-small-font-size\">A continuaci\u00f3n se muestra una lista parcial de nuestros sabores l\u00e1cteos. Si est\u00e1 interesado en alguno de los sabores o tiene alguna idea nueva, haga clic en las listas de sabores para enviar sus solicitudes o consultas y nuestros comerciales se pondr\u00e1n en contacto con usted en breve.<\/p>\n<\/div>\n<\/div>\n\n\n<form class=\"product-checkbox-form\" method=\"post\" enctype=\"multipart\/form-data\"><h3><\/h3><ul class=\"product-checkbox-list columns-3\"><li class=\"product-checkbox-item\"><label><input type=\"checkbox\" name=\"product_checkbox[]\" value=\"4370\"> AGENTE NUBOSO(CLOUDY AGENT)<\/label><\/li><li class=\"product-checkbox-item\"><label><input type=\"checkbox\" name=\"product_checkbox[]\" value=\"4367\"> HELADO DE AR\u00c1NDANOS(BLUEBERRY ICE CREAM)<\/label><\/li><li class=\"product-checkbox-item\"><label><input type=\"checkbox\" name=\"product_checkbox[]\" value=\"4368\"> HELADO DE CALAMANSI Y LIMA(CALAMANSI LIME ICE CREAM)<\/label><\/li><li class=\"product-checkbox-item\"><label><input type=\"checkbox\" name=\"product_checkbox[]\" value=\"4375\"> HELADO DE CREMA(CUSTARD ICE CREAM)<\/label><\/li><li class=\"product-checkbox-item\"><label><input type=\"checkbox\" name=\"product_checkbox[]\" value=\"4382\"> HELADO DE FRUTOS DEL BOSQUE(MIXED BERRIES ICE CREAM)<\/label><\/li><li class=\"product-checkbox-item\"><label><input type=\"checkbox\" name=\"product_checkbox[]\" value=\"4364\"> HELADO DE GROSELLA NEGRA(BLACKCURRANT ICE CREAM)<\/label><\/li><li class=\"product-checkbox-item\"><label><input type=\"checkbox\" name=\"product_checkbox[]\" value=\"4377\"> HELADO DE KIWI(KIWI FRUIT ICE CREAM)<\/label><\/li><li class=\"product-checkbox-item\"><label><input type=\"checkbox\" name=\"product_checkbox[]\" value=\"4379\"> HELADO DE LIMA(LIME ICE CREAM)<\/label><\/li><li class=\"product-checkbox-item\"><label><input type=\"checkbox\" name=\"product_checkbox[]\" value=\"4378\"> HELADO DE LIM\u00d3N(LEMON ICE CREAM)<\/label><\/li><li class=\"product-checkbox-item\"><label><input type=\"checkbox\" name=\"product_checkbox[]\" value=\"4393\"> HELADO DE MA\u00cdZ DULCE(SWEET CORN ICE CREAM)<\/label><\/li><li class=\"product-checkbox-item\"><label><input type=\"checkbox\" name=\"product_checkbox[]\" value=\"4396\"> HELADO DE \u00d1AME(YAM ICE CREAM)<\/label><\/li><li class=\"product-checkbox-item\"><label><input type=\"checkbox\" name=\"product_checkbox[]\" value=\"4385\"> HELADO DE NARANJA(ORANGE ICE CREAM)<\/label><\/li><li class=\"product-checkbox-item\"><label><input type=\"checkbox\" name=\"product_checkbox[]\" value=\"4387\"> JUGOSO DE FRUTA DE LA PASI\u00d3N(PASSION FRUIT JUICY)<\/label><\/li><li class=\"product-checkbox-item\"><label><input type=\"checkbox\" name=\"product_checkbox[]\" value=\"4389\"> JUGOSO DE PI\u00d1A(PINEAPPLE JUICY)<\/label><\/li><li class=\"product-checkbox-item\"><label><input type=\"checkbox\" name=\"product_checkbox[]\" value=\"4373\"> LECHE COCOMAX(COCOMAX MILK)<\/label><\/li><li class=\"product-checkbox-item\"><label><input type=\"checkbox\" name=\"product_checkbox[]\" value=\"4374\"> LECHE CON CAF\u00c9(COFFEE MILK)<\/label><\/li><li class=\"product-checkbox-item\"><label><input type=\"checkbox\" name=\"product_checkbox[]\" value=\"4369\"> LECHE CON CHOCOLATE(CHOCOLATE MILK)<\/label><\/li><li class=\"product-checkbox-item\"><label><input type=\"checkbox\" name=\"product_checkbox[]\" value=\"4365\"> LECHE DE PL\u00c1TANO(BANANA MILK)<\/label><\/li><li class=\"product-checkbox-item\"><label><input type=\"checkbox\" name=\"product_checkbox[]\" value=\"4391\"> LECHE DE SOJA(SOYA MILK)<\/label><\/li><li class=\"product-checkbox-item\"><label><input type=\"checkbox\" name=\"product_checkbox[]\" value=\"4395\"> LECHE DE VAINILLA(VANILLA MILK)<\/label><\/li><li class=\"product-checkbox-item\"><label><input type=\"checkbox\" name=\"product_checkbox[]\" value=\"4376\"> LECHE(DAIRY MILK)<\/label><\/li><li class=\"product-checkbox-item\"><label><input type=\"checkbox\" name=\"product_checkbox[]\" value=\"4380\"> LYCHEE D&#8217;LICIOUS(LYCHEE D&#8217;LICIOUS)<\/label><\/li><li class=\"product-checkbox-item\"><label><input type=\"checkbox\" name=\"product_checkbox[]\" value=\"4381\"> MANGO TANGO(MANGO TANGO)<\/label><\/li><li class=\"product-checkbox-item\"><label><input type=\"checkbox\" name=\"product_checkbox[]\" value=\"4384\"> NEUTRAL CLOUDY(NEUTRAL CLOUDY)<\/label><\/li><li class=\"product-checkbox-item\"><label><input type=\"checkbox\" name=\"product_checkbox[]\" value=\"4366\"> QUESO AZUL(BLUE CHEESE)<\/label><\/li><li class=\"product-checkbox-item\"><label><input type=\"checkbox\" name=\"product_checkbox[]\" value=\"4371\"> QUESO CHEDDAR(CHEESE CHEDDARS)<\/label><\/li><li class=\"product-checkbox-item\"><label><input type=\"checkbox\" name=\"product_checkbox[]\" value=\"4372\"> SABOR A CACAO Y PANDAN(COCOA PANDAN FLAVOUR)<\/label><\/li><li class=\"product-checkbox-item\"><label><input type=\"checkbox\" name=\"product_checkbox[]\" value=\"4394\"> SABOR TUTTY FRUITY(TUTTY FRUITY FLAVOUR)<\/label><\/li><li class=\"product-checkbox-item\"><label><input type=\"checkbox\" name=\"product_checkbox[]\" value=\"4390\"> YOGUR DE FRAMBUESA(RASPBERRY YOGURT)<\/label><\/li><li class=\"product-checkbox-item\"><label><input type=\"checkbox\" name=\"product_checkbox[]\" value=\"4392\"> YOGUR DE FRESA(STRAWBERRY YOGURT)<\/label><\/li><li class=\"product-checkbox-item\"><label><input type=\"checkbox\" name=\"product_checkbox[]\" value=\"4383\"> YOGUR DE FRUTAS MIXTAS(MIXED FRUITS YOGURT)<\/label><\/li><li class=\"product-checkbox-item\"><label><input type=\"checkbox\" name=\"product_checkbox[]\" value=\"4388\"> YOGUR DE MELOCOT\u00d3N(PEACH YOGHURT)<\/label><\/li><li class=\"product-checkbox-item\"><label><input type=\"checkbox\" name=\"product_checkbox[]\" value=\"4386\"> YOGUR DE PAPAYA(PAPAYA YOGURT)<\/label><\/li><\/ul><input type=\"submit\" name=\"add_to_cart_button\" value=\"Enviar solicitud de muestra\"><input type=\"hidden\" name=\"action\" value=\"add_product_checkbox_to_cart\"><input type=\"hidden\" id=\"add_product_checkbox_to_cart_nonce\" name=\"add_product_checkbox_to_cart_nonce\" value=\"1730176c42\" \/><input type=\"hidden\" name=\"_wp_http_referer\" value=\"\/es\/wp-json\/wp\/v2\/pages\/52\" \/><input type=\"hidden\" id=\"add_product_checkbox_to_cart_nonce\" name=\"add_product_checkbox_to_cart_nonce\" value=\"1730176c42\" \/><input type=\"hidden\" name=\"_wp_http_referer\" value=\"\/es\/wp-json\/wp\/v2\/pages\/52\" \/><\/form><style>.product-checkbox-list { display: grid; grid-template-columns: repeat(3, 1fr); grid-gap: 20px; list-style: none; padding: 0; margin: 0; }<\/style>\n<\/div>\n<\/div>\n\n\n\n<p><\/p>\n","protected":false},"excerpt":{"rendered":"<p>Categor\u00edas de Sabores Panader\u00eda y Cereales Bebidas y Bebidas en Polvo Confiter\u00eda y Dulces L\u00e1cteos y Helados Suplementos Alimenticios y Cuidado Bucal Cocina salada y Aperitivos Otros Sabores &gt; L\u00e1cteos y helados Las aplicaciones de nuestros sabores l\u00e1cteos abarcan desde mantequilla, queso y untables hasta helados, yogures y natas. A continuaci\u00f3n se muestra una lista [&hellip;]<\/p>\n","protected":false},"author":4,"featured_media":0,"parent":43,"menu_order":0,"comment_status":"closed","ping_status":"closed","template":"","meta":{"_seopress_robots_primary_cat":"","_seopress_titles_title":"","_seopress_titles_desc":"","_seopress_robots_index":"","_themeisle_gutenberg_block_has_review":false,"footnotes":""},"class_list":["post-52","page","type-page","status-publish","hentry"],"_links":{"self":[{"href":"https:\/\/reka-n.com\/es\/wp-json\/wp\/v2\/pages\/52","targetHints":{"allow":["GET"]}}],"collection":[{"href":"https:\/\/reka-n.com\/es\/wp-json\/wp\/v2\/pages"}],"about":[{"href":"https:\/\/reka-n.com\/es\/wp-json\/wp\/v2\/types\/page"}],"author":[{"embeddable":true,"href":"https:\/\/reka-n.com\/es\/wp-json\/wp\/v2\/users\/4"}],"replies":[{"embeddable":true,"href":"https:\/\/reka-n.com\/es\/wp-json\/wp\/v2\/comments?post=52"}],"version-history":[{"count":11,"href":"https:\/\/reka-n.com\/es\/wp-json\/wp\/v2\/pages\/52\/revisions"}],"predecessor-version":[{"id":3287,"href":"https:\/\/reka-n.com\/es\/wp-json\/wp\/v2\/pages\/52\/revisions\/3287"}],"up":[{"embeddable":true,"href":"https:\/\/reka-n.com\/es\/wp-json\/wp\/v2\/pages\/43"}],"wp:attachment":[{"href":"https:\/\/reka-n.com\/es\/wp-json\/wp\/v2\/media?parent=52"}],"curies":[{"name":"wp","href":"https:\/\/api.w.org\/{rel}","templated":true}]}}