{"id":51,"date":"2023-02-17T08:08:37","date_gmt":"2023-02-17T08:08:37","guid":{"rendered":"https:\/\/appedata.com\/?page_id=51"},"modified":"2025-07-29T02:52:27","modified_gmt":"2025-07-29T02:52:27","slug":"confectionary-sweet","status":"publish","type":"page","link":"https:\/\/reka-n.com\/es\/flavours\/confectionary-sweet.html","title":{"rendered":"Confiter\u00eda y Dulces"},"content":{"rendered":"<div class=\"wp-block-image\">\n<figure class=\"aligncenter size-large\"><img alt=\"\" loading=\"lazy\" decoding=\"async\" width=\"1024\" height=\"172\" src=\"https:\/\/reka-n.com\/es\/Media\/2023\/05\/bg-flavor-1110x186-NEW-1024x172.png\" alt=\"\" class=\"wp-image-1649\" srcset=\"https:\/\/reka-n.com\/es\/Media\/2023\/05\/bg-flavor-1110x186-NEW-1024x172.png 1024w, https:\/\/reka-n.com\/es\/Media\/2023\/05\/bg-flavor-1110x186-NEW-300x50.png 300w, https:\/\/reka-n.com\/es\/Media\/2023\/05\/bg-flavor-1110x186-NEW-768x129.png 768w, https:\/\/reka-n.com\/es\/Media\/2023\/05\/bg-flavor-1110x186-NEW-600x101.png 600w, https:\/\/reka-n.com\/es\/Media\/2023\/05\/bg-flavor-1110x186-NEW.png 1110w\" sizes=\"auto, (max-width: 1024px) 100vw, 1024px\" \/><\/figure>\n<\/div>\n\n\n<div class=\"wp-block-columns is-layout-flex wp-container-core-columns-is-layout-9d6595d7 wp-block-columns-is-layout-flex\">\n<div class=\"wp-block-column is-layout-flow wp-block-column-is-layout-flow\" style=\"flex-basis:33.33%\">\n<figure class=\"wp-block-table\"><table class=\"has-black-color has-text-color\"><thead><tr><th>Categor\u00edas de Sabores<\/th><\/tr><\/thead><tbody><tr><td><a href=\"https:\/\/reka-n.com\/es\/flavors\/bakery-cereals.html\">Panader\u00eda y Cereales<\/a><\/td><\/tr><tr><td><a href=\"https:\/\/reka-n.com\/es\/flavors\/beverage-powder-drink.html\">Bebidas y Bebidas en Polvo<\/a><\/td><\/tr><tr><td><a href=\"https:\/\/reka-n.com\/es\/flavors\/confectionary-sweet.html\">Confiter\u00eda y Dulces<\/a><\/td><\/tr><tr><td><a href=\"https:\/\/reka-n.com\/es\/flavors\/dairy-ice-cream.html\">L\u00e1cteos y Helados<\/a><\/td><\/tr><tr><td><a href=\"https:\/\/reka-n.com\/es\/flavors\/food-supplements-oral-care.html\">Suplementos Alimenticios y Cuidado Bucal<\/a><\/td><\/tr><tr><td><a href=\"https:\/\/reka-n.com\/es\/flavors\/savory-culinary-snack.html\">Cocina salada y Aperitivos<\/a><\/td><\/tr><tr><td><a href=\"https:\/\/reka-n.com\/es\/flavors\/others.html\">Otros<\/a><\/td><\/tr><\/tbody><\/table><\/figure>\n<\/div>\n\n\n\n<div class=\"wp-block-column is-layout-flow wp-block-column-is-layout-flow\" style=\"flex-basis:66.66%\">\n<h2 class=\"wp-block-heading\">Sabores &gt; Confiter\u00eda y dulces<\/h2>\n\n\n\n<div class=\"wp-block-columns is-layout-flex wp-container-core-columns-is-layout-9d6595d7 wp-block-columns-is-layout-flex\">\n<div class=\"wp-block-column is-layout-flow wp-block-column-is-layout-flow\">\n<figure class=\"wp-block-image size-full is-style-default\" id=\"wp-block-themeisle-blocks-image-5241afcb\"><img alt=\"\" loading=\"lazy\" decoding=\"async\" width=\"300\" height=\"199\" src=\"https:\/\/reka-n.com\/es\/Media\/2023\/04\/confectionary-sweet-thumbnail.jpeg\" alt=\"\" class=\"wp-image-1391\"\/><\/figure>\n<\/div>\n\n\n\n<div class=\"wp-block-column is-layout-flow wp-block-column-is-layout-flow\">\n<p class=\"has-small-font-size\">Las aplicaciones de nuestra gama de sabores para confiter\u00eda y dulces abarcan desde condimentos para pollo asado hasta sopas, aperitivos y salsas.<\/p>\n\n\n\n<p class=\"has-small-font-size\">A continuaci\u00f3n se muestra una lista parcial de nuestros sabores para confiter\u00eda y dulces. Si est\u00e1 interesado en alguno de los sabores o tiene alguna idea nueva, haga clic en las listas de sabores para enviar sus solicitudes o consultas y nuestros comerciales se pondr\u00e1n en contacto con usted en breve.<\/p>\n<\/div>\n<\/div>\n\n\n<form class=\"product-checkbox-form\" method=\"post\" enctype=\"multipart\/form-data\"><h3><\/h3><ul class=\"product-checkbox-list columns-3\"><li class=\"product-checkbox-item\"><label><input type=\"checkbox\" name=\"product_checkbox[]\" value=\"4165\"> AGENTE NUBOSO(CLOUDY AGENT)<\/label><\/li><li class=\"product-checkbox-item\"><label><input type=\"checkbox\" name=\"product_checkbox[]\" value=\"4167\"> CARAMELO DE CAF\u00c9(COFFEE CANDY)<\/label><\/li><li class=\"product-checkbox-item\"><label><input type=\"checkbox\" name=\"product_checkbox[]\" value=\"4210\"> CARAMELO DE COCO JOVEN(YOUNG COCONUT CANDY)<\/label><\/li><li class=\"product-checkbox-item\"><label><input type=\"checkbox\" name=\"product_checkbox[]\" value=\"4175\"> CARAMELO DE CREMA IRLANDESA(IRISH CREAM CANDY)<\/label><\/li><li class=\"product-checkbox-item\"><label><input type=\"checkbox\" name=\"product_checkbox[]\" value=\"4180\"> CARAMELO DE LAVANDA(LAVENDER CANDY)<\/label><\/li><li class=\"product-checkbox-item\"><label><input type=\"checkbox\" name=\"product_checkbox[]\" value=\"4203\"> CARAMELO DE SARSAPARILLA(SARSAPARILLA CANDY)<\/label><\/li><li class=\"product-checkbox-item\"><label><input type=\"checkbox\" name=\"product_checkbox[]\" value=\"4179\"> CARAMELO KOPIKO(KOPIKO CANDY)<\/label><\/li><li class=\"product-checkbox-item\"><label><input type=\"checkbox\" name=\"product_checkbox[]\" value=\"4170\"> CARAMELO ROJO DE UVA(GRAPE RED CANDY)<\/label><\/li><li class=\"product-checkbox-item\"><label><input type=\"checkbox\" name=\"product_checkbox[]\" value=\"4163\"> CARAMELO SUPREMO(CARAMEL SUPREME)<\/label><\/li><li class=\"product-checkbox-item\"><label><input type=\"checkbox\" name=\"product_checkbox[]\" value=\"4198\"> CARAMELOS DE GRANADA(POMEGRANATE CANDY)<\/label><\/li><li class=\"product-checkbox-item\"><label><input type=\"checkbox\" name=\"product_checkbox[]\" value=\"4188\"> CARAMELOS DE LECHE(MILK CANDY)<\/label><\/li><li class=\"product-checkbox-item\"><label><input type=\"checkbox\" name=\"product_checkbox[]\" value=\"4196\"> CARAMELOS DE MENTA(PEPPERMINT CANDY)<\/label><\/li><li class=\"product-checkbox-item\"><label><input type=\"checkbox\" name=\"product_checkbox[]\" value=\"4192\"> CARAMELOS DE OSMANTHUS(OSMANTHUS CANDY)<\/label><\/li><li class=\"product-checkbox-item\"><label><input type=\"checkbox\" name=\"product_checkbox[]\" value=\"4209\"> CHICLE DE GAULTERIA(WINTERGREEN CHEWING GUM)<\/label><\/li><li class=\"product-checkbox-item\"><label><input type=\"checkbox\" name=\"product_checkbox[]\" value=\"4162\"> CHICLE(BUBBLE GUM)<\/label><\/li><li class=\"product-checkbox-item\"><label><input type=\"checkbox\" name=\"product_checkbox[]\" value=\"4172\"> CHOCOLATE CON AVELLANAS(HAZELNUT CHOCOLATE)<\/label><\/li><li class=\"product-checkbox-item\"><label><input type=\"checkbox\" name=\"product_checkbox[]\" value=\"4208\"> CHOCOLATE DE MENTA DE INVIERNO(WINTER MINT CHOCOLATE)<\/label><\/li><li class=\"product-checkbox-item\"><label><input type=\"checkbox\" name=\"product_checkbox[]\" value=\"4207\"> CHOCOLATE TOFFEE(TOFFEE CHOCOLATE)<\/label><\/li><li class=\"product-checkbox-item\"><label><input type=\"checkbox\" name=\"product_checkbox[]\" value=\"4176\"> DULCE DE JACKFRUIT(JACKFRUIT SWEET)<\/label><\/li><li class=\"product-checkbox-item\"><label><input type=\"checkbox\" name=\"product_checkbox[]\" value=\"4182\"> DULCE DE LIM\u00d3N Y LIMA(LEMON LIME SWEET)<\/label><\/li><li class=\"product-checkbox-item\"><label><input type=\"checkbox\" name=\"product_checkbox[]\" value=\"4158\"> DULCE DE MANZANA(APPLE SWEET)<\/label><\/li><li class=\"product-checkbox-item\"><label><input type=\"checkbox\" name=\"product_checkbox[]\" value=\"4195\"> DULCE DE MELOCOT\u00d3N(PEACH SWEET)<\/label><\/li><li class=\"product-checkbox-item\"><label><input type=\"checkbox\" name=\"product_checkbox[]\" value=\"4187\"> DULCE DE MEL\u00d3N(MELON SWEET)<\/label><\/li><li class=\"product-checkbox-item\"><label><input type=\"checkbox\" name=\"product_checkbox[]\" value=\"4191\"> DULCE DE NARANJA(ORANGE SWEET)<\/label><\/li><li class=\"product-checkbox-item\"><label><input type=\"checkbox\" name=\"product_checkbox[]\" value=\"4197\"> DULCE DE PI\u00d1A(PINEAPPLE SWEET)<\/label><\/li><li class=\"product-checkbox-item\"><label><input type=\"checkbox\" name=\"product_checkbox[]\" value=\"4166\"> EXCELENTE COCO(COCONUT EXCELLENT)<\/label><\/li><li class=\"product-checkbox-item\"><label><input type=\"checkbox\" name=\"product_checkbox[]\" value=\"4200\"> FRAMBUESA(RASPBERRY)<\/label><\/li><li class=\"product-checkbox-item\"><label><input type=\"checkbox\" name=\"product_checkbox[]\" value=\"4189\"> FRUTAS MIXTAS(MIXED FRUIT)<\/label><\/li><li class=\"product-checkbox-item\"><label><input type=\"checkbox\" name=\"product_checkbox[]\" value=\"4194\"> GELATINA DE FRUTA DE LA PASI\u00d3N(PASSION FRUIT JELLY)<\/label><\/li><li class=\"product-checkbox-item\"><label><input type=\"checkbox\" name=\"product_checkbox[]\" value=\"4185\"> GELATINA DE LICHI(LYCHEE JELLY)<\/label><\/li><li class=\"product-checkbox-item\"><label><input type=\"checkbox\" name=\"product_checkbox[]\" value=\"4184\"> GELATINA DE LONGAN(LONGAN JELLY)<\/label><\/li><li class=\"product-checkbox-item\"><label><input type=\"checkbox\" name=\"product_checkbox[]\" value=\"4199\"> GELATINA DE POMELO(POMELO JELLY)<\/label><\/li><li class=\"product-checkbox-item\"><label><input type=\"checkbox\" name=\"product_checkbox[]\" value=\"4204\"> GOMINOLA \u00c1CIDA DE GUAN\u00c1BANA(SOURSOP SOUR GUMMY)<\/label><\/li><li class=\"product-checkbox-item\"><label><input type=\"checkbox\" name=\"product_checkbox[]\" value=\"4160\"> GOMINOLAS DE GROSELLA NEGRA(BLACKCURRANT GUMMY)<\/label><\/li><li class=\"product-checkbox-item\"><label><input type=\"checkbox\" name=\"product_checkbox[]\" value=\"4169\"> GOMITA DE COLA(COLA GUMMY)<\/label><\/li><li class=\"product-checkbox-item\"><label><input type=\"checkbox\" name=\"product_checkbox[]\" value=\"4181\"> GOMITA DE LIM\u00d3N(LEMON GUMMY)<\/label><\/li><li class=\"product-checkbox-item\"><label><input type=\"checkbox\" name=\"product_checkbox[]\" value=\"4174\"> GOTAS DE MIEL(HONEY DROPS)<\/label><\/li><li class=\"product-checkbox-item\"><label><input type=\"checkbox\" name=\"product_checkbox[]\" value=\"4164\"> GUSANO DE CHOCOLATE(CHOCOLATE BEAN)<\/label><\/li><li class=\"product-checkbox-item\"><label><input type=\"checkbox\" name=\"product_checkbox[]\" value=\"4173\"> JALEA DE MEL\u00d3N(HONEY DEW JELLY)<\/label><\/li><li class=\"product-checkbox-item\"><label><input type=\"checkbox\" name=\"product_checkbox[]\" value=\"4171\"> JALEA ROJA DE GUAYABA(GUAVA RED JELLY)<\/label><\/li><li class=\"product-checkbox-item\"><label><input type=\"checkbox\" name=\"product_checkbox[]\" value=\"4177\"> KAYA(KAYA)<\/label><\/li><li class=\"product-checkbox-item\"><label><input type=\"checkbox\" name=\"product_checkbox[]\" value=\"4178\"> KIWI(KIWI FRUIT)<\/label><\/li><li class=\"product-checkbox-item\"><label><input type=\"checkbox\" name=\"product_checkbox[]\" value=\"4186\"> MANGO(MANGO)<\/label><\/li><li class=\"product-checkbox-item\"><label><input type=\"checkbox\" name=\"product_checkbox[]\" value=\"4205\"> MENTA VERDE(SPEARMINT)<\/label><\/li><li class=\"product-checkbox-item\"><label><input type=\"checkbox\" name=\"product_checkbox[]\" value=\"4159\"> MERMELADA DE ALBARICOQUE(APRICOT JAM)<\/label><\/li><li class=\"product-checkbox-item\"><label><input type=\"checkbox\" name=\"product_checkbox[]\" value=\"4161\"> MERMELADA DE AR\u00c1NDANOS(BLUEBERRY JAM)<\/label><\/li><li class=\"product-checkbox-item\"><label><input type=\"checkbox\" name=\"product_checkbox[]\" value=\"4206\"> MERMELADA DE FRESA(STRAWBERRY JAM)<\/label><\/li><li class=\"product-checkbox-item\"><label><input type=\"checkbox\" name=\"product_checkbox[]\" value=\"4190\"> NEUTRAL NUBOSO(NEUTRAL CLOUDY)<\/label><\/li><li class=\"product-checkbox-item\"><label><input type=\"checkbox\" name=\"product_checkbox[]\" value=\"4202\"> PIRULETA DE ROZELLE(ROZELLE LOLLY)<\/label><\/li><li class=\"product-checkbox-item\"><label><input type=\"checkbox\" name=\"product_checkbox[]\" value=\"4201\"> SABOR A JASM\u00cdN REAL(ROYAL JASMINE FLAVOUR)<\/label><\/li><li class=\"product-checkbox-item\"><label><input type=\"checkbox\" name=\"product_checkbox[]\" value=\"4183\"> SABOR A REGALIZ(LICORICE FLAVOUR)<\/label><\/li><li class=\"product-checkbox-item\"><label><input type=\"checkbox\" name=\"product_checkbox[]\" value=\"4193\"> SABOR PAN MASALA(PAN MASALA FLAVOR)<\/label><\/li><li class=\"product-checkbox-item\"><label><input type=\"checkbox\" name=\"product_checkbox[]\" value=\"4168\"> TOFFEE DE CAF\u00c9(COFFEE TOFFEE)<\/label><\/li><\/ul><input type=\"submit\" name=\"add_to_cart_button\" value=\"Enviar solicitud de muestra\"><input type=\"hidden\" name=\"action\" value=\"add_product_checkbox_to_cart\"><input type=\"hidden\" id=\"add_product_checkbox_to_cart_nonce\" name=\"add_product_checkbox_to_cart_nonce\" value=\"4a35aab987\" \/><input type=\"hidden\" name=\"_wp_http_referer\" value=\"\/es\/wp-json\/wp\/v2\/pages\/51\" \/><input type=\"hidden\" id=\"add_product_checkbox_to_cart_nonce\" name=\"add_product_checkbox_to_cart_nonce\" value=\"4a35aab987\" \/><input type=\"hidden\" name=\"_wp_http_referer\" value=\"\/es\/wp-json\/wp\/v2\/pages\/51\" \/><\/form><style>.product-checkbox-list { display: grid; grid-template-columns: repeat(3, 1fr); grid-gap: 20px; list-style: none; padding: 0; margin: 0; }<\/style>\n<\/div>\n<\/div>\n","protected":false},"excerpt":{"rendered":"<p>Categor\u00edas de Sabores Panader\u00eda y Cereales Bebidas y Bebidas en Polvo Confiter\u00eda y Dulces L\u00e1cteos y Helados Suplementos Alimenticios y Cuidado Bucal Cocina salada y Aperitivos Otros Sabores &gt; Confiter\u00eda y dulces Las aplicaciones de nuestra gama de sabores para confiter\u00eda y dulces abarcan desde condimentos para pollo asado hasta sopas, aperitivos y salsas. A [&hellip;]<\/p>\n","protected":false},"author":4,"featured_media":0,"parent":43,"menu_order":0,"comment_status":"closed","ping_status":"closed","template":"","meta":{"_seopress_robots_primary_cat":"","_seopress_titles_title":"","_seopress_titles_desc":"","_seopress_robots_index":"","_themeisle_gutenberg_block_has_review":false,"footnotes":""},"class_list":["post-51","page","type-page","status-publish","hentry"],"_links":{"self":[{"href":"https:\/\/reka-n.com\/es\/wp-json\/wp\/v2\/pages\/51","targetHints":{"allow":["GET"]}}],"collection":[{"href":"https:\/\/reka-n.com\/es\/wp-json\/wp\/v2\/pages"}],"about":[{"href":"https:\/\/reka-n.com\/es\/wp-json\/wp\/v2\/types\/page"}],"author":[{"embeddable":true,"href":"https:\/\/reka-n.com\/es\/wp-json\/wp\/v2\/users\/4"}],"replies":[{"embeddable":true,"href":"https:\/\/reka-n.com\/es\/wp-json\/wp\/v2\/comments?post=51"}],"version-history":[{"count":11,"href":"https:\/\/reka-n.com\/es\/wp-json\/wp\/v2\/pages\/51\/revisions"}],"predecessor-version":[{"id":3286,"href":"https:\/\/reka-n.com\/es\/wp-json\/wp\/v2\/pages\/51\/revisions\/3286"}],"up":[{"embeddable":true,"href":"https:\/\/reka-n.com\/es\/wp-json\/wp\/v2\/pages\/43"}],"wp:attachment":[{"href":"https:\/\/reka-n.com\/es\/wp-json\/wp\/v2\/media?parent=51"}],"curies":[{"name":"wp","href":"https:\/\/api.w.org\/{rel}","templated":true}]}}