{"id":49,"date":"2023-02-17T08:08:37","date_gmt":"2023-02-17T08:08:37","guid":{"rendered":"https:\/\/appedata.com\/?page_id=49"},"modified":"2025-07-29T02:34:41","modified_gmt":"2025-07-29T02:34:41","slug":"bakery-cereals","status":"publish","type":"page","link":"https:\/\/reka-n.com\/es\/flavours\/bakery-cereals.html","title":{"rendered":"Panader\u00eda y cereales"},"content":{"rendered":"<div class=\"wp-block-image\">\n<figure class=\"aligncenter size-large\"><img alt=\"\" loading=\"lazy\" decoding=\"async\" width=\"1024\" height=\"172\" src=\"https:\/\/reka-n.com\/es\/Media\/2023\/05\/bg-flavor-1110x186-NEW-1024x172.png\" alt=\"\" class=\"wp-image-1649\" srcset=\"https:\/\/reka-n.com\/es\/Media\/2023\/05\/bg-flavor-1110x186-NEW-1024x172.png 1024w, https:\/\/reka-n.com\/es\/Media\/2023\/05\/bg-flavor-1110x186-NEW-300x50.png 300w, https:\/\/reka-n.com\/es\/Media\/2023\/05\/bg-flavor-1110x186-NEW-768x129.png 768w, https:\/\/reka-n.com\/es\/Media\/2023\/05\/bg-flavor-1110x186-NEW-600x101.png 600w, https:\/\/reka-n.com\/es\/Media\/2023\/05\/bg-flavor-1110x186-NEW.png 1110w\" sizes=\"auto, (max-width: 1024px) 100vw, 1024px\" \/><\/figure>\n<\/div>\n\n\n<div class=\"wp-block-columns is-layout-flex wp-container-core-columns-is-layout-9d6595d7 wp-block-columns-is-layout-flex\">\n<div class=\"wp-block-column is-layout-flow wp-block-column-is-layout-flow\" style=\"flex-basis:33.33%\">\n<figure class=\"wp-block-table\"><table class=\"has-black-color has-text-color\"><thead><tr><th>Categor\u00edas de Sabores<\/th><\/tr><\/thead><tbody><tr><td><a href=\"https:\/\/reka-n.com\/es\/flavors\/bakery-cereals.html\">Panader\u00eda y Cereales<\/a><\/td><\/tr><tr><td><a href=\"https:\/\/reka-n.com\/es\/flavors\/beverage-powder-drink.html\">Bebidas y Bebidas en Polvo<\/a><\/td><\/tr><tr><td><a href=\"https:\/\/reka-n.com\/es\/flavors\/confectionary-sweet.html\">Confiter\u00eda y Dulces<\/a><\/td><\/tr><tr><td><a href=\"https:\/\/reka-n.com\/es\/flavors\/dairy-ice-cream.html\">L\u00e1cteos y Helados<\/a><\/td><\/tr><tr><td><a href=\"https:\/\/reka-n.com\/es\/flavors\/food-supplements-oral-care.html\">Suplementos Alimenticios y Cuidado Bucal<\/a><\/td><\/tr><tr><td><a href=\"https:\/\/reka-n.com\/es\/flavors\/savory-culinary-snack.html\">Cocina Salada y Aperitivos<\/a><\/td><\/tr><tr><td><a href=\"https:\/\/reka-n.com\/es\/flavors\/others.html\">Otros<\/a><\/td><\/tr><\/tbody><\/table><\/figure>\n<\/div>\n\n\n\n<div class=\"wp-block-column is-layout-flow wp-block-column-is-layout-flow\" style=\"flex-basis:66.66%\">\n<h2 class=\"wp-block-heading\">Sabores &gt; Panader\u00eda y cereales<\/h2>\n\n\n\n<div class=\"wp-block-columns is-layout-flex wp-container-core-columns-is-layout-9d6595d7 wp-block-columns-is-layout-flex\">\n<div class=\"wp-block-column is-layout-flow wp-block-column-is-layout-flow\">\n<figure class=\"wp-block-image size-full is-style-default\" id=\"wp-block-themeisle-blocks-image-7b793f3f\"><img alt=\"\" loading=\"lazy\" decoding=\"async\" width=\"300\" height=\"225\" src=\"https:\/\/reka-n.com\/es\/Media\/2023\/04\/bakery-cereals-thumbnail.jpeg\" alt=\"\" class=\"wp-image-1366\"\/><\/figure>\n<\/div>\n\n\n\n<div class=\"wp-block-column is-layout-flow wp-block-column-is-layout-flow\">\n<p class=\"has-small-font-size\">Las aplicaciones de nuestros aromas para panader\u00eda y cereales cambian con las nuevas ideas de los clientes. Ahora hay pastel de pl\u00e1tano y taro con chocolate, crema de avellanas y cobertura de ar\u00e1ndanos.<\/p>\n\n\n\n<p class=\"has-small-font-size\">A continuaci\u00f3n se muestra una lista parcial de los aromas para panader\u00eda y cereales de nuestra empresa como fabricante de ingredientes para panader\u00eda. Si est\u00e1 interesado en alguno de los aromas o tiene alguna idea nueva, haga clic en las listas de aromas para enviar sus solicitudes o consultas y nuestros comerciales se pondr\u00e1n en contacto con usted en breve.<\/p>\n<\/div>\n<\/div>\n\n\n<form class=\"product-checkbox-form\" method=\"post\" enctype=\"multipart\/form-data\"><h3><\/h3><ul class=\"product-checkbox-list columns-3\"><li class=\"product-checkbox-item\"><label><input type=\"checkbox\" name=\"product_checkbox[]\" value=\"4126\"> ACEITE DE LIMA(LIME OIL)<\/label><\/li><li class=\"product-checkbox-item\"><label><input type=\"checkbox\" name=\"product_checkbox[]\" value=\"4143\"> AGENTE ESPESANTE(CLOUDIFYING AGENT)<\/label><\/li><li class=\"product-checkbox-item\"><label><input type=\"checkbox\" name=\"product_checkbox[]\" value=\"4157\"> AJOWAIN PARA GALLETAS(AJOWAIN FOR BISCUIT)<\/label><\/li><li class=\"product-checkbox-item\"><label><input type=\"checkbox\" name=\"product_checkbox[]\" value=\"4132\"> AVELLANA TOSTADA(HAZELNUT ROASTED)<\/label><\/li><li class=\"product-checkbox-item\"><label><input type=\"checkbox\" name=\"product_checkbox[]\" value=\"4102\"> BOLLITO DE FRIJOLES ROJOS(RED BEAN BUN)<\/label><\/li><li class=\"product-checkbox-item\"><label><input type=\"checkbox\" name=\"product_checkbox[]\" value=\"4131\"> BOLLITO DE MIEL(HONEY BUN)<\/label><\/li><li class=\"product-checkbox-item\"><label><input type=\"checkbox\" name=\"product_checkbox[]\" value=\"4096\"> BOLLITO DE S\u00c9SAMO(SESAME SEED ROLL)<\/label><\/li><li class=\"product-checkbox-item\"><label><input type=\"checkbox\" name=\"product_checkbox[]\" value=\"4121\"> BOLLITO MEXICANO(MEXICAN BUN)<\/label><\/li><li class=\"product-checkbox-item\"><label><input type=\"checkbox\" name=\"product_checkbox[]\" value=\"4140\"> CAF\u00c9 NEGRO(COFFEE DARK)<\/label><\/li><li class=\"product-checkbox-item\"><label><input type=\"checkbox\" name=\"product_checkbox[]\" value=\"4145\"> CHOCOLATE CHIPSMORE(CHOCOLATE CHIPSMORE)<\/label><\/li><li class=\"product-checkbox-item\"><label><input type=\"checkbox\" name=\"product_checkbox[]\" value=\"4141\"> COCO PANDAN(COCONUT PANDAN)<\/label><\/li><li class=\"product-checkbox-item\"><label><input type=\"checkbox\" name=\"product_checkbox[]\" value=\"4128\"> CREMA DE LIM\u00d3N Y LIMA(LEMON LIME CREAM)<\/label><\/li><li class=\"product-checkbox-item\"><label><input type=\"checkbox\" name=\"product_checkbox[]\" value=\"4110\"> CREMA DE MANTEQUILLA DE CACAHUETE(PEANUT BUTTER CREAM)<\/label><\/li><li class=\"product-checkbox-item\"><label><input type=\"checkbox\" name=\"product_checkbox[]\" value=\"4108\"> CRUJIENTE DE PI\u00d1A(PINEAPPLE CRUNCHY)<\/label><\/li><li class=\"product-checkbox-item\"><label><input type=\"checkbox\" name=\"product_checkbox[]\" value=\"4155\"> DELICIA DE MANZANA(APPLE DELIGHT)<\/label><\/li><li class=\"product-checkbox-item\"><label><input type=\"checkbox\" name=\"product_checkbox[]\" value=\"4156\"> DULCE DE ALMENDRA(ALMOND SWEET)<\/label><\/li><li class=\"product-checkbox-item\"><label><input type=\"checkbox\" name=\"product_checkbox[]\" value=\"4135\"> DULCE DE ARROZ GLUTINOSO(GLUTINOUS RICE SWEET)<\/label><\/li><li class=\"product-checkbox-item\"><label><input type=\"checkbox\" name=\"product_checkbox[]\" value=\"4105\"> EXTRACTO DE CIRUELA(PLUM EXTRACT)<\/label><\/li><li class=\"product-checkbox-item\"><label><input type=\"checkbox\" name=\"product_checkbox[]\" value=\"4148\"> GALLETA CAPPUCCINO(CAPPUCCINO BISCUIT)<\/label><\/li><li class=\"product-checkbox-item\"><label><input type=\"checkbox\" name=\"product_checkbox[]\" value=\"4151\"> GALLETA DE AR\u00c1NDANOS(BLUEBERRY BISCUIT)<\/label><\/li><li class=\"product-checkbox-item\"><label><input type=\"checkbox\" name=\"product_checkbox[]\" value=\"4114\"> GALLETA DE CREMA DE NARANJA(ORANGE CREAM BISCUIT)<\/label><\/li><li class=\"product-checkbox-item\"><label><input type=\"checkbox\" name=\"product_checkbox[]\" value=\"4154\"> GALLETAS DE ALBARICOQUE(APRICOT COOKIES)<\/label><\/li><li class=\"product-checkbox-item\"><label><input type=\"checkbox\" name=\"product_checkbox[]\" value=\"4142\"> GALLETAS DE COCO(COCONUT COOKIES)<\/label><\/li><li class=\"product-checkbox-item\"><label><input type=\"checkbox\" name=\"product_checkbox[]\" value=\"4138\"> GALLETAS DE CREMA(CREAM COOKIES)<\/label><\/li><li class=\"product-checkbox-item\"><label><input type=\"checkbox\" name=\"product_checkbox[]\" value=\"4134\"> GALLETAS DE LECHE Y HABICHUELAS VERDES(GREEN BEAN MILK COOKIES)<\/label><\/li><li class=\"product-checkbox-item\"><label><input type=\"checkbox\" name=\"product_checkbox[]\" value=\"4100\"> HORNEADO DE D\u00c1TILES ROJOS(RED DATE BAKE)<\/label><\/li><li class=\"product-checkbox-item\"><label><input type=\"checkbox\" name=\"product_checkbox[]\" value=\"4129\"> JEERA PARA GALLETAS(JEERA FOR BISCUIT)<\/label><\/li><li class=\"product-checkbox-item\"><label><input type=\"checkbox\" name=\"product_checkbox[]\" value=\"4120\"> LECHE (BASE DE ACEITE)(MILK ( OIL BASE))<\/label><\/li><li class=\"product-checkbox-item\"><label><input type=\"checkbox\" name=\"product_checkbox[]\" value=\"4137\"> LECHE CUSTARD(CUSTARD MILK)<\/label><\/li><li class=\"product-checkbox-item\"><label><input type=\"checkbox\" name=\"product_checkbox[]\" value=\"4094\"> LECHE DE TARO(TARO MILK)<\/label><\/li><li class=\"product-checkbox-item\"><label><input type=\"checkbox\" name=\"product_checkbox[]\" value=\"4103\"> MAGDALENA DE FRAMBUESA(RASPBERRY MUFFIN)<\/label><\/li><li class=\"product-checkbox-item\"><label><input type=\"checkbox\" name=\"product_checkbox[]\" value=\"4153\"> MAGDALENA DE GROSELLA NEGRA(BLACKCURRANT MUFFIN)<\/label><\/li><li class=\"product-checkbox-item\"><label><input type=\"checkbox\" name=\"product_checkbox[]\" value=\"4111\"> MAGDALENA DE MELOCOT\u00d3N(PEACH MUFFIN)<\/label><\/li><li class=\"product-checkbox-item\"><label><input type=\"checkbox\" name=\"product_checkbox[]\" value=\"4149\"> MANTECA DE PANADERO(BUTTER BAKER)<\/label><\/li><li class=\"product-checkbox-item\"><label><input type=\"checkbox\" name=\"product_checkbox[]\" value=\"4147\"> MANTEQUILLA DE CARAMELO(CARAMEL BUTTER)<\/label><\/li><li class=\"product-checkbox-item\"><label><input type=\"checkbox\" name=\"product_checkbox[]\" value=\"4092\"> MARAVILLA DE VAINILLA(VANILLA WONDER)<\/label><\/li><li class=\"product-checkbox-item\"><label><input type=\"checkbox\" name=\"product_checkbox[]\" value=\"4115\"> NEUTRO NUBOSO(NEUTRAL CLOUDY)<\/label><\/li><li class=\"product-checkbox-item\"><label><input type=\"checkbox\" name=\"product_checkbox[]\" value=\"4095\"> PALOMITAS DULCES(SWEET POP CORN)<\/label><\/li><li class=\"product-checkbox-item\"><label><input type=\"checkbox\" name=\"product_checkbox[]\" value=\"4104\"> PAN DE CALABAZA(PUMPKIN BREAD)<\/label><\/li><li class=\"product-checkbox-item\"><label><input type=\"checkbox\" name=\"product_checkbox[]\" value=\"4091\"> PAN DE CASTA\u00d1A DE AGUA(WATER CHESTNUT LOAF)<\/label><\/li><li class=\"product-checkbox-item\"><label><input type=\"checkbox\" name=\"product_checkbox[]\" value=\"4099\"> PAN DE CEBOLLA ASADA(ROASTED ONION LOAF)<\/label><\/li><li class=\"product-checkbox-item\"><label><input type=\"checkbox\" name=\"product_checkbox[]\" value=\"4113\"> PAN DE OSMANTHUS(OSMANTHUS BREAD)<\/label><\/li><li class=\"product-checkbox-item\"><label><input type=\"checkbox\" name=\"product_checkbox[]\" value=\"4150\"> PAN INTEGRAL(BROWN BREAD)<\/label><\/li><li class=\"product-checkbox-item\"><label><input type=\"checkbox\" name=\"product_checkbox[]\" value=\"4112\"> PANDAN POPULAR(PANDAN POPULAR)<\/label><\/li><li class=\"product-checkbox-item\"><label><input type=\"checkbox\" name=\"product_checkbox[]\" value=\"4118\"> PASTEL DE FRUTAS MIXTAS(MIXED FRUIT CAKE)<\/label><\/li><li class=\"product-checkbox-item\"><label><input type=\"checkbox\" name=\"product_checkbox[]\" value=\"4090\"> PASTEL DE \u00d1AME(YAM CAKE)<\/label><\/li><li class=\"product-checkbox-item\"><label><input type=\"checkbox\" name=\"product_checkbox[]\" value=\"4152\"> PASTEL DE PL\u00c1TANO(BANANA CAKE)<\/label><\/li><li class=\"product-checkbox-item\"><label><input type=\"checkbox\" name=\"product_checkbox[]\" value=\"4097\"> PASTEL DE SALCHICHA Y POLLO(SAUSAGE CHICK BAKE)<\/label><\/li><li class=\"product-checkbox-item\"><label><input type=\"checkbox\" name=\"product_checkbox[]\" value=\"4109\"> PECAN PARA GALLETAS(PECAN FOR BISCUIT)<\/label><\/li><li class=\"product-checkbox-item\"><label><input type=\"checkbox\" name=\"product_checkbox[]\" value=\"4107\"> PISANG AMBON(PISANG AMBON)<\/label><\/li><li class=\"product-checkbox-item\"><label><input type=\"checkbox\" name=\"product_checkbox[]\" value=\"4117\"> ROLLITO DE MOCHA(MOCHA ROLL)<\/label><\/li><li class=\"product-checkbox-item\"><label><input type=\"checkbox\" name=\"product_checkbox[]\" value=\"4136\"> ROLLO DE HUEVO(EGG ROLL)<\/label><\/li><li class=\"product-checkbox-item\"><label><input type=\"checkbox\" name=\"product_checkbox[]\" value=\"4146\"> SABOR A ANACARDO(CASHEW FLAVOUR)<\/label><\/li><li class=\"product-checkbox-item\"><label><input type=\"checkbox\" name=\"product_checkbox[]\" value=\"4119\"> SABOR A BAYAS MIXTAS(MIXED BERRY FLAVOUR)<\/label><\/li><li class=\"product-checkbox-item\"><label><input type=\"checkbox\" name=\"product_checkbox[]\" value=\"4144\"> SABOR A CANELA(CINNAMON FLAVOUR)<\/label><\/li><li class=\"product-checkbox-item\"><label><input type=\"checkbox\" name=\"product_checkbox[]\" value=\"4101\"> SABOR A CEREZA ROJA(RED CHERRY FLAVOUR)<\/label><\/li><li class=\"product-checkbox-item\"><label><input type=\"checkbox\" name=\"product_checkbox[]\" value=\"4124\"> SABOR A MALTA(MALT FLAVOUR)<\/label><\/li><li class=\"product-checkbox-item\"><label><input type=\"checkbox\" name=\"product_checkbox[]\" value=\"4123\"> SABOR A MANGO(MANGO FLAVOUR)<\/label><\/li><li class=\"product-checkbox-item\"><label><input type=\"checkbox\" name=\"product_checkbox[]\" value=\"4116\"> SABOR A MELAZA(MOLASSES FLAVOUR)<\/label><\/li><li class=\"product-checkbox-item\"><label><input type=\"checkbox\" name=\"product_checkbox[]\" value=\"4106\"> SABOR A PISTACHO(PISTACHIO FLAVOUR)<\/label><\/li><li class=\"product-checkbox-item\"><label><input type=\"checkbox\" name=\"product_checkbox[]\" value=\"4133\"> SABOR A T\u00c9 VERDE(GREEN TEA FLAVOUR)<\/label><\/li><li class=\"product-checkbox-item\"><label><input type=\"checkbox\" name=\"product_checkbox[]\" value=\"4088\"> SABOR A YEMA(YOLK FLAVOUR)<\/label><\/li><li class=\"product-checkbox-item\"><label><input type=\"checkbox\" name=\"product_checkbox[]\" value=\"4098\"> SANTAN KAYA(SANTAN KAYA)<\/label><\/li><li class=\"product-checkbox-item\"><label><input type=\"checkbox\" name=\"product_checkbox[]\" value=\"4122\"> SIROPE DE ARCE(MAPLE SYRUP)<\/label><\/li><li class=\"product-checkbox-item\"><label><input type=\"checkbox\" name=\"product_checkbox[]\" value=\"4087\"> TARTA DE FRESA(STRAWBERRY TART)<\/label><\/li><li class=\"product-checkbox-item\"><label><input type=\"checkbox\" name=\"product_checkbox[]\" value=\"4125\"> TARTA DE LICHI(LYCHEE TART)<\/label><\/li><li class=\"product-checkbox-item\"><label><input type=\"checkbox\" name=\"product_checkbox[]\" value=\"4127\"> TARTA DE LIM\u00d3N(LEMON TART)<\/label><\/li><li class=\"product-checkbox-item\"><label><input type=\"checkbox\" name=\"product_checkbox[]\" value=\"4089\"> TARTA DE YOGUR(YOGHURT TART)<\/label><\/li><li class=\"product-checkbox-item\"><label><input type=\"checkbox\" name=\"product_checkbox[]\" value=\"4130\"> T\u00c9 VERDE DE JASM\u00cdN(JASMINE GREEN TEA)<\/label><\/li><li class=\"product-checkbox-item\"><label><input type=\"checkbox\" name=\"product_checkbox[]\" value=\"4093\"> TIRAMIS\u00da(TIRAMISU)<\/label><\/li><li class=\"product-checkbox-item\"><label><input type=\"checkbox\" name=\"product_checkbox[]\" value=\"4139\"> TOFFEE DE CAF\u00c9 SPL(COFFEE TOFFEE SPL)<\/label><\/li><\/ul><input type=\"submit\" name=\"add_to_cart_button\" value=\"Enviar solicitud de muestra\"><input type=\"hidden\" name=\"action\" value=\"add_product_checkbox_to_cart\"><input type=\"hidden\" id=\"add_product_checkbox_to_cart_nonce\" name=\"add_product_checkbox_to_cart_nonce\" value=\"4a35aab987\" \/><input type=\"hidden\" name=\"_wp_http_referer\" value=\"\/es\/wp-json\/wp\/v2\/pages\/49\" \/><input type=\"hidden\" id=\"add_product_checkbox_to_cart_nonce\" name=\"add_product_checkbox_to_cart_nonce\" value=\"4a35aab987\" \/><input type=\"hidden\" name=\"_wp_http_referer\" value=\"\/es\/wp-json\/wp\/v2\/pages\/49\" \/><\/form><style>.product-checkbox-list { display: grid; grid-template-columns: repeat(3, 1fr); grid-gap: 20px; list-style: none; padding: 0; margin: 0; }<\/style>\n<\/div>\n<\/div>\n","protected":false},"excerpt":{"rendered":"<p>Categor\u00edas de Sabores Panader\u00eda y Cereales Bebidas y Bebidas en Polvo Confiter\u00eda y Dulces L\u00e1cteos y Helados Suplementos Alimenticios y Cuidado Bucal Cocina Salada y Aperitivos Otros Sabores &gt; Panader\u00eda y cereales Las aplicaciones de nuestros aromas para panader\u00eda y cereales cambian con las nuevas ideas de los clientes. Ahora hay pastel de pl\u00e1tano y [&hellip;]<\/p>\n","protected":false},"author":4,"featured_media":0,"parent":43,"menu_order":0,"comment_status":"closed","ping_status":"closed","template":"","meta":{"_seopress_robots_primary_cat":"","_seopress_titles_title":"","_seopress_titles_desc":"","_seopress_robots_index":"","_themeisle_gutenberg_block_has_review":false,"footnotes":""},"class_list":["post-49","page","type-page","status-publish","hentry"],"_links":{"self":[{"href":"https:\/\/reka-n.com\/es\/wp-json\/wp\/v2\/pages\/49","targetHints":{"allow":["GET"]}}],"collection":[{"href":"https:\/\/reka-n.com\/es\/wp-json\/wp\/v2\/pages"}],"about":[{"href":"https:\/\/reka-n.com\/es\/wp-json\/wp\/v2\/types\/page"}],"author":[{"embeddable":true,"href":"https:\/\/reka-n.com\/es\/wp-json\/wp\/v2\/users\/4"}],"replies":[{"embeddable":true,"href":"https:\/\/reka-n.com\/es\/wp-json\/wp\/v2\/comments?post=49"}],"version-history":[{"count":25,"href":"https:\/\/reka-n.com\/es\/wp-json\/wp\/v2\/pages\/49\/revisions"}],"predecessor-version":[{"id":3284,"href":"https:\/\/reka-n.com\/es\/wp-json\/wp\/v2\/pages\/49\/revisions\/3284"}],"up":[{"embeddable":true,"href":"https:\/\/reka-n.com\/es\/wp-json\/wp\/v2\/pages\/43"}],"wp:attachment":[{"href":"https:\/\/reka-n.com\/es\/wp-json\/wp\/v2\/media?parent=49"}],"curies":[{"name":"wp","href":"https:\/\/api.w.org\/{rel}","templated":true}]}}