{"id":47,"date":"2023-02-17T08:08:37","date_gmt":"2023-02-17T08:08:37","guid":{"rendered":"https:\/\/appedata.com\/?page_id=47"},"modified":"2025-07-28T08:03:49","modified_gmt":"2025-07-28T08:03:49","slug":"enquiries","status":"publish","type":"page","link":"https:\/\/reka-n.com\/es\/enquiries.html","title":{"rendered":"Consultas"},"content":{"rendered":"\n<h1 class=\"wp-block-heading\">Consultas<\/h1>\n\n\n\n<div class=\"form-container\">\n    <h1>Formulario de Contacto<\/h1>\n    <form action=\"https:\/\/reka-n.com\/es\/Form\/submit_contact.php\" method=\"post\">\n        <label for=\"email\">Correo Electr\u00f3nico (Obligatorio):<\/label>\n        <input type=\"email\" name=\"email\" id=\"email\" placeholder=\"\" required><br>\n\n\n        <label for=\"first_name\">Nombre (Obligatorio):<\/label>\n        <input type=\"text\" name=\"first_name\" id=\"first_name\" placeholder=\"\" required><br>\n\n        <label for=\"last_name\">Apellido (Obligatorio):<\/label>\n        <input type=\"text\" name=\"last_name\" id=\"last_name\" placeholder=\"\" required><br>\n\n        <label for=\"designation\">Cargo \/ T\u00edtulo (Obligatorio):<\/label>\n        <input type=\"text\" name=\"designation\" id=\"designation\" placeholder=\"\" required><br>\n\n        <label for=\"company_name\">Nombre de la Empresa (Obligatorio):<\/label>\n        <input type=\"text\" name=\"company_name\" id=\"company_name\" placeholder=\"\" required><br>\n\n        <label for=\"nature_of_business\">Giro de la Empresa:<\/label>\n        <input type=\"text\" name=\"nature_of_business\" id=\"nature_of_business\" placeholder=\"\" ><br>\n\n        <label for=\"address\">Direcci\u00f3n:<\/label>\n        <input type=\"text\" name=\"address\" id=\"address\" placeholder=\"\"><br>\n\n        <label for=\"postal_code\">C\u00f3digo Postal:<\/label>\n        <input type=\"text\" name=\"postal_code\" id=\"postal_code\" placeholder=\"\" ><br>\n\n        <label for=\"city\">Ciudad:<\/label>\n        <input type=\"text\" name=\"city\" id=\"city\" placeholder=\"\" ><br>\n\n        <label for=\"state\">Estado:<\/label>\n        <input type=\"text\" name=\"state\" id=\"state\" placeholder=\"\" ><br>\n\n        <label for=\"country\">Pa\u00eds (Obligatorio):<\/label>\n        <select name=\"country\" id=\"country\" required>\n            <!-- Add a list of countries here -->\n                <option value=\"Spain\">Spain<\/option>\n<option value=\"Afghanistan\">Afghanistan<\/option>\n<option value=\"Albania\">Albania<\/option>\n<option value=\"Algeria\">Algeria<\/option>\n<option value=\"Andorra\">Andorra<\/option>\n<option value=\"Angola\">Angola<\/option>\n<option value=\"Antigua and Barbuda\">Antigua and Barbuda<\/option>\n<option value=\"Argentina\">Argentina<\/option>\n<option value=\"Armenia\">Armenia<\/option>\n<option value=\"Australia\">Australia<\/option>\n<option value=\"Austria\">Austria<\/option>\n<option value=\"Azerbaijan\">Azerbaijan<\/option>\n<option value=\"Bahamas\">Bahamas<\/option>\n<option value=\"Bahrain\">Bahrain<\/option>\n<option value=\"Bangladesh\">Bangladesh<\/option>\n<option value=\"Barbados\">Barbados<\/option>\n<option value=\"Belarus\">Belarus<\/option>\n<option value=\"Belgium\">Belgium<\/option>\n<option value=\"Belize\">Belize<\/option>\n<option value=\"Benin\">Benin<\/option>\n<option value=\"Bhutan\">Bhutan<\/option>\n<option value=\"Bolivia\">Bolivia<\/option>\n<option value=\"Bosnia and Herzegovina\">Bosnia and Herzegovina<\/option>\n<option value=\"Botswana\">Botswana<\/option>\n<option value=\"Brazil\">Brazil<\/option>\n<option value=\"Brunei\">Brunei<\/option>\n<option value=\"Bulgaria\">Bulgaria<\/option>\n<option value=\"Burkina Faso\">Burkina Faso<\/option>\n<option value=\"Burundi\">Burundi<\/option>\n<option value=\"Cabo Verde\">Cabo Verde<\/option>\n<option value=\"Cambodia\">Cambodia<\/option>\n<option value=\"Cameroon\">Cameroon<\/option>\n<option value=\"Canada\">Canada<\/option>\n<option value=\"Central African Republic\">Central African Republic<\/option>\n<option value=\"Chad\">Chad<\/option>\n<option value=\"Chile\">Chile<\/option>\n<option value=\"China\">China<\/option>\n<option value=\"Colombia\">Colombia<\/option>\n<option value=\"Comoros\">Comoros<\/option>\n<option value=\"Congo\">Congo<\/option>\n<option value=\"Costa Rica\">Costa Rica<\/option>\n<option value=\"Croatia\">Croatia<\/option>\n<option value=\"Cuba\">Cuba<\/option>\n<option value=\"Cyprus\">Cyprus<\/option>\n<option value=\"Czech Republic\">Czech Republic<\/option>\n<option value=\"Denmark\">Denmark<\/option>\n<option value=\"Djibouti\">Djibouti<\/option>\n<option value=\"Dominica\">Dominica<\/option>\n<option value=\"Dominican Republic\">Dominican Republic<\/option>\n<option value=\"East Timor\">East Timor<\/option>\n<option value=\"Ecuador\">Ecuador<\/option>\n<option value=\"Egypt\">Egypt<\/option>\n<option value=\"El Salvador\">El Salvador<\/option>\n<option value=\"Equatorial Guinea\">Equatorial Guinea<\/option>\n<option value=\"Eritrea\">Eritrea<\/option>\n<option value=\"Estonia\">Estonia<\/option>\n<option value=\"Eswatini\">Eswatini<\/option>\n<option value=\"Ethiopia\">Ethiopia<\/option>\n<option value=\"Fiji\">Fiji<\/option>\n<option value=\"Finland\">Finland<\/option>\n<option value=\"France\">France<\/option>\n<option value=\"Gabon\">Gabon<\/option>\n<option value=\"Gambia\">Gambia<\/option>\n<option value=\"Georgia\">Georgia<\/option>\n<option value=\"Germany\">Germany<\/option>\n<option value=\"Ghana\">Ghana<\/option>\n<option value=\"Greece\">Greece<\/option>\n<option value=\"Grenada\">Grenada<\/option>\n<option value=\"Guatemala\">Guatemala<\/option>\n<option value=\"Guinea\">Guinea<\/option>\n<option value=\"Guinea-Bissau\">Guinea-Bissau<\/option>\n<option value=\"Guyana\">Guyana<\/option>\n<option value=\"Haiti\">Haiti<\/option>\n<option value=\"Honduras\">Honduras<\/option>\n<option value=\"Hungary\">Hungary<\/option>\n<option value=\"Iceland\">Iceland<\/option>\n<option value=\"India\">India<\/option>\n<option value=\"Indonesia\">Indonesia<\/option>\n<option value=\"Iran\">Iran<\/option>\n<option value=\"Iraq\">Iraq<\/option>\n<option value=\"Ireland\">Ireland<\/option>\n<option value=\"Israel\">Israel<\/option>\n<option value=\"Italy\">Italy<\/option>\n<option value=\"Ivory Coast\">Ivory Coast<\/option>\n<option value=\"Jamaica\">Jamaica<\/option>\n<option value=\"Japan\">Japan<\/option>\n<option value=\"Jordan\">Jordan<\/option>\n<option value=\"Kazakhstan\">Kazakhstan<\/option>\n<option value=\"Kenya\">Kenya<\/option>\n<option value=\"Kiribati\">Kiribati<\/option>\n<option value=\"Kosovo\">Kosovo<\/option>\n<option value=\"Kuwait\">Kuwait<\/option>\n<option value=\"Kyrgyzstan\">Kyrgyzstan<\/option>\n<option value=\"Laos\">Laos<\/option>\n<option value=\"Latvia\">Latvia<\/option>\n<option value=\"Lebanon\">Lebanon<\/option>\n<option value=\"Lesotho\">Lesotho<\/option>\n<option value=\"Liberia\">Liberia<\/option>\n<option value=\"Libya\">Libya<\/option>\n<option value=\"Liechtenstein\">Liechtenstein<\/option>\n<option value=\"Lithuania\">Lithuania<\/option>\n<option value=\"Luxembourg\">Luxembourg<\/option>\n<option value=\"Madagascar\">Madagascar<\/option>\n<option value=\"Malawi\">Malawi<\/option>\n<option value=\"Maldives\">Maldives<\/option>\n<option value=\"Mali\">Mali<\/option>\n<option value=\"Malta\">Malta<\/option>\n<option value=\"Marshall Islands\">Marshall Islands<\/option>\n<option value=\"Mauritania\">Mauritania<\/option>\n<option value=\"Mauritius\">Mauritius<\/option>\n<option value=\"Mexico\">Mexico<\/option>\n<option value=\"Micronesia\">Micronesia<\/option>\n<option value=\"Moldova\">Moldova<\/option>\n<option value=\"Monaco\">Monaco<\/option>\n<option value=\"Mongolia\">Mongolia<\/option>\n<option value=\"Montenegro\">Montenegro<\/option>\n<option value=\"Morocco\">Morocco<\/option>\n<option value=\"Mozambique\">Mozambique<\/option>\n<option value=\"Myanmar\">Myanmar<\/option>\n<option value=\"Namibia\">Namibia<\/option>\n<option value=\"Nauru\">Nauru<\/option>\n<option value=\"Nepal\">Nepal<\/option>\n<option value=\"Netherlands\">Netherlands<\/option>\n<option value=\"New Zealand\">New Zealand<\/option>\n<option value=\"Nicaragua\">Nicaragua<\/option>\n<option value=\"Niger\">Niger<\/option>\n<option value=\"Nigeria\">Nigeria<\/option>\n<option value=\"North Korea\">North Korea<\/option>\n<option value=\"North Macedonia\">North Macedonia\n<option value=\"Norway\">Norway<\/option>\n<option value=\"Oman\">Oman<\/option>\n<option value=\"Pakistan\">Pakistan<\/option>\n<option value=\"Palau\">Palau<\/option>\n<option value=\"Panama\">Panama<\/option>\n<option value=\"Papua New Guinea\">Papua New Guinea<\/option>\n<option value=\"Paraguay\">Paraguay<\/option>\n<option value=\"Peru\">Peru<\/option>\n<option value=\"Philippines\">Philippines<\/option>\n<option value=\"Poland\">Poland<\/option>\n<option value=\"Portugal\">Portugal<\/option>\n<option value=\"Qatar\">Qatar<\/option>\n<option value=\"Romania\">Romania<\/option>\n<option value=\"Russia\">Russia<\/option>\n<option value=\"Rwanda\">Rwanda<\/option>\n<option value=\"Saint Kitts and Nevis\">Saint Kitts and Nevis<\/option>\n<option value=\"Saint Lucia\">Saint Lucia<\/option>\n<option value=\"Saint Vincent and the Grenadines\">Saint Vincent and the Grenadines<\/option>\n<option value=\"Samoa\">Samoa<\/option>\n<option value=\"San Marino\">San Marino<\/option>\n<option value=\"Sao Tome and Principe\">Sao Tome and Principe<\/option>\n<option value=\"Saudi Arabia\">Saudi Arabia<\/option>\n<option value=\"Senegal\">Senegal<\/option>\n<option value=\"Serbia\">Serbia<\/option>\n<option value=\"Seychelles\">Seychelles<\/option>\n<option value=\"Sierra Leone\">Sierra Leone<\/option>\n<option value=\"Singapore\">Singapore<\/option>\n<option value=\"Slovakia\">Slovakia<\/option>\n<option value=\"Slovenia\">Slovenia<\/option>\n<option value=\"Solomon Islands\">Solomon Islands<\/option>\n<option value=\"Somalia\">Somalia<\/option>\n<option value=\"South Africa\">South Africa<\/option>\n<option value=\"South Korea\">South Korea<\/option>\n<option value=\"South Sudan\">South Sudan<\/option>\n<option value=\"Spain\">Spain<\/option>\n<option value=\"Sri Lanka\">Sri Lanka<\/option>\n<option value=\"Sudan\">Sudan<\/option>\n<option value=\"Suriname\">Suriname<\/option>\n<option value=\"Sweden\">Sweden<\/option>\n<option value=\"Switzerland\">Switzerland<\/option>\n<option value=\"Syria\">Syria<\/option>\n<option value=\"Taiwan\">Taiwan<\/option>\n<option value=\"Tajikistan\">Tajikistan<\/option>\n<option value=\"Tanzania\">Tanzania<\/option>\n<option value=\"Thailand\">Thailand<\/option>\n<option value=\"Togo\">Togo<\/option>\n<option value=\"Tonga\">Tonga<\/option>\n<option value=\"Trinidad and Tobago\">Trinidad and Tobago<\/option>\n<option value=\"Tunisia\">Tunisia<\/option>\n<option value=\"Turkey\">Turkey<\/option>\n<option value=\"Turkmenistan\">Turkmenistan<\/option>\n<option value=\"Tuvalu\">Tuvalu<\/option>\n<option value=\"Uganda\">Uganda<\/option>\n<option value=\"Ukraine\">Ukraine<\/option>\n<option value=\"United Arab Emirates\">United Arab Emirates<\/option>\n<option value=\"United Kingdom\">United Kingdom<\/option>\n<option value=\"United States\">United States<\/option>\n<option value=\"Uruguay\">Uruguay<\/option>\n<option value=\"Uzbekistan\">Uzbekistan<\/option>\n<option value=\"Vanuatu\">Vanuatu<\/option>\n<option value=\"Vatican City\">Vatican City<\/option>\n<option value=\"Venezuela\">Venezuela<\/option>\n<option value=\"Vietnam\">Vietnam<\/option>\n<option value=\"Yemen\">Yemen<\/option>\n<option value=\"Zambia\">Zambia<\/option>\n<option value=\"Zimbabwe\">Zimbabwe<\/option>\n        <\/select><br>\n\n        <label for=\"contact_number\">N\u00famero de Contacto (Obligatorio):<\/label>\n<div class=\"contact-number-container\">        \n        <select name=\"country_code\" id=\"country_code\" required>\n            <!-- Add more country codes here -->\n        <option value=\"+34\">+34<\/option>\n<option value=\"+60\">+60<\/option>\n<option value=\"+1\">+1<\/option>\n<option value=\"+7\">+7<\/option>\n<option value=\"+20\">+20<\/option>\n<option value=\"+27\">+27<\/option>\n<option value=\"+30\">+30<\/option>\n<option value=\"+31\">+31<\/option>\n<option value=\"+32\">+32<\/option>\n<option value=\"+33\">+33<\/option>\n<option value=\"+34\">+34<\/option>\n<option value=\"+36\">+36<\/option>\n<option value=\"+39\">+39<\/option>\n<option value=\"+40\">+40<\/option>\n<option value=\"+41\">+41<\/option>\n<option value=\"+43\">+43<\/option>\n<option value=\"+44\">+44<\/option>\n<option value=\"+45\">+45<\/option>\n<option value=\"+46\">+46<\/option>\n<option value=\"+47\">+47<\/option>\n<option value=\"+48\">+48<\/option>\n<option value=\"+49\">+49<\/option>\n<option value=\"+51\">+51<\/option>\n<option value=\"+52\">+52<\/option>\n<option value=\"+53\">+53<\/option>\n<option value=\"+54\">+54<\/option>\n<option value=\"+55\">+55<\/option>\n<option value=\"+56\">+56<\/option>\n<option value=\"+57\">+57<\/option>\n<option value=\"+58\">+58<\/option>\n<option value=\"+61\">+61<\/option>\n<option value=\"+62\">+62<\/option>\n<option value=\"+63\">+63<\/option>\n<option value=\"+64\">+64<\/option>\n<option value=\"+65\">+65<\/option>\n<option value=\"+66\">+66<\/option>\n<option value=\"+81\">+81<\/option>\n<option value=\"+82\">+82<\/option>\n<option value=\"+84\">+84<\/option>\n<option value=\"+86\">+86<\/option>\n<option value=\"+90\">+90<\/option>\n<option value=\"+91\">+91<\/option>\n<option value=\"+92\">+92<\/option>\n<option value=\"+93\">+93<\/option>\n<option value=\"+94\">+94<\/option>\n<option value=\"+95\">+95<\/option>\n<option value=\"+98\">+98<\/option>\n<option value=\"+211\">+211<\/option>\n<option value=\"+212\">+212<\/option>\n<option value=\"+213\">+213<\/option>\n<option value=\"+216\">+216<\/option>\n<option value=\"+218\">+218<\/option>\n<option value=\"+220\">+220<\/option>\n<option value=\"+221\">+221<\/option>\n<option value=\"+222\">+222<\/option>\n<option value=\"+223\">+223<\/option>\n<option value=\"+224\">+224<\/option>\n<option value=\"+225\">+225<\/option>\n<option value=\"+226\">+226<\/option>\n<option value=\"+227\">+227<\/option>\n<option value=\"+228\">+228<\/option>\n<option value=\"+229\">+229<\/option>\n<option value=\"+230\">+230<\/option>\n<option value=\"+231\">+231<\/option>\n<option value=\"+232\">+232<\/option>\n<option value=\"+233\">+233<\/option>\n<option value=\"+234\">+234<\/option>\n<option value=\"+235\">+235<\/option>\n<option value=\"+236\">+236<\/option>\n<option value=\"+237\">+237<\/option>\n<option value=\"+238\">+238<\/option>\n<option value=\"+239\">+239<\/option>\n<option value=\"+240\">+240<\/option>\n<option value=\"+241\">+241<\/option>\n<option value=\"+242\">+242<\/option>\n<option value=\"+243\">+243<\/option>\n<option value=\"+244\">+244<\/option>\n<option value=\"+245\">+245<\/option>\n<option value=\"+246\">+246<\/option>\n<option value=\"+248\">+248<\/option>\n<option value=\"+249\">+249<\/option>\n<option value=\"+250\">+250<\/option>\n<option value=\"+251\">+251<\/option>\n<option value=\"+252\">+252<\/option>\n<option value=\"+253\">+253<\/option>\n<option value=\"+254\">+254<\/option>\n<option value=\"+255\">+255<\/option>\n<option value=\"+256\">+256<\/option>\n<option value=\"+257\">+257<\/option>\n<option value=\"+258\">+258<\/option>\n<option value=\"+260\">+260<\/option>\n<option value=\"+261\">+261<\/option>\n<option value=\"+262\">+262<\/option>\n<option value=\"+263\">+263<\/option>\n<option value=\"+264\">+264<\/option>\n<option value=\"+265\">+265<\/option>\n<option value=\"+266\">+266<\/option>\n<option value=\"+267\">+267<\/option>\n<option value=\"+268\">+268<\/option>\n<option value=\"+269\">+269<\/option>\n<option value=\"+290\">+290<\/option>\n<option value=\"+291\">+291<\/option>\n<option value=\"+297\">+297<\/option>\n<option value=\"+298\">+298<\/option>\n<option value=\"+299\">+299<\/option>\n<option value=\"+350\">+350<\/option>\n<option value=\"+351\">+351<\/option>\n<option value=\"+352\">+352<\/option>\n<option value=\"+353\">+353<\/option>\n<option value=\"+354\">+354<\/option>\n<option value=\"+355\">+355<\/option>\n<option value=\"+356\">+356<\/option>\n<option value=\"+357\">+357<\/option>\n<option value=\"+358\">+358<\/option>\n<option value=\"+359\">+359<\/option>\n<option value=\"+370\">+370<\/option>\n<option value=\"+371\">+371<\/option>\n<option value=\"+372\">+372<\/option>\n<option value=\"+373\">+373<\/option>\n<option value=\"+374\">+374<\/option>\n<option value=\"+375\">+375<\/option>\n<option value=\"+376\">+376<\/option>\n<option value=\"+377\">+377<\/option>\n<option value=\"+378\">+378<\/option>\n<option value=\"+380\">+380<\/option>\n<option value=\"+381\">+381<\/option>\n<option value=\"+382\">+382<\/option>\n<option value=\"+385\">+385<\/option>\n<option value=\"+386\">+386<\/option>\n<option value=\"+387\">+387<\/option>\n<option value=\"+389\">+389<\/option>\n<option value=\"+420\">+420<\/option>\n<option value=\"+421\">+421<\/option>\n<option value=\"+423\">+423<\/option>\n<option value=\"+500\">+500<\/option>\n<option value=\"+501\">+501<\/option>\n<option value=\"+502\">+502<\/option>\n<option value=\"+503\">+503<\/option>\n<option value=\"+504\">+504<\/option>\n<option value=\"+505\">+505<\/option>\n<option value=\"+506\">+506<\/option>\n<option value=\"+507\">+507<\/option>\n<option value=\"+508\">+508<\/option>\n<option value=\"+509\">+509<\/option>\n<option value=\"+590\">+590<\/option>\n<option value=\"+591\">+591<\/option>\n<option value=\"+592\">+592<\/option>\n<option value=\"+593\">+593<\/option>\n<option value=\"+594\">+594<\/option>\n<option value=\"+595\">+595<\/option>\n<option value=\"+596\">+596<\/option>\n<option value=\"+596\">+596<\/option>\n<option value=\"+597\">+597<\/option>\n<option value=\"+598\">+598<\/option>\n<option value=\"+599\">+599<\/option>\n<option value=\"+670\">+670<\/option>\n<option value=\"+672\">+672<\/option>\n<option value=\"+673\">+673<\/option>\n<option value=\"+674\">+674<\/option>\n<option value=\"+675\">+675<\/option>\n<option value=\"+676\">+676<\/option>\n<option value=\"+677\">+677<\/option>\n<option value=\"+678\">+678<\/option>\n<option value=\"+679\">+679<\/option>\n<option value=\"+680\">+680<\/option>\n<option value=\"+681\">+681<\/option>\n<option value=\"+682\">+682<\/option>\n<option value=\"+683\">+683<\/option>\n<option value=\"+685\">+685<\/option>\n<option value=\"+686\">+686<\/option>\n<option value=\"+687\">+687<\/option>\n<option value=\"+688\">+688<\/option>\n<option value=\"+689\">+689<\/option>\n<option value=\"+690\">+690<\/option>\n<option value=\"+691\">+691<\/option>\n<option value=\"+692\">+692<\/option>\n<option value=\"+850\">+850<\/option>\n<option value=\"+852\">+852<\/option>\n<option value=\"+853\">+853<\/option>\n<option value=\"+855\">+855<\/option>\n<option value=\"+856\">+856<\/option>\n<option value=\"+880\">+880<\/option>\n<option value=\"+886\">+886<\/option>\n<option value=\"+960\">+960<\/option>\n<option value=\"+961\">+961<\/option>\n<option value=\"+962\">+962<\/option>\n<option value=\"+963\">+963<\/option>\n<option value=\"+964\">+964<\/option>\n<option value=\"+965\">+965<\/option>\n<option value=\"+966\">+966<\/option>\n<option value=\"+967\">+967<\/option>\n<option value=\"+968\">+968<\/option>\n<option value=\"+970\">+970<\/option>\n<option value=\"+971\">+971<\/option>\n<option value=\"+972\">+972<\/option>\n<option value=\"+973\">+973<\/option>\n<option value=\"+974\">+974<\/option>\n<option value=\"+975\">+975<\/option>\n<option value=\"+976\">+976<\/option>\n<option value=\"+977\">+977<\/option>\n<option value=\"+992\">+992<\/option>\n<option value=\"+993\">+993<\/option>\n<option value=\"+994\">+994<\/option>\n<option value=\"+995\">+995<\/option>\n<option value=\"+996\">+996<\/option>\n<option value=\"+998\">+998<\/option>\n<option value=\"+1242\">+1242<\/option>\n<option value=\"+1246\">+1246<\/option>\n<option value=\"+1264\">+1264<\/option>\n<option value=\"+1268\">+1268<\/option>\n<option value=\"+1284\">+1284<\/option>\n<option value=\"+1340\">+1340<\/option>\n<option value=\"+1345\">+1345<\/option>\n<option value=\"+1441\">+1441<\/option>\n<option value=\"+1473\">+1473<\/option>\n<option value=\"+1649\">+1649<\/option>\n<option value=\"+1664\">+1664<\/option>\n<option value=\"+1670\">+1670<\/option>\n<option value=\"+1671\">+1671<\/option>\n<option value=\"+1684\">+1684<\/option>\n<option value=\"+1758\">+1758<\/option>\n<option value=\"+1767\">+1767<\/option>\n<option value=\"+1784\">+1784<\/option>\n<option value=\"+1809\">+1809<\/option>\n<option value=\"+1829\">+1829<\/option>\n<option value=\"+1849\">+1849<\/option>\n<option value=\"+1868\">+1868<\/option>\n<option value=\"+1869\">+1869<\/option>\n<option value=\"+1876\">+1876<\/option>\n\n\n        <\/select>\n        \n        <input type=\"tel\" name=\"contact_number\" id=\"contact_number\" pattern=\"\\d*\" placeholder=\"\" required>\n<\/div>\n\n        <label for=\"message\">Mensaje:<\/label>\n        <textarea name=\"message\" id=\"message\" rows=\"5\" placeholder=\"\" ><\/textarea><br>\n\n<div class=\"g-recaptcha\" data-sitekey=\"6LdM86slAAAAAO5ZIk_I_7z2BMOuD1SlxWQ8fpBg\"><\/div><br>\n\n\n        <input type=\"submit\" value=\"Enviar\">\n    <\/form>\n    \n    <\/div>\n    \n    <script src=\"https:\/\/www.google.com\/recaptcha\/api.js\" async defer><\/script>\n\n\n\n<figure class=\"wp-block-image size-large\"><img alt=\"\" loading=\"lazy\" decoding=\"async\" width=\"1024\" height=\"172\" src=\"https:\/\/reka-n.com\/es\/Media\/2023\/05\/bg-enquiries-1110x186-NEW-1024x172.png\" alt=\"\" class=\"wp-image-1678\" srcset=\"https:\/\/reka-n.com\/es\/Media\/2023\/05\/bg-enquiries-1110x186-NEW-1024x172.png 1024w, https:\/\/reka-n.com\/es\/Media\/2023\/05\/bg-enquiries-1110x186-NEW-300x50.png 300w, https:\/\/reka-n.com\/es\/Media\/2023\/05\/bg-enquiries-1110x186-NEW-768x129.png 768w, https:\/\/reka-n.com\/es\/Media\/2023\/05\/bg-enquiries-1110x186-NEW-600x101.png 600w, https:\/\/reka-n.com\/es\/Media\/2023\/05\/bg-enquiries-1110x186-NEW.png 1110w\" sizes=\"auto, (max-width: 1024px) 100vw, 1024px\" \/><\/figure>\n","protected":false},"excerpt":{"rendered":"<p>Consultas Formulario de Contacto Correo Electr\u00f3nico (Obligatorio): Nombre (Obligatorio): Apellido (Obligatorio): Cargo \/ T\u00edtulo (Obligatorio): Nombre de la Empresa (Obligatorio): Giro de la Empresa: Direcci\u00f3n: C\u00f3digo Postal: Ciudad: Estado: Pa\u00eds (Obligatorio): SpainAfghanistanAlbaniaAlgeriaAndorraAngolaAntigua and BarbudaArgentinaArmeniaAustraliaAustriaAzerbaijanBahamasBahrainBangladeshBarbadosBelarusBelgiumBelizeBeninBhutanBoliviaBosnia and HerzegovinaBotswanaBrazilBruneiBulgariaBurkina FasoBurundiCabo VerdeCambodiaCameroonCanadaCentral African RepublicChadChileChinaColombiaComorosCongoCosta RicaCroatiaCubaCyprusCzech RepublicDenmarkDjiboutiDominicaDominican RepublicEast TimorEcuadorEgyptEl SalvadorEquatorial GuineaEritreaEstoniaEswatiniEthiopiaFijiFinlandFranceGabonGambiaGeorgiaGermanyGhanaGreeceGrenadaGuatemalaGuineaGuinea-BissauGuyanaHaitiHondurasHungaryIcelandIndiaIndonesiaIranIraqIrelandIsraelItalyIvory CoastJamaicaJapanJordanKazakhstanKenyaKiribatiKosovoKuwaitKyrgyzstanLaosLatviaLebanonLesothoLiberiaLibyaLiechtensteinLithuaniaLuxembourgMadagascarMalawiMaldivesMaliMaltaMarshall IslandsMauritaniaMauritiusMexicoMicronesiaMoldovaMonacoMongoliaMontenegroMoroccoMozambiqueMyanmarNamibiaNauruNepalNetherlandsNew ZealandNicaraguaNigerNigeriaNorth KoreaNorth MacedoniaNorwayOmanPakistanPalauPanamaPapua New GuineaParaguayPeruPhilippinesPolandPortugalQatarRomaniaRussiaRwandaSaint Kitts and [&hellip;]<\/p>\n","protected":false},"author":4,"featured_media":0,"parent":0,"menu_order":0,"comment_status":"closed","ping_status":"closed","template":"","meta":{"_seopress_robots_primary_cat":"","_seopress_titles_title":"","_seopress_titles_desc":"","_seopress_robots_index":"","_themeisle_gutenberg_block_has_review":false,"footnotes":""},"class_list":["post-47","page","type-page","status-publish","hentry"],"_links":{"self":[{"href":"https:\/\/reka-n.com\/es\/wp-json\/wp\/v2\/pages\/47","targetHints":{"allow":["GET"]}}],"collection":[{"href":"https:\/\/reka-n.com\/es\/wp-json\/wp\/v2\/pages"}],"about":[{"href":"https:\/\/reka-n.com\/es\/wp-json\/wp\/v2\/types\/page"}],"author":[{"embeddable":true,"href":"https:\/\/reka-n.com\/es\/wp-json\/wp\/v2\/users\/4"}],"replies":[{"embeddable":true,"href":"https:\/\/reka-n.com\/es\/wp-json\/wp\/v2\/comments?post=47"}],"version-history":[{"count":35,"href":"https:\/\/reka-n.com\/es\/wp-json\/wp\/v2\/pages\/47\/revisions"}],"predecessor-version":[{"id":2482,"href":"https:\/\/reka-n.com\/es\/wp-json\/wp\/v2\/pages\/47\/revisions\/2482"}],"wp:attachment":[{"href":"https:\/\/reka-n.com\/es\/wp-json\/wp\/v2\/media?parent=47"}],"curies":[{"name":"wp","href":"https:\/\/api.w.org\/{rel}","templated":true}]}}