{"id":46,"date":"2023-02-17T08:08:37","date_gmt":"2023-02-17T08:08:37","guid":{"rendered":"https:\/\/appedata.com\/?page_id=46"},"modified":"2025-07-28T08:03:50","modified_gmt":"2025-07-28T08:03:50","slug":"career","status":"publish","type":"page","link":"https:\/\/reka-n.com\/es\/career.html","title":{"rendered":"Carrera"},"content":{"rendered":"\n<figure class=\"wp-block-image size-large\"><img alt=\"\" loading=\"lazy\" decoding=\"async\" width=\"1024\" height=\"172\" src=\"https:\/\/reka-n.com\/es\/Media\/2023\/05\/bg-career-1110x186-NEW-1024x172.png\" alt=\"\" class=\"wp-image-1674\" srcset=\"https:\/\/reka-n.com\/es\/Media\/2023\/05\/bg-career-1110x186-NEW-1024x172.png 1024w, https:\/\/reka-n.com\/es\/Media\/2023\/05\/bg-career-1110x186-NEW-300x50.png 300w, https:\/\/reka-n.com\/es\/Media\/2023\/05\/bg-career-1110x186-NEW-768x129.png 768w, https:\/\/reka-n.com\/es\/Media\/2023\/05\/bg-career-1110x186-NEW-600x101.png 600w, https:\/\/reka-n.com\/es\/Media\/2023\/05\/bg-career-1110x186-NEW.png 1110w\" sizes=\"auto, (max-width: 1024px) 100vw, 1024px\" \/><\/figure>\n\n\n\n<h1 class=\"wp-block-heading\">Carrera profesional<\/h1>\n\n\n\n<div class=\"wp-block-buttons is-content-justification-center is-layout-flex wp-container-core-buttons-is-layout-16018d1d wp-block-buttons-is-layout-flex\">\n<div class=\"wp-block-button is-style-fill\"><a class=\"wp-block-button__link has-text-align-center wp-element-button\" href=\"mailto:career@reka-n.com\/es\"><strong>Env\u00edanos tu curr\u00edculum >><\/strong><\/a><\/div>\n<\/div>\n\n\n\n<div style=\"height:40px\" aria-hidden=\"true\" class=\"wp-block-spacer\"><\/div>\n\n\n\n<div class=\"wp-block-columns is-layout-flex wp-container-core-columns-is-layout-9d6595d7 wp-block-columns-is-layout-flex\">\n<div class=\"wp-block-column is-layout-flow wp-block-column-is-layout-flow\"><\/div>\n<\/div>\n\n\n\n<p class=\"has-text-align-center\"><strong><span class=\"highlight\"><mark style=\"background-color:rgba(0, 0, 0, 0)\" class=\"has-inline-color has-vivid-red-color\">Updated on: 2024-09-09<\/mark><\/span><\/strong><\/p>\n\n\n\n<div class=\"wp-block-columns is-layout-flex wp-container-core-columns-is-layout-9d6595d7 wp-block-columns-is-layout-flex\">\n<div class=\"wp-block-column is-layout-flow wp-block-column-is-layout-flow\" style=\"flex-basis:25%\"><\/div>\n\n\n\n<div class=\"wp-block-column is-layout-flow wp-block-column-is-layout-flow\" style=\"flex-basis:50%\"><div class=\"wp-block-image\">\n<figure data-wp-context=\"{&quot;imageId&quot;:&quot;69ea5a8a75257&quot;}\" data-wp-interactive=\"core\/image\" data-wp-key=\"69ea5a8a75257\" class=\"aligncenter size-large wp-lightbox-container\"><img alt=\"\" loading=\"lazy\" decoding=\"async\" width=\"1013\" height=\"1350\" data-wp-class--hide=\"state.isContentHidden\" data-wp-class--show=\"state.isContentVisible\" data-wp-init=\"callbacks.setButtonStyles\" data-wp-on--click=\"actions.showLightbox\" data-wp-on--load=\"callbacks.setButtonStyles\" data-wp-on-window--resize=\"callbacks.setButtonStyles\" src=\"https:\/\/reka-n.com\/es\/Media\/2024\/09\/ACC-ASST-20240905-edited.png\" alt=\"\" class=\"wp-image-2249\" srcset=\"https:\/\/reka-n.com\/es\/Media\/2024\/09\/ACC-ASST-20240905-edited.png 1013w, https:\/\/reka-n.com\/es\/Media\/2024\/09\/ACC-ASST-20240905-edited-225x300.png 225w, https:\/\/reka-n.com\/es\/Media\/2024\/09\/ACC-ASST-20240905-edited-768x1023.png 768w, https:\/\/reka-n.com\/es\/Media\/2024\/09\/ACC-ASST-20240905-edited-600x800.png 600w\" sizes=\"auto, (max-width: 1013px) 100vw, 1013px\" \/><button\n\t\t\tclass=\"lightbox-trigger\"\n\t\t\ttype=\"button\"\n\t\t\taria-haspopup=\"dialog\"\n\t\t\taria-label=\"Enlarge\"\n\t\t\tdata-wp-init=\"callbacks.initTriggerButton\"\n\t\t\tdata-wp-on--click=\"actions.showLightbox\"\n\t\t\tdata-wp-style--right=\"state.imageButtonRight\"\n\t\t\tdata-wp-style--top=\"state.imageButtonTop\"\n\t\t>\n\t\t\t<svg xmlns=\"http:\/\/www.w3.org\/2000\/svg\" width=\"12\" height=\"12\" fill=\"none\" viewBox=\"0 0 12 12\">\n\t\t\t\t<path fill=\"#fff\" d=\"M2 0a2 2 0 0 0-2 2v2h1.5V2a.5.5 0 0 1 .5-.5h2V0H2Zm2 10.5H2a.5.5 0 0 1-.5-.5V8H0v2a2 2 0 0 0 2 2h2v-1.5ZM8 12v-1.5h2a.5.5 0 0 0 .5-.5V8H12v2a2 2 0 0 1-2 2H8Zm2-12a2 2 0 0 1 2 2v2h-1.5V2a.5.5 0 0 0-.5-.5H8V0h2Z\" \/>\n\t\t\t<\/svg>\n\t\t<\/button><\/figure>\n<\/div><\/div>\n\n\n\n<div class=\"wp-block-column is-layout-flow wp-block-column-is-layout-flow\" style=\"flex-basis:25%\"><\/div>\n<\/div>\n\n\n\n<p class=\"has-text-align-left\">Vis\u00edtanos con frecuencia para conocer las \u00faltimas vacantes disponibles.<\/p>\n\n\n\n<p><strong>Puesto:<\/strong> Pasante de Gesti\u00f3n \/ Pasante en Investigaci\u00f3n y Desarrollo<\/p>\n\n\n\n<p><strong>Responsabilidades:<\/strong><\/p>\n\n\n\n<ul class=\"wp-block-list\">\n<li>Asistir y brindar apoyo administrativo al equipo de ventas en la gesti\u00f3n de consultas diarias de ventas locales e internacionales.<\/li>\n\n\n\n<li>Coordinar y procesar pedidos de ventas diarios.<\/li>\n\n\n\n<li>Procesar, monitorear y dar seguimiento a contratos o cotizaciones.<\/li>\n\n\n\n<li>Comunicarse con almac\u00e9n, agentes de env\u00edo, compras y ventas para asegurar entregas puntuales.<\/li>\n\n\n\n<li>Asistir en la preparaci\u00f3n de documentaci\u00f3n de env\u00edo.<\/li>\n\n\n\n<li>Participar en la implementaci\u00f3n y auditor\u00eda de los sistemas ISO, HACCP y GMP.<\/li>\n\n\n\n<li>Apoyar en tareas especiales y otras actividades relacionadas seg\u00fan se indique.<\/li>\n<\/ul>\n\n\n\n<div style=\"height:40px\" aria-hidden=\"true\" class=\"wp-block-spacer\"><\/div>\n\n\n\n<p><strong>Requisitos:<\/strong><\/p>\n\n\n\n<ul class=\"wp-block-list\">\n<li>El candidato debe poseer al menos un SPM o una cualificaci\u00f3n superior en cualquier campo de estudio.<\/li>\n\n\n\n<li>Se aceptan reci\u00e9n graduados y egresados escolares.<\/li>\n\n\n\n<li>Valoramos candidatos con habilidades multiling\u00fces.<\/li>\n\n\n\n<li>Debe poder leer y escribir en ingl\u00e9s.<\/li>\n\n\n\n<li>Preferiblemente, se prefiere candidata femenina.<\/li>\n\n\n\n<li>2 puestos disponibles a tiempo completo.<\/li>\n<\/ul>\n\n\n\n<div style=\"height:40px\" aria-hidden=\"true\" class=\"wp-block-spacer\"><\/div>\n\n\n\n<p>Puesto<strong>:<\/strong> <strong>Pasante en Tecnolog\u00eda de Alimentos<\/strong><\/p>\n\n\n\n<p>Puesto<strong>:<\/strong> <strong>Asistente de Contabilidad<\/strong><\/p>\n\n\n\n<p>Los candidatos interesados est\u00e1n invitados a postularse en l\u00ednea o enviar su curr\u00edculum detallado junto con una fotograf\u00eda reciente tama\u00f1o pasaporte a la siguiente direcci\u00f3n:<\/p>\n\n\n\n<p><a href=\"mailto:career@reka-n.com\/es\"><strong>correo a:<\/strong> <a>career@reka-n.com<\/a>\/es<\/a><\/p>\n\n\n\n<p>Solo se contactar\u00e1 a los candidatos preseleccionados.<\/p>\n\n\n\n<div class=\"wp-block-buttons is-content-justification-center is-layout-flex wp-container-core-buttons-is-layout-16018d1d wp-block-buttons-is-layout-flex\">\n<div class=\"wp-block-button is-style-fill\"><a class=\"wp-block-button__link has-text-align-center wp-element-button\" href=\"mailto:career@reka-n.com\/es\"><strong>Env\u00edanos tu curr\u00edculum >><\/strong><\/a><\/div>\n<\/div>\n","protected":false},"excerpt":{"rendered":"<p>Carrera profesional Updated on: 2024-09-09 Vis\u00edtanos con frecuencia para conocer las \u00faltimas vacantes disponibles. Puesto: Pasante de Gesti\u00f3n \/ Pasante en Investigaci\u00f3n y Desarrollo Responsabilidades: Requisitos: Puesto: Pasante en Tecnolog\u00eda de Alimentos Puesto: Asistente de Contabilidad Los candidatos interesados est\u00e1n invitados a postularse en l\u00ednea o enviar su curr\u00edculum detallado junto con una fotograf\u00eda reciente [&hellip;]<\/p>\n","protected":false},"author":4,"featured_media":0,"parent":0,"menu_order":0,"comment_status":"closed","ping_status":"closed","template":"","meta":{"_seopress_robots_primary_cat":"","_seopress_titles_title":"","_seopress_titles_desc":"","_seopress_robots_index":"","_themeisle_gutenberg_block_has_review":false,"footnotes":""},"class_list":["post-46","page","type-page","status-publish","hentry"],"_links":{"self":[{"href":"https:\/\/reka-n.com\/es\/wp-json\/wp\/v2\/pages\/46","targetHints":{"allow":["GET"]}}],"collection":[{"href":"https:\/\/reka-n.com\/es\/wp-json\/wp\/v2\/pages"}],"about":[{"href":"https:\/\/reka-n.com\/es\/wp-json\/wp\/v2\/types\/page"}],"author":[{"embeddable":true,"href":"https:\/\/reka-n.com\/es\/wp-json\/wp\/v2\/users\/4"}],"replies":[{"embeddable":true,"href":"https:\/\/reka-n.com\/es\/wp-json\/wp\/v2\/comments?post=46"}],"version-history":[{"count":31,"href":"https:\/\/reka-n.com\/es\/wp-json\/wp\/v2\/pages\/46\/revisions"}],"predecessor-version":[{"id":2484,"href":"https:\/\/reka-n.com\/es\/wp-json\/wp\/v2\/pages\/46\/revisions\/2484"}],"wp:attachment":[{"href":"https:\/\/reka-n.com\/es\/wp-json\/wp\/v2\/media?parent=46"}],"curies":[{"name":"wp","href":"https:\/\/api.w.org\/{rel}","templated":true}]}}