{"id":45,"date":"2023-02-17T08:08:37","date_gmt":"2023-02-17T08:08:37","guid":{"rendered":"https:\/\/appedata.com\/?page_id=45"},"modified":"2025-07-29T03:35:53","modified_gmt":"2025-07-29T03:35:53","slug":"essential-oil","status":"publish","type":"page","link":"https:\/\/reka-n.com\/es\/essential-oil.html","title":{"rendered":"Aceites esenciales"},"content":{"rendered":"\n<figure class=\"wp-block-image size-large\"><img alt=\"\" loading=\"lazy\" decoding=\"async\" width=\"1024\" height=\"172\" src=\"https:\/\/reka-n.com\/es\/Media\/2023\/05\/bg-essential-oil-1110x186-NEW-1024x172.png\" alt=\"\" class=\"wp-image-1669\" srcset=\"https:\/\/reka-n.com\/es\/Media\/2023\/05\/bg-essential-oil-1110x186-NEW-1024x172.png 1024w, https:\/\/reka-n.com\/es\/Media\/2023\/05\/bg-essential-oil-1110x186-NEW-300x50.png 300w, https:\/\/reka-n.com\/es\/Media\/2023\/05\/bg-essential-oil-1110x186-NEW-768x129.png 768w, https:\/\/reka-n.com\/es\/Media\/2023\/05\/bg-essential-oil-1110x186-NEW-600x101.png 600w, https:\/\/reka-n.com\/es\/Media\/2023\/05\/bg-essential-oil-1110x186-NEW.png 1110w\" sizes=\"auto, (max-width: 1024px) 100vw, 1024px\" \/><\/figure>\n\n\n\n<h1 class=\"wp-block-heading\">Nuestros productos de aceites esenciales<\/h1>\n\n\n\n<div class=\"wp-block-columns is-layout-flex wp-container-core-columns-is-layout-9d6595d7 wp-block-columns-is-layout-flex\">\n<div class=\"wp-block-column is-layout-flow wp-block-column-is-layout-flow\" style=\"flex-basis:33.33%\"><div class=\"wp-block-image\">\n<figure class=\"aligncenter size-full is-resized\"><img alt=\"\" loading=\"lazy\" decoding=\"async\" width=\"300\" height=\"199\" src=\"https:\/\/reka-n.com\/es\/Media\/2023\/02\/oil-products.jpg\" alt=\"\" class=\"wp-image-196\" style=\"width:268px;height:177px\"\/><\/figure>\n<\/div><\/div>\n\n\n\n<div class=\"wp-block-column is-layout-flow wp-block-column-is-layout-flow\" style=\"flex-basis:66.66%\">\n<p>Equipados con instalaciones de fabricaci\u00f3n de \u00faltima generaci\u00f3n, investigamos y buscamos constantemente en todo el mundo los ingredientes de mejor calidad, \u00fanicos y poco comunes para extraer y desarrollar nuevos aceites esenciales y sustancias qu\u00edmicas arom\u00e1ticas. Nuestra biblioteca actual cuenta con una lista de existencias muy completa de m\u00e1s de 3000 materiales b\u00e1sicos y se actualiza peri\u00f3dicamente.<\/p>\n\n\n\n<p>As\u00f3ciese con nosotros para descubrir nuevas soluciones que enriquezcan su producto.<\/p>\n\n\n\n<p>A continuaci\u00f3n se muestra una lista parcial de los aceites esenciales y productos qu\u00edmicos arom\u00e1ticos que ofrecemos. Si est\u00e1 interesado en alguno de los art\u00edculos que se muestran a continuaci\u00f3n o tiene alguna otra consulta, seleccione la opci\u00f3n para solicitar una muestra o describa su consulta y nuestros comerciales se pondr\u00e1n en contacto con usted en breve.<\/p>\n<\/div>\n<\/div>\n\n\n<form class=\"product-checkbox-form\" method=\"post\" enctype=\"multipart\/form-data\"><h3><\/h3><ul class=\"product-checkbox-list columns-4\"><li class=\"product-checkbox-item\"><label><input type=\"checkbox\" name=\"product_checkbox[]\" value=\"4628\"> Aceite de aguja de abeto(Fir Needle Oil)<\/label><\/li><li class=\"product-checkbox-item\"><label><input type=\"checkbox\" name=\"product_checkbox[]\" value=\"4576\"> Aceite de ajo(Garlic Oil)<\/label><\/li><li class=\"product-checkbox-item\"><label><input type=\"checkbox\" name=\"product_checkbox[]\" value=\"4547\"> Aceite de ajwain(Ajwain Oil)<\/label><\/li><li class=\"product-checkbox-item\"><label><input type=\"checkbox\" name=\"product_checkbox[]\" value=\"4549\"> Aceite de albahaca(Basil Oil)<\/label><\/li><li class=\"product-checkbox-item\"><label><input type=\"checkbox\" name=\"product_checkbox[]\" value=\"4616\"> Aceite de alcanfor(Camphor Oil)<\/label><\/li><li class=\"product-checkbox-item\"><label><input type=\"checkbox\" name=\"product_checkbox[]\" value=\"4617\"> Aceite de alcaravea(Caraway Oil)<\/label><\/li><li class=\"product-checkbox-item\"><label><input type=\"checkbox\" name=\"product_checkbox[]\" value=\"4551\"> Aceite de alquitr\u00e1n de abedul(Birchtar Oil)<\/label><\/li><li class=\"product-checkbox-item\"><label><input type=\"checkbox\" name=\"product_checkbox[]\" value=\"4606\"> Aceite de an\u00eds estrellado(Star Anise Oil)<\/label><\/li><li class=\"product-checkbox-item\"><label><input type=\"checkbox\" name=\"product_checkbox[]\" value=\"4548\"> Aceite de an\u00eds(Anise Oil)<\/label><\/li><li class=\"product-checkbox-item\"><label><input type=\"checkbox\" name=\"product_checkbox[]\" value=\"4609\"> Aceite de \u00e1rbol del t\u00e9(Tea Tree Oil)<\/label><\/li><li class=\"product-checkbox-item\"><label><input type=\"checkbox\" name=\"product_checkbox[]\" value=\"4582\"> Aceite de bayas de enebro(Juniper berry Oil)<\/label><\/li><li class=\"product-checkbox-item\"><label><input type=\"checkbox\" name=\"product_checkbox[]\" value=\"4550\"> Aceite de bergamota(Bergamot Oil)<\/label><\/li><li class=\"product-checkbox-item\"><label><input type=\"checkbox\" name=\"product_checkbox[]\" value=\"4554\"> Aceite de buchu(Buchu Oil)<\/label><\/li><li class=\"product-checkbox-item\"><label><input type=\"checkbox\" name=\"product_checkbox[]\" value=\"4613\"> Aceite de cade(Cade Oil)<\/label><\/li><li class=\"product-checkbox-item\"><label><input type=\"checkbox\" name=\"product_checkbox[]\" value=\"4556\"> Aceite de cajeput(Cajuput Oil)<\/label><\/li><li class=\"product-checkbox-item\"><label><input type=\"checkbox\" name=\"product_checkbox[]\" value=\"4557\"> Aceite de cananga(Cananga Oil)<\/label><\/li><li class=\"product-checkbox-item\"><label><input type=\"checkbox\" name=\"product_checkbox[]\" value=\"4566\"> Aceite de canela(Cinnamon Oil)<\/label><\/li><li class=\"product-checkbox-item\"><label><input type=\"checkbox\" name=\"product_checkbox[]\" value=\"4559\"> Aceite de cardamomo(Cardamom Oil)<\/label><\/li><li class=\"product-checkbox-item\"><label><input type=\"checkbox\" name=\"product_checkbox[]\" value=\"4561\"> Aceite de casia(Cassia Oil)<\/label><\/li><li class=\"product-checkbox-item\"><label><input type=\"checkbox\" name=\"product_checkbox[]\" value=\"4634\"> Aceite de cebolla(Onion Oil)<\/label><\/li><li class=\"product-checkbox-item\"><label><input type=\"checkbox\" name=\"product_checkbox[]\" value=\"4562\"> Aceite de cedro(Cedarwood Oil)<\/label><\/li><li class=\"product-checkbox-item\"><label><input type=\"checkbox\" name=\"product_checkbox[]\" value=\"4571\"> Aceite de cilantro(Coriander Oil)<\/label><\/li><li class=\"product-checkbox-item\"><label><input type=\"checkbox\" name=\"product_checkbox[]\" value=\"4624\"> Aceite de cipr\u00e9s(Cypress Oil)<\/label><\/li><li class=\"product-checkbox-item\"><label><input type=\"checkbox\" name=\"product_checkbox[]\" value=\"4567\"> Aceite de citronela(Citronella Oil)<\/label><\/li><li class=\"product-checkbox-item\"><label><input type=\"checkbox\" name=\"product_checkbox[]\" value=\"4568\"> Aceite de clarisa(Clarisage Oil)<\/label><\/li><li class=\"product-checkbox-item\"><label><input type=\"checkbox\" name=\"product_checkbox[]\" value=\"4614\"> Aceite de clavo(Clove Bud Oil)<\/label><\/li><li class=\"product-checkbox-item\"><label><input type=\"checkbox\" name=\"product_checkbox[]\" value=\"4621\"> Aceite de clavo(Clove Oil)<\/label><\/li><li class=\"product-checkbox-item\"><label><input type=\"checkbox\" name=\"product_checkbox[]\" value=\"4572\"> Aceite de comino(Cumin Oil)<\/label><\/li><li class=\"product-checkbox-item\"><label><input type=\"checkbox\" name=\"product_checkbox[]\" value=\"4622\"> Aceite de co\u00f1ac(Cognac Oil)<\/label><\/li><li class=\"product-checkbox-item\"><label><input type=\"checkbox\" name=\"product_checkbox[]\" value=\"4564\"> Aceite de corteza de canela(Cinnamon Bark Oil)<\/label><\/li><li class=\"product-checkbox-item\"><label><input type=\"checkbox\" name=\"product_checkbox[]\" value=\"4623\"> Aceite de cubeba(Cubeb Oil)<\/label><\/li><li class=\"product-checkbox-item\"><label><input type=\"checkbox\" name=\"product_checkbox[]\" value=\"4639\"> Aceite de c\u00farcuma(Turmeric Oil)<\/label><\/li><li class=\"product-checkbox-item\"><label><input type=\"checkbox\" name=\"product_checkbox[]\" value=\"4627\"> Aceite de elemi(Elemi Oil)<\/label><\/li><li class=\"product-checkbox-item\"><label><input type=\"checkbox\" name=\"product_checkbox[]\" value=\"4625\"> Aceite de eneldo(Dill Oil)<\/label><\/li><li class=\"product-checkbox-item\"><label><input type=\"checkbox\" name=\"product_checkbox[]\" value=\"4574\"> Aceite de eucalipto(Eucalyptus Oil)<\/label><\/li><li class=\"product-checkbox-item\"><label><input type=\"checkbox\" name=\"product_checkbox[]\" value=\"4573\"> Aceite de eucaliptol(Eucalyptol Oil)<\/label><\/li><li class=\"product-checkbox-item\"><label><input type=\"checkbox\" name=\"product_checkbox[]\" value=\"4642\"> Aceite de gaulteria(Wintergreen Oil)<\/label><\/li><li class=\"product-checkbox-item\"><label><input type=\"checkbox\" name=\"product_checkbox[]\" value=\"4577\"> Aceite de geranio(Geranium Oil)<\/label><\/li><li class=\"product-checkbox-item\"><label><input type=\"checkbox\" name=\"product_checkbox[]\" value=\"4580\"> Aceite de guayaco(Guaicwood Oil)<\/label><\/li><li class=\"product-checkbox-item\"><label><input type=\"checkbox\" name=\"product_checkbox[]\" value=\"4575\"> Aceite de hinojo(Fennel Oil)<\/label><\/li><li class=\"product-checkbox-item\"><label><input type=\"checkbox\" name=\"product_checkbox[]\" value=\"4631\"> Aceite de hisopo(Hyssop Oil)<\/label><\/li><li class=\"product-checkbox-item\"><label><input type=\"checkbox\" name=\"product_checkbox[]\" value=\"4565\"> Aceite de hoja de canela(Cinnamon Leaf Oil)<\/label><\/li><li class=\"product-checkbox-item\"><label><input type=\"checkbox\" name=\"product_checkbox[]\" value=\"4569\"> Aceite de hoja de clavo(Clove Leaf Oil)<\/label><\/li><li class=\"product-checkbox-item\"><label><input type=\"checkbox\" name=\"product_checkbox[]\" value=\"4629\"> Aceite de incienso(Frankincense Oil)<\/label><\/li><li class=\"product-checkbox-item\"><label><input type=\"checkbox\" name=\"product_checkbox[]\" value=\"4581\"> Aceite de jazm\u00edn(Jasmine Oil)<\/label><\/li><li class=\"product-checkbox-item\"><label><input type=\"checkbox\" name=\"product_checkbox[]\" value=\"4578\"> Aceite de jengibre(Ginger Oil)<\/label><\/li><li class=\"product-checkbox-item\"><label><input type=\"checkbox\" name=\"product_checkbox[]\" value=\"4632\"> Aceite de lavanda(Lavender Oil)<\/label><\/li><li class=\"product-checkbox-item\"><label><input type=\"checkbox\" name=\"product_checkbox[]\" value=\"4584\"> Aceite de lavand\u00edn grosso(Lavendin Grosso oil)<\/label><\/li><li class=\"product-checkbox-item\"><label><input type=\"checkbox\" name=\"product_checkbox[]\" value=\"4607\"> Aceite de lima dulce(Sweet Lime Oil)<\/label><\/li><li class=\"product-checkbox-item\"><label><input type=\"checkbox\" name=\"product_checkbox[]\" value=\"4583\"> Aceite de lima kaffir(Kaffir Lime Oil)<\/label><\/li><li class=\"product-checkbox-item\"><label><input type=\"checkbox\" name=\"product_checkbox[]\" value=\"4587\"> Aceite de lima(Lime Oil)<\/label><\/li><li class=\"product-checkbox-item\"><label><input type=\"checkbox\" name=\"product_checkbox[]\" value=\"4633\"> Aceite de limnophila aromatica(Limnophila Aromatica Oil)<\/label><\/li><li class=\"product-checkbox-item\"><label><input type=\"checkbox\" name=\"product_checkbox[]\" value=\"4586\"> Aceite de lim\u00f3n(Lemon Oil)<\/label><\/li><li class=\"product-checkbox-item\"><label><input type=\"checkbox\" name=\"product_checkbox[]\" value=\"4585\"> Aceite de limoncillo(Lemongrass Oil)<\/label><\/li><li class=\"product-checkbox-item\"><label><input type=\"checkbox\" name=\"product_checkbox[]\" value=\"4635\"> Aceite de lirio(Orris Oil)<\/label><\/li><li class=\"product-checkbox-item\"><label><input type=\"checkbox\" name=\"product_checkbox[]\" value=\"4588\"> Aceite de macis(Mace Oil)<\/label><\/li><li class=\"product-checkbox-item\"><label><input type=\"checkbox\" name=\"product_checkbox[]\" value=\"4546\"> Aceite de madera de agar(Agarwood Oil)<\/label><\/li><li class=\"product-checkbox-item\"><label><input type=\"checkbox\" name=\"product_checkbox[]\" value=\"4630\"> Aceite de madera de ho(Ho Wood Oil)<\/label><\/li><li class=\"product-checkbox-item\"><label><input type=\"checkbox\" name=\"product_checkbox[]\" value=\"4553\"> Aceite de madera de rosa(Boise De Rose Oil)<\/label><\/li><li class=\"product-checkbox-item\"><label><input type=\"checkbox\" name=\"product_checkbox[]\" value=\"4589\"> Aceite de mandarina(Mandarine Oil)<\/label><\/li><li class=\"product-checkbox-item\"><label><input type=\"checkbox\" name=\"product_checkbox[]\" value=\"4608\"> Aceite de mandarina(Tangerine Oil)<\/label><\/li><li class=\"product-checkbox-item\"><label><input type=\"checkbox\" name=\"product_checkbox[]\" value=\"4618\"> Aceite de manzanilla alemana(Chamomile Oil, German)<\/label><\/li><li class=\"product-checkbox-item\"><label><input type=\"checkbox\" name=\"product_checkbox[]\" value=\"4619\"> Aceite de manzanilla romana(Chamomile Oil, Roman)<\/label><\/li><li class=\"product-checkbox-item\"><label><input type=\"checkbox\" name=\"product_checkbox[]\" value=\"4590\"> Aceite de mejorana(Marjoram Oil)<\/label><\/li><li class=\"product-checkbox-item\"><label><input type=\"checkbox\" name=\"product_checkbox[]\" value=\"4605\"> Aceite de menta verde(Spearmint Oil)<\/label><\/li><li class=\"product-checkbox-item\"><label><input type=\"checkbox\" name=\"product_checkbox[]\" value=\"4600\"> Aceite de menta(Peppermint Oil)<\/label><\/li><li class=\"product-checkbox-item\"><label><input type=\"checkbox\" name=\"product_checkbox[]\" value=\"4591\"> Aceite de mentol(Menthol Oil)<\/label><\/li><li class=\"product-checkbox-item\"><label><input type=\"checkbox\" name=\"product_checkbox[]\" value=\"4643\"> Aceite de milenrama(Yarrow Oil)<\/label><\/li><li class=\"product-checkbox-item\"><label><input type=\"checkbox\" name=\"product_checkbox[]\" value=\"4592\"> Aceite de mirto(Myrtle Oil)<\/label><\/li><li class=\"product-checkbox-item\"><label><input type=\"checkbox\" name=\"product_checkbox[]\" value=\"4596\"> Aceite de naranja(Orange Oil)<\/label><\/li><li class=\"product-checkbox-item\"><label><input type=\"checkbox\" name=\"product_checkbox[]\" value=\"4593\"> Aceite de neem(Neem Oil)<\/label><\/li><li class=\"product-checkbox-item\"><label><input type=\"checkbox\" name=\"product_checkbox[]\" value=\"4594\"> Aceite de neroli(Neroli Oil)<\/label><\/li><li class=\"product-checkbox-item\"><label><input type=\"checkbox\" name=\"product_checkbox[]\" value=\"4595\"> Aceite de nuez moscada(Nutmeg Oil)<\/label><\/li><li class=\"product-checkbox-item\"><label><input type=\"checkbox\" name=\"product_checkbox[]\" value=\"4597\"> Aceite de or\u00e9gano(Origanum Oil)<\/label><\/li><li class=\"product-checkbox-item\"><label><input type=\"checkbox\" name=\"product_checkbox[]\" value=\"4599\"> Aceite de pachul\u00ed(Patchouli Oil)<\/label><\/li><li class=\"product-checkbox-item\"><label><input type=\"checkbox\" name=\"product_checkbox[]\" value=\"4598\"> Aceite de palma rosa(Palma Rosa Oil)<\/label><\/li><li class=\"product-checkbox-item\"><label><input type=\"checkbox\" name=\"product_checkbox[]\" value=\"4637\"> Aceite de palo de rosa(Rosewood Oil)<\/label><\/li><li class=\"product-checkbox-item\"><label><input type=\"checkbox\" name=\"product_checkbox[]\" value=\"4615\"> Aceite de perejil(Parsley Oil)<\/label><\/li><li class=\"product-checkbox-item\"><label><input type=\"checkbox\" name=\"product_checkbox[]\" value=\"4601\"> Aceite de petit grain(Petit Grain Oil)<\/label><\/li><li class=\"product-checkbox-item\"><label><input type=\"checkbox\" name=\"product_checkbox[]\" value=\"4636\"> Aceite de pimienta de Jamaica(Pimento Berry Oil)<\/label><\/li><li class=\"product-checkbox-item\"><label><input type=\"checkbox\" name=\"product_checkbox[]\" value=\"4552\"> Aceite de pimienta negra(Black Pepper Oil)<\/label><\/li><li class=\"product-checkbox-item\"><label><input type=\"checkbox\" name=\"product_checkbox[]\" value=\"4558\"> Aceite de pimiento(Capsicum Oil)<\/label><\/li><li class=\"product-checkbox-item\"><label><input type=\"checkbox\" name=\"product_checkbox[]\" value=\"4626\"> Aceite de pino siberiano enano(Dwarf Siberian Pine Oil)<\/label><\/li><li class=\"product-checkbox-item\"><label><input type=\"checkbox\" name=\"product_checkbox[]\" value=\"4602\"> Aceite de pino(Pine Oil)<\/label><\/li><li class=\"product-checkbox-item\"><label><input type=\"checkbox\" name=\"product_checkbox[]\" value=\"4579\"> Aceite de pomelo(Grape Fruit Oil)<\/label><\/li><li class=\"product-checkbox-item\"><label><input type=\"checkbox\" name=\"product_checkbox[]\" value=\"4641\"> Aceite de ra\u00edz de vetiver(Vetivert Root Oil)<\/label><\/li><li class=\"product-checkbox-item\"><label><input type=\"checkbox\" name=\"product_checkbox[]\" value=\"4603\"> Aceite de romero(Rosemary Oil)<\/label><\/li><li class=\"product-checkbox-item\"><label><input type=\"checkbox\" name=\"product_checkbox[]\" value=\"4555\"> Aceite de rosa b\u00falgara(Bulgarian Rose Oil)<\/label><\/li><li class=\"product-checkbox-item\"><label><input type=\"checkbox\" name=\"product_checkbox[]\" value=\"4611\"> Aceite de rosa tubular(Tube Rose Oil)<\/label><\/li><li class=\"product-checkbox-item\"><label><input type=\"checkbox\" name=\"product_checkbox[]\" value=\"4620\"> Aceite de salvia romana(Clary Sage Oil)<\/label><\/li><li class=\"product-checkbox-item\"><label><input type=\"checkbox\" name=\"product_checkbox[]\" value=\"4638\"> Aceite de salvia(Sage Oil)<\/label><\/li><li class=\"product-checkbox-item\"><label><input type=\"checkbox\" name=\"product_checkbox[]\" value=\"4604\"> Aceite de s\u00e1ndalo(Sandalwood Oil)<\/label><\/li><li class=\"product-checkbox-item\"><label><input type=\"checkbox\" name=\"product_checkbox[]\" value=\"4563\"> Aceite de semilla de apio(Celery Seed Oil)<\/label><\/li><li class=\"product-checkbox-item\"><label><input type=\"checkbox\" name=\"product_checkbox[]\" value=\"4560\"> Aceite de semilla de zanahoria(Carrot Seed Oil)<\/label><\/li><li class=\"product-checkbox-item\"><label><input type=\"checkbox\" name=\"product_checkbox[]\" value=\"4570\"> Aceite de tallo de clavo(Clove Stem Oil)<\/label><\/li><li class=\"product-checkbox-item\"><label><input type=\"checkbox\" name=\"product_checkbox[]\" value=\"4610\"> Aceite de tomillo(Thyme Oil)<\/label><\/li><li class=\"product-checkbox-item\"><label><input type=\"checkbox\" name=\"product_checkbox[]\" value=\"4640\"> Aceite de vainilla(Vanilla Oil)<\/label><\/li><li class=\"product-checkbox-item\"><label><input type=\"checkbox\" name=\"product_checkbox[]\" value=\"4612\"> Aceite de ylang ylang(Ylang Ylang Oil)<\/label><\/li><\/ul><input type=\"submit\" name=\"add_to_cart_button\" value=\"Enviar solicitud de muestra\"><input type=\"hidden\" name=\"action\" value=\"add_product_checkbox_to_cart\"><input type=\"hidden\" id=\"add_product_checkbox_to_cart_nonce\" name=\"add_product_checkbox_to_cart_nonce\" value=\"4a35aab987\" \/><input type=\"hidden\" name=\"_wp_http_referer\" value=\"\/es\/wp-json\/wp\/v2\/pages\/45\" \/><input type=\"hidden\" id=\"add_product_checkbox_to_cart_nonce\" name=\"add_product_checkbox_to_cart_nonce\" value=\"4a35aab987\" \/><input type=\"hidden\" name=\"_wp_http_referer\" value=\"\/es\/wp-json\/wp\/v2\/pages\/45\" \/><\/form><style>.product-checkbox-list { display: grid; grid-template-columns: repeat(4, 1fr); grid-gap: 20px; list-style: none; padding: 0; margin: 0; }<\/style>\n","protected":false},"excerpt":{"rendered":"<p>Nuestros productos de aceites esenciales Equipados con instalaciones de fabricaci\u00f3n de \u00faltima generaci\u00f3n, investigamos y buscamos constantemente en todo el mundo los ingredientes de mejor calidad, \u00fanicos y poco comunes para extraer y desarrollar nuevos aceites esenciales y sustancias qu\u00edmicas arom\u00e1ticas. Nuestra biblioteca actual cuenta con una lista de existencias muy completa de m\u00e1s de [&hellip;]<\/p>\n","protected":false},"author":4,"featured_media":0,"parent":0,"menu_order":0,"comment_status":"closed","ping_status":"closed","template":"","meta":{"_seopress_robots_primary_cat":"","_seopress_titles_title":"","_seopress_titles_desc":"","_seopress_robots_index":"","_themeisle_gutenberg_block_has_review":false,"footnotes":""},"class_list":["post-45","page","type-page","status-publish","hentry"],"_links":{"self":[{"href":"https:\/\/reka-n.com\/es\/wp-json\/wp\/v2\/pages\/45","targetHints":{"allow":["GET"]}}],"collection":[{"href":"https:\/\/reka-n.com\/es\/wp-json\/wp\/v2\/pages"}],"about":[{"href":"https:\/\/reka-n.com\/es\/wp-json\/wp\/v2\/types\/page"}],"author":[{"embeddable":true,"href":"https:\/\/reka-n.com\/es\/wp-json\/wp\/v2\/users\/4"}],"replies":[{"embeddable":true,"href":"https:\/\/reka-n.com\/es\/wp-json\/wp\/v2\/comments?post=45"}],"version-history":[{"count":15,"href":"https:\/\/reka-n.com\/es\/wp-json\/wp\/v2\/pages\/45\/revisions"}],"predecessor-version":[{"id":4886,"href":"https:\/\/reka-n.com\/es\/wp-json\/wp\/v2\/pages\/45\/revisions\/4886"}],"wp:attachment":[{"href":"https:\/\/reka-n.com\/es\/wp-json\/wp\/v2\/media?parent=45"}],"curies":[{"name":"wp","href":"https:\/\/api.w.org\/{rel}","templated":true}]}}