{"id":44,"date":"2023-02-17T08:08:37","date_gmt":"2023-02-17T08:08:37","guid":{"rendered":"https:\/\/appedata.com\/?page_id=44"},"modified":"2025-07-28T04:57:43","modified_gmt":"2025-07-28T04:57:43","slug":"fragrances","status":"publish","type":"page","link":"https:\/\/reka-n.com\/es\/fragrances.html","title":{"rendered":"Fragancias"},"content":{"rendered":"\n<figure class=\"wp-block-image size-large\"><img alt=\"\" decoding=\"async\" src=\"https:\/\/reka-n.com\/es\/Media\/2023\/05\/bg-fragrance-1110x186-NEW-1024x172.png\" alt=\"\" class=\"wp-image-1663\"\/><\/figure>\n\n\n\n<div class=\"wp-block-columns is-layout-flex wp-container-core-columns-is-layout-9d6595d7 wp-block-columns-is-layout-flex\">\n<div class=\"wp-block-column is-layout-flow wp-block-column-is-layout-flow\" style=\"flex-basis:33.33%\">\n<figure class=\"wp-block-table\"><table><thead><tr><th>Categor\u00edas de fragancias<\/th><\/tr><\/thead><tbody><tr><td><a href=\"https:\/\/reka-n.com\/es\/fragrances\/fine-fragrances.html\">Fragancias finas<\/a><\/td><\/tr><tr><td><a href=\"https:\/\/reka-n.com\/es\/fragrances\/personal-care.html\">Cuidado personal<\/a><\/td><\/tr><tr><td><a href=\"https:\/\/reka-n.com\/es\/fragrances\/home-care.html\">Cuidado del hogar<\/a><\/td><\/tr><\/tbody><\/table><\/figure>\n<\/div>\n\n\n\n<div class=\"wp-block-column is-layout-flow wp-block-column-is-layout-flow\" style=\"flex-basis:66.66%\">\n<h1 class=\"wp-block-heading\">Fragancias<\/h1>\n\n\n\n<p>En el competitivo mercado global de consumo, los dise\u00f1adores de productos deben mantenerse al d\u00eda con los sue\u00f1os y demandas siempre cambiantes de sus clientes objetivo para mantenerse a la vanguardia de sus industrias. Los productos de consumo actuales deben ser tanto funcionales como deseables. Las fragancias dan alma a su producto, creando un aroma \u00fanico que despierta las emociones y los recuerdos de los consumidores.<\/p>\n\n\n\n<p>Como fabricante de aceites de fragancia y proveedor de fragancias para perfumes, equipados con equipos de \u00faltima generaci\u00f3n y una completa biblioteca de aceites esenciales y sustancias qu\u00edmicas arom\u00e1ticas, nuestros perfumistas y dise\u00f1adores de fragancias se comprometen a crear fragancias distintivas e inspiradoras.<\/p>\n\n\n\n<p>El dise\u00f1o de fragancias es tanto un arte como una ciencia. A partir de la ciencia de seleccionar y extraer los mejores ingredientes, nuestros talentosos dise\u00f1adores de fragancias est\u00e1n capacitados para crear f\u00f3rmulas arom\u00e1ticas art\u00edsticas que atraigan a los clientes. Existen infinitas posibilidades para crear fragancias que se adapten a cualquier aplicaci\u00f3n. En general, hemos clasificado las aplicaciones de las fragancias en fragancias finas o perfumes, productos para el cuidado del hogar y productos para el cuidado personal. Si est\u00e1 interesado en alguna de las fragancias o tiene alguna idea nueva, haga clic en las listas de fragancias para enviar sus solicitudes y nuestros comerciales se pondr\u00e1n en contacto con usted en breve.<\/p>\n\n\n\n<p>As\u00f3ciese con nuestros profesionales m\u00e1s brillantes para dise\u00f1ar fragancias a la medida de sus clientes.<\/p>\n<\/div>\n<\/div>\n","protected":false},"excerpt":{"rendered":"<p>Categor\u00edas de fragancias Fragancias finas Cuidado personal Cuidado del hogar Fragancias En el competitivo mercado global de consumo, los dise\u00f1adores de productos deben mantenerse al d\u00eda con los sue\u00f1os y demandas siempre cambiantes de sus clientes objetivo para mantenerse a la vanguardia de sus industrias. Los productos de consumo actuales deben ser tanto funcionales como [&hellip;]<\/p>\n","protected":false},"author":4,"featured_media":0,"parent":0,"menu_order":0,"comment_status":"closed","ping_status":"closed","template":"","meta":{"_seopress_robots_primary_cat":"","_seopress_titles_title":"","_seopress_titles_desc":"","_seopress_robots_index":"","_themeisle_gutenberg_block_has_review":false,"footnotes":""},"class_list":["post-44","page","type-page","status-publish","hentry"],"_links":{"self":[{"href":"https:\/\/reka-n.com\/es\/wp-json\/wp\/v2\/pages\/44","targetHints":{"allow":["GET"]}}],"collection":[{"href":"https:\/\/reka-n.com\/es\/wp-json\/wp\/v2\/pages"}],"about":[{"href":"https:\/\/reka-n.com\/es\/wp-json\/wp\/v2\/types\/page"}],"author":[{"embeddable":true,"href":"https:\/\/reka-n.com\/es\/wp-json\/wp\/v2\/users\/4"}],"replies":[{"embeddable":true,"href":"https:\/\/reka-n.com\/es\/wp-json\/wp\/v2\/comments?post=44"}],"version-history":[{"count":14,"href":"https:\/\/reka-n.com\/es\/wp-json\/wp\/v2\/pages\/44\/revisions"}],"predecessor-version":[{"id":2476,"href":"https:\/\/reka-n.com\/es\/wp-json\/wp\/v2\/pages\/44\/revisions\/2476"}],"wp:attachment":[{"href":"https:\/\/reka-n.com\/es\/wp-json\/wp\/v2\/media?parent=44"}],"curies":[{"name":"wp","href":"https:\/\/api.w.org\/{rel}","templated":true}]}}