{"id":43,"date":"2023-02-17T08:08:37","date_gmt":"2023-02-17T08:08:37","guid":{"rendered":"https:\/\/appedata.com\/?page_id=43"},"modified":"2025-07-23T09:24:18","modified_gmt":"2025-07-23T09:24:18","slug":"flavours","status":"publish","type":"page","link":"https:\/\/reka-n.com\/es\/flavours.html","title":{"rendered":"Sabores"},"content":{"rendered":"<div class=\"wp-block-image\">\n<figure class=\"aligncenter size-large\"><img alt=\"\" loading=\"lazy\" decoding=\"async\" width=\"1024\" height=\"172\" src=\"https:\/\/reka-n.com\/es\/Media\/2023\/05\/bg-flavor-1110x186-NEW-1024x172.png\" alt=\"\" class=\"wp-image-1649\" srcset=\"https:\/\/reka-n.com\/es\/Media\/2023\/05\/bg-flavor-1110x186-NEW-1024x172.png 1024w, https:\/\/reka-n.com\/es\/Media\/2023\/05\/bg-flavor-1110x186-NEW-300x50.png 300w, https:\/\/reka-n.com\/es\/Media\/2023\/05\/bg-flavor-1110x186-NEW-768x129.png 768w, https:\/\/reka-n.com\/es\/Media\/2023\/05\/bg-flavor-1110x186-NEW-600x101.png 600w, https:\/\/reka-n.com\/es\/Media\/2023\/05\/bg-flavor-1110x186-NEW.png 1110w\" sizes=\"auto, (max-width: 1024px) 100vw, 1024px\" \/><\/figure>\n<\/div>\n\n\n<div class=\"wp-block-columns is-layout-flex wp-container-core-columns-is-layout-9d6595d7 wp-block-columns-is-layout-flex\">\n<div class=\"wp-block-column is-layout-flow wp-block-column-is-layout-flow\" style=\"flex-basis:33.33%\">\n<figure class=\"wp-block-table\"><table class=\"has-black-color has-text-color\"><thead><tr><th>Categor\u00edas de Sabores<\/th><\/tr><\/thead><tbody><tr><td><a href=\"https:\/\/reka-n.com\/es\/flavors\/bakery-cereals.html\">Panader\u00eda y Cereales<\/a><\/td><\/tr><tr><td><a href=\"https:\/\/reka-n.com\/es\/flavors\/beverage-powder-drink.html\">Bebidas y Bebidas en Polvo<\/a><\/td><\/tr><tr><td><a href=\"https:\/\/reka-n.com\/es\/flavors\/confectionary-sweet.html\">Confiter\u00eda y Dulces<\/a><\/td><\/tr><tr><td><a href=\"https:\/\/reka-n.com\/es\/flavors\/dairy-ice-cream.html\">L\u00e1cteos y Helados<\/a><\/td><\/tr><tr><td><a href=\"https:\/\/reka-n.com\/es\/flavors\/food-supplements-oral-care.html\">Suplementos Alimenticios y Cuidado Bucal<\/a><\/td><\/tr><tr><td><a href=\"https:\/\/reka-n.com\/es\/flavors\/savory-culinary-snack.html\">Cocina salada y aperitivos<\/a><\/td><\/tr><tr><td><a href=\"https:\/\/reka-n.com\/es\/flavors\/others.html\">Otros<\/a><\/td><\/tr><\/tbody><\/table><\/figure>\n<\/div>\n\n\n\n<div class=\"wp-block-column is-layout-flow wp-block-column-is-layout-flow\" style=\"flex-basis:66.66%\">\n<h1 class=\"wp-block-heading\">Sabores<\/h1>\n\n\n\n<p>Una de las claves para que los clientes acepten su producto alimenticio es el sabor \u00fanico que lo distingue de la competencia. Un sabor que despierta emociones y recuerdos relacionados con el gusto, el aroma, la textura en boca y que es inconfundiblemente suyo.<\/p>\n\n\n\n<p>Al asociarnos con nuestros especialistas en sabores y tecn\u00f3logos alimentarios para crear nuevas ideas y formulaciones de sabores, nuestra misi\u00f3n es personalizar cada sabor para que se adapte a su cultura y entorno locales. Este principio de adecuaci\u00f3n para alinear el producto con las expectativas del cliente garantizar\u00e1 su \u00e9xito continuo en el mercado.<\/p>\n\n\n\n<p>En Reka Nutrition, contamos con aromas y esencias alimentarias para satisfacer todos los gustos en productos l\u00e1cteos, bebidas, confiter\u00eda y productos salados. Disponibles en forma l\u00edquida (soluble en aceite o agua), emulsi\u00f3n, polvo y c\u00e1psulas secas, nuestros aromas se crean utilizando los mejores ingredientes y la \u00faltima tecnolog\u00eda para garantizar una mayor vida \u00fatil, rendimiento del aroma y estabilidad en las condiciones de procesamiento industrial m\u00e1s rigurosas. Nuestros aromas tambi\u00e9n cuentan con la certificaci\u00f3n halal y el sistema de garant\u00eda de calidad ISO:9001:2000.<\/p>\n\n\n\n<p>Si est\u00e1 interesado en alguno de los aromas o tiene alguna idea nueva, haga clic en las listas de aromas para enviar sus solicitudes y nuestros comerciales se pondr\u00e1n en contacto con usted en breve.<\/p>\n<\/div>\n<\/div>\n","protected":false},"excerpt":{"rendered":"<p>Categor\u00edas de Sabores Panader\u00eda y Cereales Bebidas y Bebidas en Polvo Confiter\u00eda y Dulces L\u00e1cteos y Helados Suplementos Alimenticios y Cuidado Bucal Cocina salada y aperitivos Otros Sabores Una de las claves para que los clientes acepten su producto alimenticio es el sabor \u00fanico que lo distingue de la competencia. Un sabor que despierta emociones [&hellip;]<\/p>\n","protected":false},"author":4,"featured_media":0,"parent":0,"menu_order":0,"comment_status":"closed","ping_status":"closed","template":"","meta":{"_seopress_robots_primary_cat":"","_seopress_titles_title":"","_seopress_titles_desc":"","_seopress_robots_index":"","_themeisle_gutenberg_block_has_review":false,"footnotes":""},"class_list":["post-43","page","type-page","status-publish","hentry"],"_links":{"self":[{"href":"https:\/\/reka-n.com\/es\/wp-json\/wp\/v2\/pages\/43","targetHints":{"allow":["GET"]}}],"collection":[{"href":"https:\/\/reka-n.com\/es\/wp-json\/wp\/v2\/pages"}],"about":[{"href":"https:\/\/reka-n.com\/es\/wp-json\/wp\/v2\/types\/page"}],"author":[{"embeddable":true,"href":"https:\/\/reka-n.com\/es\/wp-json\/wp\/v2\/users\/4"}],"replies":[{"embeddable":true,"href":"https:\/\/reka-n.com\/es\/wp-json\/wp\/v2\/comments?post=43"}],"version-history":[{"count":22,"href":"https:\/\/reka-n.com\/es\/wp-json\/wp\/v2\/pages\/43\/revisions"}],"predecessor-version":[{"id":2453,"href":"https:\/\/reka-n.com\/es\/wp-json\/wp\/v2\/pages\/43\/revisions\/2453"}],"wp:attachment":[{"href":"https:\/\/reka-n.com\/es\/wp-json\/wp\/v2\/media?parent=43"}],"curies":[{"name":"wp","href":"https:\/\/api.w.org\/{rel}","templated":true}]}}