{"id":3,"date":"2023-02-17T03:02:27","date_gmt":"2023-02-17T03:02:27","guid":{"rendered":"https:\/\/appedata.com\/?page_id=3"},"modified":"2025-11-26T02:20:20","modified_gmt":"2025-11-26T02:20:20","slug":"privacy-policy","status":"publish","type":"page","link":"https:\/\/reka-n.com\/es\/privacy-policy.html","title":{"rendered":"Pol\u00edtica de privacidad"},"content":{"rendered":"\n<p><strong>1. Introducci\u00f3n<\/strong><\/p>\n\n\n\n<p>Reka (\u00abnosotros\u00bb, \u00abnos\u00bb o \u00abnuestro\u00bb) opera el sitio web www.reka-n.com\/es (el \u00abServicio\u00bb). Esta p\u00e1gina le informa sobre nuestras pol\u00edticas con respecto a la recopilaci\u00f3n, el uso y la divulgaci\u00f3n de datos personales cuando utiliza nuestro Servicio y las opciones que tiene asociadas a esos datos.<\/p>\n\n\n\n<p><strong>2. Recopilaci\u00f3n y uso de la informaci\u00f3n<\/strong><\/p>\n\n\n\n<p>Recopilamos varios tipos de informaci\u00f3n con diversos fines para proporcionarle y mejorar nuestro Servicio.<\/p>\n\n\n\n<p><strong>2.1. Datos personales<\/strong><\/p>\n\n\n\n<p>Mientras utiliza nuestro Servicio, es posible que le pidamos que nos proporcione cierta informaci\u00f3n de identificaci\u00f3n personal que puede utilizarse para contactarle o identificarle (\u00abDatos personales\u00bb). Esto puede incluir, entre otros:<\/p>\n\n\n\n<p>Direcci\u00f3n de correo electr\u00f3nico.<\/p>\n\n\n\n<p>Nombre y apellidos.<\/p>\n\n\n\n<p>N\u00famero de tel\u00e9fono.<\/p>\n\n\n\n<p>Direcci\u00f3n, estado, provincia, c\u00f3digo postal, ciudad.<\/p>\n\n\n\n<p>Cookies y datos de uso.<\/p>\n\n\n\n<p><strong>2.2. Datos de uso<\/strong><\/p>\n\n\n\n<p>Tambi\u00e9n podemos recopilar informaci\u00f3n sobre c\u00f3mo se accede y se utiliza el Servicio (\u00abDatos de uso\u00bb). Estos Datos de uso pueden incluir informaci\u00f3n como la direcci\u00f3n del Protocolo de Internet de su ordenador (por ejemplo, la direcci\u00f3n IP), el tipo de navegador, la versi\u00f3n del navegador, las p\u00e1ginas de nuestro Servicio que visita, la hora y la fecha de su visita, el tiempo que pasa en esas p\u00e1ginas, los identificadores \u00fanicos del dispositivo y otros datos de diagn\u00f3stico.<\/p>\n\n\n\n<p><strong>3. Uso de los datos<\/strong><\/p>\n\n\n\n<p>Reka utiliza los datos recopilados para diversos fines:<\/p>\n\n\n\n<p>Para proporcionar y mantener nuestro Servicio.<\/p>\n\n\n\n<p>Para notificarle los cambios en nuestro Servicio.<\/p>\n\n\n\n<p>Para proporcionar asistencia al cliente.<\/p>\n\n\n\n<p>Para recopilar an\u00e1lisis o informaci\u00f3n valiosa que nos permita mejorar nuestro Servicio.<\/p>\n\n\n\n<p>Para supervisar el uso de nuestro Servicio.<\/p>\n\n\n\n<p>Para detectar, prevenir y resolver problemas t\u00e9cnicos.<\/p>\n\n\n\n<p><strong>4. Sus derechos<\/strong><\/p>\n\n\n\n<p>Reka tiene como objetivo tomar medidas razonables para permitirle corregir, modificar, eliminar o limitar el uso de sus datos personales. P\u00f3ngase en contacto con nosotros si desea obtener m\u00e1s informaci\u00f3n sobre los datos que tenemos sobre usted, si los hay, y c\u00f3mo actualizarlos o eliminarlos.<\/p>\n\n\n\n<p><strong>5. Cambios en esta Pol\u00edtica de privacidad<\/strong><\/p>\n\n\n\n<p>Podemos actualizar nuestra Pol\u00edtica de privacidad de vez en cuando. Le notificaremos cualquier cambio mediante la publicaci\u00f3n de la nueva Pol\u00edtica de privacidad en esta p\u00e1gina. Le recomendamos que revise esta Pol\u00edtica de privacidad peri\u00f3dicamente para conocer cualquier cambio.<\/p>\n\n\n\n<p><strong>6. Cont\u00e1ctenos<\/strong><\/p>\n\n\n\n<p>Si tiene alguna pregunta sobre esta Pol\u00edtica de privacidad, p\u00f3ngase en contacto con nosotros.<\/p>\n","protected":false},"excerpt":{"rendered":"<p>1. Introducci\u00f3n Reka (\u00abnosotros\u00bb, \u00abnos\u00bb o \u00abnuestro\u00bb) opera el sitio web www.reka-n.com\/es (el \u00abServicio\u00bb). Esta p\u00e1gina le informa sobre nuestras pol\u00edticas con respecto a la recopilaci\u00f3n, el uso y la divulgaci\u00f3n de datos personales cuando utiliza nuestro Servicio y las opciones que tiene asociadas a esos datos. 2. Recopilaci\u00f3n y uso de la informaci\u00f3n Recopilamos [&hellip;]<\/p>\n","protected":false},"author":4,"featured_media":0,"parent":0,"menu_order":0,"comment_status":"closed","ping_status":"open","template":"","meta":{"_seopress_robots_primary_cat":"","_seopress_titles_title":"","_seopress_titles_desc":"","_seopress_robots_index":"","_themeisle_gutenberg_block_has_review":false,"footnotes":""},"class_list":["post-3","page","type-page","status-publish","hentry"],"_links":{"self":[{"href":"https:\/\/reka-n.com\/es\/wp-json\/wp\/v2\/pages\/3","targetHints":{"allow":["GET"]}}],"collection":[{"href":"https:\/\/reka-n.com\/es\/wp-json\/wp\/v2\/pages"}],"about":[{"href":"https:\/\/reka-n.com\/es\/wp-json\/wp\/v2\/types\/page"}],"author":[{"embeddable":true,"href":"https:\/\/reka-n.com\/es\/wp-json\/wp\/v2\/users\/4"}],"replies":[{"embeddable":true,"href":"https:\/\/reka-n.com\/es\/wp-json\/wp\/v2\/comments?post=3"}],"version-history":[{"count":2,"href":"https:\/\/reka-n.com\/es\/wp-json\/wp\/v2\/pages\/3\/revisions"}],"predecessor-version":[{"id":4892,"href":"https:\/\/reka-n.com\/es\/wp-json\/wp\/v2\/pages\/3\/revisions\/4892"}],"wp:attachment":[{"href":"https:\/\/reka-n.com\/es\/wp-json\/wp\/v2\/media?parent=3"}],"curies":[{"name":"wp","href":"https:\/\/api.w.org\/{rel}","templated":true}]}}